{"id":45773,"date":"2022-08-02T16:58:09","date_gmt":"2022-08-02T14:58:09","guid":{"rendered":"https:\/\/www.mesvendanges.com\/shop\/non%20class\u00e9\/sour-ale\/"},"modified":"2023-12-05T10:31:22","modified_gmt":"2023-12-05T09:31:22","slug":"sour-ale-brasserie-du-5-bis-nm-75cl","status":"publish","type":"product","link":"https:\/\/www.mesvendanges.com\/fr\/boutique\/vins\/sour-ale-brasserie-du-5-bis-nm-75cl\/","title":{"rendered":"SOUR ALE"},"content":{"rendered":"<p>Bi\u00e8re blonde de fermentation haute, acide. Robe claire et l\u00e9g\u00e8rement trouble, \u00e0 la bulle dynamique. Nez intense, frais et acidul\u00e9. L\u2019attaque est vive, et la bouche dynamique, pour une bi\u00e8re l\u00e9g\u00e8re et fruit\u00e9e aux ar\u00f4mes d\u2019agrumes et de fruits de la passion. Sans amertume, la finale est ici port\u00e9e par l\u2019acidit\u00e9, offrant un effet d\u00e9salt\u00e9rant et rafraichissant.<\/p>\n","protected":false},"excerpt":{"rendered":"<p>Bi\u00e8re blonde de fermentation haute, acide. Robe claire et l\u00e9g\u00e8rement trouble, \u00e0 la bulle dynamique. Nez intense, frais et acidul\u00e9. L\u2019attaque est vive, et la bouche dynamique, pour une bi\u00e8re l\u00e9g\u00e8re et fruit\u00e9e aux ar\u00f4mes d\u2019agrumes et de fruits de la passion. Sans amertume, la finale est ici port\u00e9e par l\u2019acidit\u00e9, offrant un effet d\u00e9salt\u00e9rant [&hellip;]<\/p>\n","protected":false},"featured_media":0,"template":"","meta":[],"product_cat":[3736],"product_tag":[],"acf":[],"yoast_head":"<!-- This site is optimized with the Yoast SEO plugin v19.3 - https:\/\/yoast.com\/wordpress\/plugins\/seo\/ -->\n<title>SOUR ALE - Mes Vendanges<\/title>\n<meta name=\"robots\" content=\"index, follow, max-snippet:-1, max-image-preview:large, max-video-preview:-1\" \/>\n<link rel=\"canonical\" href=\"https:\/\/www.mesvendanges.com\/fr\/boutique\/vins\/sour-ale-brasserie-du-5-bis-nm-75cl\/\" \/>\n<meta property=\"og:locale\" content=\"fr_FR\" \/>\n<meta property=\"og:type\" content=\"article\" \/>\n<meta property=\"og:title\" content=\"SOUR ALE - Mes Vendanges\" \/>\n<meta property=\"og:description\" content=\"Bi\u00e8re blonde de fermentation haute, acide. Robe claire et l\u00e9g\u00e8rement trouble, \u00e0 la bulle dynamique. Nez intense, frais et acidul\u00e9. L\u2019attaque est vive, et la bouche dynamique, pour une bi\u00e8re l\u00e9g\u00e8re et fruit\u00e9e aux ar\u00f4mes d\u2019agrumes et de fruits de la passion. Sans amertume, la finale est ici port\u00e9e par l\u2019acidit\u00e9, offrant un effet d\u00e9salt\u00e9rant [&hellip;]\" \/>\n<meta property=\"og:url\" content=\"https:\/\/www.mesvendanges.com\/fr\/boutique\/vins\/sour-ale-brasserie-du-5-bis-nm-75cl\/\" \/>\n<meta property=\"og:site_name\" content=\"Mes Vendanges\" \/>\n<meta property=\"article:modified_time\" content=\"2023-12-05T09:31:22+00:00\" \/>\n<meta name=\"twitter:card\" content=\"summary_large_image\" \/>\n<script type=\"application\/ld+json\" class=\"yoast-schema-graph\">{\"@context\":\"https:\/\/schema.org\",\"@graph\":[{\"@type\":\"Organization\",\"@id\":\"https:\/\/www.mesvendanges.com\/en\/#organization\",\"name\":\"Mes Vendanges\",\"url\":\"https:\/\/www.mesvendanges.com\/en\/\",\"sameAs\":[],\"logo\":{\"@type\":\"ImageObject\",\"inLanguage\":\"fr-FR\",\"@id\":\"https:\/\/www.mesvendanges.com\/en\/#\/schema\/logo\/image\/\",\"url\":\"https:\/\/www.mesvendanges.com\/wp-content\/uploads\/2022\/02\/logo-mesvendanges.jpg\",\"contentUrl\":\"https:\/\/www.mesvendanges.com\/wp-content\/uploads\/2022\/02\/logo-mesvendanges.jpg\",\"width\":851,\"height\":260,\"caption\":\"Mes Vendanges\"},\"image\":{\"@id\":\"https:\/\/www.mesvendanges.com\/en\/#\/schema\/logo\/image\/\"}},{\"@type\":\"WebSite\",\"@id\":\"https:\/\/www.mesvendanges.com\/en\/#website\",\"url\":\"https:\/\/www.mesvendanges.com\/en\/\",\"name\":\"Mes Vendanges\",\"description\":\"Des journ\u00e9es enti\u00e8res dans les vignes\",\"publisher\":{\"@id\":\"https:\/\/www.mesvendanges.com\/en\/#organization\"},\"potentialAction\":[{\"@type\":\"SearchAction\",\"target\":{\"@type\":\"EntryPoint\",\"urlTemplate\":\"https:\/\/www.mesvendanges.com\/en\/?s={search_term_string}\"},\"query-input\":\"required name=search_term_string\"}],\"inLanguage\":\"fr-FR\"},{\"@type\":\"WebPage\",\"@id\":\"https:\/\/www.mesvendanges.com\/fr\/boutique\/vins\/sour-ale-brasserie-du-5-bis-nm-75cl\/\",\"url\":\"https:\/\/www.mesvendanges.com\/fr\/boutique\/vins\/sour-ale-brasserie-du-5-bis-nm-75cl\/\",\"name\":\"SOUR ALE - Mes Vendanges\",\"isPartOf\":{\"@id\":\"https:\/\/www.mesvendanges.com\/en\/#website\"},\"datePublished\":\"2022-08-02T14:58:09+00:00\",\"dateModified\":\"2023-12-05T09:31:22+00:00\",\"breadcrumb\":{\"@id\":\"https:\/\/www.mesvendanges.com\/fr\/boutique\/vins\/sour-ale-brasserie-du-5-bis-nm-75cl\/#breadcrumb\"},\"inLanguage\":\"fr-FR\",\"potentialAction\":[{\"@type\":\"ReadAction\",\"target\":[\"https:\/\/www.mesvendanges.com\/fr\/boutique\/vins\/sour-ale-brasserie-du-5-bis-nm-75cl\/\"]}]},{\"@type\":\"BreadcrumbList\",\"@id\":\"https:\/\/www.mesvendanges.com\/fr\/boutique\/vins\/sour-ale-brasserie-du-5-bis-nm-75cl\/#breadcrumb\",\"itemListElement\":[{\"@type\":\"ListItem\",\"position\":1,\"name\":\"Accueil\",\"item\":\"https:\/\/www.mesvendanges.com\/fr\/\"},{\"@type\":\"ListItem\",\"position\":2,\"name\":\"Boutique\",\"item\":\"https:\/\/www.mesvendanges.com\/fr\/boutique\/\"},{\"@type\":\"ListItem\",\"position\":3,\"name\":\"SOUR ALE\"}]}]}<\/script>\n<!-- \/ Yoast SEO plugin. -->","yoast_head_json":{"title":"SOUR ALE - Mes Vendanges","robots":{"index":"index","follow":"follow","max-snippet":"max-snippet:-1","max-image-preview":"max-image-preview:large","max-video-preview":"max-video-preview:-1"},"canonical":"https:\/\/www.mesvendanges.com\/fr\/boutique\/vins\/sour-ale-brasserie-du-5-bis-nm-75cl\/","og_locale":"fr_FR","og_type":"article","og_title":"SOUR ALE - Mes Vendanges","og_description":"Bi\u00e8re blonde de fermentation haute, acide. Robe claire et l\u00e9g\u00e8rement trouble, \u00e0 la bulle dynamique. Nez intense, frais et acidul\u00e9. L\u2019attaque est vive, et la bouche dynamique, pour une bi\u00e8re l\u00e9g\u00e8re et fruit\u00e9e aux ar\u00f4mes d\u2019agrumes et de fruits de la passion. Sans amertume, la finale est ici port\u00e9e par l\u2019acidit\u00e9, offrant un effet d\u00e9salt\u00e9rant [&hellip;]","og_url":"https:\/\/www.mesvendanges.com\/fr\/boutique\/vins\/sour-ale-brasserie-du-5-bis-nm-75cl\/","og_site_name":"Mes Vendanges","article_modified_time":"2023-12-05T09:31:22+00:00","twitter_card":"summary_large_image","schema":{"@context":"https:\/\/schema.org","@graph":[{"@type":"Organization","@id":"https:\/\/www.mesvendanges.com\/en\/#organization","name":"Mes Vendanges","url":"https:\/\/www.mesvendanges.com\/en\/","sameAs":[],"logo":{"@type":"ImageObject","inLanguage":"fr-FR","@id":"https:\/\/www.mesvendanges.com\/en\/#\/schema\/logo\/image\/","url":"https:\/\/www.mesvendanges.com\/wp-content\/uploads\/2022\/02\/logo-mesvendanges.jpg","contentUrl":"https:\/\/www.mesvendanges.com\/wp-content\/uploads\/2022\/02\/logo-mesvendanges.jpg","width":851,"height":260,"caption":"Mes Vendanges"},"image":{"@id":"https:\/\/www.mesvendanges.com\/en\/#\/schema\/logo\/image\/"}},{"@type":"WebSite","@id":"https:\/\/www.mesvendanges.com\/en\/#website","url":"https:\/\/www.mesvendanges.com\/en\/","name":"Mes Vendanges","description":"Des journ\u00e9es enti\u00e8res dans les vignes","publisher":{"@id":"https:\/\/www.mesvendanges.com\/en\/#organization"},"potentialAction":[{"@type":"SearchAction","target":{"@type":"EntryPoint","urlTemplate":"https:\/\/www.mesvendanges.com\/en\/?s={search_term_string}"},"query-input":"required name=search_term_string"}],"inLanguage":"fr-FR"},{"@type":"WebPage","@id":"https:\/\/www.mesvendanges.com\/fr\/boutique\/vins\/sour-ale-brasserie-du-5-bis-nm-75cl\/","url":"https:\/\/www.mesvendanges.com\/fr\/boutique\/vins\/sour-ale-brasserie-du-5-bis-nm-75cl\/","name":"SOUR ALE - Mes Vendanges","isPartOf":{"@id":"https:\/\/www.mesvendanges.com\/en\/#website"},"datePublished":"2022-08-02T14:58:09+00:00","dateModified":"2023-12-05T09:31:22+00:00","breadcrumb":{"@id":"https:\/\/www.mesvendanges.com\/fr\/boutique\/vins\/sour-ale-brasserie-du-5-bis-nm-75cl\/#breadcrumb"},"inLanguage":"fr-FR","potentialAction":[{"@type":"ReadAction","target":["https:\/\/www.mesvendanges.com\/fr\/boutique\/vins\/sour-ale-brasserie-du-5-bis-nm-75cl\/"]}]},{"@type":"BreadcrumbList","@id":"https:\/\/www.mesvendanges.com\/fr\/boutique\/vins\/sour-ale-brasserie-du-5-bis-nm-75cl\/#breadcrumb","itemListElement":[{"@type":"ListItem","position":1,"name":"Accueil","item":"https:\/\/www.mesvendanges.com\/fr\/"},{"@type":"ListItem","position":2,"name":"Boutique","item":"https:\/\/www.mesvendanges.com\/fr\/boutique\/"},{"@type":"ListItem","position":3,"name":"SOUR ALE"}]}]}},"_links":{"self":[{"href":"https:\/\/www.mesvendanges.com\/fr\/wp-json\/wp\/v2\/product\/45773"}],"collection":[{"href":"https:\/\/www.mesvendanges.com\/fr\/wp-json\/wp\/v2\/product"}],"about":[{"href":"https:\/\/www.mesvendanges.com\/fr\/wp-json\/wp\/v2\/types\/product"}],"wp:attachment":[{"href":"https:\/\/www.mesvendanges.com\/fr\/wp-json\/wp\/v2\/media?parent=45773"}],"wp:term":[{"taxonomy":"product_cat","embeddable":true,"href":"https:\/\/www.mesvendanges.com\/fr\/wp-json\/wp\/v2\/product_cat?post=45773"},{"taxonomy":"product_tag","embeddable":true,"href":"https:\/\/www.mesvendanges.com\/fr\/wp-json\/wp\/v2\/product_tag?post=45773"}],"curies":[{"name":"wp","href":"https:\/\/api.w.org\/{rel}","templated":true}]}}