{"id":46056,"date":"2022-08-02T17:01:59","date_gmt":"2022-08-02T15:01:59","guid":{"rendered":"https:\/\/www.mesvendanges.com\/shop\/non%20class\u00e9\/chenin-dailleurs-3\/"},"modified":"2023-12-05T12:27:09","modified_gmt":"2023-12-05T11:27:09","slug":"chenin-dailleurs-chidaine-dne-francois-2018-75cl","status":"publish","type":"product","link":"https:\/\/www.mesvendanges.com\/fr\/boutique\/vins\/chenin-dailleurs-chidaine-dne-francois-2018-75cl\/","title":{"rendered":"CHENIN D&#8217;AILLEURS"},"content":{"rendered":"<div>Chenin d&#8217;Ailleurs 2017, c&#8217;est l&#8217;aventure du 2016 qui continue, tant le vin \u00e9tait bon !<\/div>\n<div>Alors en 2016, c&#8217;\u00e9tait quoi l&#8217;id\u00e9e : 2016 gel plus que s\u00e9v\u00e8re, et ce n&#8217;est pas le premier de la d\u00e9cennie. Question urgente, comment faire vivre le domaine, les employ\u00e9s, si il n&#8217;y a plus de vin \u00e0 la vente&#8230; Tr\u00e8s vite, comme pour beaucoup de leurs amis vignerons, l&#8217;id\u00e9e s&#8217;impose de faire quand m\u00eame un vin, \u00e0 leur mani\u00e8re, avec leur style, leur go\u00fbt, m\u00eame si le raisin ne vient pas de leurs vignes de Vouvray et Montlouis, presque totalement an\u00e9anties par le gel. Ils vinifiront donc un Chenin&#8230; mais du sud, issu de vignes d&#8217;un tr\u00e8s bon domaine de l&#8217;Aude, qui travaille lui aussi ses parcelles en biodynamie. Il en r\u00e9sulte un petit OVNI dans l&#8217;histoire Chidaine, mais diable, qui a quand m\u00eame vraiment l&#8217;expression des vins de la maison ! Alors si vous aimez les vins des Chidaine, si vous voulez soutenir le domaine et lui permettre de continuer dans les ann\u00e9es \u00e0 venir, goutez d&#8217;urgence ce Chenin d&#8217;Ailleurs.<\/div>\n","protected":false},"excerpt":{"rendered":"<p>Chenin d&#8217;Ailleurs 2017, c&#8217;est l&#8217;aventure du 2016 qui continue, tant le vin \u00e9tait bon ! Alors en 2016, c&#8217;\u00e9tait quoi l&#8217;id\u00e9e : 2016 gel plus que s\u00e9v\u00e8re, et ce n&#8217;est pas le premier de la d\u00e9cennie. Question urgente, comment faire vivre le domaine, les employ\u00e9s, si il n&#8217;y a plus de vin \u00e0 la vente&#8230; [&hellip;]<\/p>\n","protected":false},"featured_media":0,"template":"","meta":[],"product_cat":[3736],"product_tag":[],"acf":[],"yoast_head":"<!-- This site is optimized with the Yoast SEO plugin v19.3 - https:\/\/yoast.com\/wordpress\/plugins\/seo\/ -->\n<title>CHENIN D&#039;AILLEURS - Mes Vendanges<\/title>\n<meta name=\"robots\" content=\"index, follow, max-snippet:-1, max-image-preview:large, max-video-preview:-1\" \/>\n<link rel=\"canonical\" href=\"https:\/\/www.mesvendanges.com\/fr\/boutique\/vins\/chenin-dailleurs-chidaine-dne-francois-2018-75cl\/\" \/>\n<meta property=\"og:locale\" content=\"fr_FR\" \/>\n<meta property=\"og:type\" content=\"article\" \/>\n<meta property=\"og:title\" content=\"CHENIN D&#039;AILLEURS - Mes Vendanges\" \/>\n<meta property=\"og:description\" content=\"Chenin d&#8217;Ailleurs 2017, c&#8217;est l&#8217;aventure du 2016 qui continue, tant le vin \u00e9tait bon ! Alors en 2016, c&#8217;\u00e9tait quoi l&#8217;id\u00e9e : 2016 gel plus que s\u00e9v\u00e8re, et ce n&#8217;est pas le premier de la d\u00e9cennie. Question urgente, comment faire vivre le domaine, les employ\u00e9s, si il n&#8217;y a plus de vin \u00e0 la vente&#8230; [&hellip;]\" \/>\n<meta property=\"og:url\" content=\"https:\/\/www.mesvendanges.com\/fr\/boutique\/vins\/chenin-dailleurs-chidaine-dne-francois-2018-75cl\/\" \/>\n<meta property=\"og:site_name\" content=\"Mes Vendanges\" \/>\n<meta property=\"article:modified_time\" content=\"2023-12-05T11:27:09+00:00\" \/>\n<meta name=\"twitter:card\" content=\"summary_large_image\" \/>\n<meta name=\"twitter:label1\" content=\"Dur\u00e9e de lecture estim\u00e9e\" \/>\n\t<meta name=\"twitter:data1\" content=\"1 minute\" \/>\n<script type=\"application\/ld+json\" class=\"yoast-schema-graph\">{\"@context\":\"https:\/\/schema.org\",\"@graph\":[{\"@type\":\"Organization\",\"@id\":\"https:\/\/www.mesvendanges.com\/en\/#organization\",\"name\":\"Mes Vendanges\",\"url\":\"https:\/\/www.mesvendanges.com\/en\/\",\"sameAs\":[],\"logo\":{\"@type\":\"ImageObject\",\"inLanguage\":\"fr-FR\",\"@id\":\"https:\/\/www.mesvendanges.com\/en\/#\/schema\/logo\/image\/\",\"url\":\"https:\/\/www.mesvendanges.com\/wp-content\/uploads\/2022\/02\/logo-mesvendanges.jpg\",\"contentUrl\":\"https:\/\/www.mesvendanges.com\/wp-content\/uploads\/2022\/02\/logo-mesvendanges.jpg\",\"width\":851,\"height\":260,\"caption\":\"Mes Vendanges\"},\"image\":{\"@id\":\"https:\/\/www.mesvendanges.com\/en\/#\/schema\/logo\/image\/\"}},{\"@type\":\"WebSite\",\"@id\":\"https:\/\/www.mesvendanges.com\/en\/#website\",\"url\":\"https:\/\/www.mesvendanges.com\/en\/\",\"name\":\"Mes Vendanges\",\"description\":\"Des journ\u00e9es enti\u00e8res dans les vignes\",\"publisher\":{\"@id\":\"https:\/\/www.mesvendanges.com\/en\/#organization\"},\"potentialAction\":[{\"@type\":\"SearchAction\",\"target\":{\"@type\":\"EntryPoint\",\"urlTemplate\":\"https:\/\/www.mesvendanges.com\/en\/?s={search_term_string}\"},\"query-input\":\"required name=search_term_string\"}],\"inLanguage\":\"fr-FR\"},{\"@type\":\"WebPage\",\"@id\":\"https:\/\/www.mesvendanges.com\/fr\/boutique\/vins\/chenin-dailleurs-chidaine-dne-francois-2018-75cl\/\",\"url\":\"https:\/\/www.mesvendanges.com\/fr\/boutique\/vins\/chenin-dailleurs-chidaine-dne-francois-2018-75cl\/\",\"name\":\"CHENIN D'AILLEURS - Mes Vendanges\",\"isPartOf\":{\"@id\":\"https:\/\/www.mesvendanges.com\/en\/#website\"},\"datePublished\":\"2022-08-02T15:01:59+00:00\",\"dateModified\":\"2023-12-05T11:27:09+00:00\",\"breadcrumb\":{\"@id\":\"https:\/\/www.mesvendanges.com\/fr\/boutique\/vins\/chenin-dailleurs-chidaine-dne-francois-2018-75cl\/#breadcrumb\"},\"inLanguage\":\"fr-FR\",\"potentialAction\":[{\"@type\":\"ReadAction\",\"target\":[\"https:\/\/www.mesvendanges.com\/fr\/boutique\/vins\/chenin-dailleurs-chidaine-dne-francois-2018-75cl\/\"]}]},{\"@type\":\"BreadcrumbList\",\"@id\":\"https:\/\/www.mesvendanges.com\/fr\/boutique\/vins\/chenin-dailleurs-chidaine-dne-francois-2018-75cl\/#breadcrumb\",\"itemListElement\":[{\"@type\":\"ListItem\",\"position\":1,\"name\":\"Accueil\",\"item\":\"https:\/\/www.mesvendanges.com\/fr\/\"},{\"@type\":\"ListItem\",\"position\":2,\"name\":\"Boutique\",\"item\":\"https:\/\/www.mesvendanges.com\/fr\/boutique\/\"},{\"@type\":\"ListItem\",\"position\":3,\"name\":\"CHENIN D&#8217;AILLEURS\"}]}]}<\/script>\n<!-- \/ Yoast SEO plugin. -->","yoast_head_json":{"title":"CHENIN D'AILLEURS - Mes Vendanges","robots":{"index":"index","follow":"follow","max-snippet":"max-snippet:-1","max-image-preview":"max-image-preview:large","max-video-preview":"max-video-preview:-1"},"canonical":"https:\/\/www.mesvendanges.com\/fr\/boutique\/vins\/chenin-dailleurs-chidaine-dne-francois-2018-75cl\/","og_locale":"fr_FR","og_type":"article","og_title":"CHENIN D'AILLEURS - Mes Vendanges","og_description":"Chenin d&#8217;Ailleurs 2017, c&#8217;est l&#8217;aventure du 2016 qui continue, tant le vin \u00e9tait bon ! Alors en 2016, c&#8217;\u00e9tait quoi l&#8217;id\u00e9e : 2016 gel plus que s\u00e9v\u00e8re, et ce n&#8217;est pas le premier de la d\u00e9cennie. Question urgente, comment faire vivre le domaine, les employ\u00e9s, si il n&#8217;y a plus de vin \u00e0 la vente&#8230; [&hellip;]","og_url":"https:\/\/www.mesvendanges.com\/fr\/boutique\/vins\/chenin-dailleurs-chidaine-dne-francois-2018-75cl\/","og_site_name":"Mes Vendanges","article_modified_time":"2023-12-05T11:27:09+00:00","twitter_card":"summary_large_image","twitter_misc":{"Dur\u00e9e de lecture estim\u00e9e":"1 minute"},"schema":{"@context":"https:\/\/schema.org","@graph":[{"@type":"Organization","@id":"https:\/\/www.mesvendanges.com\/en\/#organization","name":"Mes Vendanges","url":"https:\/\/www.mesvendanges.com\/en\/","sameAs":[],"logo":{"@type":"ImageObject","inLanguage":"fr-FR","@id":"https:\/\/www.mesvendanges.com\/en\/#\/schema\/logo\/image\/","url":"https:\/\/www.mesvendanges.com\/wp-content\/uploads\/2022\/02\/logo-mesvendanges.jpg","contentUrl":"https:\/\/www.mesvendanges.com\/wp-content\/uploads\/2022\/02\/logo-mesvendanges.jpg","width":851,"height":260,"caption":"Mes Vendanges"},"image":{"@id":"https:\/\/www.mesvendanges.com\/en\/#\/schema\/logo\/image\/"}},{"@type":"WebSite","@id":"https:\/\/www.mesvendanges.com\/en\/#website","url":"https:\/\/www.mesvendanges.com\/en\/","name":"Mes Vendanges","description":"Des journ\u00e9es enti\u00e8res dans les vignes","publisher":{"@id":"https:\/\/www.mesvendanges.com\/en\/#organization"},"potentialAction":[{"@type":"SearchAction","target":{"@type":"EntryPoint","urlTemplate":"https:\/\/www.mesvendanges.com\/en\/?s={search_term_string}"},"query-input":"required name=search_term_string"}],"inLanguage":"fr-FR"},{"@type":"WebPage","@id":"https:\/\/www.mesvendanges.com\/fr\/boutique\/vins\/chenin-dailleurs-chidaine-dne-francois-2018-75cl\/","url":"https:\/\/www.mesvendanges.com\/fr\/boutique\/vins\/chenin-dailleurs-chidaine-dne-francois-2018-75cl\/","name":"CHENIN D'AILLEURS - Mes Vendanges","isPartOf":{"@id":"https:\/\/www.mesvendanges.com\/en\/#website"},"datePublished":"2022-08-02T15:01:59+00:00","dateModified":"2023-12-05T11:27:09+00:00","breadcrumb":{"@id":"https:\/\/www.mesvendanges.com\/fr\/boutique\/vins\/chenin-dailleurs-chidaine-dne-francois-2018-75cl\/#breadcrumb"},"inLanguage":"fr-FR","potentialAction":[{"@type":"ReadAction","target":["https:\/\/www.mesvendanges.com\/fr\/boutique\/vins\/chenin-dailleurs-chidaine-dne-francois-2018-75cl\/"]}]},{"@type":"BreadcrumbList","@id":"https:\/\/www.mesvendanges.com\/fr\/boutique\/vins\/chenin-dailleurs-chidaine-dne-francois-2018-75cl\/#breadcrumb","itemListElement":[{"@type":"ListItem","position":1,"name":"Accueil","item":"https:\/\/www.mesvendanges.com\/fr\/"},{"@type":"ListItem","position":2,"name":"Boutique","item":"https:\/\/www.mesvendanges.com\/fr\/boutique\/"},{"@type":"ListItem","position":3,"name":"CHENIN D&#8217;AILLEURS"}]}]}},"_links":{"self":[{"href":"https:\/\/www.mesvendanges.com\/fr\/wp-json\/wp\/v2\/product\/46056"}],"collection":[{"href":"https:\/\/www.mesvendanges.com\/fr\/wp-json\/wp\/v2\/product"}],"about":[{"href":"https:\/\/www.mesvendanges.com\/fr\/wp-json\/wp\/v2\/types\/product"}],"wp:attachment":[{"href":"https:\/\/www.mesvendanges.com\/fr\/wp-json\/wp\/v2\/media?parent=46056"}],"wp:term":[{"taxonomy":"product_cat","embeddable":true,"href":"https:\/\/www.mesvendanges.com\/fr\/wp-json\/wp\/v2\/product_cat?post=46056"},{"taxonomy":"product_tag","embeddable":true,"href":"https:\/\/www.mesvendanges.com\/fr\/wp-json\/wp\/v2\/product_tag?post=46056"}],"curies":[{"name":"wp","href":"https:\/\/api.w.org\/{rel}","templated":true}]}}