{"id":46454,"date":"2022-08-02T17:07:49","date_gmt":"2022-08-02T15:07:49","guid":{"rendered":"https:\/\/www.mesvendanges.com\/shop\/non%20class\u00e9\/fronholz-muscat-6\/"},"modified":"2025-05-20T15:23:54","modified_gmt":"2025-05-20T13:23:54","slug":"fronholz-muscat-ostertag-dne-2018-75cl","status":"publish","type":"product","link":"https:\/\/www.mesvendanges.com\/fr\/boutique\/vins\/fronholz-muscat-ostertag-dne-2018-75cl\/","title":{"rendered":"FRONHOLZ MUSCAT"},"content":{"rendered":"<p>Un des meilleurs muscats secs alsaciens que nous ayons go\u00fbt\u00e9. Tr\u00e8s belle expression aromatique, ouverte mais sans lourdeur, bouche sapide, avec une finale min\u00e9rale. Tr\u00e8s belle capacit\u00e9 de garde, nous avons go\u00fbt\u00e9 plusieurs fois cette cuv\u00e9e avec une dizaine d&#8217;ann\u00e9es et c&#8217;\u00e9tait remarquable<\/p>\n","protected":false},"excerpt":{"rendered":"<p>Un des meilleurs muscats secs alsaciens que nous ayons go\u00fbt\u00e9. Tr\u00e8s belle expression aromatique, ouverte mais sans lourdeur, bouche sapide, avec une finale min\u00e9rale. Tr\u00e8s belle capacit\u00e9 de garde, nous avons go\u00fbt\u00e9 plusieurs fois cette cuv\u00e9e avec une dizaine d&#8217;ann\u00e9es et c&#8217;\u00e9tait remarquable<\/p>\n","protected":false},"featured_media":50278,"template":"","meta":[],"product_cat":[3736],"product_tag":[],"acf":[],"yoast_head":"<!-- This site is optimized with the Yoast SEO plugin v19.3 - https:\/\/yoast.com\/wordpress\/plugins\/seo\/ -->\n<title>FRONHOLZ MUSCAT - Mes Vendanges<\/title>\n<meta name=\"robots\" content=\"index, follow, max-snippet:-1, max-image-preview:large, max-video-preview:-1\" \/>\n<link rel=\"canonical\" href=\"https:\/\/www.mesvendanges.com\/fr\/boutique\/vins\/fronholz-muscat-ostertag-dne-2018-75cl\/\" \/>\n<meta property=\"og:locale\" content=\"fr_FR\" \/>\n<meta property=\"og:type\" content=\"article\" \/>\n<meta property=\"og:title\" content=\"FRONHOLZ MUSCAT - Mes Vendanges\" \/>\n<meta property=\"og:description\" content=\"Un des meilleurs muscats secs alsaciens que nous ayons go\u00fbt\u00e9. Tr\u00e8s belle expression aromatique, ouverte mais sans lourdeur, bouche sapide, avec une finale min\u00e9rale. Tr\u00e8s belle capacit\u00e9 de garde, nous avons go\u00fbt\u00e9 plusieurs fois cette cuv\u00e9e avec une dizaine d&#8217;ann\u00e9es et c&#8217;\u00e9tait remarquable\" \/>\n<meta property=\"og:url\" content=\"https:\/\/www.mesvendanges.com\/fr\/boutique\/vins\/fronholz-muscat-ostertag-dne-2018-75cl\/\" \/>\n<meta property=\"og:site_name\" content=\"Mes Vendanges\" \/>\n<meta property=\"article:modified_time\" content=\"2025-05-20T13:23:54+00:00\" \/>\n<meta property=\"og:image\" content=\"https:\/\/www.mesvendanges.com\/wp-content\/uploads\/2022\/08\/ostertag-dne-fronholz-muscat-alsace-2018-75cl-blanc-png.png\" \/>\n\t<meta property=\"og:image:width\" content=\"326\" \/>\n\t<meta property=\"og:image:height\" content=\"1500\" \/>\n\t<meta property=\"og:image:type\" content=\"image\/png\" \/>\n<meta name=\"twitter:card\" content=\"summary_large_image\" \/>\n<script type=\"application\/ld+json\" class=\"yoast-schema-graph\">{\"@context\":\"https:\/\/schema.org\",\"@graph\":[{\"@type\":\"Organization\",\"@id\":\"https:\/\/www.mesvendanges.com\/en\/#organization\",\"name\":\"Mes Vendanges\",\"url\":\"https:\/\/www.mesvendanges.com\/en\/\",\"sameAs\":[],\"logo\":{\"@type\":\"ImageObject\",\"inLanguage\":\"fr-FR\",\"@id\":\"https:\/\/www.mesvendanges.com\/en\/#\/schema\/logo\/image\/\",\"url\":\"https:\/\/www.mesvendanges.com\/wp-content\/uploads\/2022\/02\/logo-mesvendanges.jpg\",\"contentUrl\":\"https:\/\/www.mesvendanges.com\/wp-content\/uploads\/2022\/02\/logo-mesvendanges.jpg\",\"width\":851,\"height\":260,\"caption\":\"Mes Vendanges\"},\"image\":{\"@id\":\"https:\/\/www.mesvendanges.com\/en\/#\/schema\/logo\/image\/\"}},{\"@type\":\"WebSite\",\"@id\":\"https:\/\/www.mesvendanges.com\/en\/#website\",\"url\":\"https:\/\/www.mesvendanges.com\/en\/\",\"name\":\"Mes Vendanges\",\"description\":\"Des journ\u00e9es enti\u00e8res dans les vignes\",\"publisher\":{\"@id\":\"https:\/\/www.mesvendanges.com\/en\/#organization\"},\"potentialAction\":[{\"@type\":\"SearchAction\",\"target\":{\"@type\":\"EntryPoint\",\"urlTemplate\":\"https:\/\/www.mesvendanges.com\/en\/?s={search_term_string}\"},\"query-input\":\"required name=search_term_string\"}],\"inLanguage\":\"fr-FR\"},{\"@type\":\"ImageObject\",\"inLanguage\":\"fr-FR\",\"@id\":\"https:\/\/www.mesvendanges.com\/fr\/boutique\/vins\/fronholz-muscat-ostertag-dne-2018-75cl\/#primaryimage\",\"url\":\"https:\/\/www.mesvendanges.com\/wp-content\/uploads\/2022\/08\/ostertag-dne-fronholz-muscat-alsace-2018-75cl-blanc-png.png\",\"contentUrl\":\"https:\/\/www.mesvendanges.com\/wp-content\/uploads\/2022\/08\/ostertag-dne-fronholz-muscat-alsace-2018-75cl-blanc-png.png\",\"width\":326,\"height\":1500},{\"@type\":\"WebPage\",\"@id\":\"https:\/\/www.mesvendanges.com\/fr\/boutique\/vins\/fronholz-muscat-ostertag-dne-2018-75cl\/\",\"url\":\"https:\/\/www.mesvendanges.com\/fr\/boutique\/vins\/fronholz-muscat-ostertag-dne-2018-75cl\/\",\"name\":\"FRONHOLZ MUSCAT - Mes Vendanges\",\"isPartOf\":{\"@id\":\"https:\/\/www.mesvendanges.com\/en\/#website\"},\"primaryImageOfPage\":{\"@id\":\"https:\/\/www.mesvendanges.com\/fr\/boutique\/vins\/fronholz-muscat-ostertag-dne-2018-75cl\/#primaryimage\"},\"datePublished\":\"2022-08-02T15:07:49+00:00\",\"dateModified\":\"2025-05-20T13:23:54+00:00\",\"breadcrumb\":{\"@id\":\"https:\/\/www.mesvendanges.com\/fr\/boutique\/vins\/fronholz-muscat-ostertag-dne-2018-75cl\/#breadcrumb\"},\"inLanguage\":\"fr-FR\",\"potentialAction\":[{\"@type\":\"ReadAction\",\"target\":[\"https:\/\/www.mesvendanges.com\/fr\/boutique\/vins\/fronholz-muscat-ostertag-dne-2018-75cl\/\"]}]},{\"@type\":\"BreadcrumbList\",\"@id\":\"https:\/\/www.mesvendanges.com\/fr\/boutique\/vins\/fronholz-muscat-ostertag-dne-2018-75cl\/#breadcrumb\",\"itemListElement\":[{\"@type\":\"ListItem\",\"position\":1,\"name\":\"Accueil\",\"item\":\"https:\/\/www.mesvendanges.com\/fr\/\"},{\"@type\":\"ListItem\",\"position\":2,\"name\":\"Boutique\",\"item\":\"https:\/\/www.mesvendanges.com\/fr\/boutique\/\"},{\"@type\":\"ListItem\",\"position\":3,\"name\":\"FRONHOLZ MUSCAT\"}]}]}<\/script>\n<!-- \/ Yoast SEO plugin. -->","yoast_head_json":{"title":"FRONHOLZ MUSCAT - Mes Vendanges","robots":{"index":"index","follow":"follow","max-snippet":"max-snippet:-1","max-image-preview":"max-image-preview:large","max-video-preview":"max-video-preview:-1"},"canonical":"https:\/\/www.mesvendanges.com\/fr\/boutique\/vins\/fronholz-muscat-ostertag-dne-2018-75cl\/","og_locale":"fr_FR","og_type":"article","og_title":"FRONHOLZ MUSCAT - Mes Vendanges","og_description":"Un des meilleurs muscats secs alsaciens que nous ayons go\u00fbt\u00e9. Tr\u00e8s belle expression aromatique, ouverte mais sans lourdeur, bouche sapide, avec une finale min\u00e9rale. Tr\u00e8s belle capacit\u00e9 de garde, nous avons go\u00fbt\u00e9 plusieurs fois cette cuv\u00e9e avec une dizaine d&#8217;ann\u00e9es et c&#8217;\u00e9tait remarquable","og_url":"https:\/\/www.mesvendanges.com\/fr\/boutique\/vins\/fronholz-muscat-ostertag-dne-2018-75cl\/","og_site_name":"Mes Vendanges","article_modified_time":"2025-05-20T13:23:54+00:00","og_image":[{"width":326,"height":1500,"url":"https:\/\/www.mesvendanges.com\/wp-content\/uploads\/2022\/08\/ostertag-dne-fronholz-muscat-alsace-2018-75cl-blanc-png.png","type":"image\/png"}],"twitter_card":"summary_large_image","schema":{"@context":"https:\/\/schema.org","@graph":[{"@type":"Organization","@id":"https:\/\/www.mesvendanges.com\/en\/#organization","name":"Mes Vendanges","url":"https:\/\/www.mesvendanges.com\/en\/","sameAs":[],"logo":{"@type":"ImageObject","inLanguage":"fr-FR","@id":"https:\/\/www.mesvendanges.com\/en\/#\/schema\/logo\/image\/","url":"https:\/\/www.mesvendanges.com\/wp-content\/uploads\/2022\/02\/logo-mesvendanges.jpg","contentUrl":"https:\/\/www.mesvendanges.com\/wp-content\/uploads\/2022\/02\/logo-mesvendanges.jpg","width":851,"height":260,"caption":"Mes Vendanges"},"image":{"@id":"https:\/\/www.mesvendanges.com\/en\/#\/schema\/logo\/image\/"}},{"@type":"WebSite","@id":"https:\/\/www.mesvendanges.com\/en\/#website","url":"https:\/\/www.mesvendanges.com\/en\/","name":"Mes Vendanges","description":"Des journ\u00e9es enti\u00e8res dans les vignes","publisher":{"@id":"https:\/\/www.mesvendanges.com\/en\/#organization"},"potentialAction":[{"@type":"SearchAction","target":{"@type":"EntryPoint","urlTemplate":"https:\/\/www.mesvendanges.com\/en\/?s={search_term_string}"},"query-input":"required name=search_term_string"}],"inLanguage":"fr-FR"},{"@type":"ImageObject","inLanguage":"fr-FR","@id":"https:\/\/www.mesvendanges.com\/fr\/boutique\/vins\/fronholz-muscat-ostertag-dne-2018-75cl\/#primaryimage","url":"https:\/\/www.mesvendanges.com\/wp-content\/uploads\/2022\/08\/ostertag-dne-fronholz-muscat-alsace-2018-75cl-blanc-png.png","contentUrl":"https:\/\/www.mesvendanges.com\/wp-content\/uploads\/2022\/08\/ostertag-dne-fronholz-muscat-alsace-2018-75cl-blanc-png.png","width":326,"height":1500},{"@type":"WebPage","@id":"https:\/\/www.mesvendanges.com\/fr\/boutique\/vins\/fronholz-muscat-ostertag-dne-2018-75cl\/","url":"https:\/\/www.mesvendanges.com\/fr\/boutique\/vins\/fronholz-muscat-ostertag-dne-2018-75cl\/","name":"FRONHOLZ MUSCAT - Mes Vendanges","isPartOf":{"@id":"https:\/\/www.mesvendanges.com\/en\/#website"},"primaryImageOfPage":{"@id":"https:\/\/www.mesvendanges.com\/fr\/boutique\/vins\/fronholz-muscat-ostertag-dne-2018-75cl\/#primaryimage"},"datePublished":"2022-08-02T15:07:49+00:00","dateModified":"2025-05-20T13:23:54+00:00","breadcrumb":{"@id":"https:\/\/www.mesvendanges.com\/fr\/boutique\/vins\/fronholz-muscat-ostertag-dne-2018-75cl\/#breadcrumb"},"inLanguage":"fr-FR","potentialAction":[{"@type":"ReadAction","target":["https:\/\/www.mesvendanges.com\/fr\/boutique\/vins\/fronholz-muscat-ostertag-dne-2018-75cl\/"]}]},{"@type":"BreadcrumbList","@id":"https:\/\/www.mesvendanges.com\/fr\/boutique\/vins\/fronholz-muscat-ostertag-dne-2018-75cl\/#breadcrumb","itemListElement":[{"@type":"ListItem","position":1,"name":"Accueil","item":"https:\/\/www.mesvendanges.com\/fr\/"},{"@type":"ListItem","position":2,"name":"Boutique","item":"https:\/\/www.mesvendanges.com\/fr\/boutique\/"},{"@type":"ListItem","position":3,"name":"FRONHOLZ MUSCAT"}]}]}},"_links":{"self":[{"href":"https:\/\/www.mesvendanges.com\/fr\/wp-json\/wp\/v2\/product\/46454"}],"collection":[{"href":"https:\/\/www.mesvendanges.com\/fr\/wp-json\/wp\/v2\/product"}],"about":[{"href":"https:\/\/www.mesvendanges.com\/fr\/wp-json\/wp\/v2\/types\/product"}],"wp:featuredmedia":[{"embeddable":true,"href":"https:\/\/www.mesvendanges.com\/fr\/wp-json\/wp\/v2\/media\/50278"}],"wp:attachment":[{"href":"https:\/\/www.mesvendanges.com\/fr\/wp-json\/wp\/v2\/media?parent=46454"}],"wp:term":[{"taxonomy":"product_cat","embeddable":true,"href":"https:\/\/www.mesvendanges.com\/fr\/wp-json\/wp\/v2\/product_cat?post=46454"},{"taxonomy":"product_tag","embeddable":true,"href":"https:\/\/www.mesvendanges.com\/fr\/wp-json\/wp\/v2\/product_tag?post=46454"}],"curies":[{"name":"wp","href":"https:\/\/api.w.org\/{rel}","templated":true}]}}