{"id":46565,"date":"2022-08-02T17:09:26","date_gmt":"2022-08-02T15:09:26","guid":{"rendered":"https:\/\/www.mesvendanges.com\/shop\/non%20class\u00e9\/cuvee-739-degorgement-tardif-magnum\/"},"modified":"2023-12-05T21:37:34","modified_gmt":"2023-12-05T20:37:34","slug":"cuvee-739-degorgement-tardif-magnum-jacquesson-nm-150cl","status":"publish","type":"product","link":"https:\/\/www.mesvendanges.com\/fr\/boutique\/vins\/cuvee-739-degorgement-tardif-magnum-jacquesson-nm-150cl\/","title":{"rendered":"CUVEE 739 DEGORGEMENT TARDIF MAGNUM"},"content":{"rendered":"<p> 96 mois sur lies, sous li\u00e8ge, pour 14.574 bouteilles et 711 magnums avant leur D\u00e9gorgement Tardif en Juin 2020. Dosage : 0,75 gr\/l.<br \/>\n\u2666 2011, un hiver glacial et arros\u00e9, un printemps tr\u00e8s chaud et sec, malgr\u00e9 quelques gel\u00e9es, un \u00e9t\u00e9 maussade mais une fin de saison beaucoup plus agr\u00e9able. Les vins sont harmonieux, \u00e9quilibr\u00e9s et homog\u00e8nes.<\/p>\n","protected":false},"excerpt":{"rendered":"<p>96 mois sur lies, sous li\u00e8ge, pour 14.574 bouteilles et 711 magnums avant leur D\u00e9gorgement Tardif en Juin 2020. Dosage : 0,75 gr\/l. \u2666 2011, un hiver glacial et arros\u00e9, un printemps tr\u00e8s chaud et sec, malgr\u00e9 quelques gel\u00e9es, un \u00e9t\u00e9 maussade mais une fin de saison beaucoup plus agr\u00e9able. Les vins sont harmonieux, \u00e9quilibr\u00e9s [&hellip;]<\/p>\n","protected":false},"featured_media":46561,"template":"","meta":[],"product_cat":[3736],"product_tag":[],"acf":[],"yoast_head":"<!-- This site is optimized with the Yoast SEO plugin v19.3 - https:\/\/yoast.com\/wordpress\/plugins\/seo\/ -->\n<title>CUVEE 739 DEGORGEMENT TARDIF MAGNUM - Mes Vendanges<\/title>\n<meta name=\"robots\" content=\"index, follow, max-snippet:-1, max-image-preview:large, max-video-preview:-1\" \/>\n<link rel=\"canonical\" href=\"https:\/\/www.mesvendanges.com\/fr\/boutique\/vins\/cuvee-739-degorgement-tardif-magnum-jacquesson-nm-150cl\/\" \/>\n<meta property=\"og:locale\" content=\"fr_FR\" \/>\n<meta property=\"og:type\" content=\"article\" \/>\n<meta property=\"og:title\" content=\"CUVEE 739 DEGORGEMENT TARDIF MAGNUM - Mes Vendanges\" \/>\n<meta property=\"og:description\" content=\"96 mois sur lies, sous li\u00e8ge, pour 14.574 bouteilles et 711 magnums avant leur D\u00e9gorgement Tardif en Juin 2020. Dosage : 0,75 gr\/l. \u2666 2011, un hiver glacial et arros\u00e9, un printemps tr\u00e8s chaud et sec, malgr\u00e9 quelques gel\u00e9es, un \u00e9t\u00e9 maussade mais une fin de saison beaucoup plus agr\u00e9able. Les vins sont harmonieux, \u00e9quilibr\u00e9s [&hellip;]\" \/>\n<meta property=\"og:url\" content=\"https:\/\/www.mesvendanges.com\/fr\/boutique\/vins\/cuvee-739-degorgement-tardif-magnum-jacquesson-nm-150cl\/\" \/>\n<meta property=\"og:site_name\" content=\"Mes Vendanges\" \/>\n<meta property=\"article:modified_time\" content=\"2023-12-05T20:37:34+00:00\" \/>\n<meta property=\"og:image\" content=\"https:\/\/www.mesvendanges.com\/wp-content\/uploads\/2022\/08\/jacquesson-cuvee-739-degorgement-tardif-magnum-champagne-nm-150cl-effervescent-png.png\" \/>\n\t<meta property=\"og:image:width\" content=\"428\" \/>\n\t<meta property=\"og:image:height\" content=\"1500\" \/>\n\t<meta property=\"og:image:type\" content=\"image\/png\" \/>\n<meta name=\"twitter:card\" content=\"summary_large_image\" \/>\n<script type=\"application\/ld+json\" class=\"yoast-schema-graph\">{\"@context\":\"https:\/\/schema.org\",\"@graph\":[{\"@type\":\"Organization\",\"@id\":\"https:\/\/www.mesvendanges.com\/en\/#organization\",\"name\":\"Mes Vendanges\",\"url\":\"https:\/\/www.mesvendanges.com\/en\/\",\"sameAs\":[],\"logo\":{\"@type\":\"ImageObject\",\"inLanguage\":\"fr-FR\",\"@id\":\"https:\/\/www.mesvendanges.com\/en\/#\/schema\/logo\/image\/\",\"url\":\"https:\/\/www.mesvendanges.com\/wp-content\/uploads\/2022\/02\/logo-mesvendanges.jpg\",\"contentUrl\":\"https:\/\/www.mesvendanges.com\/wp-content\/uploads\/2022\/02\/logo-mesvendanges.jpg\",\"width\":851,\"height\":260,\"caption\":\"Mes Vendanges\"},\"image\":{\"@id\":\"https:\/\/www.mesvendanges.com\/en\/#\/schema\/logo\/image\/\"}},{\"@type\":\"WebSite\",\"@id\":\"https:\/\/www.mesvendanges.com\/en\/#website\",\"url\":\"https:\/\/www.mesvendanges.com\/en\/\",\"name\":\"Mes Vendanges\",\"description\":\"Des journ\u00e9es enti\u00e8res dans les vignes\",\"publisher\":{\"@id\":\"https:\/\/www.mesvendanges.com\/en\/#organization\"},\"potentialAction\":[{\"@type\":\"SearchAction\",\"target\":{\"@type\":\"EntryPoint\",\"urlTemplate\":\"https:\/\/www.mesvendanges.com\/en\/?s={search_term_string}\"},\"query-input\":\"required name=search_term_string\"}],\"inLanguage\":\"fr-FR\"},{\"@type\":\"ImageObject\",\"inLanguage\":\"fr-FR\",\"@id\":\"https:\/\/www.mesvendanges.com\/fr\/boutique\/vins\/cuvee-739-degorgement-tardif-magnum-jacquesson-nm-150cl\/#primaryimage\",\"url\":\"https:\/\/www.mesvendanges.com\/wp-content\/uploads\/2022\/08\/jacquesson-cuvee-739-degorgement-tardif-magnum-champagne-nm-150cl-effervescent-png.png\",\"contentUrl\":\"https:\/\/www.mesvendanges.com\/wp-content\/uploads\/2022\/08\/jacquesson-cuvee-739-degorgement-tardif-magnum-champagne-nm-150cl-effervescent-png.png\",\"width\":428,\"height\":1500},{\"@type\":\"WebPage\",\"@id\":\"https:\/\/www.mesvendanges.com\/fr\/boutique\/vins\/cuvee-739-degorgement-tardif-magnum-jacquesson-nm-150cl\/\",\"url\":\"https:\/\/www.mesvendanges.com\/fr\/boutique\/vins\/cuvee-739-degorgement-tardif-magnum-jacquesson-nm-150cl\/\",\"name\":\"CUVEE 739 DEGORGEMENT TARDIF MAGNUM - Mes Vendanges\",\"isPartOf\":{\"@id\":\"https:\/\/www.mesvendanges.com\/en\/#website\"},\"primaryImageOfPage\":{\"@id\":\"https:\/\/www.mesvendanges.com\/fr\/boutique\/vins\/cuvee-739-degorgement-tardif-magnum-jacquesson-nm-150cl\/#primaryimage\"},\"datePublished\":\"2022-08-02T15:09:26+00:00\",\"dateModified\":\"2023-12-05T20:37:34+00:00\",\"breadcrumb\":{\"@id\":\"https:\/\/www.mesvendanges.com\/fr\/boutique\/vins\/cuvee-739-degorgement-tardif-magnum-jacquesson-nm-150cl\/#breadcrumb\"},\"inLanguage\":\"fr-FR\",\"potentialAction\":[{\"@type\":\"ReadAction\",\"target\":[\"https:\/\/www.mesvendanges.com\/fr\/boutique\/vins\/cuvee-739-degorgement-tardif-magnum-jacquesson-nm-150cl\/\"]}]},{\"@type\":\"BreadcrumbList\",\"@id\":\"https:\/\/www.mesvendanges.com\/fr\/boutique\/vins\/cuvee-739-degorgement-tardif-magnum-jacquesson-nm-150cl\/#breadcrumb\",\"itemListElement\":[{\"@type\":\"ListItem\",\"position\":1,\"name\":\"Accueil\",\"item\":\"https:\/\/www.mesvendanges.com\/fr\/\"},{\"@type\":\"ListItem\",\"position\":2,\"name\":\"Boutique\",\"item\":\"https:\/\/www.mesvendanges.com\/fr\/boutique\/\"},{\"@type\":\"ListItem\",\"position\":3,\"name\":\"CUVEE 739 DEGORGEMENT TARDIF MAGNUM\"}]}]}<\/script>\n<!-- \/ Yoast SEO plugin. -->","yoast_head_json":{"title":"CUVEE 739 DEGORGEMENT TARDIF MAGNUM - Mes Vendanges","robots":{"index":"index","follow":"follow","max-snippet":"max-snippet:-1","max-image-preview":"max-image-preview:large","max-video-preview":"max-video-preview:-1"},"canonical":"https:\/\/www.mesvendanges.com\/fr\/boutique\/vins\/cuvee-739-degorgement-tardif-magnum-jacquesson-nm-150cl\/","og_locale":"fr_FR","og_type":"article","og_title":"CUVEE 739 DEGORGEMENT TARDIF MAGNUM - Mes Vendanges","og_description":"96 mois sur lies, sous li\u00e8ge, pour 14.574 bouteilles et 711 magnums avant leur D\u00e9gorgement Tardif en Juin 2020. Dosage : 0,75 gr\/l. \u2666 2011, un hiver glacial et arros\u00e9, un printemps tr\u00e8s chaud et sec, malgr\u00e9 quelques gel\u00e9es, un \u00e9t\u00e9 maussade mais une fin de saison beaucoup plus agr\u00e9able. Les vins sont harmonieux, \u00e9quilibr\u00e9s [&hellip;]","og_url":"https:\/\/www.mesvendanges.com\/fr\/boutique\/vins\/cuvee-739-degorgement-tardif-magnum-jacquesson-nm-150cl\/","og_site_name":"Mes Vendanges","article_modified_time":"2023-12-05T20:37:34+00:00","og_image":[{"width":428,"height":1500,"url":"https:\/\/www.mesvendanges.com\/wp-content\/uploads\/2022\/08\/jacquesson-cuvee-739-degorgement-tardif-magnum-champagne-nm-150cl-effervescent-png.png","type":"image\/png"}],"twitter_card":"summary_large_image","schema":{"@context":"https:\/\/schema.org","@graph":[{"@type":"Organization","@id":"https:\/\/www.mesvendanges.com\/en\/#organization","name":"Mes Vendanges","url":"https:\/\/www.mesvendanges.com\/en\/","sameAs":[],"logo":{"@type":"ImageObject","inLanguage":"fr-FR","@id":"https:\/\/www.mesvendanges.com\/en\/#\/schema\/logo\/image\/","url":"https:\/\/www.mesvendanges.com\/wp-content\/uploads\/2022\/02\/logo-mesvendanges.jpg","contentUrl":"https:\/\/www.mesvendanges.com\/wp-content\/uploads\/2022\/02\/logo-mesvendanges.jpg","width":851,"height":260,"caption":"Mes Vendanges"},"image":{"@id":"https:\/\/www.mesvendanges.com\/en\/#\/schema\/logo\/image\/"}},{"@type":"WebSite","@id":"https:\/\/www.mesvendanges.com\/en\/#website","url":"https:\/\/www.mesvendanges.com\/en\/","name":"Mes Vendanges","description":"Des journ\u00e9es enti\u00e8res dans les vignes","publisher":{"@id":"https:\/\/www.mesvendanges.com\/en\/#organization"},"potentialAction":[{"@type":"SearchAction","target":{"@type":"EntryPoint","urlTemplate":"https:\/\/www.mesvendanges.com\/en\/?s={search_term_string}"},"query-input":"required name=search_term_string"}],"inLanguage":"fr-FR"},{"@type":"ImageObject","inLanguage":"fr-FR","@id":"https:\/\/www.mesvendanges.com\/fr\/boutique\/vins\/cuvee-739-degorgement-tardif-magnum-jacquesson-nm-150cl\/#primaryimage","url":"https:\/\/www.mesvendanges.com\/wp-content\/uploads\/2022\/08\/jacquesson-cuvee-739-degorgement-tardif-magnum-champagne-nm-150cl-effervescent-png.png","contentUrl":"https:\/\/www.mesvendanges.com\/wp-content\/uploads\/2022\/08\/jacquesson-cuvee-739-degorgement-tardif-magnum-champagne-nm-150cl-effervescent-png.png","width":428,"height":1500},{"@type":"WebPage","@id":"https:\/\/www.mesvendanges.com\/fr\/boutique\/vins\/cuvee-739-degorgement-tardif-magnum-jacquesson-nm-150cl\/","url":"https:\/\/www.mesvendanges.com\/fr\/boutique\/vins\/cuvee-739-degorgement-tardif-magnum-jacquesson-nm-150cl\/","name":"CUVEE 739 DEGORGEMENT TARDIF MAGNUM - Mes Vendanges","isPartOf":{"@id":"https:\/\/www.mesvendanges.com\/en\/#website"},"primaryImageOfPage":{"@id":"https:\/\/www.mesvendanges.com\/fr\/boutique\/vins\/cuvee-739-degorgement-tardif-magnum-jacquesson-nm-150cl\/#primaryimage"},"datePublished":"2022-08-02T15:09:26+00:00","dateModified":"2023-12-05T20:37:34+00:00","breadcrumb":{"@id":"https:\/\/www.mesvendanges.com\/fr\/boutique\/vins\/cuvee-739-degorgement-tardif-magnum-jacquesson-nm-150cl\/#breadcrumb"},"inLanguage":"fr-FR","potentialAction":[{"@type":"ReadAction","target":["https:\/\/www.mesvendanges.com\/fr\/boutique\/vins\/cuvee-739-degorgement-tardif-magnum-jacquesson-nm-150cl\/"]}]},{"@type":"BreadcrumbList","@id":"https:\/\/www.mesvendanges.com\/fr\/boutique\/vins\/cuvee-739-degorgement-tardif-magnum-jacquesson-nm-150cl\/#breadcrumb","itemListElement":[{"@type":"ListItem","position":1,"name":"Accueil","item":"https:\/\/www.mesvendanges.com\/fr\/"},{"@type":"ListItem","position":2,"name":"Boutique","item":"https:\/\/www.mesvendanges.com\/fr\/boutique\/"},{"@type":"ListItem","position":3,"name":"CUVEE 739 DEGORGEMENT TARDIF MAGNUM"}]}]}},"_links":{"self":[{"href":"https:\/\/www.mesvendanges.com\/fr\/wp-json\/wp\/v2\/product\/46565"}],"collection":[{"href":"https:\/\/www.mesvendanges.com\/fr\/wp-json\/wp\/v2\/product"}],"about":[{"href":"https:\/\/www.mesvendanges.com\/fr\/wp-json\/wp\/v2\/types\/product"}],"wp:featuredmedia":[{"embeddable":true,"href":"https:\/\/www.mesvendanges.com\/fr\/wp-json\/wp\/v2\/media\/46561"}],"wp:attachment":[{"href":"https:\/\/www.mesvendanges.com\/fr\/wp-json\/wp\/v2\/media?parent=46565"}],"wp:term":[{"taxonomy":"product_cat","embeddable":true,"href":"https:\/\/www.mesvendanges.com\/fr\/wp-json\/wp\/v2\/product_cat?post=46565"},{"taxonomy":"product_tag","embeddable":true,"href":"https:\/\/www.mesvendanges.com\/fr\/wp-json\/wp\/v2\/product_tag?post=46565"}],"curies":[{"name":"wp","href":"https:\/\/api.w.org\/{rel}","templated":true}]}}