{"id":46849,"date":"2022-08-02T17:13:49","date_gmt":"2022-08-02T15:13:49","guid":{"rendered":"https:\/\/www.mesvendanges.com\/shop\/non%20class\u00e9\/lenroulee\/"},"modified":"2026-03-18T11:09:57","modified_gmt":"2026-03-18T10:09:57","slug":"lenroulee-clos-de-lecotard-2019-75cl","status":"publish","type":"product","link":"https:\/\/www.mesvendanges.com\/fr\/boutique\/vins\/lenroulee-clos-de-lecotard-2019-75cl\/","title":{"rendered":"L&#8217;ENROULEE"},"content":{"rendered":"<p>Guide vert 2022 RVF &#8211; 16.5\/20<br \/>\nDans la m\u00eame veine cisel\u00e9e et pure que le clos 2019, ce chenin sec d\u00e9roule un plus haut relief de saveurs avec une accroche en bouche qui lui conf\u00e8re une superbe salinit\u00e9. Magnifique interpr\u00e9tation du du blanc de Saumur. <\/p>\n","protected":false},"excerpt":{"rendered":"<p>Guide vert 2022 RVF &#8211; 16.5\/20 Dans la m\u00eame veine cisel\u00e9e et pure que le clos 2019, ce chenin sec d\u00e9roule un plus haut relief de saveurs avec une accroche en bouche qui lui conf\u00e8re une superbe salinit\u00e9. Magnifique interpr\u00e9tation du du blanc de Saumur.<\/p>\n","protected":false},"featured_media":27890,"template":"","meta":[],"product_cat":[3736],"product_tag":[],"acf":[],"yoast_head":"<!-- This site is optimized with the Yoast SEO plugin v19.3 - https:\/\/yoast.com\/wordpress\/plugins\/seo\/ -->\n<title>L&#039;ENROULEE - Mes Vendanges<\/title>\n<meta name=\"robots\" content=\"index, follow, max-snippet:-1, max-image-preview:large, max-video-preview:-1\" \/>\n<link rel=\"canonical\" href=\"https:\/\/www.mesvendanges.com\/fr\/boutique\/vins\/lenroulee-clos-de-lecotard-2019-75cl\/\" \/>\n<meta property=\"og:locale\" content=\"fr_FR\" \/>\n<meta property=\"og:type\" content=\"article\" \/>\n<meta property=\"og:title\" content=\"L&#039;ENROULEE - Mes Vendanges\" \/>\n<meta property=\"og:description\" content=\"Guide vert 2022 RVF &#8211; 16.5\/20 Dans la m\u00eame veine cisel\u00e9e et pure que le clos 2019, ce chenin sec d\u00e9roule un plus haut relief de saveurs avec une accroche en bouche qui lui conf\u00e8re une superbe salinit\u00e9. Magnifique interpr\u00e9tation du du blanc de Saumur.\" \/>\n<meta property=\"og:url\" content=\"https:\/\/www.mesvendanges.com\/fr\/boutique\/vins\/lenroulee-clos-de-lecotard-2019-75cl\/\" \/>\n<meta property=\"og:site_name\" content=\"Mes Vendanges\" \/>\n<meta property=\"article:modified_time\" content=\"2026-03-18T10:09:57+00:00\" \/>\n<meta property=\"og:image\" content=\"https:\/\/www.mesvendanges.com\/wp-content\/uploads\/2022\/07\/clos-de-lecotard-lenroulee-saumur-2019-75cl-blanc-png.png\" \/>\n\t<meta property=\"og:image:width\" content=\"451\" \/>\n\t<meta property=\"og:image:height\" content=\"1500\" \/>\n\t<meta property=\"og:image:type\" content=\"image\/png\" \/>\n<meta name=\"twitter:card\" content=\"summary_large_image\" \/>\n<script type=\"application\/ld+json\" class=\"yoast-schema-graph\">{\"@context\":\"https:\/\/schema.org\",\"@graph\":[{\"@type\":\"Organization\",\"@id\":\"https:\/\/www.mesvendanges.com\/en\/#organization\",\"name\":\"Mes Vendanges\",\"url\":\"https:\/\/www.mesvendanges.com\/en\/\",\"sameAs\":[],\"logo\":{\"@type\":\"ImageObject\",\"inLanguage\":\"fr-FR\",\"@id\":\"https:\/\/www.mesvendanges.com\/en\/#\/schema\/logo\/image\/\",\"url\":\"https:\/\/www.mesvendanges.com\/wp-content\/uploads\/2022\/02\/logo-mesvendanges.jpg\",\"contentUrl\":\"https:\/\/www.mesvendanges.com\/wp-content\/uploads\/2022\/02\/logo-mesvendanges.jpg\",\"width\":851,\"height\":260,\"caption\":\"Mes Vendanges\"},\"image\":{\"@id\":\"https:\/\/www.mesvendanges.com\/en\/#\/schema\/logo\/image\/\"}},{\"@type\":\"WebSite\",\"@id\":\"https:\/\/www.mesvendanges.com\/en\/#website\",\"url\":\"https:\/\/www.mesvendanges.com\/en\/\",\"name\":\"Mes Vendanges\",\"description\":\"Des journ\u00e9es enti\u00e8res dans les vignes\",\"publisher\":{\"@id\":\"https:\/\/www.mesvendanges.com\/en\/#organization\"},\"potentialAction\":[{\"@type\":\"SearchAction\",\"target\":{\"@type\":\"EntryPoint\",\"urlTemplate\":\"https:\/\/www.mesvendanges.com\/en\/?s={search_term_string}\"},\"query-input\":\"required name=search_term_string\"}],\"inLanguage\":\"fr-FR\"},{\"@type\":\"ImageObject\",\"inLanguage\":\"fr-FR\",\"@id\":\"https:\/\/www.mesvendanges.com\/fr\/boutique\/vins\/lenroulee-clos-de-lecotard-2019-75cl\/#primaryimage\",\"url\":\"https:\/\/www.mesvendanges.com\/wp-content\/uploads\/2022\/07\/clos-de-lecotard-lenroulee-saumur-2019-75cl-blanc-png.png\",\"contentUrl\":\"https:\/\/www.mesvendanges.com\/wp-content\/uploads\/2022\/07\/clos-de-lecotard-lenroulee-saumur-2019-75cl-blanc-png.png\",\"width\":451,\"height\":1500},{\"@type\":\"WebPage\",\"@id\":\"https:\/\/www.mesvendanges.com\/fr\/boutique\/vins\/lenroulee-clos-de-lecotard-2019-75cl\/\",\"url\":\"https:\/\/www.mesvendanges.com\/fr\/boutique\/vins\/lenroulee-clos-de-lecotard-2019-75cl\/\",\"name\":\"L'ENROULEE - Mes Vendanges\",\"isPartOf\":{\"@id\":\"https:\/\/www.mesvendanges.com\/en\/#website\"},\"primaryImageOfPage\":{\"@id\":\"https:\/\/www.mesvendanges.com\/fr\/boutique\/vins\/lenroulee-clos-de-lecotard-2019-75cl\/#primaryimage\"},\"datePublished\":\"2022-08-02T15:13:49+00:00\",\"dateModified\":\"2026-03-18T10:09:57+00:00\",\"breadcrumb\":{\"@id\":\"https:\/\/www.mesvendanges.com\/fr\/boutique\/vins\/lenroulee-clos-de-lecotard-2019-75cl\/#breadcrumb\"},\"inLanguage\":\"fr-FR\",\"potentialAction\":[{\"@type\":\"ReadAction\",\"target\":[\"https:\/\/www.mesvendanges.com\/fr\/boutique\/vins\/lenroulee-clos-de-lecotard-2019-75cl\/\"]}]},{\"@type\":\"BreadcrumbList\",\"@id\":\"https:\/\/www.mesvendanges.com\/fr\/boutique\/vins\/lenroulee-clos-de-lecotard-2019-75cl\/#breadcrumb\",\"itemListElement\":[{\"@type\":\"ListItem\",\"position\":1,\"name\":\"Accueil\",\"item\":\"https:\/\/www.mesvendanges.com\/fr\/\"},{\"@type\":\"ListItem\",\"position\":2,\"name\":\"Boutique\",\"item\":\"https:\/\/www.mesvendanges.com\/fr\/boutique\/\"},{\"@type\":\"ListItem\",\"position\":3,\"name\":\"L&#8217;ENROULEE\"}]}]}<\/script>\n<!-- \/ Yoast SEO plugin. -->","yoast_head_json":{"title":"L'ENROULEE - Mes Vendanges","robots":{"index":"index","follow":"follow","max-snippet":"max-snippet:-1","max-image-preview":"max-image-preview:large","max-video-preview":"max-video-preview:-1"},"canonical":"https:\/\/www.mesvendanges.com\/fr\/boutique\/vins\/lenroulee-clos-de-lecotard-2019-75cl\/","og_locale":"fr_FR","og_type":"article","og_title":"L'ENROULEE - Mes Vendanges","og_description":"Guide vert 2022 RVF &#8211; 16.5\/20 Dans la m\u00eame veine cisel\u00e9e et pure que le clos 2019, ce chenin sec d\u00e9roule un plus haut relief de saveurs avec une accroche en bouche qui lui conf\u00e8re une superbe salinit\u00e9. Magnifique interpr\u00e9tation du du blanc de Saumur.","og_url":"https:\/\/www.mesvendanges.com\/fr\/boutique\/vins\/lenroulee-clos-de-lecotard-2019-75cl\/","og_site_name":"Mes Vendanges","article_modified_time":"2026-03-18T10:09:57+00:00","og_image":[{"width":451,"height":1500,"url":"https:\/\/www.mesvendanges.com\/wp-content\/uploads\/2022\/07\/clos-de-lecotard-lenroulee-saumur-2019-75cl-blanc-png.png","type":"image\/png"}],"twitter_card":"summary_large_image","schema":{"@context":"https:\/\/schema.org","@graph":[{"@type":"Organization","@id":"https:\/\/www.mesvendanges.com\/en\/#organization","name":"Mes Vendanges","url":"https:\/\/www.mesvendanges.com\/en\/","sameAs":[],"logo":{"@type":"ImageObject","inLanguage":"fr-FR","@id":"https:\/\/www.mesvendanges.com\/en\/#\/schema\/logo\/image\/","url":"https:\/\/www.mesvendanges.com\/wp-content\/uploads\/2022\/02\/logo-mesvendanges.jpg","contentUrl":"https:\/\/www.mesvendanges.com\/wp-content\/uploads\/2022\/02\/logo-mesvendanges.jpg","width":851,"height":260,"caption":"Mes Vendanges"},"image":{"@id":"https:\/\/www.mesvendanges.com\/en\/#\/schema\/logo\/image\/"}},{"@type":"WebSite","@id":"https:\/\/www.mesvendanges.com\/en\/#website","url":"https:\/\/www.mesvendanges.com\/en\/","name":"Mes Vendanges","description":"Des journ\u00e9es enti\u00e8res dans les vignes","publisher":{"@id":"https:\/\/www.mesvendanges.com\/en\/#organization"},"potentialAction":[{"@type":"SearchAction","target":{"@type":"EntryPoint","urlTemplate":"https:\/\/www.mesvendanges.com\/en\/?s={search_term_string}"},"query-input":"required name=search_term_string"}],"inLanguage":"fr-FR"},{"@type":"ImageObject","inLanguage":"fr-FR","@id":"https:\/\/www.mesvendanges.com\/fr\/boutique\/vins\/lenroulee-clos-de-lecotard-2019-75cl\/#primaryimage","url":"https:\/\/www.mesvendanges.com\/wp-content\/uploads\/2022\/07\/clos-de-lecotard-lenroulee-saumur-2019-75cl-blanc-png.png","contentUrl":"https:\/\/www.mesvendanges.com\/wp-content\/uploads\/2022\/07\/clos-de-lecotard-lenroulee-saumur-2019-75cl-blanc-png.png","width":451,"height":1500},{"@type":"WebPage","@id":"https:\/\/www.mesvendanges.com\/fr\/boutique\/vins\/lenroulee-clos-de-lecotard-2019-75cl\/","url":"https:\/\/www.mesvendanges.com\/fr\/boutique\/vins\/lenroulee-clos-de-lecotard-2019-75cl\/","name":"L'ENROULEE - Mes Vendanges","isPartOf":{"@id":"https:\/\/www.mesvendanges.com\/en\/#website"},"primaryImageOfPage":{"@id":"https:\/\/www.mesvendanges.com\/fr\/boutique\/vins\/lenroulee-clos-de-lecotard-2019-75cl\/#primaryimage"},"datePublished":"2022-08-02T15:13:49+00:00","dateModified":"2026-03-18T10:09:57+00:00","breadcrumb":{"@id":"https:\/\/www.mesvendanges.com\/fr\/boutique\/vins\/lenroulee-clos-de-lecotard-2019-75cl\/#breadcrumb"},"inLanguage":"fr-FR","potentialAction":[{"@type":"ReadAction","target":["https:\/\/www.mesvendanges.com\/fr\/boutique\/vins\/lenroulee-clos-de-lecotard-2019-75cl\/"]}]},{"@type":"BreadcrumbList","@id":"https:\/\/www.mesvendanges.com\/fr\/boutique\/vins\/lenroulee-clos-de-lecotard-2019-75cl\/#breadcrumb","itemListElement":[{"@type":"ListItem","position":1,"name":"Accueil","item":"https:\/\/www.mesvendanges.com\/fr\/"},{"@type":"ListItem","position":2,"name":"Boutique","item":"https:\/\/www.mesvendanges.com\/fr\/boutique\/"},{"@type":"ListItem","position":3,"name":"L&#8217;ENROULEE"}]}]}},"_links":{"self":[{"href":"https:\/\/www.mesvendanges.com\/fr\/wp-json\/wp\/v2\/product\/46849"}],"collection":[{"href":"https:\/\/www.mesvendanges.com\/fr\/wp-json\/wp\/v2\/product"}],"about":[{"href":"https:\/\/www.mesvendanges.com\/fr\/wp-json\/wp\/v2\/types\/product"}],"wp:featuredmedia":[{"embeddable":true,"href":"https:\/\/www.mesvendanges.com\/fr\/wp-json\/wp\/v2\/media\/27890"}],"wp:attachment":[{"href":"https:\/\/www.mesvendanges.com\/fr\/wp-json\/wp\/v2\/media?parent=46849"}],"wp:term":[{"taxonomy":"product_cat","embeddable":true,"href":"https:\/\/www.mesvendanges.com\/fr\/wp-json\/wp\/v2\/product_cat?post=46849"},{"taxonomy":"product_tag","embeddable":true,"href":"https:\/\/www.mesvendanges.com\/fr\/wp-json\/wp\/v2\/product_tag?post=46849"}],"curies":[{"name":"wp","href":"https:\/\/api.w.org\/{rel}","templated":true}]}}