{"id":46970,"date":"2022-08-02T17:15:47","date_gmt":"2022-08-02T15:15:47","guid":{"rendered":"https:\/\/www.mesvendanges.com\/shop\/non%20class\u00e9\/riesling-dhroner-trocken\/"},"modified":"2025-12-30T09:34:53","modified_gmt":"2025-12-30T08:34:53","slug":"riesling-dhroner-trocken-adam-a-j-weingut-2019-75cl","status":"publish","type":"product","link":"https:\/\/www.mesvendanges.com\/fr\/boutique\/vins\/riesling-dhroner-trocken-adam-a-j-weingut-2019-75cl\/","title":{"rendered":"RIESLING DHRONER TROCKEN"},"content":{"rendered":"<p>Dhroner est le village o\u00f9 se situent la majorit\u00e9 des vignes du domaine dont le fameux cru Hofberg. En terme de classification c&#8217;est l&#8217;\u00e9quivalent d&#8217;un village bourguignon. Andeas Adam nous propose ici un vin sec, sans sucres r\u00e9siduels avec une belle d\u00e9finition de terroir. Les parfums sont magnifiquement d\u00e9taill\u00e9es, la bouche tonique et gourmande, une belle expression de l&#8217;esth\u00e9tique du domaine !<\/p>\n","protected":false},"excerpt":{"rendered":"<p>Dhroner est le village o\u00f9 se situent la majorit\u00e9 des vignes du domaine dont le fameux cru Hofberg. En terme de classification c&#8217;est l&#8217;\u00e9quivalent d&#8217;un village bourguignon. Andeas Adam nous propose ici un vin sec, sans sucres r\u00e9siduels avec une belle d\u00e9finition de terroir. Les parfums sont magnifiquement d\u00e9taill\u00e9es, la bouche tonique et gourmande, une [&hellip;]<\/p>\n","protected":false},"featured_media":26274,"template":"","meta":[],"product_cat":[3736],"product_tag":[],"acf":[],"yoast_head":"<!-- This site is optimized with the Yoast SEO plugin v19.3 - https:\/\/yoast.com\/wordpress\/plugins\/seo\/ -->\n<title>RIESLING DHRONER TROCKEN - Mes Vendanges<\/title>\n<meta name=\"robots\" content=\"index, follow, max-snippet:-1, max-image-preview:large, max-video-preview:-1\" \/>\n<link rel=\"canonical\" href=\"https:\/\/www.mesvendanges.com\/fr\/boutique\/vins\/riesling-dhroner-trocken-adam-a-j-weingut-2019-75cl\/\" \/>\n<meta property=\"og:locale\" content=\"fr_FR\" \/>\n<meta property=\"og:type\" content=\"article\" \/>\n<meta property=\"og:title\" content=\"RIESLING DHRONER TROCKEN - Mes Vendanges\" \/>\n<meta property=\"og:description\" content=\"Dhroner est le village o\u00f9 se situent la majorit\u00e9 des vignes du domaine dont le fameux cru Hofberg. En terme de classification c&#8217;est l&#8217;\u00e9quivalent d&#8217;un village bourguignon. Andeas Adam nous propose ici un vin sec, sans sucres r\u00e9siduels avec une belle d\u00e9finition de terroir. Les parfums sont magnifiquement d\u00e9taill\u00e9es, la bouche tonique et gourmande, une [&hellip;]\" \/>\n<meta property=\"og:url\" content=\"https:\/\/www.mesvendanges.com\/fr\/boutique\/vins\/riesling-dhroner-trocken-adam-a-j-weingut-2019-75cl\/\" \/>\n<meta property=\"og:site_name\" content=\"Mes Vendanges\" \/>\n<meta property=\"article:modified_time\" content=\"2025-12-30T08:34:53+00:00\" \/>\n<meta property=\"og:image\" content=\"https:\/\/www.mesvendanges.com\/wp-content\/uploads\/2022\/07\/adam-a-j-weingut-riesling-dhroner-mosel-saar-ruwer-2019-75cl-blanc-png.png\" \/>\n\t<meta property=\"og:image:width\" content=\"330\" \/>\n\t<meta property=\"og:image:height\" content=\"1500\" \/>\n\t<meta property=\"og:image:type\" content=\"image\/png\" \/>\n<meta name=\"twitter:card\" content=\"summary_large_image\" \/>\n<script type=\"application\/ld+json\" class=\"yoast-schema-graph\">{\"@context\":\"https:\/\/schema.org\",\"@graph\":[{\"@type\":\"Organization\",\"@id\":\"https:\/\/www.mesvendanges.com\/en\/#organization\",\"name\":\"Mes Vendanges\",\"url\":\"https:\/\/www.mesvendanges.com\/en\/\",\"sameAs\":[],\"logo\":{\"@type\":\"ImageObject\",\"inLanguage\":\"fr-FR\",\"@id\":\"https:\/\/www.mesvendanges.com\/en\/#\/schema\/logo\/image\/\",\"url\":\"https:\/\/www.mesvendanges.com\/wp-content\/uploads\/2022\/02\/logo-mesvendanges.jpg\",\"contentUrl\":\"https:\/\/www.mesvendanges.com\/wp-content\/uploads\/2022\/02\/logo-mesvendanges.jpg\",\"width\":851,\"height\":260,\"caption\":\"Mes Vendanges\"},\"image\":{\"@id\":\"https:\/\/www.mesvendanges.com\/en\/#\/schema\/logo\/image\/\"}},{\"@type\":\"WebSite\",\"@id\":\"https:\/\/www.mesvendanges.com\/en\/#website\",\"url\":\"https:\/\/www.mesvendanges.com\/en\/\",\"name\":\"Mes Vendanges\",\"description\":\"Des journ\u00e9es enti\u00e8res dans les vignes\",\"publisher\":{\"@id\":\"https:\/\/www.mesvendanges.com\/en\/#organization\"},\"potentialAction\":[{\"@type\":\"SearchAction\",\"target\":{\"@type\":\"EntryPoint\",\"urlTemplate\":\"https:\/\/www.mesvendanges.com\/en\/?s={search_term_string}\"},\"query-input\":\"required name=search_term_string\"}],\"inLanguage\":\"fr-FR\"},{\"@type\":\"ImageObject\",\"inLanguage\":\"fr-FR\",\"@id\":\"https:\/\/www.mesvendanges.com\/fr\/boutique\/vins\/riesling-dhroner-trocken-adam-a-j-weingut-2019-75cl\/#primaryimage\",\"url\":\"https:\/\/www.mesvendanges.com\/wp-content\/uploads\/2022\/07\/adam-a-j-weingut-riesling-dhroner-mosel-saar-ruwer-2019-75cl-blanc-png.png\",\"contentUrl\":\"https:\/\/www.mesvendanges.com\/wp-content\/uploads\/2022\/07\/adam-a-j-weingut-riesling-dhroner-mosel-saar-ruwer-2019-75cl-blanc-png.png\",\"width\":330,\"height\":1500},{\"@type\":\"WebPage\",\"@id\":\"https:\/\/www.mesvendanges.com\/fr\/boutique\/vins\/riesling-dhroner-trocken-adam-a-j-weingut-2019-75cl\/\",\"url\":\"https:\/\/www.mesvendanges.com\/fr\/boutique\/vins\/riesling-dhroner-trocken-adam-a-j-weingut-2019-75cl\/\",\"name\":\"RIESLING DHRONER TROCKEN - Mes Vendanges\",\"isPartOf\":{\"@id\":\"https:\/\/www.mesvendanges.com\/en\/#website\"},\"primaryImageOfPage\":{\"@id\":\"https:\/\/www.mesvendanges.com\/fr\/boutique\/vins\/riesling-dhroner-trocken-adam-a-j-weingut-2019-75cl\/#primaryimage\"},\"datePublished\":\"2022-08-02T15:15:47+00:00\",\"dateModified\":\"2025-12-30T08:34:53+00:00\",\"breadcrumb\":{\"@id\":\"https:\/\/www.mesvendanges.com\/fr\/boutique\/vins\/riesling-dhroner-trocken-adam-a-j-weingut-2019-75cl\/#breadcrumb\"},\"inLanguage\":\"fr-FR\",\"potentialAction\":[{\"@type\":\"ReadAction\",\"target\":[\"https:\/\/www.mesvendanges.com\/fr\/boutique\/vins\/riesling-dhroner-trocken-adam-a-j-weingut-2019-75cl\/\"]}]},{\"@type\":\"BreadcrumbList\",\"@id\":\"https:\/\/www.mesvendanges.com\/fr\/boutique\/vins\/riesling-dhroner-trocken-adam-a-j-weingut-2019-75cl\/#breadcrumb\",\"itemListElement\":[{\"@type\":\"ListItem\",\"position\":1,\"name\":\"Accueil\",\"item\":\"https:\/\/www.mesvendanges.com\/fr\/\"},{\"@type\":\"ListItem\",\"position\":2,\"name\":\"Boutique\",\"item\":\"https:\/\/www.mesvendanges.com\/fr\/boutique\/\"},{\"@type\":\"ListItem\",\"position\":3,\"name\":\"RIESLING DHRONER TROCKEN\"}]}]}<\/script>\n<!-- \/ Yoast SEO plugin. -->","yoast_head_json":{"title":"RIESLING DHRONER TROCKEN - Mes Vendanges","robots":{"index":"index","follow":"follow","max-snippet":"max-snippet:-1","max-image-preview":"max-image-preview:large","max-video-preview":"max-video-preview:-1"},"canonical":"https:\/\/www.mesvendanges.com\/fr\/boutique\/vins\/riesling-dhroner-trocken-adam-a-j-weingut-2019-75cl\/","og_locale":"fr_FR","og_type":"article","og_title":"RIESLING DHRONER TROCKEN - Mes Vendanges","og_description":"Dhroner est le village o\u00f9 se situent la majorit\u00e9 des vignes du domaine dont le fameux cru Hofberg. En terme de classification c&#8217;est l&#8217;\u00e9quivalent d&#8217;un village bourguignon. Andeas Adam nous propose ici un vin sec, sans sucres r\u00e9siduels avec une belle d\u00e9finition de terroir. Les parfums sont magnifiquement d\u00e9taill\u00e9es, la bouche tonique et gourmande, une [&hellip;]","og_url":"https:\/\/www.mesvendanges.com\/fr\/boutique\/vins\/riesling-dhroner-trocken-adam-a-j-weingut-2019-75cl\/","og_site_name":"Mes Vendanges","article_modified_time":"2025-12-30T08:34:53+00:00","og_image":[{"width":330,"height":1500,"url":"https:\/\/www.mesvendanges.com\/wp-content\/uploads\/2022\/07\/adam-a-j-weingut-riesling-dhroner-mosel-saar-ruwer-2019-75cl-blanc-png.png","type":"image\/png"}],"twitter_card":"summary_large_image","schema":{"@context":"https:\/\/schema.org","@graph":[{"@type":"Organization","@id":"https:\/\/www.mesvendanges.com\/en\/#organization","name":"Mes Vendanges","url":"https:\/\/www.mesvendanges.com\/en\/","sameAs":[],"logo":{"@type":"ImageObject","inLanguage":"fr-FR","@id":"https:\/\/www.mesvendanges.com\/en\/#\/schema\/logo\/image\/","url":"https:\/\/www.mesvendanges.com\/wp-content\/uploads\/2022\/02\/logo-mesvendanges.jpg","contentUrl":"https:\/\/www.mesvendanges.com\/wp-content\/uploads\/2022\/02\/logo-mesvendanges.jpg","width":851,"height":260,"caption":"Mes Vendanges"},"image":{"@id":"https:\/\/www.mesvendanges.com\/en\/#\/schema\/logo\/image\/"}},{"@type":"WebSite","@id":"https:\/\/www.mesvendanges.com\/en\/#website","url":"https:\/\/www.mesvendanges.com\/en\/","name":"Mes Vendanges","description":"Des journ\u00e9es enti\u00e8res dans les vignes","publisher":{"@id":"https:\/\/www.mesvendanges.com\/en\/#organization"},"potentialAction":[{"@type":"SearchAction","target":{"@type":"EntryPoint","urlTemplate":"https:\/\/www.mesvendanges.com\/en\/?s={search_term_string}"},"query-input":"required name=search_term_string"}],"inLanguage":"fr-FR"},{"@type":"ImageObject","inLanguage":"fr-FR","@id":"https:\/\/www.mesvendanges.com\/fr\/boutique\/vins\/riesling-dhroner-trocken-adam-a-j-weingut-2019-75cl\/#primaryimage","url":"https:\/\/www.mesvendanges.com\/wp-content\/uploads\/2022\/07\/adam-a-j-weingut-riesling-dhroner-mosel-saar-ruwer-2019-75cl-blanc-png.png","contentUrl":"https:\/\/www.mesvendanges.com\/wp-content\/uploads\/2022\/07\/adam-a-j-weingut-riesling-dhroner-mosel-saar-ruwer-2019-75cl-blanc-png.png","width":330,"height":1500},{"@type":"WebPage","@id":"https:\/\/www.mesvendanges.com\/fr\/boutique\/vins\/riesling-dhroner-trocken-adam-a-j-weingut-2019-75cl\/","url":"https:\/\/www.mesvendanges.com\/fr\/boutique\/vins\/riesling-dhroner-trocken-adam-a-j-weingut-2019-75cl\/","name":"RIESLING DHRONER TROCKEN - Mes Vendanges","isPartOf":{"@id":"https:\/\/www.mesvendanges.com\/en\/#website"},"primaryImageOfPage":{"@id":"https:\/\/www.mesvendanges.com\/fr\/boutique\/vins\/riesling-dhroner-trocken-adam-a-j-weingut-2019-75cl\/#primaryimage"},"datePublished":"2022-08-02T15:15:47+00:00","dateModified":"2025-12-30T08:34:53+00:00","breadcrumb":{"@id":"https:\/\/www.mesvendanges.com\/fr\/boutique\/vins\/riesling-dhroner-trocken-adam-a-j-weingut-2019-75cl\/#breadcrumb"},"inLanguage":"fr-FR","potentialAction":[{"@type":"ReadAction","target":["https:\/\/www.mesvendanges.com\/fr\/boutique\/vins\/riesling-dhroner-trocken-adam-a-j-weingut-2019-75cl\/"]}]},{"@type":"BreadcrumbList","@id":"https:\/\/www.mesvendanges.com\/fr\/boutique\/vins\/riesling-dhroner-trocken-adam-a-j-weingut-2019-75cl\/#breadcrumb","itemListElement":[{"@type":"ListItem","position":1,"name":"Accueil","item":"https:\/\/www.mesvendanges.com\/fr\/"},{"@type":"ListItem","position":2,"name":"Boutique","item":"https:\/\/www.mesvendanges.com\/fr\/boutique\/"},{"@type":"ListItem","position":3,"name":"RIESLING DHRONER TROCKEN"}]}]}},"_links":{"self":[{"href":"https:\/\/www.mesvendanges.com\/fr\/wp-json\/wp\/v2\/product\/46970"}],"collection":[{"href":"https:\/\/www.mesvendanges.com\/fr\/wp-json\/wp\/v2\/product"}],"about":[{"href":"https:\/\/www.mesvendanges.com\/fr\/wp-json\/wp\/v2\/types\/product"}],"wp:featuredmedia":[{"embeddable":true,"href":"https:\/\/www.mesvendanges.com\/fr\/wp-json\/wp\/v2\/media\/26274"}],"wp:attachment":[{"href":"https:\/\/www.mesvendanges.com\/fr\/wp-json\/wp\/v2\/media?parent=46970"}],"wp:term":[{"taxonomy":"product_cat","embeddable":true,"href":"https:\/\/www.mesvendanges.com\/fr\/wp-json\/wp\/v2\/product_cat?post=46970"},{"taxonomy":"product_tag","embeddable":true,"href":"https:\/\/www.mesvendanges.com\/fr\/wp-json\/wp\/v2\/product_tag?post=46970"}],"curies":[{"name":"wp","href":"https:\/\/api.w.org\/{rel}","templated":true}]}}