{"id":47390,"date":"2022-08-02T17:22:20","date_gmt":"2022-08-02T15:22:20","guid":{"rendered":"https:\/\/www.mesvendanges.com\/shop\/non%20class\u00e9\/migmatite-magnum\/"},"modified":"2023-12-05T22:31:03","modified_gmt":"2023-12-05T21:31:03","slug":"migmatite-magnum-la-madone-2019-150cl","status":"publish","type":"product","link":"https:\/\/www.mesvendanges.com\/fr\/boutique\/vins\/migmatite-magnum-la-madone-2019-150cl\/","title":{"rendered":"MIGMATITE MAGNUM"},"content":{"rendered":"<p>Cuv\u00e9e tr\u00e8s marqu\u00e9e par le terroir qui donne un grain en demi-corps au vin. C&#8217;est un vin \u00e0 la fois dans la texture et l&#8217;a\u00e9rien. Le frui est tr\u00e8s marqu\u00e9 par les fruits rouge, un peu de m\u00fbre, la bouche est enlev\u00e9e port\u00e9 par cette finale salivante propre aux sols de granite.<\/p>\n<p>Age des vignes : 48 ans. Parcellaire<br \/>\nRendement : 25 hl\/ha<br \/>\nSol 100 % argilo-granitique de type MIGMATITE . Ce granit typique \u00e0 la r\u00e9gion de Montbrison est tr\u00e8s riche en mica, qui en se d\u00e9gradant lib\u00e8re du silicate d\u2019alumine (argile).<br \/>\nDes teneurs pouvant aller jusqu\u2019\u00e0 32 % dans ces sols !!!\u2026<br \/>\nVendanges 100 % manuelles. Vinification en grappes enti\u00e8res.  Utilisation des levures indig\u00e8nes ( m\u00e9thode du pied de cuve ). Pas de chaptalisation. Cuvaison de 14 jours, temp\u00e9rature maxi 29 \u00b0C. Elevage en cuves inox. Filtration l\u00e9g\u00e8re.<\/p>\n","protected":false},"excerpt":{"rendered":"<p>Cuv\u00e9e tr\u00e8s marqu\u00e9e par le terroir qui donne un grain en demi-corps au vin. C&#8217;est un vin \u00e0 la fois dans la texture et l&#8217;a\u00e9rien. Le frui est tr\u00e8s marqu\u00e9 par les fruits rouge, un peu de m\u00fbre, la bouche est enlev\u00e9e port\u00e9 par cette finale salivante propre aux sols de granite. Age des vignes [&hellip;]<\/p>\n","protected":false},"featured_media":26470,"template":"","meta":[],"product_cat":[3736],"product_tag":[],"acf":[],"yoast_head":"<!-- This site is optimized with the Yoast SEO plugin v19.3 - https:\/\/yoast.com\/wordpress\/plugins\/seo\/ -->\n<title>MIGMATITE MAGNUM - Mes Vendanges<\/title>\n<meta name=\"robots\" content=\"index, follow, max-snippet:-1, max-image-preview:large, max-video-preview:-1\" \/>\n<link rel=\"canonical\" href=\"https:\/\/www.mesvendanges.com\/fr\/boutique\/vins\/migmatite-magnum-la-madone-2019-150cl\/\" \/>\n<meta property=\"og:locale\" content=\"fr_FR\" \/>\n<meta property=\"og:type\" content=\"article\" \/>\n<meta property=\"og:title\" content=\"MIGMATITE MAGNUM - Mes Vendanges\" \/>\n<meta property=\"og:description\" content=\"Cuv\u00e9e tr\u00e8s marqu\u00e9e par le terroir qui donne un grain en demi-corps au vin. C&#8217;est un vin \u00e0 la fois dans la texture et l&#8217;a\u00e9rien. Le frui est tr\u00e8s marqu\u00e9 par les fruits rouge, un peu de m\u00fbre, la bouche est enlev\u00e9e port\u00e9 par cette finale salivante propre aux sols de granite. Age des vignes [&hellip;]\" \/>\n<meta property=\"og:url\" content=\"https:\/\/www.mesvendanges.com\/fr\/boutique\/vins\/migmatite-magnum-la-madone-2019-150cl\/\" \/>\n<meta property=\"og:site_name\" content=\"Mes Vendanges\" \/>\n<meta property=\"article:modified_time\" content=\"2023-12-05T21:31:03+00:00\" \/>\n<meta property=\"og:image\" content=\"https:\/\/www.mesvendanges.com\/wp-content\/uploads\/2022\/07\/la-madone-gilles-bonnefoy-gamay-migmatite-magnum-2019-png.png\" \/>\n\t<meta property=\"og:image:width\" content=\"490\" \/>\n\t<meta property=\"og:image:height\" content=\"1500\" \/>\n\t<meta property=\"og:image:type\" content=\"image\/png\" \/>\n<meta name=\"twitter:card\" content=\"summary_large_image\" \/>\n<meta name=\"twitter:label1\" content=\"Dur\u00e9e de lecture estim\u00e9e\" \/>\n\t<meta name=\"twitter:data1\" content=\"1 minute\" \/>\n<script type=\"application\/ld+json\" class=\"yoast-schema-graph\">{\"@context\":\"https:\/\/schema.org\",\"@graph\":[{\"@type\":\"Organization\",\"@id\":\"https:\/\/www.mesvendanges.com\/en\/#organization\",\"name\":\"Mes Vendanges\",\"url\":\"https:\/\/www.mesvendanges.com\/en\/\",\"sameAs\":[],\"logo\":{\"@type\":\"ImageObject\",\"inLanguage\":\"fr-FR\",\"@id\":\"https:\/\/www.mesvendanges.com\/en\/#\/schema\/logo\/image\/\",\"url\":\"https:\/\/www.mesvendanges.com\/wp-content\/uploads\/2022\/02\/logo-mesvendanges.jpg\",\"contentUrl\":\"https:\/\/www.mesvendanges.com\/wp-content\/uploads\/2022\/02\/logo-mesvendanges.jpg\",\"width\":851,\"height\":260,\"caption\":\"Mes Vendanges\"},\"image\":{\"@id\":\"https:\/\/www.mesvendanges.com\/en\/#\/schema\/logo\/image\/\"}},{\"@type\":\"WebSite\",\"@id\":\"https:\/\/www.mesvendanges.com\/en\/#website\",\"url\":\"https:\/\/www.mesvendanges.com\/en\/\",\"name\":\"Mes Vendanges\",\"description\":\"Des journ\u00e9es enti\u00e8res dans les vignes\",\"publisher\":{\"@id\":\"https:\/\/www.mesvendanges.com\/en\/#organization\"},\"potentialAction\":[{\"@type\":\"SearchAction\",\"target\":{\"@type\":\"EntryPoint\",\"urlTemplate\":\"https:\/\/www.mesvendanges.com\/en\/?s={search_term_string}\"},\"query-input\":\"required name=search_term_string\"}],\"inLanguage\":\"fr-FR\"},{\"@type\":\"ImageObject\",\"inLanguage\":\"fr-FR\",\"@id\":\"https:\/\/www.mesvendanges.com\/fr\/boutique\/vins\/migmatite-magnum-la-madone-2019-150cl\/#primaryimage\",\"url\":\"https:\/\/www.mesvendanges.com\/wp-content\/uploads\/2022\/07\/la-madone-gilles-bonnefoy-gamay-migmatite-magnum-2019-png.png\",\"contentUrl\":\"https:\/\/www.mesvendanges.com\/wp-content\/uploads\/2022\/07\/la-madone-gilles-bonnefoy-gamay-migmatite-magnum-2019-png.png\",\"width\":490,\"height\":1500},{\"@type\":\"WebPage\",\"@id\":\"https:\/\/www.mesvendanges.com\/fr\/boutique\/vins\/migmatite-magnum-la-madone-2019-150cl\/\",\"url\":\"https:\/\/www.mesvendanges.com\/fr\/boutique\/vins\/migmatite-magnum-la-madone-2019-150cl\/\",\"name\":\"MIGMATITE MAGNUM - Mes Vendanges\",\"isPartOf\":{\"@id\":\"https:\/\/www.mesvendanges.com\/en\/#website\"},\"primaryImageOfPage\":{\"@id\":\"https:\/\/www.mesvendanges.com\/fr\/boutique\/vins\/migmatite-magnum-la-madone-2019-150cl\/#primaryimage\"},\"datePublished\":\"2022-08-02T15:22:20+00:00\",\"dateModified\":\"2023-12-05T21:31:03+00:00\",\"breadcrumb\":{\"@id\":\"https:\/\/www.mesvendanges.com\/fr\/boutique\/vins\/migmatite-magnum-la-madone-2019-150cl\/#breadcrumb\"},\"inLanguage\":\"fr-FR\",\"potentialAction\":[{\"@type\":\"ReadAction\",\"target\":[\"https:\/\/www.mesvendanges.com\/fr\/boutique\/vins\/migmatite-magnum-la-madone-2019-150cl\/\"]}]},{\"@type\":\"BreadcrumbList\",\"@id\":\"https:\/\/www.mesvendanges.com\/fr\/boutique\/vins\/migmatite-magnum-la-madone-2019-150cl\/#breadcrumb\",\"itemListElement\":[{\"@type\":\"ListItem\",\"position\":1,\"name\":\"Accueil\",\"item\":\"https:\/\/www.mesvendanges.com\/fr\/\"},{\"@type\":\"ListItem\",\"position\":2,\"name\":\"Boutique\",\"item\":\"https:\/\/www.mesvendanges.com\/fr\/boutique\/\"},{\"@type\":\"ListItem\",\"position\":3,\"name\":\"MIGMATITE MAGNUM\"}]}]}<\/script>\n<!-- \/ Yoast SEO plugin. -->","yoast_head_json":{"title":"MIGMATITE MAGNUM - Mes Vendanges","robots":{"index":"index","follow":"follow","max-snippet":"max-snippet:-1","max-image-preview":"max-image-preview:large","max-video-preview":"max-video-preview:-1"},"canonical":"https:\/\/www.mesvendanges.com\/fr\/boutique\/vins\/migmatite-magnum-la-madone-2019-150cl\/","og_locale":"fr_FR","og_type":"article","og_title":"MIGMATITE MAGNUM - Mes Vendanges","og_description":"Cuv\u00e9e tr\u00e8s marqu\u00e9e par le terroir qui donne un grain en demi-corps au vin. C&#8217;est un vin \u00e0 la fois dans la texture et l&#8217;a\u00e9rien. Le frui est tr\u00e8s marqu\u00e9 par les fruits rouge, un peu de m\u00fbre, la bouche est enlev\u00e9e port\u00e9 par cette finale salivante propre aux sols de granite. Age des vignes [&hellip;]","og_url":"https:\/\/www.mesvendanges.com\/fr\/boutique\/vins\/migmatite-magnum-la-madone-2019-150cl\/","og_site_name":"Mes Vendanges","article_modified_time":"2023-12-05T21:31:03+00:00","og_image":[{"width":490,"height":1500,"url":"https:\/\/www.mesvendanges.com\/wp-content\/uploads\/2022\/07\/la-madone-gilles-bonnefoy-gamay-migmatite-magnum-2019-png.png","type":"image\/png"}],"twitter_card":"summary_large_image","twitter_misc":{"Dur\u00e9e de lecture estim\u00e9e":"1 minute"},"schema":{"@context":"https:\/\/schema.org","@graph":[{"@type":"Organization","@id":"https:\/\/www.mesvendanges.com\/en\/#organization","name":"Mes Vendanges","url":"https:\/\/www.mesvendanges.com\/en\/","sameAs":[],"logo":{"@type":"ImageObject","inLanguage":"fr-FR","@id":"https:\/\/www.mesvendanges.com\/en\/#\/schema\/logo\/image\/","url":"https:\/\/www.mesvendanges.com\/wp-content\/uploads\/2022\/02\/logo-mesvendanges.jpg","contentUrl":"https:\/\/www.mesvendanges.com\/wp-content\/uploads\/2022\/02\/logo-mesvendanges.jpg","width":851,"height":260,"caption":"Mes Vendanges"},"image":{"@id":"https:\/\/www.mesvendanges.com\/en\/#\/schema\/logo\/image\/"}},{"@type":"WebSite","@id":"https:\/\/www.mesvendanges.com\/en\/#website","url":"https:\/\/www.mesvendanges.com\/en\/","name":"Mes Vendanges","description":"Des journ\u00e9es enti\u00e8res dans les vignes","publisher":{"@id":"https:\/\/www.mesvendanges.com\/en\/#organization"},"potentialAction":[{"@type":"SearchAction","target":{"@type":"EntryPoint","urlTemplate":"https:\/\/www.mesvendanges.com\/en\/?s={search_term_string}"},"query-input":"required name=search_term_string"}],"inLanguage":"fr-FR"},{"@type":"ImageObject","inLanguage":"fr-FR","@id":"https:\/\/www.mesvendanges.com\/fr\/boutique\/vins\/migmatite-magnum-la-madone-2019-150cl\/#primaryimage","url":"https:\/\/www.mesvendanges.com\/wp-content\/uploads\/2022\/07\/la-madone-gilles-bonnefoy-gamay-migmatite-magnum-2019-png.png","contentUrl":"https:\/\/www.mesvendanges.com\/wp-content\/uploads\/2022\/07\/la-madone-gilles-bonnefoy-gamay-migmatite-magnum-2019-png.png","width":490,"height":1500},{"@type":"WebPage","@id":"https:\/\/www.mesvendanges.com\/fr\/boutique\/vins\/migmatite-magnum-la-madone-2019-150cl\/","url":"https:\/\/www.mesvendanges.com\/fr\/boutique\/vins\/migmatite-magnum-la-madone-2019-150cl\/","name":"MIGMATITE MAGNUM - Mes Vendanges","isPartOf":{"@id":"https:\/\/www.mesvendanges.com\/en\/#website"},"primaryImageOfPage":{"@id":"https:\/\/www.mesvendanges.com\/fr\/boutique\/vins\/migmatite-magnum-la-madone-2019-150cl\/#primaryimage"},"datePublished":"2022-08-02T15:22:20+00:00","dateModified":"2023-12-05T21:31:03+00:00","breadcrumb":{"@id":"https:\/\/www.mesvendanges.com\/fr\/boutique\/vins\/migmatite-magnum-la-madone-2019-150cl\/#breadcrumb"},"inLanguage":"fr-FR","potentialAction":[{"@type":"ReadAction","target":["https:\/\/www.mesvendanges.com\/fr\/boutique\/vins\/migmatite-magnum-la-madone-2019-150cl\/"]}]},{"@type":"BreadcrumbList","@id":"https:\/\/www.mesvendanges.com\/fr\/boutique\/vins\/migmatite-magnum-la-madone-2019-150cl\/#breadcrumb","itemListElement":[{"@type":"ListItem","position":1,"name":"Accueil","item":"https:\/\/www.mesvendanges.com\/fr\/"},{"@type":"ListItem","position":2,"name":"Boutique","item":"https:\/\/www.mesvendanges.com\/fr\/boutique\/"},{"@type":"ListItem","position":3,"name":"MIGMATITE MAGNUM"}]}]}},"_links":{"self":[{"href":"https:\/\/www.mesvendanges.com\/fr\/wp-json\/wp\/v2\/product\/47390"}],"collection":[{"href":"https:\/\/www.mesvendanges.com\/fr\/wp-json\/wp\/v2\/product"}],"about":[{"href":"https:\/\/www.mesvendanges.com\/fr\/wp-json\/wp\/v2\/types\/product"}],"wp:featuredmedia":[{"embeddable":true,"href":"https:\/\/www.mesvendanges.com\/fr\/wp-json\/wp\/v2\/media\/26470"}],"wp:attachment":[{"href":"https:\/\/www.mesvendanges.com\/fr\/wp-json\/wp\/v2\/media?parent=47390"}],"wp:term":[{"taxonomy":"product_cat","embeddable":true,"href":"https:\/\/www.mesvendanges.com\/fr\/wp-json\/wp\/v2\/product_cat?post=47390"},{"taxonomy":"product_tag","embeddable":true,"href":"https:\/\/www.mesvendanges.com\/fr\/wp-json\/wp\/v2\/product_tag?post=47390"}],"curies":[{"name":"wp","href":"https:\/\/api.w.org\/{rel}","templated":true}]}}