{"id":47841,"date":"2022-08-02T17:29:08","date_gmt":"2022-08-02T15:29:08","guid":{"rendered":"https:\/\/www.mesvendanges.com\/shop\/non%20class\u00e9\/les-gallimardes-5\/"},"modified":"2023-12-05T19:24:11","modified_gmt":"2023-12-05T18:24:11","slug":"les-gallimardes-giraud-dne-2019-75cl","status":"publish","type":"product","link":"https:\/\/www.mesvendanges.com\/fr\/boutique\/vins\/les-gallimardes-giraud-dne-2019-75cl\/","title":{"rendered":"LES GALLIMARDES"},"content":{"rendered":"<p>Issu du terroir de galets roul\u00e9s, les Gallimardes, au sud de l&#8217;appellation, c&#8217;est un vin \u00e0 la fois puissant et \u00e9l\u00e9gant. Compos\u00e9 majoritairement de grenaches centenaires (90%) et de syrah, c&#8217;est une quintessence de l&#8217;appellation. Elev\u00e9 18 mois en cuve b\u00e9ton pour les grenaches et en vieilles barriques pour les syrahs, ce vin est mis en bouteille sans collage ni filtration. Grande pr\u00e9sence en bouche, avec beaucoup d&#8217;intensit\u00e9, mais aussi cette finesse dans la pulpe du fruit qui signe les vins du domaine Giraud.\t<\/p>\n","protected":false},"excerpt":{"rendered":"<p>Issu du terroir de galets roul\u00e9s, les Gallimardes, au sud de l&#8217;appellation, c&#8217;est un vin \u00e0 la fois puissant et \u00e9l\u00e9gant. Compos\u00e9 majoritairement de grenaches centenaires (90%) et de syrah, c&#8217;est une quintessence de l&#8217;appellation. Elev\u00e9 18 mois en cuve b\u00e9ton pour les grenaches et en vieilles barriques pour les syrahs, ce vin est mis [&hellip;]<\/p>\n","protected":false},"featured_media":0,"template":"","meta":[],"product_cat":[3736],"product_tag":[],"acf":[],"yoast_head":"<!-- This site is optimized with the Yoast SEO plugin v19.3 - https:\/\/yoast.com\/wordpress\/plugins\/seo\/ -->\n<title>LES GALLIMARDES - Mes Vendanges<\/title>\n<meta name=\"robots\" content=\"index, follow, max-snippet:-1, max-image-preview:large, max-video-preview:-1\" \/>\n<link rel=\"canonical\" href=\"https:\/\/www.mesvendanges.com\/fr\/boutique\/vins\/les-gallimardes-giraud-dne-2019-75cl\/\" \/>\n<meta property=\"og:locale\" content=\"fr_FR\" \/>\n<meta property=\"og:type\" content=\"article\" \/>\n<meta property=\"og:title\" content=\"LES GALLIMARDES - Mes Vendanges\" \/>\n<meta property=\"og:description\" content=\"Issu du terroir de galets roul\u00e9s, les Gallimardes, au sud de l&#8217;appellation, c&#8217;est un vin \u00e0 la fois puissant et \u00e9l\u00e9gant. Compos\u00e9 majoritairement de grenaches centenaires (90%) et de syrah, c&#8217;est une quintessence de l&#8217;appellation. Elev\u00e9 18 mois en cuve b\u00e9ton pour les grenaches et en vieilles barriques pour les syrahs, ce vin est mis [&hellip;]\" \/>\n<meta property=\"og:url\" content=\"https:\/\/www.mesvendanges.com\/fr\/boutique\/vins\/les-gallimardes-giraud-dne-2019-75cl\/\" \/>\n<meta property=\"og:site_name\" content=\"Mes Vendanges\" \/>\n<meta property=\"article:modified_time\" content=\"2023-12-05T18:24:11+00:00\" \/>\n<meta name=\"twitter:card\" content=\"summary_large_image\" \/>\n<script type=\"application\/ld+json\" class=\"yoast-schema-graph\">{\"@context\":\"https:\/\/schema.org\",\"@graph\":[{\"@type\":\"Organization\",\"@id\":\"https:\/\/www.mesvendanges.com\/en\/#organization\",\"name\":\"Mes Vendanges\",\"url\":\"https:\/\/www.mesvendanges.com\/en\/\",\"sameAs\":[],\"logo\":{\"@type\":\"ImageObject\",\"inLanguage\":\"fr-FR\",\"@id\":\"https:\/\/www.mesvendanges.com\/en\/#\/schema\/logo\/image\/\",\"url\":\"https:\/\/www.mesvendanges.com\/wp-content\/uploads\/2022\/02\/logo-mesvendanges.jpg\",\"contentUrl\":\"https:\/\/www.mesvendanges.com\/wp-content\/uploads\/2022\/02\/logo-mesvendanges.jpg\",\"width\":851,\"height\":260,\"caption\":\"Mes Vendanges\"},\"image\":{\"@id\":\"https:\/\/www.mesvendanges.com\/en\/#\/schema\/logo\/image\/\"}},{\"@type\":\"WebSite\",\"@id\":\"https:\/\/www.mesvendanges.com\/en\/#website\",\"url\":\"https:\/\/www.mesvendanges.com\/en\/\",\"name\":\"Mes Vendanges\",\"description\":\"Des journ\u00e9es enti\u00e8res dans les vignes\",\"publisher\":{\"@id\":\"https:\/\/www.mesvendanges.com\/en\/#organization\"},\"potentialAction\":[{\"@type\":\"SearchAction\",\"target\":{\"@type\":\"EntryPoint\",\"urlTemplate\":\"https:\/\/www.mesvendanges.com\/en\/?s={search_term_string}\"},\"query-input\":\"required name=search_term_string\"}],\"inLanguage\":\"fr-FR\"},{\"@type\":\"WebPage\",\"@id\":\"https:\/\/www.mesvendanges.com\/fr\/boutique\/vins\/les-gallimardes-giraud-dne-2019-75cl\/\",\"url\":\"https:\/\/www.mesvendanges.com\/fr\/boutique\/vins\/les-gallimardes-giraud-dne-2019-75cl\/\",\"name\":\"LES GALLIMARDES - Mes Vendanges\",\"isPartOf\":{\"@id\":\"https:\/\/www.mesvendanges.com\/en\/#website\"},\"datePublished\":\"2022-08-02T15:29:08+00:00\",\"dateModified\":\"2023-12-05T18:24:11+00:00\",\"breadcrumb\":{\"@id\":\"https:\/\/www.mesvendanges.com\/fr\/boutique\/vins\/les-gallimardes-giraud-dne-2019-75cl\/#breadcrumb\"},\"inLanguage\":\"fr-FR\",\"potentialAction\":[{\"@type\":\"ReadAction\",\"target\":[\"https:\/\/www.mesvendanges.com\/fr\/boutique\/vins\/les-gallimardes-giraud-dne-2019-75cl\/\"]}]},{\"@type\":\"BreadcrumbList\",\"@id\":\"https:\/\/www.mesvendanges.com\/fr\/boutique\/vins\/les-gallimardes-giraud-dne-2019-75cl\/#breadcrumb\",\"itemListElement\":[{\"@type\":\"ListItem\",\"position\":1,\"name\":\"Accueil\",\"item\":\"https:\/\/www.mesvendanges.com\/fr\/\"},{\"@type\":\"ListItem\",\"position\":2,\"name\":\"Boutique\",\"item\":\"https:\/\/www.mesvendanges.com\/fr\/boutique\/\"},{\"@type\":\"ListItem\",\"position\":3,\"name\":\"LES GALLIMARDES\"}]}]}<\/script>\n<!-- \/ Yoast SEO plugin. -->","yoast_head_json":{"title":"LES GALLIMARDES - Mes Vendanges","robots":{"index":"index","follow":"follow","max-snippet":"max-snippet:-1","max-image-preview":"max-image-preview:large","max-video-preview":"max-video-preview:-1"},"canonical":"https:\/\/www.mesvendanges.com\/fr\/boutique\/vins\/les-gallimardes-giraud-dne-2019-75cl\/","og_locale":"fr_FR","og_type":"article","og_title":"LES GALLIMARDES - Mes Vendanges","og_description":"Issu du terroir de galets roul\u00e9s, les Gallimardes, au sud de l&#8217;appellation, c&#8217;est un vin \u00e0 la fois puissant et \u00e9l\u00e9gant. Compos\u00e9 majoritairement de grenaches centenaires (90%) et de syrah, c&#8217;est une quintessence de l&#8217;appellation. Elev\u00e9 18 mois en cuve b\u00e9ton pour les grenaches et en vieilles barriques pour les syrahs, ce vin est mis [&hellip;]","og_url":"https:\/\/www.mesvendanges.com\/fr\/boutique\/vins\/les-gallimardes-giraud-dne-2019-75cl\/","og_site_name":"Mes Vendanges","article_modified_time":"2023-12-05T18:24:11+00:00","twitter_card":"summary_large_image","schema":{"@context":"https:\/\/schema.org","@graph":[{"@type":"Organization","@id":"https:\/\/www.mesvendanges.com\/en\/#organization","name":"Mes Vendanges","url":"https:\/\/www.mesvendanges.com\/en\/","sameAs":[],"logo":{"@type":"ImageObject","inLanguage":"fr-FR","@id":"https:\/\/www.mesvendanges.com\/en\/#\/schema\/logo\/image\/","url":"https:\/\/www.mesvendanges.com\/wp-content\/uploads\/2022\/02\/logo-mesvendanges.jpg","contentUrl":"https:\/\/www.mesvendanges.com\/wp-content\/uploads\/2022\/02\/logo-mesvendanges.jpg","width":851,"height":260,"caption":"Mes Vendanges"},"image":{"@id":"https:\/\/www.mesvendanges.com\/en\/#\/schema\/logo\/image\/"}},{"@type":"WebSite","@id":"https:\/\/www.mesvendanges.com\/en\/#website","url":"https:\/\/www.mesvendanges.com\/en\/","name":"Mes Vendanges","description":"Des journ\u00e9es enti\u00e8res dans les vignes","publisher":{"@id":"https:\/\/www.mesvendanges.com\/en\/#organization"},"potentialAction":[{"@type":"SearchAction","target":{"@type":"EntryPoint","urlTemplate":"https:\/\/www.mesvendanges.com\/en\/?s={search_term_string}"},"query-input":"required name=search_term_string"}],"inLanguage":"fr-FR"},{"@type":"WebPage","@id":"https:\/\/www.mesvendanges.com\/fr\/boutique\/vins\/les-gallimardes-giraud-dne-2019-75cl\/","url":"https:\/\/www.mesvendanges.com\/fr\/boutique\/vins\/les-gallimardes-giraud-dne-2019-75cl\/","name":"LES GALLIMARDES - Mes Vendanges","isPartOf":{"@id":"https:\/\/www.mesvendanges.com\/en\/#website"},"datePublished":"2022-08-02T15:29:08+00:00","dateModified":"2023-12-05T18:24:11+00:00","breadcrumb":{"@id":"https:\/\/www.mesvendanges.com\/fr\/boutique\/vins\/les-gallimardes-giraud-dne-2019-75cl\/#breadcrumb"},"inLanguage":"fr-FR","potentialAction":[{"@type":"ReadAction","target":["https:\/\/www.mesvendanges.com\/fr\/boutique\/vins\/les-gallimardes-giraud-dne-2019-75cl\/"]}]},{"@type":"BreadcrumbList","@id":"https:\/\/www.mesvendanges.com\/fr\/boutique\/vins\/les-gallimardes-giraud-dne-2019-75cl\/#breadcrumb","itemListElement":[{"@type":"ListItem","position":1,"name":"Accueil","item":"https:\/\/www.mesvendanges.com\/fr\/"},{"@type":"ListItem","position":2,"name":"Boutique","item":"https:\/\/www.mesvendanges.com\/fr\/boutique\/"},{"@type":"ListItem","position":3,"name":"LES GALLIMARDES"}]}]}},"_links":{"self":[{"href":"https:\/\/www.mesvendanges.com\/fr\/wp-json\/wp\/v2\/product\/47841"}],"collection":[{"href":"https:\/\/www.mesvendanges.com\/fr\/wp-json\/wp\/v2\/product"}],"about":[{"href":"https:\/\/www.mesvendanges.com\/fr\/wp-json\/wp\/v2\/types\/product"}],"wp:attachment":[{"href":"https:\/\/www.mesvendanges.com\/fr\/wp-json\/wp\/v2\/media?parent=47841"}],"wp:term":[{"taxonomy":"product_cat","embeddable":true,"href":"https:\/\/www.mesvendanges.com\/fr\/wp-json\/wp\/v2\/product_cat?post=47841"},{"taxonomy":"product_tag","embeddable":true,"href":"https:\/\/www.mesvendanges.com\/fr\/wp-json\/wp\/v2\/product_tag?post=47841"}],"curies":[{"name":"wp","href":"https:\/\/api.w.org\/{rel}","templated":true}]}}