{"id":47992,"date":"2022-08-02T17:31:18","date_gmt":"2022-08-02T15:31:18","guid":{"rendered":"https:\/\/www.mesvendanges.com\/shop\/non%20class\u00e9\/gin-aux-agrumes-de-christophe-comes-2\/"},"modified":"2023-12-12T10:32:04","modified_gmt":"2023-12-12T09:32:04","slug":"gin-aux-agrumes-de-christophe-comes-petit-grain-distillerie-du-2021-50cl","status":"publish","type":"product","link":"https:\/\/www.mesvendanges.com\/fr\/boutique\/vins\/gin-aux-agrumes-de-christophe-comes-petit-grain-distillerie-du-2021-50cl\/","title":{"rendered":"GIN AUX AGRUMES DE CHRISTOPHE COMES"},"content":{"rendered":"<p>Un gin comme vous n&#8217;en avez jamais go\u00fbt\u00e9, distil\u00e9 avec les argrumes de Christophe Comes. Le nez est frais, pur, sur les \u00e9corces d&#8217;agrumes, le geni\u00e8vre. La bouche est ample \u00e0 souhait, agrum\u00e9e aussi, longue, tonique, avec de superbes amers et des \u00e9pices joyeuses, Grand ! <\/p>\n","protected":false},"excerpt":{"rendered":"<p>Un gin comme vous n&#8217;en avez jamais go\u00fbt\u00e9, distil\u00e9 avec les argrumes de Christophe Comes. Le nez est frais, pur, sur les \u00e9corces d&#8217;agrumes, le geni\u00e8vre. La bouche est ample \u00e0 souhait, agrum\u00e9e aussi, longue, tonique, avec de superbes amers et des \u00e9pices joyeuses, Grand !<\/p>\n","protected":false},"featured_media":50351,"template":"","meta":[],"product_cat":[3736],"product_tag":[],"acf":[],"yoast_head":"<!-- This site is optimized with the Yoast SEO plugin v19.3 - https:\/\/yoast.com\/wordpress\/plugins\/seo\/ -->\n<title>GIN AUX AGRUMES DE CHRISTOPHE COMES - Mes Vendanges<\/title>\n<meta name=\"robots\" content=\"index, follow, max-snippet:-1, max-image-preview:large, max-video-preview:-1\" \/>\n<link rel=\"canonical\" href=\"https:\/\/www.mesvendanges.com\/fr\/boutique\/vins\/gin-aux-agrumes-de-christophe-comes-petit-grain-distillerie-du-2021-50cl\/\" \/>\n<meta property=\"og:locale\" content=\"fr_FR\" \/>\n<meta property=\"og:type\" content=\"article\" \/>\n<meta property=\"og:title\" content=\"GIN AUX AGRUMES DE CHRISTOPHE COMES - Mes Vendanges\" \/>\n<meta property=\"og:description\" content=\"Un gin comme vous n&#8217;en avez jamais go\u00fbt\u00e9, distil\u00e9 avec les argrumes de Christophe Comes. Le nez est frais, pur, sur les \u00e9corces d&#8217;agrumes, le geni\u00e8vre. La bouche est ample \u00e0 souhait, agrum\u00e9e aussi, longue, tonique, avec de superbes amers et des \u00e9pices joyeuses, Grand !\" \/>\n<meta property=\"og:url\" content=\"https:\/\/www.mesvendanges.com\/fr\/boutique\/vins\/gin-aux-agrumes-de-christophe-comes-petit-grain-distillerie-du-2021-50cl\/\" \/>\n<meta property=\"og:site_name\" content=\"Mes Vendanges\" \/>\n<meta property=\"article:modified_time\" content=\"2023-12-12T09:32:04+00:00\" \/>\n<meta property=\"og:image\" content=\"https:\/\/www.mesvendanges.com\/wp-content\/uploads\/2022\/08\/petit-grain-distillerie-du-gin-aux-agrumes-de-christophe-comes-gin-2021-50cl-alcool-png.png\" \/>\n\t<meta property=\"og:image:width\" content=\"335\" \/>\n\t<meta property=\"og:image:height\" content=\"1500\" \/>\n\t<meta property=\"og:image:type\" content=\"image\/png\" \/>\n<meta name=\"twitter:card\" content=\"summary_large_image\" \/>\n<script type=\"application\/ld+json\" class=\"yoast-schema-graph\">{\"@context\":\"https:\/\/schema.org\",\"@graph\":[{\"@type\":\"Organization\",\"@id\":\"https:\/\/www.mesvendanges.com\/en\/#organization\",\"name\":\"Mes Vendanges\",\"url\":\"https:\/\/www.mesvendanges.com\/en\/\",\"sameAs\":[],\"logo\":{\"@type\":\"ImageObject\",\"inLanguage\":\"fr-FR\",\"@id\":\"https:\/\/www.mesvendanges.com\/en\/#\/schema\/logo\/image\/\",\"url\":\"https:\/\/www.mesvendanges.com\/wp-content\/uploads\/2022\/02\/logo-mesvendanges.jpg\",\"contentUrl\":\"https:\/\/www.mesvendanges.com\/wp-content\/uploads\/2022\/02\/logo-mesvendanges.jpg\",\"width\":851,\"height\":260,\"caption\":\"Mes Vendanges\"},\"image\":{\"@id\":\"https:\/\/www.mesvendanges.com\/en\/#\/schema\/logo\/image\/\"}},{\"@type\":\"WebSite\",\"@id\":\"https:\/\/www.mesvendanges.com\/en\/#website\",\"url\":\"https:\/\/www.mesvendanges.com\/en\/\",\"name\":\"Mes Vendanges\",\"description\":\"Des journ\u00e9es enti\u00e8res dans les vignes\",\"publisher\":{\"@id\":\"https:\/\/www.mesvendanges.com\/en\/#organization\"},\"potentialAction\":[{\"@type\":\"SearchAction\",\"target\":{\"@type\":\"EntryPoint\",\"urlTemplate\":\"https:\/\/www.mesvendanges.com\/en\/?s={search_term_string}\"},\"query-input\":\"required name=search_term_string\"}],\"inLanguage\":\"fr-FR\"},{\"@type\":\"ImageObject\",\"inLanguage\":\"fr-FR\",\"@id\":\"https:\/\/www.mesvendanges.com\/fr\/boutique\/vins\/gin-aux-agrumes-de-christophe-comes-petit-grain-distillerie-du-2021-50cl\/#primaryimage\",\"url\":\"https:\/\/www.mesvendanges.com\/wp-content\/uploads\/2022\/08\/petit-grain-distillerie-du-gin-aux-agrumes-de-christophe-comes-gin-2021-50cl-alcool-png.png\",\"contentUrl\":\"https:\/\/www.mesvendanges.com\/wp-content\/uploads\/2022\/08\/petit-grain-distillerie-du-gin-aux-agrumes-de-christophe-comes-gin-2021-50cl-alcool-png.png\",\"width\":335,\"height\":1500},{\"@type\":\"WebPage\",\"@id\":\"https:\/\/www.mesvendanges.com\/fr\/boutique\/vins\/gin-aux-agrumes-de-christophe-comes-petit-grain-distillerie-du-2021-50cl\/\",\"url\":\"https:\/\/www.mesvendanges.com\/fr\/boutique\/vins\/gin-aux-agrumes-de-christophe-comes-petit-grain-distillerie-du-2021-50cl\/\",\"name\":\"GIN AUX AGRUMES DE CHRISTOPHE COMES - Mes Vendanges\",\"isPartOf\":{\"@id\":\"https:\/\/www.mesvendanges.com\/en\/#website\"},\"primaryImageOfPage\":{\"@id\":\"https:\/\/www.mesvendanges.com\/fr\/boutique\/vins\/gin-aux-agrumes-de-christophe-comes-petit-grain-distillerie-du-2021-50cl\/#primaryimage\"},\"datePublished\":\"2022-08-02T15:31:18+00:00\",\"dateModified\":\"2023-12-12T09:32:04+00:00\",\"breadcrumb\":{\"@id\":\"https:\/\/www.mesvendanges.com\/fr\/boutique\/vins\/gin-aux-agrumes-de-christophe-comes-petit-grain-distillerie-du-2021-50cl\/#breadcrumb\"},\"inLanguage\":\"fr-FR\",\"potentialAction\":[{\"@type\":\"ReadAction\",\"target\":[\"https:\/\/www.mesvendanges.com\/fr\/boutique\/vins\/gin-aux-agrumes-de-christophe-comes-petit-grain-distillerie-du-2021-50cl\/\"]}]},{\"@type\":\"BreadcrumbList\",\"@id\":\"https:\/\/www.mesvendanges.com\/fr\/boutique\/vins\/gin-aux-agrumes-de-christophe-comes-petit-grain-distillerie-du-2021-50cl\/#breadcrumb\",\"itemListElement\":[{\"@type\":\"ListItem\",\"position\":1,\"name\":\"Accueil\",\"item\":\"https:\/\/www.mesvendanges.com\/fr\/\"},{\"@type\":\"ListItem\",\"position\":2,\"name\":\"Boutique\",\"item\":\"https:\/\/www.mesvendanges.com\/fr\/boutique\/\"},{\"@type\":\"ListItem\",\"position\":3,\"name\":\"GIN AUX AGRUMES DE CHRISTOPHE COMES\"}]}]}<\/script>\n<!-- \/ Yoast SEO plugin. -->","yoast_head_json":{"title":"GIN AUX AGRUMES DE CHRISTOPHE COMES - Mes Vendanges","robots":{"index":"index","follow":"follow","max-snippet":"max-snippet:-1","max-image-preview":"max-image-preview:large","max-video-preview":"max-video-preview:-1"},"canonical":"https:\/\/www.mesvendanges.com\/fr\/boutique\/vins\/gin-aux-agrumes-de-christophe-comes-petit-grain-distillerie-du-2021-50cl\/","og_locale":"fr_FR","og_type":"article","og_title":"GIN AUX AGRUMES DE CHRISTOPHE COMES - Mes Vendanges","og_description":"Un gin comme vous n&#8217;en avez jamais go\u00fbt\u00e9, distil\u00e9 avec les argrumes de Christophe Comes. Le nez est frais, pur, sur les \u00e9corces d&#8217;agrumes, le geni\u00e8vre. La bouche est ample \u00e0 souhait, agrum\u00e9e aussi, longue, tonique, avec de superbes amers et des \u00e9pices joyeuses, Grand !","og_url":"https:\/\/www.mesvendanges.com\/fr\/boutique\/vins\/gin-aux-agrumes-de-christophe-comes-petit-grain-distillerie-du-2021-50cl\/","og_site_name":"Mes Vendanges","article_modified_time":"2023-12-12T09:32:04+00:00","og_image":[{"width":335,"height":1500,"url":"https:\/\/www.mesvendanges.com\/wp-content\/uploads\/2022\/08\/petit-grain-distillerie-du-gin-aux-agrumes-de-christophe-comes-gin-2021-50cl-alcool-png.png","type":"image\/png"}],"twitter_card":"summary_large_image","schema":{"@context":"https:\/\/schema.org","@graph":[{"@type":"Organization","@id":"https:\/\/www.mesvendanges.com\/en\/#organization","name":"Mes Vendanges","url":"https:\/\/www.mesvendanges.com\/en\/","sameAs":[],"logo":{"@type":"ImageObject","inLanguage":"fr-FR","@id":"https:\/\/www.mesvendanges.com\/en\/#\/schema\/logo\/image\/","url":"https:\/\/www.mesvendanges.com\/wp-content\/uploads\/2022\/02\/logo-mesvendanges.jpg","contentUrl":"https:\/\/www.mesvendanges.com\/wp-content\/uploads\/2022\/02\/logo-mesvendanges.jpg","width":851,"height":260,"caption":"Mes Vendanges"},"image":{"@id":"https:\/\/www.mesvendanges.com\/en\/#\/schema\/logo\/image\/"}},{"@type":"WebSite","@id":"https:\/\/www.mesvendanges.com\/en\/#website","url":"https:\/\/www.mesvendanges.com\/en\/","name":"Mes Vendanges","description":"Des journ\u00e9es enti\u00e8res dans les vignes","publisher":{"@id":"https:\/\/www.mesvendanges.com\/en\/#organization"},"potentialAction":[{"@type":"SearchAction","target":{"@type":"EntryPoint","urlTemplate":"https:\/\/www.mesvendanges.com\/en\/?s={search_term_string}"},"query-input":"required name=search_term_string"}],"inLanguage":"fr-FR"},{"@type":"ImageObject","inLanguage":"fr-FR","@id":"https:\/\/www.mesvendanges.com\/fr\/boutique\/vins\/gin-aux-agrumes-de-christophe-comes-petit-grain-distillerie-du-2021-50cl\/#primaryimage","url":"https:\/\/www.mesvendanges.com\/wp-content\/uploads\/2022\/08\/petit-grain-distillerie-du-gin-aux-agrumes-de-christophe-comes-gin-2021-50cl-alcool-png.png","contentUrl":"https:\/\/www.mesvendanges.com\/wp-content\/uploads\/2022\/08\/petit-grain-distillerie-du-gin-aux-agrumes-de-christophe-comes-gin-2021-50cl-alcool-png.png","width":335,"height":1500},{"@type":"WebPage","@id":"https:\/\/www.mesvendanges.com\/fr\/boutique\/vins\/gin-aux-agrumes-de-christophe-comes-petit-grain-distillerie-du-2021-50cl\/","url":"https:\/\/www.mesvendanges.com\/fr\/boutique\/vins\/gin-aux-agrumes-de-christophe-comes-petit-grain-distillerie-du-2021-50cl\/","name":"GIN AUX AGRUMES DE CHRISTOPHE COMES - Mes Vendanges","isPartOf":{"@id":"https:\/\/www.mesvendanges.com\/en\/#website"},"primaryImageOfPage":{"@id":"https:\/\/www.mesvendanges.com\/fr\/boutique\/vins\/gin-aux-agrumes-de-christophe-comes-petit-grain-distillerie-du-2021-50cl\/#primaryimage"},"datePublished":"2022-08-02T15:31:18+00:00","dateModified":"2023-12-12T09:32:04+00:00","breadcrumb":{"@id":"https:\/\/www.mesvendanges.com\/fr\/boutique\/vins\/gin-aux-agrumes-de-christophe-comes-petit-grain-distillerie-du-2021-50cl\/#breadcrumb"},"inLanguage":"fr-FR","potentialAction":[{"@type":"ReadAction","target":["https:\/\/www.mesvendanges.com\/fr\/boutique\/vins\/gin-aux-agrumes-de-christophe-comes-petit-grain-distillerie-du-2021-50cl\/"]}]},{"@type":"BreadcrumbList","@id":"https:\/\/www.mesvendanges.com\/fr\/boutique\/vins\/gin-aux-agrumes-de-christophe-comes-petit-grain-distillerie-du-2021-50cl\/#breadcrumb","itemListElement":[{"@type":"ListItem","position":1,"name":"Accueil","item":"https:\/\/www.mesvendanges.com\/fr\/"},{"@type":"ListItem","position":2,"name":"Boutique","item":"https:\/\/www.mesvendanges.com\/fr\/boutique\/"},{"@type":"ListItem","position":3,"name":"GIN AUX AGRUMES DE CHRISTOPHE COMES"}]}]}},"_links":{"self":[{"href":"https:\/\/www.mesvendanges.com\/fr\/wp-json\/wp\/v2\/product\/47992"}],"collection":[{"href":"https:\/\/www.mesvendanges.com\/fr\/wp-json\/wp\/v2\/product"}],"about":[{"href":"https:\/\/www.mesvendanges.com\/fr\/wp-json\/wp\/v2\/types\/product"}],"wp:featuredmedia":[{"embeddable":true,"href":"https:\/\/www.mesvendanges.com\/fr\/wp-json\/wp\/v2\/media\/50351"}],"wp:attachment":[{"href":"https:\/\/www.mesvendanges.com\/fr\/wp-json\/wp\/v2\/media?parent=47992"}],"wp:term":[{"taxonomy":"product_cat","embeddable":true,"href":"https:\/\/www.mesvendanges.com\/fr\/wp-json\/wp\/v2\/product_cat?post=47992"},{"taxonomy":"product_tag","embeddable":true,"href":"https:\/\/www.mesvendanges.com\/fr\/wp-json\/wp\/v2\/product_tag?post=47992"}],"curies":[{"name":"wp","href":"https:\/\/api.w.org\/{rel}","templated":true}]}}