{"id":48116,"date":"2022-08-02T17:33:14","date_gmt":"2022-08-02T15:33:14","guid":{"rendered":"https:\/\/www.mesvendanges.com\/shop\/non%20class\u00e9\/eneo\/"},"modified":"2023-12-06T00:50:19","modified_gmt":"2023-12-05T23:50:19","slug":"eneo-montepeloso-2015-75cl","status":"publish","type":"product","link":"https:\/\/www.mesvendanges.com\/fr\/boutique\/vins\/eneo-montepeloso-2015-75cl\/","title":{"rendered":"ENEO"},"content":{"rendered":"<p>Eneo est LE vin du domaine, son \u00e9tendard, son projet ! Un grand vin de terroir, exprimant les sols d&#8217;argiles \u00e0 silex, avec des c\u00e9pages locaux, et dans une dimension de finesse et d&#8217;\u00e9l\u00e9gance qui puisse faire vibrer l&#8217;amateur.  Ici pas de bois neuf, pas d&#8217;extraction ambitieuse, mais plut\u00f4t du touch\u00e9, de la d\u00e9licatesse, un soin tout particulier apport\u00e9 au grain du vin, \u00e0 son soyeux, \u00e0 sa fraicheur. Un tr\u00e8s beau vin, intense, ouvert et paysag\u00e9.<\/p>\n","protected":false},"excerpt":{"rendered":"<p>Eneo est LE vin du domaine, son \u00e9tendard, son projet ! Un grand vin de terroir, exprimant les sols d&#8217;argiles \u00e0 silex, avec des c\u00e9pages locaux, et dans une dimension de finesse et d&#8217;\u00e9l\u00e9gance qui puisse faire vibrer l&#8217;amateur. Ici pas de bois neuf, pas d&#8217;extraction ambitieuse, mais plut\u00f4t du touch\u00e9, de la d\u00e9licatesse, un [&hellip;]<\/p>\n","protected":false},"featured_media":26814,"template":"","meta":[],"product_cat":[3736],"product_tag":[],"acf":[],"yoast_head":"<!-- This site is optimized with the Yoast SEO plugin v19.3 - https:\/\/yoast.com\/wordpress\/plugins\/seo\/ -->\n<title>ENEO - Mes Vendanges<\/title>\n<meta name=\"robots\" content=\"index, follow, max-snippet:-1, max-image-preview:large, max-video-preview:-1\" \/>\n<link rel=\"canonical\" href=\"https:\/\/www.mesvendanges.com\/fr\/boutique\/vins\/eneo-montepeloso-2015-75cl\/\" \/>\n<meta property=\"og:locale\" content=\"fr_FR\" \/>\n<meta property=\"og:type\" content=\"article\" \/>\n<meta property=\"og:title\" content=\"ENEO - Mes Vendanges\" \/>\n<meta property=\"og:description\" content=\"Eneo est LE vin du domaine, son \u00e9tendard, son projet ! Un grand vin de terroir, exprimant les sols d&#8217;argiles \u00e0 silex, avec des c\u00e9pages locaux, et dans une dimension de finesse et d&#8217;\u00e9l\u00e9gance qui puisse faire vibrer l&#8217;amateur. Ici pas de bois neuf, pas d&#8217;extraction ambitieuse, mais plut\u00f4t du touch\u00e9, de la d\u00e9licatesse, un [&hellip;]\" \/>\n<meta property=\"og:url\" content=\"https:\/\/www.mesvendanges.com\/fr\/boutique\/vins\/eneo-montepeloso-2015-75cl\/\" \/>\n<meta property=\"og:site_name\" content=\"Mes Vendanges\" \/>\n<meta property=\"article:modified_time\" content=\"2023-12-05T23:50:19+00:00\" \/>\n<meta property=\"og:image\" content=\"https:\/\/www.mesvendanges.com\/wp-content\/uploads\/2022\/07\/montepeloso-toscane-eneo-2015-png.png\" \/>\n\t<meta property=\"og:image:width\" content=\"417\" \/>\n\t<meta property=\"og:image:height\" content=\"1500\" \/>\n\t<meta property=\"og:image:type\" content=\"image\/png\" \/>\n<meta name=\"twitter:card\" content=\"summary_large_image\" \/>\n<script type=\"application\/ld+json\" class=\"yoast-schema-graph\">{\"@context\":\"https:\/\/schema.org\",\"@graph\":[{\"@type\":\"Organization\",\"@id\":\"https:\/\/www.mesvendanges.com\/en\/#organization\",\"name\":\"Mes Vendanges\",\"url\":\"https:\/\/www.mesvendanges.com\/en\/\",\"sameAs\":[],\"logo\":{\"@type\":\"ImageObject\",\"inLanguage\":\"fr-FR\",\"@id\":\"https:\/\/www.mesvendanges.com\/en\/#\/schema\/logo\/image\/\",\"url\":\"https:\/\/www.mesvendanges.com\/wp-content\/uploads\/2022\/02\/logo-mesvendanges.jpg\",\"contentUrl\":\"https:\/\/www.mesvendanges.com\/wp-content\/uploads\/2022\/02\/logo-mesvendanges.jpg\",\"width\":851,\"height\":260,\"caption\":\"Mes Vendanges\"},\"image\":{\"@id\":\"https:\/\/www.mesvendanges.com\/en\/#\/schema\/logo\/image\/\"}},{\"@type\":\"WebSite\",\"@id\":\"https:\/\/www.mesvendanges.com\/en\/#website\",\"url\":\"https:\/\/www.mesvendanges.com\/en\/\",\"name\":\"Mes Vendanges\",\"description\":\"Des journ\u00e9es enti\u00e8res dans les vignes\",\"publisher\":{\"@id\":\"https:\/\/www.mesvendanges.com\/en\/#organization\"},\"potentialAction\":[{\"@type\":\"SearchAction\",\"target\":{\"@type\":\"EntryPoint\",\"urlTemplate\":\"https:\/\/www.mesvendanges.com\/en\/?s={search_term_string}\"},\"query-input\":\"required name=search_term_string\"}],\"inLanguage\":\"fr-FR\"},{\"@type\":\"ImageObject\",\"inLanguage\":\"fr-FR\",\"@id\":\"https:\/\/www.mesvendanges.com\/fr\/boutique\/vins\/eneo-montepeloso-2015-75cl\/#primaryimage\",\"url\":\"https:\/\/www.mesvendanges.com\/wp-content\/uploads\/2022\/07\/montepeloso-toscane-eneo-2015-png.png\",\"contentUrl\":\"https:\/\/www.mesvendanges.com\/wp-content\/uploads\/2022\/07\/montepeloso-toscane-eneo-2015-png.png\",\"width\":417,\"height\":1500},{\"@type\":\"WebPage\",\"@id\":\"https:\/\/www.mesvendanges.com\/fr\/boutique\/vins\/eneo-montepeloso-2015-75cl\/\",\"url\":\"https:\/\/www.mesvendanges.com\/fr\/boutique\/vins\/eneo-montepeloso-2015-75cl\/\",\"name\":\"ENEO - Mes Vendanges\",\"isPartOf\":{\"@id\":\"https:\/\/www.mesvendanges.com\/en\/#website\"},\"primaryImageOfPage\":{\"@id\":\"https:\/\/www.mesvendanges.com\/fr\/boutique\/vins\/eneo-montepeloso-2015-75cl\/#primaryimage\"},\"datePublished\":\"2022-08-02T15:33:14+00:00\",\"dateModified\":\"2023-12-05T23:50:19+00:00\",\"breadcrumb\":{\"@id\":\"https:\/\/www.mesvendanges.com\/fr\/boutique\/vins\/eneo-montepeloso-2015-75cl\/#breadcrumb\"},\"inLanguage\":\"fr-FR\",\"potentialAction\":[{\"@type\":\"ReadAction\",\"target\":[\"https:\/\/www.mesvendanges.com\/fr\/boutique\/vins\/eneo-montepeloso-2015-75cl\/\"]}]},{\"@type\":\"BreadcrumbList\",\"@id\":\"https:\/\/www.mesvendanges.com\/fr\/boutique\/vins\/eneo-montepeloso-2015-75cl\/#breadcrumb\",\"itemListElement\":[{\"@type\":\"ListItem\",\"position\":1,\"name\":\"Accueil\",\"item\":\"https:\/\/www.mesvendanges.com\/fr\/\"},{\"@type\":\"ListItem\",\"position\":2,\"name\":\"Boutique\",\"item\":\"https:\/\/www.mesvendanges.com\/fr\/boutique\/\"},{\"@type\":\"ListItem\",\"position\":3,\"name\":\"ENEO\"}]}]}<\/script>\n<!-- \/ Yoast SEO plugin. -->","yoast_head_json":{"title":"ENEO - Mes Vendanges","robots":{"index":"index","follow":"follow","max-snippet":"max-snippet:-1","max-image-preview":"max-image-preview:large","max-video-preview":"max-video-preview:-1"},"canonical":"https:\/\/www.mesvendanges.com\/fr\/boutique\/vins\/eneo-montepeloso-2015-75cl\/","og_locale":"fr_FR","og_type":"article","og_title":"ENEO - Mes Vendanges","og_description":"Eneo est LE vin du domaine, son \u00e9tendard, son projet ! Un grand vin de terroir, exprimant les sols d&#8217;argiles \u00e0 silex, avec des c\u00e9pages locaux, et dans une dimension de finesse et d&#8217;\u00e9l\u00e9gance qui puisse faire vibrer l&#8217;amateur. Ici pas de bois neuf, pas d&#8217;extraction ambitieuse, mais plut\u00f4t du touch\u00e9, de la d\u00e9licatesse, un [&hellip;]","og_url":"https:\/\/www.mesvendanges.com\/fr\/boutique\/vins\/eneo-montepeloso-2015-75cl\/","og_site_name":"Mes Vendanges","article_modified_time":"2023-12-05T23:50:19+00:00","og_image":[{"width":417,"height":1500,"url":"https:\/\/www.mesvendanges.com\/wp-content\/uploads\/2022\/07\/montepeloso-toscane-eneo-2015-png.png","type":"image\/png"}],"twitter_card":"summary_large_image","schema":{"@context":"https:\/\/schema.org","@graph":[{"@type":"Organization","@id":"https:\/\/www.mesvendanges.com\/en\/#organization","name":"Mes Vendanges","url":"https:\/\/www.mesvendanges.com\/en\/","sameAs":[],"logo":{"@type":"ImageObject","inLanguage":"fr-FR","@id":"https:\/\/www.mesvendanges.com\/en\/#\/schema\/logo\/image\/","url":"https:\/\/www.mesvendanges.com\/wp-content\/uploads\/2022\/02\/logo-mesvendanges.jpg","contentUrl":"https:\/\/www.mesvendanges.com\/wp-content\/uploads\/2022\/02\/logo-mesvendanges.jpg","width":851,"height":260,"caption":"Mes Vendanges"},"image":{"@id":"https:\/\/www.mesvendanges.com\/en\/#\/schema\/logo\/image\/"}},{"@type":"WebSite","@id":"https:\/\/www.mesvendanges.com\/en\/#website","url":"https:\/\/www.mesvendanges.com\/en\/","name":"Mes Vendanges","description":"Des journ\u00e9es enti\u00e8res dans les vignes","publisher":{"@id":"https:\/\/www.mesvendanges.com\/en\/#organization"},"potentialAction":[{"@type":"SearchAction","target":{"@type":"EntryPoint","urlTemplate":"https:\/\/www.mesvendanges.com\/en\/?s={search_term_string}"},"query-input":"required name=search_term_string"}],"inLanguage":"fr-FR"},{"@type":"ImageObject","inLanguage":"fr-FR","@id":"https:\/\/www.mesvendanges.com\/fr\/boutique\/vins\/eneo-montepeloso-2015-75cl\/#primaryimage","url":"https:\/\/www.mesvendanges.com\/wp-content\/uploads\/2022\/07\/montepeloso-toscane-eneo-2015-png.png","contentUrl":"https:\/\/www.mesvendanges.com\/wp-content\/uploads\/2022\/07\/montepeloso-toscane-eneo-2015-png.png","width":417,"height":1500},{"@type":"WebPage","@id":"https:\/\/www.mesvendanges.com\/fr\/boutique\/vins\/eneo-montepeloso-2015-75cl\/","url":"https:\/\/www.mesvendanges.com\/fr\/boutique\/vins\/eneo-montepeloso-2015-75cl\/","name":"ENEO - Mes Vendanges","isPartOf":{"@id":"https:\/\/www.mesvendanges.com\/en\/#website"},"primaryImageOfPage":{"@id":"https:\/\/www.mesvendanges.com\/fr\/boutique\/vins\/eneo-montepeloso-2015-75cl\/#primaryimage"},"datePublished":"2022-08-02T15:33:14+00:00","dateModified":"2023-12-05T23:50:19+00:00","breadcrumb":{"@id":"https:\/\/www.mesvendanges.com\/fr\/boutique\/vins\/eneo-montepeloso-2015-75cl\/#breadcrumb"},"inLanguage":"fr-FR","potentialAction":[{"@type":"ReadAction","target":["https:\/\/www.mesvendanges.com\/fr\/boutique\/vins\/eneo-montepeloso-2015-75cl\/"]}]},{"@type":"BreadcrumbList","@id":"https:\/\/www.mesvendanges.com\/fr\/boutique\/vins\/eneo-montepeloso-2015-75cl\/#breadcrumb","itemListElement":[{"@type":"ListItem","position":1,"name":"Accueil","item":"https:\/\/www.mesvendanges.com\/fr\/"},{"@type":"ListItem","position":2,"name":"Boutique","item":"https:\/\/www.mesvendanges.com\/fr\/boutique\/"},{"@type":"ListItem","position":3,"name":"ENEO"}]}]}},"_links":{"self":[{"href":"https:\/\/www.mesvendanges.com\/fr\/wp-json\/wp\/v2\/product\/48116"}],"collection":[{"href":"https:\/\/www.mesvendanges.com\/fr\/wp-json\/wp\/v2\/product"}],"about":[{"href":"https:\/\/www.mesvendanges.com\/fr\/wp-json\/wp\/v2\/types\/product"}],"wp:featuredmedia":[{"embeddable":true,"href":"https:\/\/www.mesvendanges.com\/fr\/wp-json\/wp\/v2\/media\/26814"}],"wp:attachment":[{"href":"https:\/\/www.mesvendanges.com\/fr\/wp-json\/wp\/v2\/media?parent=48116"}],"wp:term":[{"taxonomy":"product_cat","embeddable":true,"href":"https:\/\/www.mesvendanges.com\/fr\/wp-json\/wp\/v2\/product_cat?post=48116"},{"taxonomy":"product_tag","embeddable":true,"href":"https:\/\/www.mesvendanges.com\/fr\/wp-json\/wp\/v2\/product_tag?post=48116"}],"curies":[{"name":"wp","href":"https:\/\/api.w.org\/{rel}","templated":true}]}}