{"id":48155,"date":"2022-08-02T17:33:51","date_gmt":"2022-08-02T15:33:51","guid":{"rendered":"https:\/\/www.mesvendanges.com\/shop\/non%20class\u00e9\/les-ptits-velos-en-roue-libre\/"},"modified":"2023-12-05T09:35:34","modified_gmt":"2023-12-05T08:35:34","slug":"les-ptits-velos-en-roue-libre-belliviere-dne-de-2020-75cl","status":"publish","type":"product","link":"https:\/\/www.mesvendanges.com\/fr\/boutique\/vins\/les-ptits-velos-en-roue-libre-belliviere-dne-de-2020-75cl\/","title":{"rendered":"LES PTITS VELOS EN ROUE LIBRE"},"content":{"rendered":"<p>Les P&#8217;tits v\u00e9los en roue libre est un p\u00e9tillant naturel de chenin, dans un style tendre, demi-sec, qui n&#8217;est pas sans rapeller la gourmandise et la fraicheur des kabinetts allemands. Irr\u00e9sistible, parfait pour se mettre en app\u00e9tit ou pour terminer un repas, sur une tarte aux fruits.<\/p>\n<p>vinification naturelle en levures indig\u00e8nes et \u00e9levage en futs sur lies fines. Assemblage de plusieurs mill\u00e9simes, fa\u00e7on solera. 2 ans sur lattes, sans dosage<\/p>\n","protected":false},"excerpt":{"rendered":"<p>Les P&#8217;tits v\u00e9los en roue libre est un p\u00e9tillant naturel de chenin, dans un style tendre, demi-sec, qui n&#8217;est pas sans rapeller la gourmandise et la fraicheur des kabinetts allemands. Irr\u00e9sistible, parfait pour se mettre en app\u00e9tit ou pour terminer un repas, sur une tarte aux fruits. vinification naturelle en levures indig\u00e8nes et \u00e9levage en [&hellip;]<\/p>\n","protected":false},"featured_media":68324,"template":"","meta":[],"product_cat":[3736],"product_tag":[],"acf":[],"yoast_head":"<!-- This site is optimized with the Yoast SEO plugin v19.3 - https:\/\/yoast.com\/wordpress\/plugins\/seo\/ -->\n<title>LES PTITS VELOS EN ROUE LIBRE - Mes Vendanges<\/title>\n<meta name=\"robots\" content=\"index, follow, max-snippet:-1, max-image-preview:large, max-video-preview:-1\" \/>\n<link rel=\"canonical\" href=\"https:\/\/www.mesvendanges.com\/fr\/boutique\/vins\/les-ptits-velos-en-roue-libre-belliviere-dne-de-2020-75cl\/\" \/>\n<meta property=\"og:locale\" content=\"fr_FR\" \/>\n<meta property=\"og:type\" content=\"article\" \/>\n<meta property=\"og:title\" content=\"LES PTITS VELOS EN ROUE LIBRE - Mes Vendanges\" \/>\n<meta property=\"og:description\" content=\"Les P&#8217;tits v\u00e9los en roue libre est un p\u00e9tillant naturel de chenin, dans un style tendre, demi-sec, qui n&#8217;est pas sans rapeller la gourmandise et la fraicheur des kabinetts allemands. Irr\u00e9sistible, parfait pour se mettre en app\u00e9tit ou pour terminer un repas, sur une tarte aux fruits. vinification naturelle en levures indig\u00e8nes et \u00e9levage en [&hellip;]\" \/>\n<meta property=\"og:url\" content=\"https:\/\/www.mesvendanges.com\/fr\/boutique\/vins\/les-ptits-velos-en-roue-libre-belliviere-dne-de-2020-75cl\/\" \/>\n<meta property=\"og:site_name\" content=\"Mes Vendanges\" \/>\n<meta property=\"article:modified_time\" content=\"2023-12-05T08:35:34+00:00\" \/>\n<meta property=\"og:image\" content=\"https:\/\/www.mesvendanges.com\/wp-content\/uploads\/2023\/12\/domaine-de-belliviere-les-ptits-velos-methode-traditionnelle-png.png\" \/>\n\t<meta property=\"og:image:width\" content=\"431\" \/>\n\t<meta property=\"og:image:height\" content=\"1500\" \/>\n\t<meta property=\"og:image:type\" content=\"image\/png\" \/>\n<meta name=\"twitter:card\" content=\"summary_large_image\" \/>\n<script type=\"application\/ld+json\" class=\"yoast-schema-graph\">{\"@context\":\"https:\/\/schema.org\",\"@graph\":[{\"@type\":\"Organization\",\"@id\":\"https:\/\/www.mesvendanges.com\/en\/#organization\",\"name\":\"Mes Vendanges\",\"url\":\"https:\/\/www.mesvendanges.com\/en\/\",\"sameAs\":[],\"logo\":{\"@type\":\"ImageObject\",\"inLanguage\":\"fr-FR\",\"@id\":\"https:\/\/www.mesvendanges.com\/en\/#\/schema\/logo\/image\/\",\"url\":\"https:\/\/www.mesvendanges.com\/wp-content\/uploads\/2022\/02\/logo-mesvendanges.jpg\",\"contentUrl\":\"https:\/\/www.mesvendanges.com\/wp-content\/uploads\/2022\/02\/logo-mesvendanges.jpg\",\"width\":851,\"height\":260,\"caption\":\"Mes Vendanges\"},\"image\":{\"@id\":\"https:\/\/www.mesvendanges.com\/en\/#\/schema\/logo\/image\/\"}},{\"@type\":\"WebSite\",\"@id\":\"https:\/\/www.mesvendanges.com\/en\/#website\",\"url\":\"https:\/\/www.mesvendanges.com\/en\/\",\"name\":\"Mes Vendanges\",\"description\":\"Des journ\u00e9es enti\u00e8res dans les vignes\",\"publisher\":{\"@id\":\"https:\/\/www.mesvendanges.com\/en\/#organization\"},\"potentialAction\":[{\"@type\":\"SearchAction\",\"target\":{\"@type\":\"EntryPoint\",\"urlTemplate\":\"https:\/\/www.mesvendanges.com\/en\/?s={search_term_string}\"},\"query-input\":\"required name=search_term_string\"}],\"inLanguage\":\"fr-FR\"},{\"@type\":\"ImageObject\",\"inLanguage\":\"fr-FR\",\"@id\":\"https:\/\/www.mesvendanges.com\/fr\/boutique\/vins\/les-ptits-velos-en-roue-libre-belliviere-dne-de-2020-75cl\/#primaryimage\",\"url\":\"https:\/\/www.mesvendanges.com\/wp-content\/uploads\/2023\/12\/domaine-de-belliviere-les-ptits-velos-methode-traditionnelle-png.png\",\"contentUrl\":\"https:\/\/www.mesvendanges.com\/wp-content\/uploads\/2023\/12\/domaine-de-belliviere-les-ptits-velos-methode-traditionnelle-png.png\",\"width\":431,\"height\":1500},{\"@type\":\"WebPage\",\"@id\":\"https:\/\/www.mesvendanges.com\/fr\/boutique\/vins\/les-ptits-velos-en-roue-libre-belliviere-dne-de-2020-75cl\/\",\"url\":\"https:\/\/www.mesvendanges.com\/fr\/boutique\/vins\/les-ptits-velos-en-roue-libre-belliviere-dne-de-2020-75cl\/\",\"name\":\"LES PTITS VELOS EN ROUE LIBRE - Mes Vendanges\",\"isPartOf\":{\"@id\":\"https:\/\/www.mesvendanges.com\/en\/#website\"},\"primaryImageOfPage\":{\"@id\":\"https:\/\/www.mesvendanges.com\/fr\/boutique\/vins\/les-ptits-velos-en-roue-libre-belliviere-dne-de-2020-75cl\/#primaryimage\"},\"datePublished\":\"2022-08-02T15:33:51+00:00\",\"dateModified\":\"2023-12-05T08:35:34+00:00\",\"breadcrumb\":{\"@id\":\"https:\/\/www.mesvendanges.com\/fr\/boutique\/vins\/les-ptits-velos-en-roue-libre-belliviere-dne-de-2020-75cl\/#breadcrumb\"},\"inLanguage\":\"fr-FR\",\"potentialAction\":[{\"@type\":\"ReadAction\",\"target\":[\"https:\/\/www.mesvendanges.com\/fr\/boutique\/vins\/les-ptits-velos-en-roue-libre-belliviere-dne-de-2020-75cl\/\"]}]},{\"@type\":\"BreadcrumbList\",\"@id\":\"https:\/\/www.mesvendanges.com\/fr\/boutique\/vins\/les-ptits-velos-en-roue-libre-belliviere-dne-de-2020-75cl\/#breadcrumb\",\"itemListElement\":[{\"@type\":\"ListItem\",\"position\":1,\"name\":\"Accueil\",\"item\":\"https:\/\/www.mesvendanges.com\/fr\/\"},{\"@type\":\"ListItem\",\"position\":2,\"name\":\"Boutique\",\"item\":\"https:\/\/www.mesvendanges.com\/fr\/boutique\/\"},{\"@type\":\"ListItem\",\"position\":3,\"name\":\"LES PTITS VELOS EN ROUE LIBRE\"}]}]}<\/script>\n<!-- \/ Yoast SEO plugin. -->","yoast_head_json":{"title":"LES PTITS VELOS EN ROUE LIBRE - Mes Vendanges","robots":{"index":"index","follow":"follow","max-snippet":"max-snippet:-1","max-image-preview":"max-image-preview:large","max-video-preview":"max-video-preview:-1"},"canonical":"https:\/\/www.mesvendanges.com\/fr\/boutique\/vins\/les-ptits-velos-en-roue-libre-belliviere-dne-de-2020-75cl\/","og_locale":"fr_FR","og_type":"article","og_title":"LES PTITS VELOS EN ROUE LIBRE - Mes Vendanges","og_description":"Les P&#8217;tits v\u00e9los en roue libre est un p\u00e9tillant naturel de chenin, dans un style tendre, demi-sec, qui n&#8217;est pas sans rapeller la gourmandise et la fraicheur des kabinetts allemands. Irr\u00e9sistible, parfait pour se mettre en app\u00e9tit ou pour terminer un repas, sur une tarte aux fruits. vinification naturelle en levures indig\u00e8nes et \u00e9levage en [&hellip;]","og_url":"https:\/\/www.mesvendanges.com\/fr\/boutique\/vins\/les-ptits-velos-en-roue-libre-belliviere-dne-de-2020-75cl\/","og_site_name":"Mes Vendanges","article_modified_time":"2023-12-05T08:35:34+00:00","og_image":[{"width":431,"height":1500,"url":"https:\/\/www.mesvendanges.com\/wp-content\/uploads\/2023\/12\/domaine-de-belliviere-les-ptits-velos-methode-traditionnelle-png.png","type":"image\/png"}],"twitter_card":"summary_large_image","schema":{"@context":"https:\/\/schema.org","@graph":[{"@type":"Organization","@id":"https:\/\/www.mesvendanges.com\/en\/#organization","name":"Mes Vendanges","url":"https:\/\/www.mesvendanges.com\/en\/","sameAs":[],"logo":{"@type":"ImageObject","inLanguage":"fr-FR","@id":"https:\/\/www.mesvendanges.com\/en\/#\/schema\/logo\/image\/","url":"https:\/\/www.mesvendanges.com\/wp-content\/uploads\/2022\/02\/logo-mesvendanges.jpg","contentUrl":"https:\/\/www.mesvendanges.com\/wp-content\/uploads\/2022\/02\/logo-mesvendanges.jpg","width":851,"height":260,"caption":"Mes Vendanges"},"image":{"@id":"https:\/\/www.mesvendanges.com\/en\/#\/schema\/logo\/image\/"}},{"@type":"WebSite","@id":"https:\/\/www.mesvendanges.com\/en\/#website","url":"https:\/\/www.mesvendanges.com\/en\/","name":"Mes Vendanges","description":"Des journ\u00e9es enti\u00e8res dans les vignes","publisher":{"@id":"https:\/\/www.mesvendanges.com\/en\/#organization"},"potentialAction":[{"@type":"SearchAction","target":{"@type":"EntryPoint","urlTemplate":"https:\/\/www.mesvendanges.com\/en\/?s={search_term_string}"},"query-input":"required name=search_term_string"}],"inLanguage":"fr-FR"},{"@type":"ImageObject","inLanguage":"fr-FR","@id":"https:\/\/www.mesvendanges.com\/fr\/boutique\/vins\/les-ptits-velos-en-roue-libre-belliviere-dne-de-2020-75cl\/#primaryimage","url":"https:\/\/www.mesvendanges.com\/wp-content\/uploads\/2023\/12\/domaine-de-belliviere-les-ptits-velos-methode-traditionnelle-png.png","contentUrl":"https:\/\/www.mesvendanges.com\/wp-content\/uploads\/2023\/12\/domaine-de-belliviere-les-ptits-velos-methode-traditionnelle-png.png","width":431,"height":1500},{"@type":"WebPage","@id":"https:\/\/www.mesvendanges.com\/fr\/boutique\/vins\/les-ptits-velos-en-roue-libre-belliviere-dne-de-2020-75cl\/","url":"https:\/\/www.mesvendanges.com\/fr\/boutique\/vins\/les-ptits-velos-en-roue-libre-belliviere-dne-de-2020-75cl\/","name":"LES PTITS VELOS EN ROUE LIBRE - Mes Vendanges","isPartOf":{"@id":"https:\/\/www.mesvendanges.com\/en\/#website"},"primaryImageOfPage":{"@id":"https:\/\/www.mesvendanges.com\/fr\/boutique\/vins\/les-ptits-velos-en-roue-libre-belliviere-dne-de-2020-75cl\/#primaryimage"},"datePublished":"2022-08-02T15:33:51+00:00","dateModified":"2023-12-05T08:35:34+00:00","breadcrumb":{"@id":"https:\/\/www.mesvendanges.com\/fr\/boutique\/vins\/les-ptits-velos-en-roue-libre-belliviere-dne-de-2020-75cl\/#breadcrumb"},"inLanguage":"fr-FR","potentialAction":[{"@type":"ReadAction","target":["https:\/\/www.mesvendanges.com\/fr\/boutique\/vins\/les-ptits-velos-en-roue-libre-belliviere-dne-de-2020-75cl\/"]}]},{"@type":"BreadcrumbList","@id":"https:\/\/www.mesvendanges.com\/fr\/boutique\/vins\/les-ptits-velos-en-roue-libre-belliviere-dne-de-2020-75cl\/#breadcrumb","itemListElement":[{"@type":"ListItem","position":1,"name":"Accueil","item":"https:\/\/www.mesvendanges.com\/fr\/"},{"@type":"ListItem","position":2,"name":"Boutique","item":"https:\/\/www.mesvendanges.com\/fr\/boutique\/"},{"@type":"ListItem","position":3,"name":"LES PTITS VELOS EN ROUE LIBRE"}]}]}},"_links":{"self":[{"href":"https:\/\/www.mesvendanges.com\/fr\/wp-json\/wp\/v2\/product\/48155"}],"collection":[{"href":"https:\/\/www.mesvendanges.com\/fr\/wp-json\/wp\/v2\/product"}],"about":[{"href":"https:\/\/www.mesvendanges.com\/fr\/wp-json\/wp\/v2\/types\/product"}],"wp:featuredmedia":[{"embeddable":true,"href":"https:\/\/www.mesvendanges.com\/fr\/wp-json\/wp\/v2\/media\/68324"}],"wp:attachment":[{"href":"https:\/\/www.mesvendanges.com\/fr\/wp-json\/wp\/v2\/media?parent=48155"}],"wp:term":[{"taxonomy":"product_cat","embeddable":true,"href":"https:\/\/www.mesvendanges.com\/fr\/wp-json\/wp\/v2\/product_cat?post=48155"},{"taxonomy":"product_tag","embeddable":true,"href":"https:\/\/www.mesvendanges.com\/fr\/wp-json\/wp\/v2\/product_tag?post=48155"}],"curies":[{"name":"wp","href":"https:\/\/api.w.org\/{rel}","templated":true}]}}