{"id":48168,"date":"2022-08-02T17:34:03","date_gmt":"2022-08-02T15:34:03","guid":{"rendered":"https:\/\/www.mesvendanges.com\/shop\/non%20class\u00e9\/calligramme-magnum-6\/"},"modified":"2025-05-01T14:20:58","modified_gmt":"2025-05-01T12:20:58","slug":"calligramme-magnum-belliviere-dne-de-2007-150cl","status":"publish","type":"product","link":"https:\/\/www.mesvendanges.com\/fr\/boutique\/vins\/calligramme-magnum-belliviere-dne-de-2007-150cl\/","title":{"rendered":"CALLIGRAMME MAGNUM"},"content":{"rendered":"<p>Calligramme est un assemblage de vignes de chenin de plus de cinquante ans en appellation Jasni\u00e8res. Cette cuv\u00e9e au caract\u00e8re tr\u00e9s min\u00e9ral en finale, est aussi riche et concentr\u00e9e. Selon les mill\u00e9simes elle peut passer du sec (2002) au moelleux (2003). En 2007 c&#8217;est un sec puissant, dense, vibrant. Tr\u00e8s belle aromatique sur les fruits jaunes, les n\u00e8fles. Bouche nerveuse, avec une grande largeur en finale.<\/p>\n","protected":false},"excerpt":{"rendered":"<p>Calligramme est un assemblage de vignes de chenin de plus de cinquante ans en appellation Jasni\u00e8res. Cette cuv\u00e9e au caract\u00e8re tr\u00e9s min\u00e9ral en finale, est aussi riche et concentr\u00e9e. Selon les mill\u00e9simes elle peut passer du sec (2002) au moelleux (2003). En 2007 c&#8217;est un sec puissant, dense, vibrant. Tr\u00e8s belle aromatique sur les fruits [&hellip;]<\/p>\n","protected":false},"featured_media":86382,"template":"","meta":[],"product_cat":[3736],"product_tag":[],"acf":[],"yoast_head":"<!-- This site is optimized with the Yoast SEO plugin v19.3 - https:\/\/yoast.com\/wordpress\/plugins\/seo\/ -->\n<title>CALLIGRAMME MAGNUM - Mes Vendanges<\/title>\n<meta name=\"robots\" content=\"index, follow, max-snippet:-1, max-image-preview:large, max-video-preview:-1\" \/>\n<link rel=\"canonical\" href=\"https:\/\/www.mesvendanges.com\/fr\/boutique\/vins\/calligramme-magnum-belliviere-dne-de-2007-150cl\/\" \/>\n<meta property=\"og:locale\" content=\"fr_FR\" \/>\n<meta property=\"og:type\" content=\"article\" \/>\n<meta property=\"og:title\" content=\"CALLIGRAMME MAGNUM - Mes Vendanges\" \/>\n<meta property=\"og:description\" content=\"Calligramme est un assemblage de vignes de chenin de plus de cinquante ans en appellation Jasni\u00e8res. Cette cuv\u00e9e au caract\u00e8re tr\u00e9s min\u00e9ral en finale, est aussi riche et concentr\u00e9e. Selon les mill\u00e9simes elle peut passer du sec (2002) au moelleux (2003). En 2007 c&#8217;est un sec puissant, dense, vibrant. Tr\u00e8s belle aromatique sur les fruits [&hellip;]\" \/>\n<meta property=\"og:url\" content=\"https:\/\/www.mesvendanges.com\/fr\/boutique\/vins\/calligramme-magnum-belliviere-dne-de-2007-150cl\/\" \/>\n<meta property=\"og:site_name\" content=\"Mes Vendanges\" \/>\n<meta property=\"article:modified_time\" content=\"2025-05-01T12:20:58+00:00\" \/>\n<meta property=\"og:image\" content=\"https:\/\/www.mesvendanges.com\/wp-content\/uploads\/2025\/05\/domaine-de-belliviere-calligramme-jasnieres-2007-magnum-png.png\" \/>\n\t<meta property=\"og:image:width\" content=\"600\" \/>\n\t<meta property=\"og:image:height\" content=\"1500\" \/>\n\t<meta property=\"og:image:type\" content=\"image\/png\" \/>\n<meta name=\"twitter:card\" content=\"summary_large_image\" \/>\n<script type=\"application\/ld+json\" class=\"yoast-schema-graph\">{\"@context\":\"https:\/\/schema.org\",\"@graph\":[{\"@type\":\"Organization\",\"@id\":\"https:\/\/www.mesvendanges.com\/en\/#organization\",\"name\":\"Mes Vendanges\",\"url\":\"https:\/\/www.mesvendanges.com\/en\/\",\"sameAs\":[],\"logo\":{\"@type\":\"ImageObject\",\"inLanguage\":\"fr-FR\",\"@id\":\"https:\/\/www.mesvendanges.com\/en\/#\/schema\/logo\/image\/\",\"url\":\"https:\/\/www.mesvendanges.com\/wp-content\/uploads\/2022\/02\/logo-mesvendanges.jpg\",\"contentUrl\":\"https:\/\/www.mesvendanges.com\/wp-content\/uploads\/2022\/02\/logo-mesvendanges.jpg\",\"width\":851,\"height\":260,\"caption\":\"Mes Vendanges\"},\"image\":{\"@id\":\"https:\/\/www.mesvendanges.com\/en\/#\/schema\/logo\/image\/\"}},{\"@type\":\"WebSite\",\"@id\":\"https:\/\/www.mesvendanges.com\/en\/#website\",\"url\":\"https:\/\/www.mesvendanges.com\/en\/\",\"name\":\"Mes Vendanges\",\"description\":\"Des journ\u00e9es enti\u00e8res dans les vignes\",\"publisher\":{\"@id\":\"https:\/\/www.mesvendanges.com\/en\/#organization\"},\"potentialAction\":[{\"@type\":\"SearchAction\",\"target\":{\"@type\":\"EntryPoint\",\"urlTemplate\":\"https:\/\/www.mesvendanges.com\/en\/?s={search_term_string}\"},\"query-input\":\"required name=search_term_string\"}],\"inLanguage\":\"fr-FR\"},{\"@type\":\"ImageObject\",\"inLanguage\":\"fr-FR\",\"@id\":\"https:\/\/www.mesvendanges.com\/fr\/boutique\/vins\/calligramme-magnum-belliviere-dne-de-2007-150cl\/#primaryimage\",\"url\":\"https:\/\/www.mesvendanges.com\/wp-content\/uploads\/2025\/05\/domaine-de-belliviere-calligramme-jasnieres-2007-magnum-png.png\",\"contentUrl\":\"https:\/\/www.mesvendanges.com\/wp-content\/uploads\/2025\/05\/domaine-de-belliviere-calligramme-jasnieres-2007-magnum-png.png\",\"width\":600,\"height\":1500},{\"@type\":\"WebPage\",\"@id\":\"https:\/\/www.mesvendanges.com\/fr\/boutique\/vins\/calligramme-magnum-belliviere-dne-de-2007-150cl\/\",\"url\":\"https:\/\/www.mesvendanges.com\/fr\/boutique\/vins\/calligramme-magnum-belliviere-dne-de-2007-150cl\/\",\"name\":\"CALLIGRAMME MAGNUM - Mes Vendanges\",\"isPartOf\":{\"@id\":\"https:\/\/www.mesvendanges.com\/en\/#website\"},\"primaryImageOfPage\":{\"@id\":\"https:\/\/www.mesvendanges.com\/fr\/boutique\/vins\/calligramme-magnum-belliviere-dne-de-2007-150cl\/#primaryimage\"},\"datePublished\":\"2022-08-02T15:34:03+00:00\",\"dateModified\":\"2025-05-01T12:20:58+00:00\",\"breadcrumb\":{\"@id\":\"https:\/\/www.mesvendanges.com\/fr\/boutique\/vins\/calligramme-magnum-belliviere-dne-de-2007-150cl\/#breadcrumb\"},\"inLanguage\":\"fr-FR\",\"potentialAction\":[{\"@type\":\"ReadAction\",\"target\":[\"https:\/\/www.mesvendanges.com\/fr\/boutique\/vins\/calligramme-magnum-belliviere-dne-de-2007-150cl\/\"]}]},{\"@type\":\"BreadcrumbList\",\"@id\":\"https:\/\/www.mesvendanges.com\/fr\/boutique\/vins\/calligramme-magnum-belliviere-dne-de-2007-150cl\/#breadcrumb\",\"itemListElement\":[{\"@type\":\"ListItem\",\"position\":1,\"name\":\"Accueil\",\"item\":\"https:\/\/www.mesvendanges.com\/fr\/\"},{\"@type\":\"ListItem\",\"position\":2,\"name\":\"Boutique\",\"item\":\"https:\/\/www.mesvendanges.com\/fr\/boutique\/\"},{\"@type\":\"ListItem\",\"position\":3,\"name\":\"CALLIGRAMME MAGNUM\"}]}]}<\/script>\n<!-- \/ Yoast SEO plugin. -->","yoast_head_json":{"title":"CALLIGRAMME MAGNUM - Mes Vendanges","robots":{"index":"index","follow":"follow","max-snippet":"max-snippet:-1","max-image-preview":"max-image-preview:large","max-video-preview":"max-video-preview:-1"},"canonical":"https:\/\/www.mesvendanges.com\/fr\/boutique\/vins\/calligramme-magnum-belliviere-dne-de-2007-150cl\/","og_locale":"fr_FR","og_type":"article","og_title":"CALLIGRAMME MAGNUM - Mes Vendanges","og_description":"Calligramme est un assemblage de vignes de chenin de plus de cinquante ans en appellation Jasni\u00e8res. Cette cuv\u00e9e au caract\u00e8re tr\u00e9s min\u00e9ral en finale, est aussi riche et concentr\u00e9e. Selon les mill\u00e9simes elle peut passer du sec (2002) au moelleux (2003). En 2007 c&#8217;est un sec puissant, dense, vibrant. Tr\u00e8s belle aromatique sur les fruits [&hellip;]","og_url":"https:\/\/www.mesvendanges.com\/fr\/boutique\/vins\/calligramme-magnum-belliviere-dne-de-2007-150cl\/","og_site_name":"Mes Vendanges","article_modified_time":"2025-05-01T12:20:58+00:00","og_image":[{"width":600,"height":1500,"url":"https:\/\/www.mesvendanges.com\/wp-content\/uploads\/2025\/05\/domaine-de-belliviere-calligramme-jasnieres-2007-magnum-png.png","type":"image\/png"}],"twitter_card":"summary_large_image","schema":{"@context":"https:\/\/schema.org","@graph":[{"@type":"Organization","@id":"https:\/\/www.mesvendanges.com\/en\/#organization","name":"Mes Vendanges","url":"https:\/\/www.mesvendanges.com\/en\/","sameAs":[],"logo":{"@type":"ImageObject","inLanguage":"fr-FR","@id":"https:\/\/www.mesvendanges.com\/en\/#\/schema\/logo\/image\/","url":"https:\/\/www.mesvendanges.com\/wp-content\/uploads\/2022\/02\/logo-mesvendanges.jpg","contentUrl":"https:\/\/www.mesvendanges.com\/wp-content\/uploads\/2022\/02\/logo-mesvendanges.jpg","width":851,"height":260,"caption":"Mes Vendanges"},"image":{"@id":"https:\/\/www.mesvendanges.com\/en\/#\/schema\/logo\/image\/"}},{"@type":"WebSite","@id":"https:\/\/www.mesvendanges.com\/en\/#website","url":"https:\/\/www.mesvendanges.com\/en\/","name":"Mes Vendanges","description":"Des journ\u00e9es enti\u00e8res dans les vignes","publisher":{"@id":"https:\/\/www.mesvendanges.com\/en\/#organization"},"potentialAction":[{"@type":"SearchAction","target":{"@type":"EntryPoint","urlTemplate":"https:\/\/www.mesvendanges.com\/en\/?s={search_term_string}"},"query-input":"required name=search_term_string"}],"inLanguage":"fr-FR"},{"@type":"ImageObject","inLanguage":"fr-FR","@id":"https:\/\/www.mesvendanges.com\/fr\/boutique\/vins\/calligramme-magnum-belliviere-dne-de-2007-150cl\/#primaryimage","url":"https:\/\/www.mesvendanges.com\/wp-content\/uploads\/2025\/05\/domaine-de-belliviere-calligramme-jasnieres-2007-magnum-png.png","contentUrl":"https:\/\/www.mesvendanges.com\/wp-content\/uploads\/2025\/05\/domaine-de-belliviere-calligramme-jasnieres-2007-magnum-png.png","width":600,"height":1500},{"@type":"WebPage","@id":"https:\/\/www.mesvendanges.com\/fr\/boutique\/vins\/calligramme-magnum-belliviere-dne-de-2007-150cl\/","url":"https:\/\/www.mesvendanges.com\/fr\/boutique\/vins\/calligramme-magnum-belliviere-dne-de-2007-150cl\/","name":"CALLIGRAMME MAGNUM - Mes Vendanges","isPartOf":{"@id":"https:\/\/www.mesvendanges.com\/en\/#website"},"primaryImageOfPage":{"@id":"https:\/\/www.mesvendanges.com\/fr\/boutique\/vins\/calligramme-magnum-belliviere-dne-de-2007-150cl\/#primaryimage"},"datePublished":"2022-08-02T15:34:03+00:00","dateModified":"2025-05-01T12:20:58+00:00","breadcrumb":{"@id":"https:\/\/www.mesvendanges.com\/fr\/boutique\/vins\/calligramme-magnum-belliviere-dne-de-2007-150cl\/#breadcrumb"},"inLanguage":"fr-FR","potentialAction":[{"@type":"ReadAction","target":["https:\/\/www.mesvendanges.com\/fr\/boutique\/vins\/calligramme-magnum-belliviere-dne-de-2007-150cl\/"]}]},{"@type":"BreadcrumbList","@id":"https:\/\/www.mesvendanges.com\/fr\/boutique\/vins\/calligramme-magnum-belliviere-dne-de-2007-150cl\/#breadcrumb","itemListElement":[{"@type":"ListItem","position":1,"name":"Accueil","item":"https:\/\/www.mesvendanges.com\/fr\/"},{"@type":"ListItem","position":2,"name":"Boutique","item":"https:\/\/www.mesvendanges.com\/fr\/boutique\/"},{"@type":"ListItem","position":3,"name":"CALLIGRAMME MAGNUM"}]}]}},"_links":{"self":[{"href":"https:\/\/www.mesvendanges.com\/fr\/wp-json\/wp\/v2\/product\/48168"}],"collection":[{"href":"https:\/\/www.mesvendanges.com\/fr\/wp-json\/wp\/v2\/product"}],"about":[{"href":"https:\/\/www.mesvendanges.com\/fr\/wp-json\/wp\/v2\/types\/product"}],"wp:featuredmedia":[{"embeddable":true,"href":"https:\/\/www.mesvendanges.com\/fr\/wp-json\/wp\/v2\/media\/86382"}],"wp:attachment":[{"href":"https:\/\/www.mesvendanges.com\/fr\/wp-json\/wp\/v2\/media?parent=48168"}],"wp:term":[{"taxonomy":"product_cat","embeddable":true,"href":"https:\/\/www.mesvendanges.com\/fr\/wp-json\/wp\/v2\/product_cat?post=48168"},{"taxonomy":"product_tag","embeddable":true,"href":"https:\/\/www.mesvendanges.com\/fr\/wp-json\/wp\/v2\/product_tag?post=48168"}],"curies":[{"name":"wp","href":"https:\/\/api.w.org\/{rel}","templated":true}]}}