{"id":48409,"date":"2022-08-02T17:38:02","date_gmt":"2022-08-02T15:38:02","guid":{"rendered":"https:\/\/www.mesvendanges.com\/shop\/non%20class\u00e9\/robola-de-cephalonie-vino-di-sasso\/"},"modified":"2025-11-21T14:34:06","modified_gmt":"2025-11-21T13:34:06","slug":"robola-de-cephalonie-vino-di-sasso-sclavos-dne-2019-75cl","status":"publish","type":"product","link":"https:\/\/www.mesvendanges.com\/fr\/boutique\/vins\/robola-de-cephalonie-vino-di-sasso-sclavos-dne-2019-75cl\/","title":{"rendered":"ROBOLA DE CEPHALONIE VINO DI SASSO"},"content":{"rendered":"<p>Domaine en agriculture biologique C\u00e9page Robola en franc de pied<br \/>\nR\u00e9gion Ile de C\u00e9phalonie, mer ionienne \u00c9levage en cuve pendant 6 mois, culture biologique<br \/>\nG\u00e9ologie  Sol de cailloux calcaires, roche m\u00e8re craie calcaire<br \/>\nExpression sur un nez fum\u00e9 et min\u00e9ral, pr\u00e9sente ensuite des ar\u00f4mes de truffe blanche, d\u2019herbes s\u00e8ches, du floral frais et du th\u00e9. Mati\u00e8re puissante, dot\u00e9e d\u2019une belle amertume, min\u00e9ralit\u00e9 avec des notes d\u2019herbes de montagne, de liqueur, le tout dans un contexte salin et iod\u00e9. <\/p>\n","protected":false},"excerpt":{"rendered":"<p>Domaine en agriculture biologique C\u00e9page Robola en franc de pied R\u00e9gion Ile de C\u00e9phalonie, mer ionienne \u00c9levage en cuve pendant 6 mois, culture biologique G\u00e9ologie Sol de cailloux calcaires, roche m\u00e8re craie calcaire Expression sur un nez fum\u00e9 et min\u00e9ral, pr\u00e9sente ensuite des ar\u00f4mes de truffe blanche, d\u2019herbes s\u00e8ches, du floral frais et du th\u00e9. [&hellip;]<\/p>\n","protected":false},"featured_media":48406,"template":"","meta":[],"product_cat":[3736],"product_tag":[],"acf":[],"yoast_head":"<!-- This site is optimized with the Yoast SEO plugin v19.3 - https:\/\/yoast.com\/wordpress\/plugins\/seo\/ -->\n<title>ROBOLA DE CEPHALONIE VINO DI SASSO - Mes Vendanges<\/title>\n<meta name=\"robots\" content=\"index, follow, max-snippet:-1, max-image-preview:large, max-video-preview:-1\" \/>\n<link rel=\"canonical\" href=\"https:\/\/www.mesvendanges.com\/fr\/boutique\/vins\/robola-de-cephalonie-vino-di-sasso-sclavos-dne-2019-75cl\/\" \/>\n<meta property=\"og:locale\" content=\"fr_FR\" \/>\n<meta property=\"og:type\" content=\"article\" \/>\n<meta property=\"og:title\" content=\"ROBOLA DE CEPHALONIE VINO DI SASSO - Mes Vendanges\" \/>\n<meta property=\"og:description\" content=\"Domaine en agriculture biologique C\u00e9page Robola en franc de pied R\u00e9gion Ile de C\u00e9phalonie, mer ionienne \u00c9levage en cuve pendant 6 mois, culture biologique G\u00e9ologie Sol de cailloux calcaires, roche m\u00e8re craie calcaire Expression sur un nez fum\u00e9 et min\u00e9ral, pr\u00e9sente ensuite des ar\u00f4mes de truffe blanche, d\u2019herbes s\u00e8ches, du floral frais et du th\u00e9. [&hellip;]\" \/>\n<meta property=\"og:url\" content=\"https:\/\/www.mesvendanges.com\/fr\/boutique\/vins\/robola-de-cephalonie-vino-di-sasso-sclavos-dne-2019-75cl\/\" \/>\n<meta property=\"og:site_name\" content=\"Mes Vendanges\" \/>\n<meta property=\"article:modified_time\" content=\"2025-11-21T13:34:06+00:00\" \/>\n<meta property=\"og:image\" content=\"https:\/\/www.mesvendanges.com\/wp-content\/uploads\/2022\/08\/sclavos-vino-di-sasso-2019-blanc-png.png\" \/>\n\t<meta property=\"og:image:width\" content=\"376\" \/>\n\t<meta property=\"og:image:height\" content=\"1500\" \/>\n\t<meta property=\"og:image:type\" content=\"image\/png\" \/>\n<meta name=\"twitter:card\" content=\"summary_large_image\" \/>\n<script type=\"application\/ld+json\" class=\"yoast-schema-graph\">{\"@context\":\"https:\/\/schema.org\",\"@graph\":[{\"@type\":\"Organization\",\"@id\":\"https:\/\/www.mesvendanges.com\/en\/#organization\",\"name\":\"Mes Vendanges\",\"url\":\"https:\/\/www.mesvendanges.com\/en\/\",\"sameAs\":[],\"logo\":{\"@type\":\"ImageObject\",\"inLanguage\":\"fr-FR\",\"@id\":\"https:\/\/www.mesvendanges.com\/en\/#\/schema\/logo\/image\/\",\"url\":\"https:\/\/www.mesvendanges.com\/wp-content\/uploads\/2022\/02\/logo-mesvendanges.jpg\",\"contentUrl\":\"https:\/\/www.mesvendanges.com\/wp-content\/uploads\/2022\/02\/logo-mesvendanges.jpg\",\"width\":851,\"height\":260,\"caption\":\"Mes Vendanges\"},\"image\":{\"@id\":\"https:\/\/www.mesvendanges.com\/en\/#\/schema\/logo\/image\/\"}},{\"@type\":\"WebSite\",\"@id\":\"https:\/\/www.mesvendanges.com\/en\/#website\",\"url\":\"https:\/\/www.mesvendanges.com\/en\/\",\"name\":\"Mes Vendanges\",\"description\":\"Des journ\u00e9es enti\u00e8res dans les vignes\",\"publisher\":{\"@id\":\"https:\/\/www.mesvendanges.com\/en\/#organization\"},\"potentialAction\":[{\"@type\":\"SearchAction\",\"target\":{\"@type\":\"EntryPoint\",\"urlTemplate\":\"https:\/\/www.mesvendanges.com\/en\/?s={search_term_string}\"},\"query-input\":\"required name=search_term_string\"}],\"inLanguage\":\"fr-FR\"},{\"@type\":\"ImageObject\",\"inLanguage\":\"fr-FR\",\"@id\":\"https:\/\/www.mesvendanges.com\/fr\/boutique\/vins\/robola-de-cephalonie-vino-di-sasso-sclavos-dne-2019-75cl\/#primaryimage\",\"url\":\"https:\/\/www.mesvendanges.com\/wp-content\/uploads\/2022\/08\/sclavos-vino-di-sasso-2019-blanc-png.png\",\"contentUrl\":\"https:\/\/www.mesvendanges.com\/wp-content\/uploads\/2022\/08\/sclavos-vino-di-sasso-2019-blanc-png.png\",\"width\":376,\"height\":1500},{\"@type\":\"WebPage\",\"@id\":\"https:\/\/www.mesvendanges.com\/fr\/boutique\/vins\/robola-de-cephalonie-vino-di-sasso-sclavos-dne-2019-75cl\/\",\"url\":\"https:\/\/www.mesvendanges.com\/fr\/boutique\/vins\/robola-de-cephalonie-vino-di-sasso-sclavos-dne-2019-75cl\/\",\"name\":\"ROBOLA DE CEPHALONIE VINO DI SASSO - Mes Vendanges\",\"isPartOf\":{\"@id\":\"https:\/\/www.mesvendanges.com\/en\/#website\"},\"primaryImageOfPage\":{\"@id\":\"https:\/\/www.mesvendanges.com\/fr\/boutique\/vins\/robola-de-cephalonie-vino-di-sasso-sclavos-dne-2019-75cl\/#primaryimage\"},\"datePublished\":\"2022-08-02T15:38:02+00:00\",\"dateModified\":\"2025-11-21T13:34:06+00:00\",\"breadcrumb\":{\"@id\":\"https:\/\/www.mesvendanges.com\/fr\/boutique\/vins\/robola-de-cephalonie-vino-di-sasso-sclavos-dne-2019-75cl\/#breadcrumb\"},\"inLanguage\":\"fr-FR\",\"potentialAction\":[{\"@type\":\"ReadAction\",\"target\":[\"https:\/\/www.mesvendanges.com\/fr\/boutique\/vins\/robola-de-cephalonie-vino-di-sasso-sclavos-dne-2019-75cl\/\"]}]},{\"@type\":\"BreadcrumbList\",\"@id\":\"https:\/\/www.mesvendanges.com\/fr\/boutique\/vins\/robola-de-cephalonie-vino-di-sasso-sclavos-dne-2019-75cl\/#breadcrumb\",\"itemListElement\":[{\"@type\":\"ListItem\",\"position\":1,\"name\":\"Accueil\",\"item\":\"https:\/\/www.mesvendanges.com\/fr\/\"},{\"@type\":\"ListItem\",\"position\":2,\"name\":\"Boutique\",\"item\":\"https:\/\/www.mesvendanges.com\/fr\/boutique\/\"},{\"@type\":\"ListItem\",\"position\":3,\"name\":\"ROBOLA DE CEPHALONIE VINO DI SASSO\"}]}]}<\/script>\n<!-- \/ Yoast SEO plugin. -->","yoast_head_json":{"title":"ROBOLA DE CEPHALONIE VINO DI SASSO - Mes Vendanges","robots":{"index":"index","follow":"follow","max-snippet":"max-snippet:-1","max-image-preview":"max-image-preview:large","max-video-preview":"max-video-preview:-1"},"canonical":"https:\/\/www.mesvendanges.com\/fr\/boutique\/vins\/robola-de-cephalonie-vino-di-sasso-sclavos-dne-2019-75cl\/","og_locale":"fr_FR","og_type":"article","og_title":"ROBOLA DE CEPHALONIE VINO DI SASSO - Mes Vendanges","og_description":"Domaine en agriculture biologique C\u00e9page Robola en franc de pied R\u00e9gion Ile de C\u00e9phalonie, mer ionienne \u00c9levage en cuve pendant 6 mois, culture biologique G\u00e9ologie Sol de cailloux calcaires, roche m\u00e8re craie calcaire Expression sur un nez fum\u00e9 et min\u00e9ral, pr\u00e9sente ensuite des ar\u00f4mes de truffe blanche, d\u2019herbes s\u00e8ches, du floral frais et du th\u00e9. [&hellip;]","og_url":"https:\/\/www.mesvendanges.com\/fr\/boutique\/vins\/robola-de-cephalonie-vino-di-sasso-sclavos-dne-2019-75cl\/","og_site_name":"Mes Vendanges","article_modified_time":"2025-11-21T13:34:06+00:00","og_image":[{"width":376,"height":1500,"url":"https:\/\/www.mesvendanges.com\/wp-content\/uploads\/2022\/08\/sclavos-vino-di-sasso-2019-blanc-png.png","type":"image\/png"}],"twitter_card":"summary_large_image","schema":{"@context":"https:\/\/schema.org","@graph":[{"@type":"Organization","@id":"https:\/\/www.mesvendanges.com\/en\/#organization","name":"Mes Vendanges","url":"https:\/\/www.mesvendanges.com\/en\/","sameAs":[],"logo":{"@type":"ImageObject","inLanguage":"fr-FR","@id":"https:\/\/www.mesvendanges.com\/en\/#\/schema\/logo\/image\/","url":"https:\/\/www.mesvendanges.com\/wp-content\/uploads\/2022\/02\/logo-mesvendanges.jpg","contentUrl":"https:\/\/www.mesvendanges.com\/wp-content\/uploads\/2022\/02\/logo-mesvendanges.jpg","width":851,"height":260,"caption":"Mes Vendanges"},"image":{"@id":"https:\/\/www.mesvendanges.com\/en\/#\/schema\/logo\/image\/"}},{"@type":"WebSite","@id":"https:\/\/www.mesvendanges.com\/en\/#website","url":"https:\/\/www.mesvendanges.com\/en\/","name":"Mes Vendanges","description":"Des journ\u00e9es enti\u00e8res dans les vignes","publisher":{"@id":"https:\/\/www.mesvendanges.com\/en\/#organization"},"potentialAction":[{"@type":"SearchAction","target":{"@type":"EntryPoint","urlTemplate":"https:\/\/www.mesvendanges.com\/en\/?s={search_term_string}"},"query-input":"required name=search_term_string"}],"inLanguage":"fr-FR"},{"@type":"ImageObject","inLanguage":"fr-FR","@id":"https:\/\/www.mesvendanges.com\/fr\/boutique\/vins\/robola-de-cephalonie-vino-di-sasso-sclavos-dne-2019-75cl\/#primaryimage","url":"https:\/\/www.mesvendanges.com\/wp-content\/uploads\/2022\/08\/sclavos-vino-di-sasso-2019-blanc-png.png","contentUrl":"https:\/\/www.mesvendanges.com\/wp-content\/uploads\/2022\/08\/sclavos-vino-di-sasso-2019-blanc-png.png","width":376,"height":1500},{"@type":"WebPage","@id":"https:\/\/www.mesvendanges.com\/fr\/boutique\/vins\/robola-de-cephalonie-vino-di-sasso-sclavos-dne-2019-75cl\/","url":"https:\/\/www.mesvendanges.com\/fr\/boutique\/vins\/robola-de-cephalonie-vino-di-sasso-sclavos-dne-2019-75cl\/","name":"ROBOLA DE CEPHALONIE VINO DI SASSO - Mes Vendanges","isPartOf":{"@id":"https:\/\/www.mesvendanges.com\/en\/#website"},"primaryImageOfPage":{"@id":"https:\/\/www.mesvendanges.com\/fr\/boutique\/vins\/robola-de-cephalonie-vino-di-sasso-sclavos-dne-2019-75cl\/#primaryimage"},"datePublished":"2022-08-02T15:38:02+00:00","dateModified":"2025-11-21T13:34:06+00:00","breadcrumb":{"@id":"https:\/\/www.mesvendanges.com\/fr\/boutique\/vins\/robola-de-cephalonie-vino-di-sasso-sclavos-dne-2019-75cl\/#breadcrumb"},"inLanguage":"fr-FR","potentialAction":[{"@type":"ReadAction","target":["https:\/\/www.mesvendanges.com\/fr\/boutique\/vins\/robola-de-cephalonie-vino-di-sasso-sclavos-dne-2019-75cl\/"]}]},{"@type":"BreadcrumbList","@id":"https:\/\/www.mesvendanges.com\/fr\/boutique\/vins\/robola-de-cephalonie-vino-di-sasso-sclavos-dne-2019-75cl\/#breadcrumb","itemListElement":[{"@type":"ListItem","position":1,"name":"Accueil","item":"https:\/\/www.mesvendanges.com\/fr\/"},{"@type":"ListItem","position":2,"name":"Boutique","item":"https:\/\/www.mesvendanges.com\/fr\/boutique\/"},{"@type":"ListItem","position":3,"name":"ROBOLA DE CEPHALONIE VINO DI SASSO"}]}]}},"_links":{"self":[{"href":"https:\/\/www.mesvendanges.com\/fr\/wp-json\/wp\/v2\/product\/48409"}],"collection":[{"href":"https:\/\/www.mesvendanges.com\/fr\/wp-json\/wp\/v2\/product"}],"about":[{"href":"https:\/\/www.mesvendanges.com\/fr\/wp-json\/wp\/v2\/types\/product"}],"wp:featuredmedia":[{"embeddable":true,"href":"https:\/\/www.mesvendanges.com\/fr\/wp-json\/wp\/v2\/media\/48406"}],"wp:attachment":[{"href":"https:\/\/www.mesvendanges.com\/fr\/wp-json\/wp\/v2\/media?parent=48409"}],"wp:term":[{"taxonomy":"product_cat","embeddable":true,"href":"https:\/\/www.mesvendanges.com\/fr\/wp-json\/wp\/v2\/product_cat?post=48409"},{"taxonomy":"product_tag","embeddable":true,"href":"https:\/\/www.mesvendanges.com\/fr\/wp-json\/wp\/v2\/product_tag?post=48409"}],"curies":[{"name":"wp","href":"https:\/\/api.w.org\/{rel}","templated":true}]}}