{"id":48549,"date":"2022-08-02T17:40:15","date_gmt":"2022-08-02T15:40:15","guid":{"rendered":"https:\/\/www.mesvendanges.com\/shop\/non%20class\u00e9\/les-chaumes-3\/"},"modified":"2025-12-11T12:53:48","modified_gmt":"2025-12-11T11:53:48","slug":"les-chaumes-morey-coffinet-2020-75cl","status":"publish","type":"product","link":"https:\/\/www.mesvendanges.com\/fr\/boutique\/vins\/les-chaumes-morey-coffinet-2020-75cl\/","title":{"rendered":"LES CHAUMES"},"content":{"rendered":"<p>Le Chassagne-Montrachet Les Chaumes du domaine Morey-Coffinet est un climat &#8220;village&#8221; tout en charme et gourmandise. On y retrouve la d\u00e9licatesse a\u00e9rienne des grands pinots de la C\u00f4te de Beaune.<\/p>\n<p>Thibault Morey fait partie de cette jeune g\u00e9n\u00e9ration de vignerons bourguignons qui r\u00e9orientent les domaines familiaux, aussi bien en terme de culture que d&#8217;esth\u00e9tique de vins. Depuis son installation \u00e0 la suite de son p\u00e8re, Thibault a pass\u00e9 le domaine en biodynamie, rallong\u00e9 les \u00e9levages, diminu\u00e9 drastiquement le soufre (il n&#8217;en utilise plus \u00e0 la vendange). Aujourd&#8217;hui la pl\u00e9iade de magnifiques terroirs du domaine s&#8217;expriment avec \u00e9clat, avec des vins qui trouvent leur \u00e9quilibre entre pl\u00e9nitude et tension. L&#8217;\u00e9nergie, le salivant de vin n&#8217;enl\u00e8ve rien au plaisir du fruit, de l&#8217;expression aromatique, au d\u00e9tail. Des vins h\u00e9donistes \u00e0 souhait.<\/p>\n","protected":false},"excerpt":{"rendered":"<p>Le Chassagne-Montrachet Les Chaumes du domaine Morey-Coffinet est un climat &#8220;village&#8221; tout en charme et gourmandise. On y retrouve la d\u00e9licatesse a\u00e9rienne des grands pinots de la C\u00f4te de Beaune. Thibault Morey fait partie de cette jeune g\u00e9n\u00e9ration de vignerons bourguignons qui r\u00e9orientent les domaines familiaux, aussi bien en terme de culture que d&#8217;esth\u00e9tique de [&hellip;]<\/p>\n","protected":false},"featured_media":10464,"template":"","meta":[],"product_cat":[3736],"product_tag":[],"acf":[],"yoast_head":"<!-- This site is optimized with the Yoast SEO plugin v19.3 - https:\/\/yoast.com\/wordpress\/plugins\/seo\/ -->\n<title>LES CHAUMES - Mes Vendanges<\/title>\n<meta name=\"robots\" content=\"index, follow, max-snippet:-1, max-image-preview:large, max-video-preview:-1\" \/>\n<link rel=\"canonical\" href=\"https:\/\/www.mesvendanges.com\/fr\/boutique\/vins\/les-chaumes-morey-coffinet-2020-75cl\/\" \/>\n<meta property=\"og:locale\" content=\"fr_FR\" \/>\n<meta property=\"og:type\" content=\"article\" \/>\n<meta property=\"og:title\" content=\"LES CHAUMES - Mes Vendanges\" \/>\n<meta property=\"og:description\" content=\"Le Chassagne-Montrachet Les Chaumes du domaine Morey-Coffinet est un climat &#8220;village&#8221; tout en charme et gourmandise. On y retrouve la d\u00e9licatesse a\u00e9rienne des grands pinots de la C\u00f4te de Beaune. Thibault Morey fait partie de cette jeune g\u00e9n\u00e9ration de vignerons bourguignons qui r\u00e9orientent les domaines familiaux, aussi bien en terme de culture que d&#8217;esth\u00e9tique de [&hellip;]\" \/>\n<meta property=\"og:url\" content=\"https:\/\/www.mesvendanges.com\/fr\/boutique\/vins\/les-chaumes-morey-coffinet-2020-75cl\/\" \/>\n<meta property=\"og:site_name\" content=\"Mes Vendanges\" \/>\n<meta property=\"article:modified_time\" content=\"2025-12-11T11:53:48+00:00\" \/>\n<meta property=\"og:image\" content=\"https:\/\/www.mesvendanges.com\/wp-content\/uploads\/2022\/06\/morey-coffinet-dne-les-chaumes-chassagne-montrachet-2020-75cl-rouge-png.png\" \/>\n\t<meta property=\"og:image:width\" content=\"400\" \/>\n\t<meta property=\"og:image:height\" content=\"1500\" \/>\n\t<meta property=\"og:image:type\" content=\"image\/png\" \/>\n<meta name=\"twitter:card\" content=\"summary_large_image\" \/>\n<meta name=\"twitter:label1\" content=\"Dur\u00e9e de lecture estim\u00e9e\" \/>\n\t<meta name=\"twitter:data1\" content=\"1 minute\" \/>\n<script type=\"application\/ld+json\" class=\"yoast-schema-graph\">{\"@context\":\"https:\/\/schema.org\",\"@graph\":[{\"@type\":\"Organization\",\"@id\":\"https:\/\/www.mesvendanges.com\/en\/#organization\",\"name\":\"Mes Vendanges\",\"url\":\"https:\/\/www.mesvendanges.com\/en\/\",\"sameAs\":[],\"logo\":{\"@type\":\"ImageObject\",\"inLanguage\":\"fr-FR\",\"@id\":\"https:\/\/www.mesvendanges.com\/en\/#\/schema\/logo\/image\/\",\"url\":\"https:\/\/www.mesvendanges.com\/wp-content\/uploads\/2022\/02\/logo-mesvendanges.jpg\",\"contentUrl\":\"https:\/\/www.mesvendanges.com\/wp-content\/uploads\/2022\/02\/logo-mesvendanges.jpg\",\"width\":851,\"height\":260,\"caption\":\"Mes Vendanges\"},\"image\":{\"@id\":\"https:\/\/www.mesvendanges.com\/en\/#\/schema\/logo\/image\/\"}},{\"@type\":\"WebSite\",\"@id\":\"https:\/\/www.mesvendanges.com\/en\/#website\",\"url\":\"https:\/\/www.mesvendanges.com\/en\/\",\"name\":\"Mes Vendanges\",\"description\":\"Des journ\u00e9es enti\u00e8res dans les vignes\",\"publisher\":{\"@id\":\"https:\/\/www.mesvendanges.com\/en\/#organization\"},\"potentialAction\":[{\"@type\":\"SearchAction\",\"target\":{\"@type\":\"EntryPoint\",\"urlTemplate\":\"https:\/\/www.mesvendanges.com\/en\/?s={search_term_string}\"},\"query-input\":\"required name=search_term_string\"}],\"inLanguage\":\"fr-FR\"},{\"@type\":\"ImageObject\",\"inLanguage\":\"fr-FR\",\"@id\":\"https:\/\/www.mesvendanges.com\/fr\/boutique\/vins\/les-chaumes-morey-coffinet-2020-75cl\/#primaryimage\",\"url\":\"https:\/\/www.mesvendanges.com\/wp-content\/uploads\/2022\/06\/morey-coffinet-dne-les-chaumes-chassagne-montrachet-2020-75cl-rouge-png.png\",\"contentUrl\":\"https:\/\/www.mesvendanges.com\/wp-content\/uploads\/2022\/06\/morey-coffinet-dne-les-chaumes-chassagne-montrachet-2020-75cl-rouge-png.png\",\"width\":400,\"height\":1500},{\"@type\":\"WebPage\",\"@id\":\"https:\/\/www.mesvendanges.com\/fr\/boutique\/vins\/les-chaumes-morey-coffinet-2020-75cl\/\",\"url\":\"https:\/\/www.mesvendanges.com\/fr\/boutique\/vins\/les-chaumes-morey-coffinet-2020-75cl\/\",\"name\":\"LES CHAUMES - Mes Vendanges\",\"isPartOf\":{\"@id\":\"https:\/\/www.mesvendanges.com\/en\/#website\"},\"primaryImageOfPage\":{\"@id\":\"https:\/\/www.mesvendanges.com\/fr\/boutique\/vins\/les-chaumes-morey-coffinet-2020-75cl\/#primaryimage\"},\"datePublished\":\"2022-08-02T15:40:15+00:00\",\"dateModified\":\"2025-12-11T11:53:48+00:00\",\"breadcrumb\":{\"@id\":\"https:\/\/www.mesvendanges.com\/fr\/boutique\/vins\/les-chaumes-morey-coffinet-2020-75cl\/#breadcrumb\"},\"inLanguage\":\"fr-FR\",\"potentialAction\":[{\"@type\":\"ReadAction\",\"target\":[\"https:\/\/www.mesvendanges.com\/fr\/boutique\/vins\/les-chaumes-morey-coffinet-2020-75cl\/\"]}]},{\"@type\":\"BreadcrumbList\",\"@id\":\"https:\/\/www.mesvendanges.com\/fr\/boutique\/vins\/les-chaumes-morey-coffinet-2020-75cl\/#breadcrumb\",\"itemListElement\":[{\"@type\":\"ListItem\",\"position\":1,\"name\":\"Accueil\",\"item\":\"https:\/\/www.mesvendanges.com\/fr\/\"},{\"@type\":\"ListItem\",\"position\":2,\"name\":\"Boutique\",\"item\":\"https:\/\/www.mesvendanges.com\/fr\/boutique\/\"},{\"@type\":\"ListItem\",\"position\":3,\"name\":\"LES CHAUMES\"}]}]}<\/script>\n<!-- \/ Yoast SEO plugin. -->","yoast_head_json":{"title":"LES CHAUMES - Mes Vendanges","robots":{"index":"index","follow":"follow","max-snippet":"max-snippet:-1","max-image-preview":"max-image-preview:large","max-video-preview":"max-video-preview:-1"},"canonical":"https:\/\/www.mesvendanges.com\/fr\/boutique\/vins\/les-chaumes-morey-coffinet-2020-75cl\/","og_locale":"fr_FR","og_type":"article","og_title":"LES CHAUMES - Mes Vendanges","og_description":"Le Chassagne-Montrachet Les Chaumes du domaine Morey-Coffinet est un climat &#8220;village&#8221; tout en charme et gourmandise. On y retrouve la d\u00e9licatesse a\u00e9rienne des grands pinots de la C\u00f4te de Beaune. Thibault Morey fait partie de cette jeune g\u00e9n\u00e9ration de vignerons bourguignons qui r\u00e9orientent les domaines familiaux, aussi bien en terme de culture que d&#8217;esth\u00e9tique de [&hellip;]","og_url":"https:\/\/www.mesvendanges.com\/fr\/boutique\/vins\/les-chaumes-morey-coffinet-2020-75cl\/","og_site_name":"Mes Vendanges","article_modified_time":"2025-12-11T11:53:48+00:00","og_image":[{"width":400,"height":1500,"url":"https:\/\/www.mesvendanges.com\/wp-content\/uploads\/2022\/06\/morey-coffinet-dne-les-chaumes-chassagne-montrachet-2020-75cl-rouge-png.png","type":"image\/png"}],"twitter_card":"summary_large_image","twitter_misc":{"Dur\u00e9e de lecture estim\u00e9e":"1 minute"},"schema":{"@context":"https:\/\/schema.org","@graph":[{"@type":"Organization","@id":"https:\/\/www.mesvendanges.com\/en\/#organization","name":"Mes Vendanges","url":"https:\/\/www.mesvendanges.com\/en\/","sameAs":[],"logo":{"@type":"ImageObject","inLanguage":"fr-FR","@id":"https:\/\/www.mesvendanges.com\/en\/#\/schema\/logo\/image\/","url":"https:\/\/www.mesvendanges.com\/wp-content\/uploads\/2022\/02\/logo-mesvendanges.jpg","contentUrl":"https:\/\/www.mesvendanges.com\/wp-content\/uploads\/2022\/02\/logo-mesvendanges.jpg","width":851,"height":260,"caption":"Mes Vendanges"},"image":{"@id":"https:\/\/www.mesvendanges.com\/en\/#\/schema\/logo\/image\/"}},{"@type":"WebSite","@id":"https:\/\/www.mesvendanges.com\/en\/#website","url":"https:\/\/www.mesvendanges.com\/en\/","name":"Mes Vendanges","description":"Des journ\u00e9es enti\u00e8res dans les vignes","publisher":{"@id":"https:\/\/www.mesvendanges.com\/en\/#organization"},"potentialAction":[{"@type":"SearchAction","target":{"@type":"EntryPoint","urlTemplate":"https:\/\/www.mesvendanges.com\/en\/?s={search_term_string}"},"query-input":"required name=search_term_string"}],"inLanguage":"fr-FR"},{"@type":"ImageObject","inLanguage":"fr-FR","@id":"https:\/\/www.mesvendanges.com\/fr\/boutique\/vins\/les-chaumes-morey-coffinet-2020-75cl\/#primaryimage","url":"https:\/\/www.mesvendanges.com\/wp-content\/uploads\/2022\/06\/morey-coffinet-dne-les-chaumes-chassagne-montrachet-2020-75cl-rouge-png.png","contentUrl":"https:\/\/www.mesvendanges.com\/wp-content\/uploads\/2022\/06\/morey-coffinet-dne-les-chaumes-chassagne-montrachet-2020-75cl-rouge-png.png","width":400,"height":1500},{"@type":"WebPage","@id":"https:\/\/www.mesvendanges.com\/fr\/boutique\/vins\/les-chaumes-morey-coffinet-2020-75cl\/","url":"https:\/\/www.mesvendanges.com\/fr\/boutique\/vins\/les-chaumes-morey-coffinet-2020-75cl\/","name":"LES CHAUMES - Mes Vendanges","isPartOf":{"@id":"https:\/\/www.mesvendanges.com\/en\/#website"},"primaryImageOfPage":{"@id":"https:\/\/www.mesvendanges.com\/fr\/boutique\/vins\/les-chaumes-morey-coffinet-2020-75cl\/#primaryimage"},"datePublished":"2022-08-02T15:40:15+00:00","dateModified":"2025-12-11T11:53:48+00:00","breadcrumb":{"@id":"https:\/\/www.mesvendanges.com\/fr\/boutique\/vins\/les-chaumes-morey-coffinet-2020-75cl\/#breadcrumb"},"inLanguage":"fr-FR","potentialAction":[{"@type":"ReadAction","target":["https:\/\/www.mesvendanges.com\/fr\/boutique\/vins\/les-chaumes-morey-coffinet-2020-75cl\/"]}]},{"@type":"BreadcrumbList","@id":"https:\/\/www.mesvendanges.com\/fr\/boutique\/vins\/les-chaumes-morey-coffinet-2020-75cl\/#breadcrumb","itemListElement":[{"@type":"ListItem","position":1,"name":"Accueil","item":"https:\/\/www.mesvendanges.com\/fr\/"},{"@type":"ListItem","position":2,"name":"Boutique","item":"https:\/\/www.mesvendanges.com\/fr\/boutique\/"},{"@type":"ListItem","position":3,"name":"LES CHAUMES"}]}]}},"_links":{"self":[{"href":"https:\/\/www.mesvendanges.com\/fr\/wp-json\/wp\/v2\/product\/48549"}],"collection":[{"href":"https:\/\/www.mesvendanges.com\/fr\/wp-json\/wp\/v2\/product"}],"about":[{"href":"https:\/\/www.mesvendanges.com\/fr\/wp-json\/wp\/v2\/types\/product"}],"wp:featuredmedia":[{"embeddable":true,"href":"https:\/\/www.mesvendanges.com\/fr\/wp-json\/wp\/v2\/media\/10464"}],"wp:attachment":[{"href":"https:\/\/www.mesvendanges.com\/fr\/wp-json\/wp\/v2\/media?parent=48549"}],"wp:term":[{"taxonomy":"product_cat","embeddable":true,"href":"https:\/\/www.mesvendanges.com\/fr\/wp-json\/wp\/v2\/product_cat?post=48549"},{"taxonomy":"product_tag","embeddable":true,"href":"https:\/\/www.mesvendanges.com\/fr\/wp-json\/wp\/v2\/product_tag?post=48549"}],"curies":[{"name":"wp","href":"https:\/\/api.w.org\/{rel}","templated":true}]}}