{"id":48683,"date":"2022-08-02T17:42:25","date_gmt":"2022-08-02T15:42:25","guid":{"rendered":"https:\/\/www.mesvendanges.com\/shop\/non%20class\u00e9\/grain-arvine-de-fully-3\/"},"modified":"2025-04-03T15:49:39","modified_gmt":"2025-04-03T13:49:39","slug":"grain-arvine-de-fully-chappaz-marie-therese-2020-75cl","status":"publish","type":"product","link":"https:\/\/www.mesvendanges.com\/fr\/boutique\/vins\/grain-arvine-de-fully-chappaz-marie-therese-2020-75cl\/","title":{"rendered":"GRAIN ARVINE DE FULLY"},"content":{"rendered":"<p>Petite arvine de Fully sur les terroirs granitiques des Claives, des Epalins et des Seilles.<br \/>\n\u00ab Vif \u00bb est le premier mot qui vient \u00e0 l\u2019esprit en d\u00e9gustant cette petite arvine issue de nos plus beaux terroirs granitiques. Le premier nez est \u00e9tonnant avec cette pointe de violette et de rhubarbe, notes qui apr\u00e8s quelques instants laissent la place \u00e0 un subtil m\u00e9lange \u00ab p\u00e2tissier \u00bb. En bouche c\u2019est une ode au citron sous toutes ses formes et \u00e0 une finale toujours saline.<\/p>\n","protected":false},"excerpt":{"rendered":"<p>Petite arvine de Fully sur les terroirs granitiques des Claives, des Epalins et des Seilles. \u00ab Vif \u00bb est le premier mot qui vient \u00e0 l\u2019esprit en d\u00e9gustant cette petite arvine issue de nos plus beaux terroirs granitiques. Le premier nez est \u00e9tonnant avec cette pointe de violette et de rhubarbe, notes qui apr\u00e8s quelques [&hellip;]<\/p>\n","protected":false},"featured_media":85687,"template":"","meta":[],"product_cat":[3736],"product_tag":[],"acf":[],"yoast_head":"<!-- This site is optimized with the Yoast SEO plugin v19.3 - https:\/\/yoast.com\/wordpress\/plugins\/seo\/ -->\n<title>GRAIN ARVINE DE FULLY - Mes Vendanges<\/title>\n<meta name=\"robots\" content=\"index, follow, max-snippet:-1, max-image-preview:large, max-video-preview:-1\" \/>\n<link rel=\"canonical\" href=\"https:\/\/www.mesvendanges.com\/fr\/boutique\/vins\/grain-arvine-de-fully-chappaz-marie-therese-2020-75cl\/\" \/>\n<meta property=\"og:locale\" content=\"fr_FR\" \/>\n<meta property=\"og:type\" content=\"article\" \/>\n<meta property=\"og:title\" content=\"GRAIN ARVINE DE FULLY - Mes Vendanges\" \/>\n<meta property=\"og:description\" content=\"Petite arvine de Fully sur les terroirs granitiques des Claives, des Epalins et des Seilles. \u00ab Vif \u00bb est le premier mot qui vient \u00e0 l\u2019esprit en d\u00e9gustant cette petite arvine issue de nos plus beaux terroirs granitiques. Le premier nez est \u00e9tonnant avec cette pointe de violette et de rhubarbe, notes qui apr\u00e8s quelques [&hellip;]\" \/>\n<meta property=\"og:url\" content=\"https:\/\/www.mesvendanges.com\/fr\/boutique\/vins\/grain-arvine-de-fully-chappaz-marie-therese-2020-75cl\/\" \/>\n<meta property=\"og:site_name\" content=\"Mes Vendanges\" \/>\n<meta property=\"article:modified_time\" content=\"2025-04-03T13:49:39+00:00\" \/>\n<meta property=\"og:image\" content=\"https:\/\/www.mesvendanges.com\/wp-content\/uploads\/2025\/04\/chappaz-marie-therese-grain-arvine-de-fully-valais-2020-75cl-blanc-png.png\" \/>\n\t<meta property=\"og:image:width\" content=\"380\" \/>\n\t<meta property=\"og:image:height\" content=\"1500\" \/>\n\t<meta property=\"og:image:type\" content=\"image\/png\" \/>\n<meta name=\"twitter:card\" content=\"summary_large_image\" \/>\n<script type=\"application\/ld+json\" class=\"yoast-schema-graph\">{\"@context\":\"https:\/\/schema.org\",\"@graph\":[{\"@type\":\"Organization\",\"@id\":\"https:\/\/www.mesvendanges.com\/en\/#organization\",\"name\":\"Mes Vendanges\",\"url\":\"https:\/\/www.mesvendanges.com\/en\/\",\"sameAs\":[],\"logo\":{\"@type\":\"ImageObject\",\"inLanguage\":\"fr-FR\",\"@id\":\"https:\/\/www.mesvendanges.com\/en\/#\/schema\/logo\/image\/\",\"url\":\"https:\/\/www.mesvendanges.com\/wp-content\/uploads\/2022\/02\/logo-mesvendanges.jpg\",\"contentUrl\":\"https:\/\/www.mesvendanges.com\/wp-content\/uploads\/2022\/02\/logo-mesvendanges.jpg\",\"width\":851,\"height\":260,\"caption\":\"Mes Vendanges\"},\"image\":{\"@id\":\"https:\/\/www.mesvendanges.com\/en\/#\/schema\/logo\/image\/\"}},{\"@type\":\"WebSite\",\"@id\":\"https:\/\/www.mesvendanges.com\/en\/#website\",\"url\":\"https:\/\/www.mesvendanges.com\/en\/\",\"name\":\"Mes Vendanges\",\"description\":\"Des journ\u00e9es enti\u00e8res dans les vignes\",\"publisher\":{\"@id\":\"https:\/\/www.mesvendanges.com\/en\/#organization\"},\"potentialAction\":[{\"@type\":\"SearchAction\",\"target\":{\"@type\":\"EntryPoint\",\"urlTemplate\":\"https:\/\/www.mesvendanges.com\/en\/?s={search_term_string}\"},\"query-input\":\"required name=search_term_string\"}],\"inLanguage\":\"fr-FR\"},{\"@type\":\"ImageObject\",\"inLanguage\":\"fr-FR\",\"@id\":\"https:\/\/www.mesvendanges.com\/fr\/boutique\/vins\/grain-arvine-de-fully-chappaz-marie-therese-2020-75cl\/#primaryimage\",\"url\":\"https:\/\/www.mesvendanges.com\/wp-content\/uploads\/2025\/04\/chappaz-marie-therese-grain-arvine-de-fully-valais-2020-75cl-blanc-png.png\",\"contentUrl\":\"https:\/\/www.mesvendanges.com\/wp-content\/uploads\/2025\/04\/chappaz-marie-therese-grain-arvine-de-fully-valais-2020-75cl-blanc-png.png\",\"width\":380,\"height\":1500},{\"@type\":\"WebPage\",\"@id\":\"https:\/\/www.mesvendanges.com\/fr\/boutique\/vins\/grain-arvine-de-fully-chappaz-marie-therese-2020-75cl\/\",\"url\":\"https:\/\/www.mesvendanges.com\/fr\/boutique\/vins\/grain-arvine-de-fully-chappaz-marie-therese-2020-75cl\/\",\"name\":\"GRAIN ARVINE DE FULLY - Mes Vendanges\",\"isPartOf\":{\"@id\":\"https:\/\/www.mesvendanges.com\/en\/#website\"},\"primaryImageOfPage\":{\"@id\":\"https:\/\/www.mesvendanges.com\/fr\/boutique\/vins\/grain-arvine-de-fully-chappaz-marie-therese-2020-75cl\/#primaryimage\"},\"datePublished\":\"2022-08-02T15:42:25+00:00\",\"dateModified\":\"2025-04-03T13:49:39+00:00\",\"breadcrumb\":{\"@id\":\"https:\/\/www.mesvendanges.com\/fr\/boutique\/vins\/grain-arvine-de-fully-chappaz-marie-therese-2020-75cl\/#breadcrumb\"},\"inLanguage\":\"fr-FR\",\"potentialAction\":[{\"@type\":\"ReadAction\",\"target\":[\"https:\/\/www.mesvendanges.com\/fr\/boutique\/vins\/grain-arvine-de-fully-chappaz-marie-therese-2020-75cl\/\"]}]},{\"@type\":\"BreadcrumbList\",\"@id\":\"https:\/\/www.mesvendanges.com\/fr\/boutique\/vins\/grain-arvine-de-fully-chappaz-marie-therese-2020-75cl\/#breadcrumb\",\"itemListElement\":[{\"@type\":\"ListItem\",\"position\":1,\"name\":\"Accueil\",\"item\":\"https:\/\/www.mesvendanges.com\/fr\/\"},{\"@type\":\"ListItem\",\"position\":2,\"name\":\"Boutique\",\"item\":\"https:\/\/www.mesvendanges.com\/fr\/boutique\/\"},{\"@type\":\"ListItem\",\"position\":3,\"name\":\"GRAIN ARVINE DE FULLY\"}]}]}<\/script>\n<!-- \/ Yoast SEO plugin. -->","yoast_head_json":{"title":"GRAIN ARVINE DE FULLY - Mes Vendanges","robots":{"index":"index","follow":"follow","max-snippet":"max-snippet:-1","max-image-preview":"max-image-preview:large","max-video-preview":"max-video-preview:-1"},"canonical":"https:\/\/www.mesvendanges.com\/fr\/boutique\/vins\/grain-arvine-de-fully-chappaz-marie-therese-2020-75cl\/","og_locale":"fr_FR","og_type":"article","og_title":"GRAIN ARVINE DE FULLY - Mes Vendanges","og_description":"Petite arvine de Fully sur les terroirs granitiques des Claives, des Epalins et des Seilles. \u00ab Vif \u00bb est le premier mot qui vient \u00e0 l\u2019esprit en d\u00e9gustant cette petite arvine issue de nos plus beaux terroirs granitiques. Le premier nez est \u00e9tonnant avec cette pointe de violette et de rhubarbe, notes qui apr\u00e8s quelques [&hellip;]","og_url":"https:\/\/www.mesvendanges.com\/fr\/boutique\/vins\/grain-arvine-de-fully-chappaz-marie-therese-2020-75cl\/","og_site_name":"Mes Vendanges","article_modified_time":"2025-04-03T13:49:39+00:00","og_image":[{"width":380,"height":1500,"url":"https:\/\/www.mesvendanges.com\/wp-content\/uploads\/2025\/04\/chappaz-marie-therese-grain-arvine-de-fully-valais-2020-75cl-blanc-png.png","type":"image\/png"}],"twitter_card":"summary_large_image","schema":{"@context":"https:\/\/schema.org","@graph":[{"@type":"Organization","@id":"https:\/\/www.mesvendanges.com\/en\/#organization","name":"Mes Vendanges","url":"https:\/\/www.mesvendanges.com\/en\/","sameAs":[],"logo":{"@type":"ImageObject","inLanguage":"fr-FR","@id":"https:\/\/www.mesvendanges.com\/en\/#\/schema\/logo\/image\/","url":"https:\/\/www.mesvendanges.com\/wp-content\/uploads\/2022\/02\/logo-mesvendanges.jpg","contentUrl":"https:\/\/www.mesvendanges.com\/wp-content\/uploads\/2022\/02\/logo-mesvendanges.jpg","width":851,"height":260,"caption":"Mes Vendanges"},"image":{"@id":"https:\/\/www.mesvendanges.com\/en\/#\/schema\/logo\/image\/"}},{"@type":"WebSite","@id":"https:\/\/www.mesvendanges.com\/en\/#website","url":"https:\/\/www.mesvendanges.com\/en\/","name":"Mes Vendanges","description":"Des journ\u00e9es enti\u00e8res dans les vignes","publisher":{"@id":"https:\/\/www.mesvendanges.com\/en\/#organization"},"potentialAction":[{"@type":"SearchAction","target":{"@type":"EntryPoint","urlTemplate":"https:\/\/www.mesvendanges.com\/en\/?s={search_term_string}"},"query-input":"required name=search_term_string"}],"inLanguage":"fr-FR"},{"@type":"ImageObject","inLanguage":"fr-FR","@id":"https:\/\/www.mesvendanges.com\/fr\/boutique\/vins\/grain-arvine-de-fully-chappaz-marie-therese-2020-75cl\/#primaryimage","url":"https:\/\/www.mesvendanges.com\/wp-content\/uploads\/2025\/04\/chappaz-marie-therese-grain-arvine-de-fully-valais-2020-75cl-blanc-png.png","contentUrl":"https:\/\/www.mesvendanges.com\/wp-content\/uploads\/2025\/04\/chappaz-marie-therese-grain-arvine-de-fully-valais-2020-75cl-blanc-png.png","width":380,"height":1500},{"@type":"WebPage","@id":"https:\/\/www.mesvendanges.com\/fr\/boutique\/vins\/grain-arvine-de-fully-chappaz-marie-therese-2020-75cl\/","url":"https:\/\/www.mesvendanges.com\/fr\/boutique\/vins\/grain-arvine-de-fully-chappaz-marie-therese-2020-75cl\/","name":"GRAIN ARVINE DE FULLY - Mes Vendanges","isPartOf":{"@id":"https:\/\/www.mesvendanges.com\/en\/#website"},"primaryImageOfPage":{"@id":"https:\/\/www.mesvendanges.com\/fr\/boutique\/vins\/grain-arvine-de-fully-chappaz-marie-therese-2020-75cl\/#primaryimage"},"datePublished":"2022-08-02T15:42:25+00:00","dateModified":"2025-04-03T13:49:39+00:00","breadcrumb":{"@id":"https:\/\/www.mesvendanges.com\/fr\/boutique\/vins\/grain-arvine-de-fully-chappaz-marie-therese-2020-75cl\/#breadcrumb"},"inLanguage":"fr-FR","potentialAction":[{"@type":"ReadAction","target":["https:\/\/www.mesvendanges.com\/fr\/boutique\/vins\/grain-arvine-de-fully-chappaz-marie-therese-2020-75cl\/"]}]},{"@type":"BreadcrumbList","@id":"https:\/\/www.mesvendanges.com\/fr\/boutique\/vins\/grain-arvine-de-fully-chappaz-marie-therese-2020-75cl\/#breadcrumb","itemListElement":[{"@type":"ListItem","position":1,"name":"Accueil","item":"https:\/\/www.mesvendanges.com\/fr\/"},{"@type":"ListItem","position":2,"name":"Boutique","item":"https:\/\/www.mesvendanges.com\/fr\/boutique\/"},{"@type":"ListItem","position":3,"name":"GRAIN ARVINE DE FULLY"}]}]}},"_links":{"self":[{"href":"https:\/\/www.mesvendanges.com\/fr\/wp-json\/wp\/v2\/product\/48683"}],"collection":[{"href":"https:\/\/www.mesvendanges.com\/fr\/wp-json\/wp\/v2\/product"}],"about":[{"href":"https:\/\/www.mesvendanges.com\/fr\/wp-json\/wp\/v2\/types\/product"}],"wp:featuredmedia":[{"embeddable":true,"href":"https:\/\/www.mesvendanges.com\/fr\/wp-json\/wp\/v2\/media\/85687"}],"wp:attachment":[{"href":"https:\/\/www.mesvendanges.com\/fr\/wp-json\/wp\/v2\/media?parent=48683"}],"wp:term":[{"taxonomy":"product_cat","embeddable":true,"href":"https:\/\/www.mesvendanges.com\/fr\/wp-json\/wp\/v2\/product_cat?post=48683"},{"taxonomy":"product_tag","embeddable":true,"href":"https:\/\/www.mesvendanges.com\/fr\/wp-json\/wp\/v2\/product_tag?post=48683"}],"curies":[{"name":"wp","href":"https:\/\/api.w.org\/{rel}","templated":true}]}}