{"id":48733,"date":"2022-08-02T17:43:06","date_gmt":"2022-08-02T15:43:06","guid":{"rendered":"https:\/\/www.mesvendanges.com\/shop\/non%20class\u00e9\/sgarzon-teroldego-3\/"},"modified":"2026-03-16T09:47:49","modified_gmt":"2026-03-16T08:47:49","slug":"sgarzon-teroldego-foradori-2019-75cl","status":"publish","type":"product","link":"https:\/\/www.mesvendanges.com\/fr\/boutique\/vins\/sgarzon-teroldego-foradori-2019-75cl\/","title":{"rendered":"SGARZON TEROLDEGO"},"content":{"rendered":"<p>C&#8217;est la vitalit\u00e9 des vignes de ce terroir qui ont donn\u00e9 le nom de cette cuv\u00e9e, sgarzon signifiant &#8220;pousse de vigne&#8221;. Sur ce terroir le teroldego se d\u00e9veloppe tout en fra\u00eecheur et en d\u00e9licatesse. Une expression presque bourguignonne dans les saveurs, m\u00eame si la trame du c\u00e9page reste bien pr\u00e9sente, avec une fine trame tactile en contrepoint du fruit, apport\u00e9e entre autre par les longues mac\u00e9rations en amphores.<\/p>\n","protected":false},"excerpt":{"rendered":"<p>C&#8217;est la vitalit\u00e9 des vignes de ce terroir qui ont donn\u00e9 le nom de cette cuv\u00e9e, sgarzon signifiant &#8220;pousse de vigne&#8221;. Sur ce terroir le teroldego se d\u00e9veloppe tout en fra\u00eecheur et en d\u00e9licatesse. Une expression presque bourguignonne dans les saveurs, m\u00eame si la trame du c\u00e9page reste bien pr\u00e9sente, avec une fine trame tactile [&hellip;]<\/p>\n","protected":false},"featured_media":48729,"template":"","meta":[],"product_cat":[3736],"product_tag":[],"acf":[],"yoast_head":"<!-- This site is optimized with the Yoast SEO plugin v19.3 - https:\/\/yoast.com\/wordpress\/plugins\/seo\/ -->\n<title>SGARZON TEROLDEGO - Mes Vendanges<\/title>\n<meta name=\"robots\" content=\"index, follow, max-snippet:-1, max-image-preview:large, max-video-preview:-1\" \/>\n<link rel=\"canonical\" href=\"https:\/\/www.mesvendanges.com\/fr\/boutique\/vins\/sgarzon-teroldego-foradori-2019-75cl\/\" \/>\n<meta property=\"og:locale\" content=\"fr_FR\" \/>\n<meta property=\"og:type\" content=\"article\" \/>\n<meta property=\"og:title\" content=\"SGARZON TEROLDEGO - Mes Vendanges\" \/>\n<meta property=\"og:description\" content=\"C&#8217;est la vitalit\u00e9 des vignes de ce terroir qui ont donn\u00e9 le nom de cette cuv\u00e9e, sgarzon signifiant &#8220;pousse de vigne&#8221;. Sur ce terroir le teroldego se d\u00e9veloppe tout en fra\u00eecheur et en d\u00e9licatesse. Une expression presque bourguignonne dans les saveurs, m\u00eame si la trame du c\u00e9page reste bien pr\u00e9sente, avec une fine trame tactile [&hellip;]\" \/>\n<meta property=\"og:url\" content=\"https:\/\/www.mesvendanges.com\/fr\/boutique\/vins\/sgarzon-teroldego-foradori-2019-75cl\/\" \/>\n<meta property=\"og:site_name\" content=\"Mes Vendanges\" \/>\n<meta property=\"article:modified_time\" content=\"2026-03-16T08:47:49+00:00\" \/>\n<meta property=\"og:image\" content=\"https:\/\/www.mesvendanges.com\/wp-content\/uploads\/2022\/08\/foradori-sgarzon-teroldego-dolomiti-igt-2019-75cl-rouge-png.png\" \/>\n\t<meta property=\"og:image:width\" content=\"438\" \/>\n\t<meta property=\"og:image:height\" content=\"1500\" \/>\n\t<meta property=\"og:image:type\" content=\"image\/png\" \/>\n<meta name=\"twitter:card\" content=\"summary_large_image\" \/>\n<script type=\"application\/ld+json\" class=\"yoast-schema-graph\">{\"@context\":\"https:\/\/schema.org\",\"@graph\":[{\"@type\":\"Organization\",\"@id\":\"https:\/\/www.mesvendanges.com\/en\/#organization\",\"name\":\"Mes Vendanges\",\"url\":\"https:\/\/www.mesvendanges.com\/en\/\",\"sameAs\":[],\"logo\":{\"@type\":\"ImageObject\",\"inLanguage\":\"fr-FR\",\"@id\":\"https:\/\/www.mesvendanges.com\/en\/#\/schema\/logo\/image\/\",\"url\":\"https:\/\/www.mesvendanges.com\/wp-content\/uploads\/2022\/02\/logo-mesvendanges.jpg\",\"contentUrl\":\"https:\/\/www.mesvendanges.com\/wp-content\/uploads\/2022\/02\/logo-mesvendanges.jpg\",\"width\":851,\"height\":260,\"caption\":\"Mes Vendanges\"},\"image\":{\"@id\":\"https:\/\/www.mesvendanges.com\/en\/#\/schema\/logo\/image\/\"}},{\"@type\":\"WebSite\",\"@id\":\"https:\/\/www.mesvendanges.com\/en\/#website\",\"url\":\"https:\/\/www.mesvendanges.com\/en\/\",\"name\":\"Mes Vendanges\",\"description\":\"Des journ\u00e9es enti\u00e8res dans les vignes\",\"publisher\":{\"@id\":\"https:\/\/www.mesvendanges.com\/en\/#organization\"},\"potentialAction\":[{\"@type\":\"SearchAction\",\"target\":{\"@type\":\"EntryPoint\",\"urlTemplate\":\"https:\/\/www.mesvendanges.com\/en\/?s={search_term_string}\"},\"query-input\":\"required name=search_term_string\"}],\"inLanguage\":\"fr-FR\"},{\"@type\":\"ImageObject\",\"inLanguage\":\"fr-FR\",\"@id\":\"https:\/\/www.mesvendanges.com\/fr\/boutique\/vins\/sgarzon-teroldego-foradori-2019-75cl\/#primaryimage\",\"url\":\"https:\/\/www.mesvendanges.com\/wp-content\/uploads\/2022\/08\/foradori-sgarzon-teroldego-dolomiti-igt-2019-75cl-rouge-png.png\",\"contentUrl\":\"https:\/\/www.mesvendanges.com\/wp-content\/uploads\/2022\/08\/foradori-sgarzon-teroldego-dolomiti-igt-2019-75cl-rouge-png.png\",\"width\":438,\"height\":1500},{\"@type\":\"WebPage\",\"@id\":\"https:\/\/www.mesvendanges.com\/fr\/boutique\/vins\/sgarzon-teroldego-foradori-2019-75cl\/\",\"url\":\"https:\/\/www.mesvendanges.com\/fr\/boutique\/vins\/sgarzon-teroldego-foradori-2019-75cl\/\",\"name\":\"SGARZON TEROLDEGO - Mes Vendanges\",\"isPartOf\":{\"@id\":\"https:\/\/www.mesvendanges.com\/en\/#website\"},\"primaryImageOfPage\":{\"@id\":\"https:\/\/www.mesvendanges.com\/fr\/boutique\/vins\/sgarzon-teroldego-foradori-2019-75cl\/#primaryimage\"},\"datePublished\":\"2022-08-02T15:43:06+00:00\",\"dateModified\":\"2026-03-16T08:47:49+00:00\",\"breadcrumb\":{\"@id\":\"https:\/\/www.mesvendanges.com\/fr\/boutique\/vins\/sgarzon-teroldego-foradori-2019-75cl\/#breadcrumb\"},\"inLanguage\":\"fr-FR\",\"potentialAction\":[{\"@type\":\"ReadAction\",\"target\":[\"https:\/\/www.mesvendanges.com\/fr\/boutique\/vins\/sgarzon-teroldego-foradori-2019-75cl\/\"]}]},{\"@type\":\"BreadcrumbList\",\"@id\":\"https:\/\/www.mesvendanges.com\/fr\/boutique\/vins\/sgarzon-teroldego-foradori-2019-75cl\/#breadcrumb\",\"itemListElement\":[{\"@type\":\"ListItem\",\"position\":1,\"name\":\"Accueil\",\"item\":\"https:\/\/www.mesvendanges.com\/fr\/\"},{\"@type\":\"ListItem\",\"position\":2,\"name\":\"Boutique\",\"item\":\"https:\/\/www.mesvendanges.com\/fr\/boutique\/\"},{\"@type\":\"ListItem\",\"position\":3,\"name\":\"SGARZON TEROLDEGO\"}]}]}<\/script>\n<!-- \/ Yoast SEO plugin. -->","yoast_head_json":{"title":"SGARZON TEROLDEGO - Mes Vendanges","robots":{"index":"index","follow":"follow","max-snippet":"max-snippet:-1","max-image-preview":"max-image-preview:large","max-video-preview":"max-video-preview:-1"},"canonical":"https:\/\/www.mesvendanges.com\/fr\/boutique\/vins\/sgarzon-teroldego-foradori-2019-75cl\/","og_locale":"fr_FR","og_type":"article","og_title":"SGARZON TEROLDEGO - Mes Vendanges","og_description":"C&#8217;est la vitalit\u00e9 des vignes de ce terroir qui ont donn\u00e9 le nom de cette cuv\u00e9e, sgarzon signifiant &#8220;pousse de vigne&#8221;. Sur ce terroir le teroldego se d\u00e9veloppe tout en fra\u00eecheur et en d\u00e9licatesse. Une expression presque bourguignonne dans les saveurs, m\u00eame si la trame du c\u00e9page reste bien pr\u00e9sente, avec une fine trame tactile [&hellip;]","og_url":"https:\/\/www.mesvendanges.com\/fr\/boutique\/vins\/sgarzon-teroldego-foradori-2019-75cl\/","og_site_name":"Mes Vendanges","article_modified_time":"2026-03-16T08:47:49+00:00","og_image":[{"width":438,"height":1500,"url":"https:\/\/www.mesvendanges.com\/wp-content\/uploads\/2022\/08\/foradori-sgarzon-teroldego-dolomiti-igt-2019-75cl-rouge-png.png","type":"image\/png"}],"twitter_card":"summary_large_image","schema":{"@context":"https:\/\/schema.org","@graph":[{"@type":"Organization","@id":"https:\/\/www.mesvendanges.com\/en\/#organization","name":"Mes Vendanges","url":"https:\/\/www.mesvendanges.com\/en\/","sameAs":[],"logo":{"@type":"ImageObject","inLanguage":"fr-FR","@id":"https:\/\/www.mesvendanges.com\/en\/#\/schema\/logo\/image\/","url":"https:\/\/www.mesvendanges.com\/wp-content\/uploads\/2022\/02\/logo-mesvendanges.jpg","contentUrl":"https:\/\/www.mesvendanges.com\/wp-content\/uploads\/2022\/02\/logo-mesvendanges.jpg","width":851,"height":260,"caption":"Mes Vendanges"},"image":{"@id":"https:\/\/www.mesvendanges.com\/en\/#\/schema\/logo\/image\/"}},{"@type":"WebSite","@id":"https:\/\/www.mesvendanges.com\/en\/#website","url":"https:\/\/www.mesvendanges.com\/en\/","name":"Mes Vendanges","description":"Des journ\u00e9es enti\u00e8res dans les vignes","publisher":{"@id":"https:\/\/www.mesvendanges.com\/en\/#organization"},"potentialAction":[{"@type":"SearchAction","target":{"@type":"EntryPoint","urlTemplate":"https:\/\/www.mesvendanges.com\/en\/?s={search_term_string}"},"query-input":"required name=search_term_string"}],"inLanguage":"fr-FR"},{"@type":"ImageObject","inLanguage":"fr-FR","@id":"https:\/\/www.mesvendanges.com\/fr\/boutique\/vins\/sgarzon-teroldego-foradori-2019-75cl\/#primaryimage","url":"https:\/\/www.mesvendanges.com\/wp-content\/uploads\/2022\/08\/foradori-sgarzon-teroldego-dolomiti-igt-2019-75cl-rouge-png.png","contentUrl":"https:\/\/www.mesvendanges.com\/wp-content\/uploads\/2022\/08\/foradori-sgarzon-teroldego-dolomiti-igt-2019-75cl-rouge-png.png","width":438,"height":1500},{"@type":"WebPage","@id":"https:\/\/www.mesvendanges.com\/fr\/boutique\/vins\/sgarzon-teroldego-foradori-2019-75cl\/","url":"https:\/\/www.mesvendanges.com\/fr\/boutique\/vins\/sgarzon-teroldego-foradori-2019-75cl\/","name":"SGARZON TEROLDEGO - Mes Vendanges","isPartOf":{"@id":"https:\/\/www.mesvendanges.com\/en\/#website"},"primaryImageOfPage":{"@id":"https:\/\/www.mesvendanges.com\/fr\/boutique\/vins\/sgarzon-teroldego-foradori-2019-75cl\/#primaryimage"},"datePublished":"2022-08-02T15:43:06+00:00","dateModified":"2026-03-16T08:47:49+00:00","breadcrumb":{"@id":"https:\/\/www.mesvendanges.com\/fr\/boutique\/vins\/sgarzon-teroldego-foradori-2019-75cl\/#breadcrumb"},"inLanguage":"fr-FR","potentialAction":[{"@type":"ReadAction","target":["https:\/\/www.mesvendanges.com\/fr\/boutique\/vins\/sgarzon-teroldego-foradori-2019-75cl\/"]}]},{"@type":"BreadcrumbList","@id":"https:\/\/www.mesvendanges.com\/fr\/boutique\/vins\/sgarzon-teroldego-foradori-2019-75cl\/#breadcrumb","itemListElement":[{"@type":"ListItem","position":1,"name":"Accueil","item":"https:\/\/www.mesvendanges.com\/fr\/"},{"@type":"ListItem","position":2,"name":"Boutique","item":"https:\/\/www.mesvendanges.com\/fr\/boutique\/"},{"@type":"ListItem","position":3,"name":"SGARZON TEROLDEGO"}]}]}},"_links":{"self":[{"href":"https:\/\/www.mesvendanges.com\/fr\/wp-json\/wp\/v2\/product\/48733"}],"collection":[{"href":"https:\/\/www.mesvendanges.com\/fr\/wp-json\/wp\/v2\/product"}],"about":[{"href":"https:\/\/www.mesvendanges.com\/fr\/wp-json\/wp\/v2\/types\/product"}],"wp:featuredmedia":[{"embeddable":true,"href":"https:\/\/www.mesvendanges.com\/fr\/wp-json\/wp\/v2\/media\/48729"}],"wp:attachment":[{"href":"https:\/\/www.mesvendanges.com\/fr\/wp-json\/wp\/v2\/media?parent=48733"}],"wp:term":[{"taxonomy":"product_cat","embeddable":true,"href":"https:\/\/www.mesvendanges.com\/fr\/wp-json\/wp\/v2\/product_cat?post=48733"},{"taxonomy":"product_tag","embeddable":true,"href":"https:\/\/www.mesvendanges.com\/fr\/wp-json\/wp\/v2\/product_tag?post=48733"}],"curies":[{"name":"wp","href":"https:\/\/api.w.org\/{rel}","templated":true}]}}