{"id":49014,"date":"2022-08-02T17:47:20","date_gmt":"2022-08-02T15:47:20","guid":{"rendered":"https:\/\/www.mesvendanges.com\/shop\/non%20class\u00e9\/brisefer\/"},"modified":"2026-01-20T11:27:33","modified_gmt":"2026-01-20T10:27:33","slug":"brisefer-dehours-nm-75cl","status":"publish","type":"product","link":"https:\/\/www.mesvendanges.com\/fr\/boutique\/vins\/brisefer-dehours-nm-75cl\/","title":{"rendered":"BRISEFER"},"content":{"rendered":"<p>Vigne de chardonnay plant\u00e9e en bas de c\u00f4te en 1947, 1966 et 1992. De faible pente (5%), expos\u00e9e au levant, compos\u00e9e d\u2019argiles s\u00e9dimentaires du sparnacien ayant subi une d\u00e9carbonatation en surface (tr\u00e8s faiblement calcaires\u2026 !).<br \/>\nR\u00e9serve perp\u00e9tuelle 2013 \u00e0 2017<br \/>\n1890 bouteilles produites<br \/>\nD\u00e9gorgement mai 2022<br \/>\ndosage 3gr\/l<\/p>\n","protected":false},"excerpt":{"rendered":"<p>Vigne de chardonnay plant\u00e9e en bas de c\u00f4te en 1947, 1966 et 1992. De faible pente (5%), expos\u00e9e au levant, compos\u00e9e d\u2019argiles s\u00e9dimentaires du sparnacien ayant subi une d\u00e9carbonatation en surface (tr\u00e8s faiblement calcaires\u2026 !). R\u00e9serve perp\u00e9tuelle 2013 \u00e0 2017 1890 bouteilles produites D\u00e9gorgement mai 2022 dosage 3gr\/l<\/p>\n","protected":false},"featured_media":86806,"template":"","meta":[],"product_cat":[3736],"product_tag":[],"acf":[],"yoast_head":"<!-- This site is optimized with the Yoast SEO plugin v19.3 - https:\/\/yoast.com\/wordpress\/plugins\/seo\/ -->\n<title>BRISEFER - Mes Vendanges<\/title>\n<meta name=\"robots\" content=\"index, follow, max-snippet:-1, max-image-preview:large, max-video-preview:-1\" \/>\n<link rel=\"canonical\" href=\"https:\/\/www.mesvendanges.com\/fr\/boutique\/vins\/brisefer-dehours-nm-75cl\/\" \/>\n<meta property=\"og:locale\" content=\"fr_FR\" \/>\n<meta property=\"og:type\" content=\"article\" \/>\n<meta property=\"og:title\" content=\"BRISEFER - Mes Vendanges\" \/>\n<meta property=\"og:description\" content=\"Vigne de chardonnay plant\u00e9e en bas de c\u00f4te en 1947, 1966 et 1992. De faible pente (5%), expos\u00e9e au levant, compos\u00e9e d\u2019argiles s\u00e9dimentaires du sparnacien ayant subi une d\u00e9carbonatation en surface (tr\u00e8s faiblement calcaires\u2026 !). R\u00e9serve perp\u00e9tuelle 2013 \u00e0 2017 1890 bouteilles produites D\u00e9gorgement mai 2022 dosage 3gr\/l\" \/>\n<meta property=\"og:url\" content=\"https:\/\/www.mesvendanges.com\/fr\/boutique\/vins\/brisefer-dehours-nm-75cl\/\" \/>\n<meta property=\"og:site_name\" content=\"Mes Vendanges\" \/>\n<meta property=\"article:modified_time\" content=\"2026-01-20T10:27:33+00:00\" \/>\n<meta property=\"og:image\" content=\"https:\/\/www.mesvendanges.com\/wp-content\/uploads\/2025\/05\/champagne-jerome-dehours-brisefer-png.png\" \/>\n\t<meta property=\"og:image:width\" content=\"421\" \/>\n\t<meta property=\"og:image:height\" content=\"1500\" \/>\n\t<meta property=\"og:image:type\" content=\"image\/png\" \/>\n<meta name=\"twitter:card\" content=\"summary_large_image\" \/>\n<script type=\"application\/ld+json\" class=\"yoast-schema-graph\">{\"@context\":\"https:\/\/schema.org\",\"@graph\":[{\"@type\":\"Organization\",\"@id\":\"https:\/\/www.mesvendanges.com\/en\/#organization\",\"name\":\"Mes Vendanges\",\"url\":\"https:\/\/www.mesvendanges.com\/en\/\",\"sameAs\":[],\"logo\":{\"@type\":\"ImageObject\",\"inLanguage\":\"fr-FR\",\"@id\":\"https:\/\/www.mesvendanges.com\/en\/#\/schema\/logo\/image\/\",\"url\":\"https:\/\/www.mesvendanges.com\/wp-content\/uploads\/2022\/02\/logo-mesvendanges.jpg\",\"contentUrl\":\"https:\/\/www.mesvendanges.com\/wp-content\/uploads\/2022\/02\/logo-mesvendanges.jpg\",\"width\":851,\"height\":260,\"caption\":\"Mes Vendanges\"},\"image\":{\"@id\":\"https:\/\/www.mesvendanges.com\/en\/#\/schema\/logo\/image\/\"}},{\"@type\":\"WebSite\",\"@id\":\"https:\/\/www.mesvendanges.com\/en\/#website\",\"url\":\"https:\/\/www.mesvendanges.com\/en\/\",\"name\":\"Mes Vendanges\",\"description\":\"Des journ\u00e9es enti\u00e8res dans les vignes\",\"publisher\":{\"@id\":\"https:\/\/www.mesvendanges.com\/en\/#organization\"},\"potentialAction\":[{\"@type\":\"SearchAction\",\"target\":{\"@type\":\"EntryPoint\",\"urlTemplate\":\"https:\/\/www.mesvendanges.com\/en\/?s={search_term_string}\"},\"query-input\":\"required name=search_term_string\"}],\"inLanguage\":\"fr-FR\"},{\"@type\":\"ImageObject\",\"inLanguage\":\"fr-FR\",\"@id\":\"https:\/\/www.mesvendanges.com\/fr\/boutique\/vins\/brisefer-dehours-nm-75cl\/#primaryimage\",\"url\":\"https:\/\/www.mesvendanges.com\/wp-content\/uploads\/2025\/05\/champagne-jerome-dehours-brisefer-png.png\",\"contentUrl\":\"https:\/\/www.mesvendanges.com\/wp-content\/uploads\/2025\/05\/champagne-jerome-dehours-brisefer-png.png\",\"width\":421,\"height\":1500},{\"@type\":\"WebPage\",\"@id\":\"https:\/\/www.mesvendanges.com\/fr\/boutique\/vins\/brisefer-dehours-nm-75cl\/\",\"url\":\"https:\/\/www.mesvendanges.com\/fr\/boutique\/vins\/brisefer-dehours-nm-75cl\/\",\"name\":\"BRISEFER - Mes Vendanges\",\"isPartOf\":{\"@id\":\"https:\/\/www.mesvendanges.com\/en\/#website\"},\"primaryImageOfPage\":{\"@id\":\"https:\/\/www.mesvendanges.com\/fr\/boutique\/vins\/brisefer-dehours-nm-75cl\/#primaryimage\"},\"datePublished\":\"2022-08-02T15:47:20+00:00\",\"dateModified\":\"2026-01-20T10:27:33+00:00\",\"breadcrumb\":{\"@id\":\"https:\/\/www.mesvendanges.com\/fr\/boutique\/vins\/brisefer-dehours-nm-75cl\/#breadcrumb\"},\"inLanguage\":\"fr-FR\",\"potentialAction\":[{\"@type\":\"ReadAction\",\"target\":[\"https:\/\/www.mesvendanges.com\/fr\/boutique\/vins\/brisefer-dehours-nm-75cl\/\"]}]},{\"@type\":\"BreadcrumbList\",\"@id\":\"https:\/\/www.mesvendanges.com\/fr\/boutique\/vins\/brisefer-dehours-nm-75cl\/#breadcrumb\",\"itemListElement\":[{\"@type\":\"ListItem\",\"position\":1,\"name\":\"Accueil\",\"item\":\"https:\/\/www.mesvendanges.com\/fr\/\"},{\"@type\":\"ListItem\",\"position\":2,\"name\":\"Boutique\",\"item\":\"https:\/\/www.mesvendanges.com\/fr\/boutique\/\"},{\"@type\":\"ListItem\",\"position\":3,\"name\":\"BRISEFER\"}]}]}<\/script>\n<!-- \/ Yoast SEO plugin. -->","yoast_head_json":{"title":"BRISEFER - Mes Vendanges","robots":{"index":"index","follow":"follow","max-snippet":"max-snippet:-1","max-image-preview":"max-image-preview:large","max-video-preview":"max-video-preview:-1"},"canonical":"https:\/\/www.mesvendanges.com\/fr\/boutique\/vins\/brisefer-dehours-nm-75cl\/","og_locale":"fr_FR","og_type":"article","og_title":"BRISEFER - Mes Vendanges","og_description":"Vigne de chardonnay plant\u00e9e en bas de c\u00f4te en 1947, 1966 et 1992. De faible pente (5%), expos\u00e9e au levant, compos\u00e9e d\u2019argiles s\u00e9dimentaires du sparnacien ayant subi une d\u00e9carbonatation en surface (tr\u00e8s faiblement calcaires\u2026 !). R\u00e9serve perp\u00e9tuelle 2013 \u00e0 2017 1890 bouteilles produites D\u00e9gorgement mai 2022 dosage 3gr\/l","og_url":"https:\/\/www.mesvendanges.com\/fr\/boutique\/vins\/brisefer-dehours-nm-75cl\/","og_site_name":"Mes Vendanges","article_modified_time":"2026-01-20T10:27:33+00:00","og_image":[{"width":421,"height":1500,"url":"https:\/\/www.mesvendanges.com\/wp-content\/uploads\/2025\/05\/champagne-jerome-dehours-brisefer-png.png","type":"image\/png"}],"twitter_card":"summary_large_image","schema":{"@context":"https:\/\/schema.org","@graph":[{"@type":"Organization","@id":"https:\/\/www.mesvendanges.com\/en\/#organization","name":"Mes Vendanges","url":"https:\/\/www.mesvendanges.com\/en\/","sameAs":[],"logo":{"@type":"ImageObject","inLanguage":"fr-FR","@id":"https:\/\/www.mesvendanges.com\/en\/#\/schema\/logo\/image\/","url":"https:\/\/www.mesvendanges.com\/wp-content\/uploads\/2022\/02\/logo-mesvendanges.jpg","contentUrl":"https:\/\/www.mesvendanges.com\/wp-content\/uploads\/2022\/02\/logo-mesvendanges.jpg","width":851,"height":260,"caption":"Mes Vendanges"},"image":{"@id":"https:\/\/www.mesvendanges.com\/en\/#\/schema\/logo\/image\/"}},{"@type":"WebSite","@id":"https:\/\/www.mesvendanges.com\/en\/#website","url":"https:\/\/www.mesvendanges.com\/en\/","name":"Mes Vendanges","description":"Des journ\u00e9es enti\u00e8res dans les vignes","publisher":{"@id":"https:\/\/www.mesvendanges.com\/en\/#organization"},"potentialAction":[{"@type":"SearchAction","target":{"@type":"EntryPoint","urlTemplate":"https:\/\/www.mesvendanges.com\/en\/?s={search_term_string}"},"query-input":"required name=search_term_string"}],"inLanguage":"fr-FR"},{"@type":"ImageObject","inLanguage":"fr-FR","@id":"https:\/\/www.mesvendanges.com\/fr\/boutique\/vins\/brisefer-dehours-nm-75cl\/#primaryimage","url":"https:\/\/www.mesvendanges.com\/wp-content\/uploads\/2025\/05\/champagne-jerome-dehours-brisefer-png.png","contentUrl":"https:\/\/www.mesvendanges.com\/wp-content\/uploads\/2025\/05\/champagne-jerome-dehours-brisefer-png.png","width":421,"height":1500},{"@type":"WebPage","@id":"https:\/\/www.mesvendanges.com\/fr\/boutique\/vins\/brisefer-dehours-nm-75cl\/","url":"https:\/\/www.mesvendanges.com\/fr\/boutique\/vins\/brisefer-dehours-nm-75cl\/","name":"BRISEFER - Mes Vendanges","isPartOf":{"@id":"https:\/\/www.mesvendanges.com\/en\/#website"},"primaryImageOfPage":{"@id":"https:\/\/www.mesvendanges.com\/fr\/boutique\/vins\/brisefer-dehours-nm-75cl\/#primaryimage"},"datePublished":"2022-08-02T15:47:20+00:00","dateModified":"2026-01-20T10:27:33+00:00","breadcrumb":{"@id":"https:\/\/www.mesvendanges.com\/fr\/boutique\/vins\/brisefer-dehours-nm-75cl\/#breadcrumb"},"inLanguage":"fr-FR","potentialAction":[{"@type":"ReadAction","target":["https:\/\/www.mesvendanges.com\/fr\/boutique\/vins\/brisefer-dehours-nm-75cl\/"]}]},{"@type":"BreadcrumbList","@id":"https:\/\/www.mesvendanges.com\/fr\/boutique\/vins\/brisefer-dehours-nm-75cl\/#breadcrumb","itemListElement":[{"@type":"ListItem","position":1,"name":"Accueil","item":"https:\/\/www.mesvendanges.com\/fr\/"},{"@type":"ListItem","position":2,"name":"Boutique","item":"https:\/\/www.mesvendanges.com\/fr\/boutique\/"},{"@type":"ListItem","position":3,"name":"BRISEFER"}]}]}},"_links":{"self":[{"href":"https:\/\/www.mesvendanges.com\/fr\/wp-json\/wp\/v2\/product\/49014"}],"collection":[{"href":"https:\/\/www.mesvendanges.com\/fr\/wp-json\/wp\/v2\/product"}],"about":[{"href":"https:\/\/www.mesvendanges.com\/fr\/wp-json\/wp\/v2\/types\/product"}],"wp:featuredmedia":[{"embeddable":true,"href":"https:\/\/www.mesvendanges.com\/fr\/wp-json\/wp\/v2\/media\/86806"}],"wp:attachment":[{"href":"https:\/\/www.mesvendanges.com\/fr\/wp-json\/wp\/v2\/media?parent=49014"}],"wp:term":[{"taxonomy":"product_cat","embeddable":true,"href":"https:\/\/www.mesvendanges.com\/fr\/wp-json\/wp\/v2\/product_cat?post=49014"},{"taxonomy":"product_tag","embeddable":true,"href":"https:\/\/www.mesvendanges.com\/fr\/wp-json\/wp\/v2\/product_tag?post=49014"}],"curies":[{"name":"wp","href":"https:\/\/api.w.org\/{rel}","templated":true}]}}