{"id":49193,"date":"2022-08-02T17:50:00","date_gmt":"2022-08-02T15:50:00","guid":{"rendered":"https:\/\/www.mesvendanges.com\/shop\/non%20class\u00e9\/palistorti-2\/"},"modified":"2026-03-26T10:20:23","modified_gmt":"2026-03-26T09:20:23","slug":"palistorti-valgiano-tenuta-di-2020-75cl","status":"publish","type":"product","link":"https:\/\/www.mesvendanges.com\/fr\/boutique\/vins\/palistorti-valgiano-tenuta-di-2020-75cl\/","title":{"rendered":"PALISTORTI"},"content":{"rendered":"<p>Palistorti est un assemblage de 70% de Sangiovese, puis de syrah et de merlot. Bien qu&#8217;issu des jeunes vignes du domaine, c&#8217;est un vin qui poss\u00e8de beaucoup de caract\u00e8re. Une belle mati\u00e8re dense, typique du sangiovese, un fruit ample, avec de tr\u00e8s beaux tanins de peaux, parfaitement int\u00e9gr\u00e9s. Une \u00e9crite droite, pr\u00e9cise, avec une belle fra\u00eecheur en finale. Un vin \u00e0 croquer !<br \/>\nLe vin est \u00e9lev\u00e9 12 mois en barrique (5% de bois neuf) puis est affin\u00e9 6 mois en cuve ciment, pas de collage ni de filtration avant la mise.<\/p>\n","protected":false},"excerpt":{"rendered":"<p>Palistorti est un assemblage de 70% de Sangiovese, puis de syrah et de merlot. Bien qu&#8217;issu des jeunes vignes du domaine, c&#8217;est un vin qui poss\u00e8de beaucoup de caract\u00e8re. Une belle mati\u00e8re dense, typique du sangiovese, un fruit ample, avec de tr\u00e8s beaux tanins de peaux, parfaitement int\u00e9gr\u00e9s. Une \u00e9crite droite, pr\u00e9cise, avec une belle [&hellip;]<\/p>\n","protected":false},"featured_media":28982,"template":"","meta":[],"product_cat":[3736],"product_tag":[],"acf":[],"yoast_head":"<!-- This site is optimized with the Yoast SEO plugin v19.3 - https:\/\/yoast.com\/wordpress\/plugins\/seo\/ -->\n<title>PALISTORTI - Mes Vendanges<\/title>\n<meta name=\"robots\" content=\"index, follow, max-snippet:-1, max-image-preview:large, max-video-preview:-1\" \/>\n<link rel=\"canonical\" href=\"https:\/\/www.mesvendanges.com\/fr\/boutique\/vins\/palistorti-valgiano-tenuta-di-2020-75cl\/\" \/>\n<meta property=\"og:locale\" content=\"fr_FR\" \/>\n<meta property=\"og:type\" content=\"article\" \/>\n<meta property=\"og:title\" content=\"PALISTORTI - Mes Vendanges\" \/>\n<meta property=\"og:description\" content=\"Palistorti est un assemblage de 70% de Sangiovese, puis de syrah et de merlot. Bien qu&#8217;issu des jeunes vignes du domaine, c&#8217;est un vin qui poss\u00e8de beaucoup de caract\u00e8re. Une belle mati\u00e8re dense, typique du sangiovese, un fruit ample, avec de tr\u00e8s beaux tanins de peaux, parfaitement int\u00e9gr\u00e9s. Une \u00e9crite droite, pr\u00e9cise, avec une belle [&hellip;]\" \/>\n<meta property=\"og:url\" content=\"https:\/\/www.mesvendanges.com\/fr\/boutique\/vins\/palistorti-valgiano-tenuta-di-2020-75cl\/\" \/>\n<meta property=\"og:site_name\" content=\"Mes Vendanges\" \/>\n<meta property=\"article:modified_time\" content=\"2026-03-26T09:20:23+00:00\" \/>\n<meta property=\"og:image\" content=\"https:\/\/www.mesvendanges.com\/wp-content\/uploads\/2022\/07\/valgiano-tenuta-di-palistorti-colline-luchesi-doc-2020-75cl-rouge-png.png\" \/>\n\t<meta property=\"og:image:width\" content=\"379\" \/>\n\t<meta property=\"og:image:height\" content=\"1500\" \/>\n\t<meta property=\"og:image:type\" content=\"image\/png\" \/>\n<meta name=\"twitter:card\" content=\"summary_large_image\" \/>\n<script type=\"application\/ld+json\" class=\"yoast-schema-graph\">{\"@context\":\"https:\/\/schema.org\",\"@graph\":[{\"@type\":\"Organization\",\"@id\":\"https:\/\/www.mesvendanges.com\/en\/#organization\",\"name\":\"Mes Vendanges\",\"url\":\"https:\/\/www.mesvendanges.com\/en\/\",\"sameAs\":[],\"logo\":{\"@type\":\"ImageObject\",\"inLanguage\":\"fr-FR\",\"@id\":\"https:\/\/www.mesvendanges.com\/en\/#\/schema\/logo\/image\/\",\"url\":\"https:\/\/www.mesvendanges.com\/wp-content\/uploads\/2022\/02\/logo-mesvendanges.jpg\",\"contentUrl\":\"https:\/\/www.mesvendanges.com\/wp-content\/uploads\/2022\/02\/logo-mesvendanges.jpg\",\"width\":851,\"height\":260,\"caption\":\"Mes Vendanges\"},\"image\":{\"@id\":\"https:\/\/www.mesvendanges.com\/en\/#\/schema\/logo\/image\/\"}},{\"@type\":\"WebSite\",\"@id\":\"https:\/\/www.mesvendanges.com\/en\/#website\",\"url\":\"https:\/\/www.mesvendanges.com\/en\/\",\"name\":\"Mes Vendanges\",\"description\":\"Des journ\u00e9es enti\u00e8res dans les vignes\",\"publisher\":{\"@id\":\"https:\/\/www.mesvendanges.com\/en\/#organization\"},\"potentialAction\":[{\"@type\":\"SearchAction\",\"target\":{\"@type\":\"EntryPoint\",\"urlTemplate\":\"https:\/\/www.mesvendanges.com\/en\/?s={search_term_string}\"},\"query-input\":\"required name=search_term_string\"}],\"inLanguage\":\"fr-FR\"},{\"@type\":\"ImageObject\",\"inLanguage\":\"fr-FR\",\"@id\":\"https:\/\/www.mesvendanges.com\/fr\/boutique\/vins\/palistorti-valgiano-tenuta-di-2020-75cl\/#primaryimage\",\"url\":\"https:\/\/www.mesvendanges.com\/wp-content\/uploads\/2022\/07\/valgiano-tenuta-di-palistorti-colline-luchesi-doc-2020-75cl-rouge-png.png\",\"contentUrl\":\"https:\/\/www.mesvendanges.com\/wp-content\/uploads\/2022\/07\/valgiano-tenuta-di-palistorti-colline-luchesi-doc-2020-75cl-rouge-png.png\",\"width\":379,\"height\":1500},{\"@type\":\"WebPage\",\"@id\":\"https:\/\/www.mesvendanges.com\/fr\/boutique\/vins\/palistorti-valgiano-tenuta-di-2020-75cl\/\",\"url\":\"https:\/\/www.mesvendanges.com\/fr\/boutique\/vins\/palistorti-valgiano-tenuta-di-2020-75cl\/\",\"name\":\"PALISTORTI - Mes Vendanges\",\"isPartOf\":{\"@id\":\"https:\/\/www.mesvendanges.com\/en\/#website\"},\"primaryImageOfPage\":{\"@id\":\"https:\/\/www.mesvendanges.com\/fr\/boutique\/vins\/palistorti-valgiano-tenuta-di-2020-75cl\/#primaryimage\"},\"datePublished\":\"2022-08-02T15:50:00+00:00\",\"dateModified\":\"2026-03-26T09:20:23+00:00\",\"breadcrumb\":{\"@id\":\"https:\/\/www.mesvendanges.com\/fr\/boutique\/vins\/palistorti-valgiano-tenuta-di-2020-75cl\/#breadcrumb\"},\"inLanguage\":\"fr-FR\",\"potentialAction\":[{\"@type\":\"ReadAction\",\"target\":[\"https:\/\/www.mesvendanges.com\/fr\/boutique\/vins\/palistorti-valgiano-tenuta-di-2020-75cl\/\"]}]},{\"@type\":\"BreadcrumbList\",\"@id\":\"https:\/\/www.mesvendanges.com\/fr\/boutique\/vins\/palistorti-valgiano-tenuta-di-2020-75cl\/#breadcrumb\",\"itemListElement\":[{\"@type\":\"ListItem\",\"position\":1,\"name\":\"Accueil\",\"item\":\"https:\/\/www.mesvendanges.com\/fr\/\"},{\"@type\":\"ListItem\",\"position\":2,\"name\":\"Boutique\",\"item\":\"https:\/\/www.mesvendanges.com\/fr\/boutique\/\"},{\"@type\":\"ListItem\",\"position\":3,\"name\":\"PALISTORTI\"}]}]}<\/script>\n<!-- \/ Yoast SEO plugin. -->","yoast_head_json":{"title":"PALISTORTI - Mes Vendanges","robots":{"index":"index","follow":"follow","max-snippet":"max-snippet:-1","max-image-preview":"max-image-preview:large","max-video-preview":"max-video-preview:-1"},"canonical":"https:\/\/www.mesvendanges.com\/fr\/boutique\/vins\/palistorti-valgiano-tenuta-di-2020-75cl\/","og_locale":"fr_FR","og_type":"article","og_title":"PALISTORTI - Mes Vendanges","og_description":"Palistorti est un assemblage de 70% de Sangiovese, puis de syrah et de merlot. Bien qu&#8217;issu des jeunes vignes du domaine, c&#8217;est un vin qui poss\u00e8de beaucoup de caract\u00e8re. Une belle mati\u00e8re dense, typique du sangiovese, un fruit ample, avec de tr\u00e8s beaux tanins de peaux, parfaitement int\u00e9gr\u00e9s. Une \u00e9crite droite, pr\u00e9cise, avec une belle [&hellip;]","og_url":"https:\/\/www.mesvendanges.com\/fr\/boutique\/vins\/palistorti-valgiano-tenuta-di-2020-75cl\/","og_site_name":"Mes Vendanges","article_modified_time":"2026-03-26T09:20:23+00:00","og_image":[{"width":379,"height":1500,"url":"https:\/\/www.mesvendanges.com\/wp-content\/uploads\/2022\/07\/valgiano-tenuta-di-palistorti-colline-luchesi-doc-2020-75cl-rouge-png.png","type":"image\/png"}],"twitter_card":"summary_large_image","schema":{"@context":"https:\/\/schema.org","@graph":[{"@type":"Organization","@id":"https:\/\/www.mesvendanges.com\/en\/#organization","name":"Mes Vendanges","url":"https:\/\/www.mesvendanges.com\/en\/","sameAs":[],"logo":{"@type":"ImageObject","inLanguage":"fr-FR","@id":"https:\/\/www.mesvendanges.com\/en\/#\/schema\/logo\/image\/","url":"https:\/\/www.mesvendanges.com\/wp-content\/uploads\/2022\/02\/logo-mesvendanges.jpg","contentUrl":"https:\/\/www.mesvendanges.com\/wp-content\/uploads\/2022\/02\/logo-mesvendanges.jpg","width":851,"height":260,"caption":"Mes Vendanges"},"image":{"@id":"https:\/\/www.mesvendanges.com\/en\/#\/schema\/logo\/image\/"}},{"@type":"WebSite","@id":"https:\/\/www.mesvendanges.com\/en\/#website","url":"https:\/\/www.mesvendanges.com\/en\/","name":"Mes Vendanges","description":"Des journ\u00e9es enti\u00e8res dans les vignes","publisher":{"@id":"https:\/\/www.mesvendanges.com\/en\/#organization"},"potentialAction":[{"@type":"SearchAction","target":{"@type":"EntryPoint","urlTemplate":"https:\/\/www.mesvendanges.com\/en\/?s={search_term_string}"},"query-input":"required name=search_term_string"}],"inLanguage":"fr-FR"},{"@type":"ImageObject","inLanguage":"fr-FR","@id":"https:\/\/www.mesvendanges.com\/fr\/boutique\/vins\/palistorti-valgiano-tenuta-di-2020-75cl\/#primaryimage","url":"https:\/\/www.mesvendanges.com\/wp-content\/uploads\/2022\/07\/valgiano-tenuta-di-palistorti-colline-luchesi-doc-2020-75cl-rouge-png.png","contentUrl":"https:\/\/www.mesvendanges.com\/wp-content\/uploads\/2022\/07\/valgiano-tenuta-di-palistorti-colline-luchesi-doc-2020-75cl-rouge-png.png","width":379,"height":1500},{"@type":"WebPage","@id":"https:\/\/www.mesvendanges.com\/fr\/boutique\/vins\/palistorti-valgiano-tenuta-di-2020-75cl\/","url":"https:\/\/www.mesvendanges.com\/fr\/boutique\/vins\/palistorti-valgiano-tenuta-di-2020-75cl\/","name":"PALISTORTI - Mes Vendanges","isPartOf":{"@id":"https:\/\/www.mesvendanges.com\/en\/#website"},"primaryImageOfPage":{"@id":"https:\/\/www.mesvendanges.com\/fr\/boutique\/vins\/palistorti-valgiano-tenuta-di-2020-75cl\/#primaryimage"},"datePublished":"2022-08-02T15:50:00+00:00","dateModified":"2026-03-26T09:20:23+00:00","breadcrumb":{"@id":"https:\/\/www.mesvendanges.com\/fr\/boutique\/vins\/palistorti-valgiano-tenuta-di-2020-75cl\/#breadcrumb"},"inLanguage":"fr-FR","potentialAction":[{"@type":"ReadAction","target":["https:\/\/www.mesvendanges.com\/fr\/boutique\/vins\/palistorti-valgiano-tenuta-di-2020-75cl\/"]}]},{"@type":"BreadcrumbList","@id":"https:\/\/www.mesvendanges.com\/fr\/boutique\/vins\/palistorti-valgiano-tenuta-di-2020-75cl\/#breadcrumb","itemListElement":[{"@type":"ListItem","position":1,"name":"Accueil","item":"https:\/\/www.mesvendanges.com\/fr\/"},{"@type":"ListItem","position":2,"name":"Boutique","item":"https:\/\/www.mesvendanges.com\/fr\/boutique\/"},{"@type":"ListItem","position":3,"name":"PALISTORTI"}]}]}},"_links":{"self":[{"href":"https:\/\/www.mesvendanges.com\/fr\/wp-json\/wp\/v2\/product\/49193"}],"collection":[{"href":"https:\/\/www.mesvendanges.com\/fr\/wp-json\/wp\/v2\/product"}],"about":[{"href":"https:\/\/www.mesvendanges.com\/fr\/wp-json\/wp\/v2\/types\/product"}],"wp:featuredmedia":[{"embeddable":true,"href":"https:\/\/www.mesvendanges.com\/fr\/wp-json\/wp\/v2\/media\/28982"}],"wp:attachment":[{"href":"https:\/\/www.mesvendanges.com\/fr\/wp-json\/wp\/v2\/media?parent=49193"}],"wp:term":[{"taxonomy":"product_cat","embeddable":true,"href":"https:\/\/www.mesvendanges.com\/fr\/wp-json\/wp\/v2\/product_cat?post=49193"},{"taxonomy":"product_tag","embeddable":true,"href":"https:\/\/www.mesvendanges.com\/fr\/wp-json\/wp\/v2\/product_tag?post=49193"}],"curies":[{"name":"wp","href":"https:\/\/api.w.org\/{rel}","templated":true}]}}