{"id":49227,"date":"2022-08-02T17:50:35","date_gmt":"2022-08-02T15:50:35","guid":{"rendered":"https:\/\/www.mesvendanges.com\/shop\/non%20class\u00e9\/tenuta-di-valgiano-4\/"},"modified":"2026-03-26T10:20:25","modified_gmt":"2026-03-26T09:20:25","slug":"tenuta-di-valgiano-valgiano-tenuta-di-2014-75cl","status":"publish","type":"product","link":"https:\/\/www.mesvendanges.com\/fr\/boutique\/vins\/tenuta-di-valgiano-valgiano-tenuta-di-2014-75cl\/","title":{"rendered":"TENUTA DI VALGIANO"},"content":{"rendered":"<p>Voici le grand vin de la Tenuta di Valgiano. Issu de superbes terrasses \u00e0 230 m d&#8217;altitude, au sol de sable et d&#8217;aluvions sur socle calcaire, Valgiano est un vin de fort caract\u00e8re. Compos\u00e9 de 65 % de sangiovese compl\u00e9t\u00e9s de syrah et de merlot, ce vin s&#8217;impose par sa construction solide, pleine. A l&#8217;oppos\u00e9 du style ostentatoire des nouveaux toscans, ce vin n&#8217;a recours \u00e0 aucun artifice pour nous s\u00e9duire, il le fait uniquement par ce qu&#8217;il est : un grand vin, large, ample, au splendide fruit croquant, aux tanins abondants et d&#8217;un grain savoureux. L&#8217;allonge de sa bouche, sa tonicit\u00e9 en font un v\u00e9ritable vin de repas, de plaisir h\u00e9doniste. Une vraie merveille.<\/p>\n","protected":false},"excerpt":{"rendered":"<p>Voici le grand vin de la Tenuta di Valgiano. Issu de superbes terrasses \u00e0 230 m d&#8217;altitude, au sol de sable et d&#8217;aluvions sur socle calcaire, Valgiano est un vin de fort caract\u00e8re. Compos\u00e9 de 65 % de sangiovese compl\u00e9t\u00e9s de syrah et de merlot, ce vin s&#8217;impose par sa construction solide, pleine. A l&#8217;oppos\u00e9 [&hellip;]<\/p>\n","protected":false},"featured_media":29006,"template":"","meta":[],"product_cat":[3736],"product_tag":[],"acf":[],"yoast_head":"<!-- This site is optimized with the Yoast SEO plugin v19.3 - https:\/\/yoast.com\/wordpress\/plugins\/seo\/ -->\n<title>TENUTA DI VALGIANO - Mes Vendanges<\/title>\n<meta name=\"robots\" content=\"index, follow, max-snippet:-1, max-image-preview:large, max-video-preview:-1\" \/>\n<link rel=\"canonical\" href=\"https:\/\/www.mesvendanges.com\/fr\/boutique\/vins\/tenuta-di-valgiano-valgiano-tenuta-di-2014-75cl\/\" \/>\n<meta property=\"og:locale\" content=\"fr_FR\" \/>\n<meta property=\"og:type\" content=\"article\" \/>\n<meta property=\"og:title\" content=\"TENUTA DI VALGIANO - Mes Vendanges\" \/>\n<meta property=\"og:description\" content=\"Voici le grand vin de la Tenuta di Valgiano. Issu de superbes terrasses \u00e0 230 m d&#8217;altitude, au sol de sable et d&#8217;aluvions sur socle calcaire, Valgiano est un vin de fort caract\u00e8re. Compos\u00e9 de 65 % de sangiovese compl\u00e9t\u00e9s de syrah et de merlot, ce vin s&#8217;impose par sa construction solide, pleine. A l&#8217;oppos\u00e9 [&hellip;]\" \/>\n<meta property=\"og:url\" content=\"https:\/\/www.mesvendanges.com\/fr\/boutique\/vins\/tenuta-di-valgiano-valgiano-tenuta-di-2014-75cl\/\" \/>\n<meta property=\"og:site_name\" content=\"Mes Vendanges\" \/>\n<meta property=\"article:modified_time\" content=\"2026-03-26T09:20:25+00:00\" \/>\n<meta property=\"og:image\" content=\"https:\/\/www.mesvendanges.com\/wp-content\/uploads\/2022\/07\/valgiano-tenuta-di-tenuta-di-valgiano-doc-colline-luchesi-2014-75cl-rouge-png.png\" \/>\n\t<meta property=\"og:image:width\" content=\"411\" \/>\n\t<meta property=\"og:image:height\" content=\"1500\" \/>\n\t<meta property=\"og:image:type\" content=\"image\/png\" \/>\n<meta name=\"twitter:card\" content=\"summary_large_image\" \/>\n<meta name=\"twitter:label1\" content=\"Dur\u00e9e de lecture estim\u00e9e\" \/>\n\t<meta name=\"twitter:data1\" content=\"1 minute\" \/>\n<script type=\"application\/ld+json\" class=\"yoast-schema-graph\">{\"@context\":\"https:\/\/schema.org\",\"@graph\":[{\"@type\":\"Organization\",\"@id\":\"https:\/\/www.mesvendanges.com\/en\/#organization\",\"name\":\"Mes Vendanges\",\"url\":\"https:\/\/www.mesvendanges.com\/en\/\",\"sameAs\":[],\"logo\":{\"@type\":\"ImageObject\",\"inLanguage\":\"fr-FR\",\"@id\":\"https:\/\/www.mesvendanges.com\/en\/#\/schema\/logo\/image\/\",\"url\":\"https:\/\/www.mesvendanges.com\/wp-content\/uploads\/2022\/02\/logo-mesvendanges.jpg\",\"contentUrl\":\"https:\/\/www.mesvendanges.com\/wp-content\/uploads\/2022\/02\/logo-mesvendanges.jpg\",\"width\":851,\"height\":260,\"caption\":\"Mes Vendanges\"},\"image\":{\"@id\":\"https:\/\/www.mesvendanges.com\/en\/#\/schema\/logo\/image\/\"}},{\"@type\":\"WebSite\",\"@id\":\"https:\/\/www.mesvendanges.com\/en\/#website\",\"url\":\"https:\/\/www.mesvendanges.com\/en\/\",\"name\":\"Mes Vendanges\",\"description\":\"Des journ\u00e9es enti\u00e8res dans les vignes\",\"publisher\":{\"@id\":\"https:\/\/www.mesvendanges.com\/en\/#organization\"},\"potentialAction\":[{\"@type\":\"SearchAction\",\"target\":{\"@type\":\"EntryPoint\",\"urlTemplate\":\"https:\/\/www.mesvendanges.com\/en\/?s={search_term_string}\"},\"query-input\":\"required name=search_term_string\"}],\"inLanguage\":\"fr-FR\"},{\"@type\":\"ImageObject\",\"inLanguage\":\"fr-FR\",\"@id\":\"https:\/\/www.mesvendanges.com\/fr\/boutique\/vins\/tenuta-di-valgiano-valgiano-tenuta-di-2014-75cl\/#primaryimage\",\"url\":\"https:\/\/www.mesvendanges.com\/wp-content\/uploads\/2022\/07\/valgiano-tenuta-di-tenuta-di-valgiano-doc-colline-luchesi-2014-75cl-rouge-png.png\",\"contentUrl\":\"https:\/\/www.mesvendanges.com\/wp-content\/uploads\/2022\/07\/valgiano-tenuta-di-tenuta-di-valgiano-doc-colline-luchesi-2014-75cl-rouge-png.png\",\"width\":411,\"height\":1500},{\"@type\":\"WebPage\",\"@id\":\"https:\/\/www.mesvendanges.com\/fr\/boutique\/vins\/tenuta-di-valgiano-valgiano-tenuta-di-2014-75cl\/\",\"url\":\"https:\/\/www.mesvendanges.com\/fr\/boutique\/vins\/tenuta-di-valgiano-valgiano-tenuta-di-2014-75cl\/\",\"name\":\"TENUTA DI VALGIANO - Mes Vendanges\",\"isPartOf\":{\"@id\":\"https:\/\/www.mesvendanges.com\/en\/#website\"},\"primaryImageOfPage\":{\"@id\":\"https:\/\/www.mesvendanges.com\/fr\/boutique\/vins\/tenuta-di-valgiano-valgiano-tenuta-di-2014-75cl\/#primaryimage\"},\"datePublished\":\"2022-08-02T15:50:35+00:00\",\"dateModified\":\"2026-03-26T09:20:25+00:00\",\"breadcrumb\":{\"@id\":\"https:\/\/www.mesvendanges.com\/fr\/boutique\/vins\/tenuta-di-valgiano-valgiano-tenuta-di-2014-75cl\/#breadcrumb\"},\"inLanguage\":\"fr-FR\",\"potentialAction\":[{\"@type\":\"ReadAction\",\"target\":[\"https:\/\/www.mesvendanges.com\/fr\/boutique\/vins\/tenuta-di-valgiano-valgiano-tenuta-di-2014-75cl\/\"]}]},{\"@type\":\"BreadcrumbList\",\"@id\":\"https:\/\/www.mesvendanges.com\/fr\/boutique\/vins\/tenuta-di-valgiano-valgiano-tenuta-di-2014-75cl\/#breadcrumb\",\"itemListElement\":[{\"@type\":\"ListItem\",\"position\":1,\"name\":\"Accueil\",\"item\":\"https:\/\/www.mesvendanges.com\/fr\/\"},{\"@type\":\"ListItem\",\"position\":2,\"name\":\"Boutique\",\"item\":\"https:\/\/www.mesvendanges.com\/fr\/boutique\/\"},{\"@type\":\"ListItem\",\"position\":3,\"name\":\"TENUTA DI VALGIANO\"}]}]}<\/script>\n<!-- \/ Yoast SEO plugin. -->","yoast_head_json":{"title":"TENUTA DI VALGIANO - Mes Vendanges","robots":{"index":"index","follow":"follow","max-snippet":"max-snippet:-1","max-image-preview":"max-image-preview:large","max-video-preview":"max-video-preview:-1"},"canonical":"https:\/\/www.mesvendanges.com\/fr\/boutique\/vins\/tenuta-di-valgiano-valgiano-tenuta-di-2014-75cl\/","og_locale":"fr_FR","og_type":"article","og_title":"TENUTA DI VALGIANO - Mes Vendanges","og_description":"Voici le grand vin de la Tenuta di Valgiano. Issu de superbes terrasses \u00e0 230 m d&#8217;altitude, au sol de sable et d&#8217;aluvions sur socle calcaire, Valgiano est un vin de fort caract\u00e8re. Compos\u00e9 de 65 % de sangiovese compl\u00e9t\u00e9s de syrah et de merlot, ce vin s&#8217;impose par sa construction solide, pleine. A l&#8217;oppos\u00e9 [&hellip;]","og_url":"https:\/\/www.mesvendanges.com\/fr\/boutique\/vins\/tenuta-di-valgiano-valgiano-tenuta-di-2014-75cl\/","og_site_name":"Mes Vendanges","article_modified_time":"2026-03-26T09:20:25+00:00","og_image":[{"width":411,"height":1500,"url":"https:\/\/www.mesvendanges.com\/wp-content\/uploads\/2022\/07\/valgiano-tenuta-di-tenuta-di-valgiano-doc-colline-luchesi-2014-75cl-rouge-png.png","type":"image\/png"}],"twitter_card":"summary_large_image","twitter_misc":{"Dur\u00e9e de lecture estim\u00e9e":"1 minute"},"schema":{"@context":"https:\/\/schema.org","@graph":[{"@type":"Organization","@id":"https:\/\/www.mesvendanges.com\/en\/#organization","name":"Mes Vendanges","url":"https:\/\/www.mesvendanges.com\/en\/","sameAs":[],"logo":{"@type":"ImageObject","inLanguage":"fr-FR","@id":"https:\/\/www.mesvendanges.com\/en\/#\/schema\/logo\/image\/","url":"https:\/\/www.mesvendanges.com\/wp-content\/uploads\/2022\/02\/logo-mesvendanges.jpg","contentUrl":"https:\/\/www.mesvendanges.com\/wp-content\/uploads\/2022\/02\/logo-mesvendanges.jpg","width":851,"height":260,"caption":"Mes Vendanges"},"image":{"@id":"https:\/\/www.mesvendanges.com\/en\/#\/schema\/logo\/image\/"}},{"@type":"WebSite","@id":"https:\/\/www.mesvendanges.com\/en\/#website","url":"https:\/\/www.mesvendanges.com\/en\/","name":"Mes Vendanges","description":"Des journ\u00e9es enti\u00e8res dans les vignes","publisher":{"@id":"https:\/\/www.mesvendanges.com\/en\/#organization"},"potentialAction":[{"@type":"SearchAction","target":{"@type":"EntryPoint","urlTemplate":"https:\/\/www.mesvendanges.com\/en\/?s={search_term_string}"},"query-input":"required name=search_term_string"}],"inLanguage":"fr-FR"},{"@type":"ImageObject","inLanguage":"fr-FR","@id":"https:\/\/www.mesvendanges.com\/fr\/boutique\/vins\/tenuta-di-valgiano-valgiano-tenuta-di-2014-75cl\/#primaryimage","url":"https:\/\/www.mesvendanges.com\/wp-content\/uploads\/2022\/07\/valgiano-tenuta-di-tenuta-di-valgiano-doc-colline-luchesi-2014-75cl-rouge-png.png","contentUrl":"https:\/\/www.mesvendanges.com\/wp-content\/uploads\/2022\/07\/valgiano-tenuta-di-tenuta-di-valgiano-doc-colline-luchesi-2014-75cl-rouge-png.png","width":411,"height":1500},{"@type":"WebPage","@id":"https:\/\/www.mesvendanges.com\/fr\/boutique\/vins\/tenuta-di-valgiano-valgiano-tenuta-di-2014-75cl\/","url":"https:\/\/www.mesvendanges.com\/fr\/boutique\/vins\/tenuta-di-valgiano-valgiano-tenuta-di-2014-75cl\/","name":"TENUTA DI VALGIANO - Mes Vendanges","isPartOf":{"@id":"https:\/\/www.mesvendanges.com\/en\/#website"},"primaryImageOfPage":{"@id":"https:\/\/www.mesvendanges.com\/fr\/boutique\/vins\/tenuta-di-valgiano-valgiano-tenuta-di-2014-75cl\/#primaryimage"},"datePublished":"2022-08-02T15:50:35+00:00","dateModified":"2026-03-26T09:20:25+00:00","breadcrumb":{"@id":"https:\/\/www.mesvendanges.com\/fr\/boutique\/vins\/tenuta-di-valgiano-valgiano-tenuta-di-2014-75cl\/#breadcrumb"},"inLanguage":"fr-FR","potentialAction":[{"@type":"ReadAction","target":["https:\/\/www.mesvendanges.com\/fr\/boutique\/vins\/tenuta-di-valgiano-valgiano-tenuta-di-2014-75cl\/"]}]},{"@type":"BreadcrumbList","@id":"https:\/\/www.mesvendanges.com\/fr\/boutique\/vins\/tenuta-di-valgiano-valgiano-tenuta-di-2014-75cl\/#breadcrumb","itemListElement":[{"@type":"ListItem","position":1,"name":"Accueil","item":"https:\/\/www.mesvendanges.com\/fr\/"},{"@type":"ListItem","position":2,"name":"Boutique","item":"https:\/\/www.mesvendanges.com\/fr\/boutique\/"},{"@type":"ListItem","position":3,"name":"TENUTA DI VALGIANO"}]}]}},"_links":{"self":[{"href":"https:\/\/www.mesvendanges.com\/fr\/wp-json\/wp\/v2\/product\/49227"}],"collection":[{"href":"https:\/\/www.mesvendanges.com\/fr\/wp-json\/wp\/v2\/product"}],"about":[{"href":"https:\/\/www.mesvendanges.com\/fr\/wp-json\/wp\/v2\/types\/product"}],"wp:featuredmedia":[{"embeddable":true,"href":"https:\/\/www.mesvendanges.com\/fr\/wp-json\/wp\/v2\/media\/29006"}],"wp:attachment":[{"href":"https:\/\/www.mesvendanges.com\/fr\/wp-json\/wp\/v2\/media?parent=49227"}],"wp:term":[{"taxonomy":"product_cat","embeddable":true,"href":"https:\/\/www.mesvendanges.com\/fr\/wp-json\/wp\/v2\/product_cat?post=49227"},{"taxonomy":"product_tag","embeddable":true,"href":"https:\/\/www.mesvendanges.com\/fr\/wp-json\/wp\/v2\/product_tag?post=49227"}],"curies":[{"name":"wp","href":"https:\/\/api.w.org\/{rel}","templated":true}]}}