{"id":49330,"date":"2022-08-02T17:52:23","date_gmt":"2022-08-02T15:52:23","guid":{"rendered":"https:\/\/www.mesvendanges.com\/shop\/non%20class\u00e9\/outre-terre\/"},"modified":"2025-05-01T17:28:44","modified_gmt":"2025-05-01T15:28:44","slug":"outre-terre-roches-neuves-dne-des-2020-75cl","status":"publish","type":"product","link":"https:\/\/www.mesvendanges.com\/fr\/boutique\/vins\/outre-terre-roches-neuves-dne-des-2020-75cl\/","title":{"rendered":"OUTRE TERRE"},"content":{"rendered":"<p>Outre terre est une s\u00e9lections de cabernets francs \u00e9lev\u00e9s en amphores georgiennes (kvevri) de 8hl. Fermentation longue de 4 mois puis \u00e9levage de 12 mois en f\u00fbt, mise en bouteille sans suflitage ni filtration, bouchage direct depuis la barrique.<br \/>\nUne expression s\u00e9veuse du cabernet franc, tr\u00e8s belle aromatique, sur les peaux, parfum profond, ennivrant. La bouche est juteuse, avec beaucoup de caract\u00e8re. Une bouteille \u00e9tonnante<\/p>\n","protected":false},"excerpt":{"rendered":"<p>Outre terre est une s\u00e9lections de cabernets francs \u00e9lev\u00e9s en amphores georgiennes (kvevri) de 8hl. Fermentation longue de 4 mois puis \u00e9levage de 12 mois en f\u00fbt, mise en bouteille sans suflitage ni filtration, bouchage direct depuis la barrique. Une expression s\u00e9veuse du cabernet franc, tr\u00e8s belle aromatique, sur les peaux, parfum profond, ennivrant. La [&hellip;]<\/p>\n","protected":false},"featured_media":29080,"template":"","meta":[],"product_cat":[3736],"product_tag":[],"acf":[],"yoast_head":"<!-- This site is optimized with the Yoast SEO plugin v19.3 - https:\/\/yoast.com\/wordpress\/plugins\/seo\/ -->\n<title>OUTRE TERRE - Mes Vendanges<\/title>\n<meta name=\"robots\" content=\"index, follow, max-snippet:-1, max-image-preview:large, max-video-preview:-1\" \/>\n<link rel=\"canonical\" href=\"https:\/\/www.mesvendanges.com\/fr\/boutique\/vins\/outre-terre-roches-neuves-dne-des-2020-75cl\/\" \/>\n<meta property=\"og:locale\" content=\"fr_FR\" \/>\n<meta property=\"og:type\" content=\"article\" \/>\n<meta property=\"og:title\" content=\"OUTRE TERRE - Mes Vendanges\" \/>\n<meta property=\"og:description\" content=\"Outre terre est une s\u00e9lections de cabernets francs \u00e9lev\u00e9s en amphores georgiennes (kvevri) de 8hl. Fermentation longue de 4 mois puis \u00e9levage de 12 mois en f\u00fbt, mise en bouteille sans suflitage ni filtration, bouchage direct depuis la barrique. Une expression s\u00e9veuse du cabernet franc, tr\u00e8s belle aromatique, sur les peaux, parfum profond, ennivrant. La [&hellip;]\" \/>\n<meta property=\"og:url\" content=\"https:\/\/www.mesvendanges.com\/fr\/boutique\/vins\/outre-terre-roches-neuves-dne-des-2020-75cl\/\" \/>\n<meta property=\"og:site_name\" content=\"Mes Vendanges\" \/>\n<meta property=\"article:modified_time\" content=\"2025-05-01T15:28:44+00:00\" \/>\n<meta property=\"og:image\" content=\"https:\/\/www.mesvendanges.com\/wp-content\/uploads\/2022\/07\/roches-neuves-dne-outre-terre-rouge-75cl-png.png\" \/>\n\t<meta property=\"og:image:width\" content=\"404\" \/>\n\t<meta property=\"og:image:height\" content=\"1500\" \/>\n\t<meta property=\"og:image:type\" content=\"image\/png\" \/>\n<meta name=\"twitter:card\" content=\"summary_large_image\" \/>\n<script type=\"application\/ld+json\" class=\"yoast-schema-graph\">{\"@context\":\"https:\/\/schema.org\",\"@graph\":[{\"@type\":\"Organization\",\"@id\":\"https:\/\/www.mesvendanges.com\/en\/#organization\",\"name\":\"Mes Vendanges\",\"url\":\"https:\/\/www.mesvendanges.com\/en\/\",\"sameAs\":[],\"logo\":{\"@type\":\"ImageObject\",\"inLanguage\":\"fr-FR\",\"@id\":\"https:\/\/www.mesvendanges.com\/en\/#\/schema\/logo\/image\/\",\"url\":\"https:\/\/www.mesvendanges.com\/wp-content\/uploads\/2022\/02\/logo-mesvendanges.jpg\",\"contentUrl\":\"https:\/\/www.mesvendanges.com\/wp-content\/uploads\/2022\/02\/logo-mesvendanges.jpg\",\"width\":851,\"height\":260,\"caption\":\"Mes Vendanges\"},\"image\":{\"@id\":\"https:\/\/www.mesvendanges.com\/en\/#\/schema\/logo\/image\/\"}},{\"@type\":\"WebSite\",\"@id\":\"https:\/\/www.mesvendanges.com\/en\/#website\",\"url\":\"https:\/\/www.mesvendanges.com\/en\/\",\"name\":\"Mes Vendanges\",\"description\":\"Des journ\u00e9es enti\u00e8res dans les vignes\",\"publisher\":{\"@id\":\"https:\/\/www.mesvendanges.com\/en\/#organization\"},\"potentialAction\":[{\"@type\":\"SearchAction\",\"target\":{\"@type\":\"EntryPoint\",\"urlTemplate\":\"https:\/\/www.mesvendanges.com\/en\/?s={search_term_string}\"},\"query-input\":\"required name=search_term_string\"}],\"inLanguage\":\"fr-FR\"},{\"@type\":\"ImageObject\",\"inLanguage\":\"fr-FR\",\"@id\":\"https:\/\/www.mesvendanges.com\/fr\/boutique\/vins\/outre-terre-roches-neuves-dne-des-2020-75cl\/#primaryimage\",\"url\":\"https:\/\/www.mesvendanges.com\/wp-content\/uploads\/2022\/07\/roches-neuves-dne-outre-terre-rouge-75cl-png.png\",\"contentUrl\":\"https:\/\/www.mesvendanges.com\/wp-content\/uploads\/2022\/07\/roches-neuves-dne-outre-terre-rouge-75cl-png.png\",\"width\":404,\"height\":1500},{\"@type\":\"WebPage\",\"@id\":\"https:\/\/www.mesvendanges.com\/fr\/boutique\/vins\/outre-terre-roches-neuves-dne-des-2020-75cl\/\",\"url\":\"https:\/\/www.mesvendanges.com\/fr\/boutique\/vins\/outre-terre-roches-neuves-dne-des-2020-75cl\/\",\"name\":\"OUTRE TERRE - Mes Vendanges\",\"isPartOf\":{\"@id\":\"https:\/\/www.mesvendanges.com\/en\/#website\"},\"primaryImageOfPage\":{\"@id\":\"https:\/\/www.mesvendanges.com\/fr\/boutique\/vins\/outre-terre-roches-neuves-dne-des-2020-75cl\/#primaryimage\"},\"datePublished\":\"2022-08-02T15:52:23+00:00\",\"dateModified\":\"2025-05-01T15:28:44+00:00\",\"breadcrumb\":{\"@id\":\"https:\/\/www.mesvendanges.com\/fr\/boutique\/vins\/outre-terre-roches-neuves-dne-des-2020-75cl\/#breadcrumb\"},\"inLanguage\":\"fr-FR\",\"potentialAction\":[{\"@type\":\"ReadAction\",\"target\":[\"https:\/\/www.mesvendanges.com\/fr\/boutique\/vins\/outre-terre-roches-neuves-dne-des-2020-75cl\/\"]}]},{\"@type\":\"BreadcrumbList\",\"@id\":\"https:\/\/www.mesvendanges.com\/fr\/boutique\/vins\/outre-terre-roches-neuves-dne-des-2020-75cl\/#breadcrumb\",\"itemListElement\":[{\"@type\":\"ListItem\",\"position\":1,\"name\":\"Accueil\",\"item\":\"https:\/\/www.mesvendanges.com\/fr\/\"},{\"@type\":\"ListItem\",\"position\":2,\"name\":\"Boutique\",\"item\":\"https:\/\/www.mesvendanges.com\/fr\/boutique\/\"},{\"@type\":\"ListItem\",\"position\":3,\"name\":\"OUTRE TERRE\"}]}]}<\/script>\n<!-- \/ Yoast SEO plugin. -->","yoast_head_json":{"title":"OUTRE TERRE - Mes Vendanges","robots":{"index":"index","follow":"follow","max-snippet":"max-snippet:-1","max-image-preview":"max-image-preview:large","max-video-preview":"max-video-preview:-1"},"canonical":"https:\/\/www.mesvendanges.com\/fr\/boutique\/vins\/outre-terre-roches-neuves-dne-des-2020-75cl\/","og_locale":"fr_FR","og_type":"article","og_title":"OUTRE TERRE - Mes Vendanges","og_description":"Outre terre est une s\u00e9lections de cabernets francs \u00e9lev\u00e9s en amphores georgiennes (kvevri) de 8hl. Fermentation longue de 4 mois puis \u00e9levage de 12 mois en f\u00fbt, mise en bouteille sans suflitage ni filtration, bouchage direct depuis la barrique. Une expression s\u00e9veuse du cabernet franc, tr\u00e8s belle aromatique, sur les peaux, parfum profond, ennivrant. La [&hellip;]","og_url":"https:\/\/www.mesvendanges.com\/fr\/boutique\/vins\/outre-terre-roches-neuves-dne-des-2020-75cl\/","og_site_name":"Mes Vendanges","article_modified_time":"2025-05-01T15:28:44+00:00","og_image":[{"width":404,"height":1500,"url":"https:\/\/www.mesvendanges.com\/wp-content\/uploads\/2022\/07\/roches-neuves-dne-outre-terre-rouge-75cl-png.png","type":"image\/png"}],"twitter_card":"summary_large_image","schema":{"@context":"https:\/\/schema.org","@graph":[{"@type":"Organization","@id":"https:\/\/www.mesvendanges.com\/en\/#organization","name":"Mes Vendanges","url":"https:\/\/www.mesvendanges.com\/en\/","sameAs":[],"logo":{"@type":"ImageObject","inLanguage":"fr-FR","@id":"https:\/\/www.mesvendanges.com\/en\/#\/schema\/logo\/image\/","url":"https:\/\/www.mesvendanges.com\/wp-content\/uploads\/2022\/02\/logo-mesvendanges.jpg","contentUrl":"https:\/\/www.mesvendanges.com\/wp-content\/uploads\/2022\/02\/logo-mesvendanges.jpg","width":851,"height":260,"caption":"Mes Vendanges"},"image":{"@id":"https:\/\/www.mesvendanges.com\/en\/#\/schema\/logo\/image\/"}},{"@type":"WebSite","@id":"https:\/\/www.mesvendanges.com\/en\/#website","url":"https:\/\/www.mesvendanges.com\/en\/","name":"Mes Vendanges","description":"Des journ\u00e9es enti\u00e8res dans les vignes","publisher":{"@id":"https:\/\/www.mesvendanges.com\/en\/#organization"},"potentialAction":[{"@type":"SearchAction","target":{"@type":"EntryPoint","urlTemplate":"https:\/\/www.mesvendanges.com\/en\/?s={search_term_string}"},"query-input":"required name=search_term_string"}],"inLanguage":"fr-FR"},{"@type":"ImageObject","inLanguage":"fr-FR","@id":"https:\/\/www.mesvendanges.com\/fr\/boutique\/vins\/outre-terre-roches-neuves-dne-des-2020-75cl\/#primaryimage","url":"https:\/\/www.mesvendanges.com\/wp-content\/uploads\/2022\/07\/roches-neuves-dne-outre-terre-rouge-75cl-png.png","contentUrl":"https:\/\/www.mesvendanges.com\/wp-content\/uploads\/2022\/07\/roches-neuves-dne-outre-terre-rouge-75cl-png.png","width":404,"height":1500},{"@type":"WebPage","@id":"https:\/\/www.mesvendanges.com\/fr\/boutique\/vins\/outre-terre-roches-neuves-dne-des-2020-75cl\/","url":"https:\/\/www.mesvendanges.com\/fr\/boutique\/vins\/outre-terre-roches-neuves-dne-des-2020-75cl\/","name":"OUTRE TERRE - Mes Vendanges","isPartOf":{"@id":"https:\/\/www.mesvendanges.com\/en\/#website"},"primaryImageOfPage":{"@id":"https:\/\/www.mesvendanges.com\/fr\/boutique\/vins\/outre-terre-roches-neuves-dne-des-2020-75cl\/#primaryimage"},"datePublished":"2022-08-02T15:52:23+00:00","dateModified":"2025-05-01T15:28:44+00:00","breadcrumb":{"@id":"https:\/\/www.mesvendanges.com\/fr\/boutique\/vins\/outre-terre-roches-neuves-dne-des-2020-75cl\/#breadcrumb"},"inLanguage":"fr-FR","potentialAction":[{"@type":"ReadAction","target":["https:\/\/www.mesvendanges.com\/fr\/boutique\/vins\/outre-terre-roches-neuves-dne-des-2020-75cl\/"]}]},{"@type":"BreadcrumbList","@id":"https:\/\/www.mesvendanges.com\/fr\/boutique\/vins\/outre-terre-roches-neuves-dne-des-2020-75cl\/#breadcrumb","itemListElement":[{"@type":"ListItem","position":1,"name":"Accueil","item":"https:\/\/www.mesvendanges.com\/fr\/"},{"@type":"ListItem","position":2,"name":"Boutique","item":"https:\/\/www.mesvendanges.com\/fr\/boutique\/"},{"@type":"ListItem","position":3,"name":"OUTRE TERRE"}]}]}},"_links":{"self":[{"href":"https:\/\/www.mesvendanges.com\/fr\/wp-json\/wp\/v2\/product\/49330"}],"collection":[{"href":"https:\/\/www.mesvendanges.com\/fr\/wp-json\/wp\/v2\/product"}],"about":[{"href":"https:\/\/www.mesvendanges.com\/fr\/wp-json\/wp\/v2\/types\/product"}],"wp:featuredmedia":[{"embeddable":true,"href":"https:\/\/www.mesvendanges.com\/fr\/wp-json\/wp\/v2\/media\/29080"}],"wp:attachment":[{"href":"https:\/\/www.mesvendanges.com\/fr\/wp-json\/wp\/v2\/media?parent=49330"}],"wp:term":[{"taxonomy":"product_cat","embeddable":true,"href":"https:\/\/www.mesvendanges.com\/fr\/wp-json\/wp\/v2\/product_cat?post=49330"},{"taxonomy":"product_tag","embeddable":true,"href":"https:\/\/www.mesvendanges.com\/fr\/wp-json\/wp\/v2\/product_tag?post=49330"}],"curies":[{"name":"wp","href":"https:\/\/api.w.org\/{rel}","templated":true}]}}