{"id":55695,"date":"2022-08-31T11:13:47","date_gmt":"2022-08-31T09:13:47","guid":{"rendered":"https:\/\/www.mesvendanges.com\/shop\/non%20class\u00e9\/siderolithe-2\/"},"modified":"2023-12-05T13:55:46","modified_gmt":"2023-12-05T12:55:46","slug":"siderolithe-cosse-maisonneuve-2019-75cl","status":"publish","type":"product","link":"https:\/\/www.mesvendanges.com\/fr\/boutique\/vins\/siderolithe-cosse-maisonneuve-2019-75cl\/","title":{"rendered":"SIDEROLITHE"},"content":{"rendered":"<p>Micro-cuv\u00e9e du domaine pur cabernet-franc, sur des argiles sid\u00e9rolithiques. Un des plus beaux cabernets francs que nous ayons go\u00fbt\u00e9. La profondeur du vin est stup\u00e9fiante, ainsi que sa pr\u00e9sence en bouche. Grande longueur, tanins \u00e9toff\u00e9s et complexit\u00e9 aromatique. Une tr\u00e8s belle bouteille.<\/p>\n","protected":false},"excerpt":{"rendered":"<p>Micro-cuv\u00e9e du domaine pur cabernet-franc, sur des argiles sid\u00e9rolithiques. Un des plus beaux cabernets francs que nous ayons go\u00fbt\u00e9. La profondeur du vin est stup\u00e9fiante, ainsi que sa pr\u00e9sence en bouche. Grande longueur, tanins \u00e9toff\u00e9s et complexit\u00e9 aromatique. Une tr\u00e8s belle bouteille.<\/p>\n","protected":false},"featured_media":55741,"template":"","meta":[],"product_cat":[3736],"product_tag":[],"acf":[],"yoast_head":"<!-- This site is optimized with the Yoast SEO plugin v19.3 - https:\/\/yoast.com\/wordpress\/plugins\/seo\/ -->\n<title>SIDEROLITHE - Mes Vendanges<\/title>\n<meta name=\"robots\" content=\"index, follow, max-snippet:-1, max-image-preview:large, max-video-preview:-1\" \/>\n<link rel=\"canonical\" href=\"https:\/\/www.mesvendanges.com\/fr\/boutique\/vins\/siderolithe-cosse-maisonneuve-2019-75cl\/\" \/>\n<meta property=\"og:locale\" content=\"fr_FR\" \/>\n<meta property=\"og:type\" content=\"article\" \/>\n<meta property=\"og:title\" content=\"SIDEROLITHE - Mes Vendanges\" \/>\n<meta property=\"og:description\" content=\"Micro-cuv\u00e9e du domaine pur cabernet-franc, sur des argiles sid\u00e9rolithiques. Un des plus beaux cabernets francs que nous ayons go\u00fbt\u00e9. La profondeur du vin est stup\u00e9fiante, ainsi que sa pr\u00e9sence en bouche. Grande longueur, tanins \u00e9toff\u00e9s et complexit\u00e9 aromatique. Une tr\u00e8s belle bouteille.\" \/>\n<meta property=\"og:url\" content=\"https:\/\/www.mesvendanges.com\/fr\/boutique\/vins\/siderolithe-cosse-maisonneuve-2019-75cl\/\" \/>\n<meta property=\"og:site_name\" content=\"Mes Vendanges\" \/>\n<meta property=\"article:modified_time\" content=\"2023-12-05T12:55:46+00:00\" \/>\n<meta property=\"og:image\" content=\"https:\/\/www.mesvendanges.com\/wp-content\/uploads\/2022\/08\/cosse-maisonneuve-siderolithe-vin-de-france-2019-75cl-rouge-png.png\" \/>\n\t<meta property=\"og:image:width\" content=\"420\" \/>\n\t<meta property=\"og:image:height\" content=\"1500\" \/>\n\t<meta property=\"og:image:type\" content=\"image\/png\" \/>\n<meta name=\"twitter:card\" content=\"summary_large_image\" \/>\n<script type=\"application\/ld+json\" class=\"yoast-schema-graph\">{\"@context\":\"https:\/\/schema.org\",\"@graph\":[{\"@type\":\"Organization\",\"@id\":\"https:\/\/www.mesvendanges.com\/en\/#organization\",\"name\":\"Mes Vendanges\",\"url\":\"https:\/\/www.mesvendanges.com\/en\/\",\"sameAs\":[],\"logo\":{\"@type\":\"ImageObject\",\"inLanguage\":\"fr-FR\",\"@id\":\"https:\/\/www.mesvendanges.com\/en\/#\/schema\/logo\/image\/\",\"url\":\"https:\/\/www.mesvendanges.com\/wp-content\/uploads\/2022\/02\/logo-mesvendanges.jpg\",\"contentUrl\":\"https:\/\/www.mesvendanges.com\/wp-content\/uploads\/2022\/02\/logo-mesvendanges.jpg\",\"width\":851,\"height\":260,\"caption\":\"Mes Vendanges\"},\"image\":{\"@id\":\"https:\/\/www.mesvendanges.com\/en\/#\/schema\/logo\/image\/\"}},{\"@type\":\"WebSite\",\"@id\":\"https:\/\/www.mesvendanges.com\/en\/#website\",\"url\":\"https:\/\/www.mesvendanges.com\/en\/\",\"name\":\"Mes Vendanges\",\"description\":\"Des journ\u00e9es enti\u00e8res dans les vignes\",\"publisher\":{\"@id\":\"https:\/\/www.mesvendanges.com\/en\/#organization\"},\"potentialAction\":[{\"@type\":\"SearchAction\",\"target\":{\"@type\":\"EntryPoint\",\"urlTemplate\":\"https:\/\/www.mesvendanges.com\/en\/?s={search_term_string}\"},\"query-input\":\"required name=search_term_string\"}],\"inLanguage\":\"fr-FR\"},{\"@type\":\"ImageObject\",\"inLanguage\":\"fr-FR\",\"@id\":\"https:\/\/www.mesvendanges.com\/fr\/boutique\/vins\/siderolithe-cosse-maisonneuve-2019-75cl\/#primaryimage\",\"url\":\"https:\/\/www.mesvendanges.com\/wp-content\/uploads\/2022\/08\/cosse-maisonneuve-siderolithe-vin-de-france-2019-75cl-rouge-png.png\",\"contentUrl\":\"https:\/\/www.mesvendanges.com\/wp-content\/uploads\/2022\/08\/cosse-maisonneuve-siderolithe-vin-de-france-2019-75cl-rouge-png.png\",\"width\":420,\"height\":1500},{\"@type\":\"WebPage\",\"@id\":\"https:\/\/www.mesvendanges.com\/fr\/boutique\/vins\/siderolithe-cosse-maisonneuve-2019-75cl\/\",\"url\":\"https:\/\/www.mesvendanges.com\/fr\/boutique\/vins\/siderolithe-cosse-maisonneuve-2019-75cl\/\",\"name\":\"SIDEROLITHE - Mes Vendanges\",\"isPartOf\":{\"@id\":\"https:\/\/www.mesvendanges.com\/en\/#website\"},\"primaryImageOfPage\":{\"@id\":\"https:\/\/www.mesvendanges.com\/fr\/boutique\/vins\/siderolithe-cosse-maisonneuve-2019-75cl\/#primaryimage\"},\"datePublished\":\"2022-08-31T09:13:47+00:00\",\"dateModified\":\"2023-12-05T12:55:46+00:00\",\"breadcrumb\":{\"@id\":\"https:\/\/www.mesvendanges.com\/fr\/boutique\/vins\/siderolithe-cosse-maisonneuve-2019-75cl\/#breadcrumb\"},\"inLanguage\":\"fr-FR\",\"potentialAction\":[{\"@type\":\"ReadAction\",\"target\":[\"https:\/\/www.mesvendanges.com\/fr\/boutique\/vins\/siderolithe-cosse-maisonneuve-2019-75cl\/\"]}]},{\"@type\":\"BreadcrumbList\",\"@id\":\"https:\/\/www.mesvendanges.com\/fr\/boutique\/vins\/siderolithe-cosse-maisonneuve-2019-75cl\/#breadcrumb\",\"itemListElement\":[{\"@type\":\"ListItem\",\"position\":1,\"name\":\"Accueil\",\"item\":\"https:\/\/www.mesvendanges.com\/fr\/\"},{\"@type\":\"ListItem\",\"position\":2,\"name\":\"Boutique\",\"item\":\"https:\/\/www.mesvendanges.com\/fr\/boutique\/\"},{\"@type\":\"ListItem\",\"position\":3,\"name\":\"SIDEROLITHE\"}]}]}<\/script>\n<!-- \/ Yoast SEO plugin. -->","yoast_head_json":{"title":"SIDEROLITHE - Mes Vendanges","robots":{"index":"index","follow":"follow","max-snippet":"max-snippet:-1","max-image-preview":"max-image-preview:large","max-video-preview":"max-video-preview:-1"},"canonical":"https:\/\/www.mesvendanges.com\/fr\/boutique\/vins\/siderolithe-cosse-maisonneuve-2019-75cl\/","og_locale":"fr_FR","og_type":"article","og_title":"SIDEROLITHE - Mes Vendanges","og_description":"Micro-cuv\u00e9e du domaine pur cabernet-franc, sur des argiles sid\u00e9rolithiques. Un des plus beaux cabernets francs que nous ayons go\u00fbt\u00e9. La profondeur du vin est stup\u00e9fiante, ainsi que sa pr\u00e9sence en bouche. Grande longueur, tanins \u00e9toff\u00e9s et complexit\u00e9 aromatique. Une tr\u00e8s belle bouteille.","og_url":"https:\/\/www.mesvendanges.com\/fr\/boutique\/vins\/siderolithe-cosse-maisonneuve-2019-75cl\/","og_site_name":"Mes Vendanges","article_modified_time":"2023-12-05T12:55:46+00:00","og_image":[{"width":420,"height":1500,"url":"https:\/\/www.mesvendanges.com\/wp-content\/uploads\/2022\/08\/cosse-maisonneuve-siderolithe-vin-de-france-2019-75cl-rouge-png.png","type":"image\/png"}],"twitter_card":"summary_large_image","schema":{"@context":"https:\/\/schema.org","@graph":[{"@type":"Organization","@id":"https:\/\/www.mesvendanges.com\/en\/#organization","name":"Mes Vendanges","url":"https:\/\/www.mesvendanges.com\/en\/","sameAs":[],"logo":{"@type":"ImageObject","inLanguage":"fr-FR","@id":"https:\/\/www.mesvendanges.com\/en\/#\/schema\/logo\/image\/","url":"https:\/\/www.mesvendanges.com\/wp-content\/uploads\/2022\/02\/logo-mesvendanges.jpg","contentUrl":"https:\/\/www.mesvendanges.com\/wp-content\/uploads\/2022\/02\/logo-mesvendanges.jpg","width":851,"height":260,"caption":"Mes Vendanges"},"image":{"@id":"https:\/\/www.mesvendanges.com\/en\/#\/schema\/logo\/image\/"}},{"@type":"WebSite","@id":"https:\/\/www.mesvendanges.com\/en\/#website","url":"https:\/\/www.mesvendanges.com\/en\/","name":"Mes Vendanges","description":"Des journ\u00e9es enti\u00e8res dans les vignes","publisher":{"@id":"https:\/\/www.mesvendanges.com\/en\/#organization"},"potentialAction":[{"@type":"SearchAction","target":{"@type":"EntryPoint","urlTemplate":"https:\/\/www.mesvendanges.com\/en\/?s={search_term_string}"},"query-input":"required name=search_term_string"}],"inLanguage":"fr-FR"},{"@type":"ImageObject","inLanguage":"fr-FR","@id":"https:\/\/www.mesvendanges.com\/fr\/boutique\/vins\/siderolithe-cosse-maisonneuve-2019-75cl\/#primaryimage","url":"https:\/\/www.mesvendanges.com\/wp-content\/uploads\/2022\/08\/cosse-maisonneuve-siderolithe-vin-de-france-2019-75cl-rouge-png.png","contentUrl":"https:\/\/www.mesvendanges.com\/wp-content\/uploads\/2022\/08\/cosse-maisonneuve-siderolithe-vin-de-france-2019-75cl-rouge-png.png","width":420,"height":1500},{"@type":"WebPage","@id":"https:\/\/www.mesvendanges.com\/fr\/boutique\/vins\/siderolithe-cosse-maisonneuve-2019-75cl\/","url":"https:\/\/www.mesvendanges.com\/fr\/boutique\/vins\/siderolithe-cosse-maisonneuve-2019-75cl\/","name":"SIDEROLITHE - Mes Vendanges","isPartOf":{"@id":"https:\/\/www.mesvendanges.com\/en\/#website"},"primaryImageOfPage":{"@id":"https:\/\/www.mesvendanges.com\/fr\/boutique\/vins\/siderolithe-cosse-maisonneuve-2019-75cl\/#primaryimage"},"datePublished":"2022-08-31T09:13:47+00:00","dateModified":"2023-12-05T12:55:46+00:00","breadcrumb":{"@id":"https:\/\/www.mesvendanges.com\/fr\/boutique\/vins\/siderolithe-cosse-maisonneuve-2019-75cl\/#breadcrumb"},"inLanguage":"fr-FR","potentialAction":[{"@type":"ReadAction","target":["https:\/\/www.mesvendanges.com\/fr\/boutique\/vins\/siderolithe-cosse-maisonneuve-2019-75cl\/"]}]},{"@type":"BreadcrumbList","@id":"https:\/\/www.mesvendanges.com\/fr\/boutique\/vins\/siderolithe-cosse-maisonneuve-2019-75cl\/#breadcrumb","itemListElement":[{"@type":"ListItem","position":1,"name":"Accueil","item":"https:\/\/www.mesvendanges.com\/fr\/"},{"@type":"ListItem","position":2,"name":"Boutique","item":"https:\/\/www.mesvendanges.com\/fr\/boutique\/"},{"@type":"ListItem","position":3,"name":"SIDEROLITHE"}]}]}},"_links":{"self":[{"href":"https:\/\/www.mesvendanges.com\/fr\/wp-json\/wp\/v2\/product\/55695"}],"collection":[{"href":"https:\/\/www.mesvendanges.com\/fr\/wp-json\/wp\/v2\/product"}],"about":[{"href":"https:\/\/www.mesvendanges.com\/fr\/wp-json\/wp\/v2\/types\/product"}],"wp:featuredmedia":[{"embeddable":true,"href":"https:\/\/www.mesvendanges.com\/fr\/wp-json\/wp\/v2\/media\/55741"}],"wp:attachment":[{"href":"https:\/\/www.mesvendanges.com\/fr\/wp-json\/wp\/v2\/media?parent=55695"}],"wp:term":[{"taxonomy":"product_cat","embeddable":true,"href":"https:\/\/www.mesvendanges.com\/fr\/wp-json\/wp\/v2\/product_cat?post=55695"},{"taxonomy":"product_tag","embeddable":true,"href":"https:\/\/www.mesvendanges.com\/fr\/wp-json\/wp\/v2\/product_tag?post=55695"}],"curies":[{"name":"wp","href":"https:\/\/api.w.org\/{rel}","templated":true}]}}