{"id":58079,"date":"2022-09-07T16:11:06","date_gmt":"2022-09-07T14:11:06","guid":{"rendered":"https:\/\/www.mesvendanges.com\/shop\/non%20class\u00e9\/chaveyron-1422-saladin-domaine-2019-75cl\/"},"modified":"2026-03-18T15:02:12","modified_gmt":"2026-03-18T14:02:12","slug":"chaveyron-1422-saladin-domaine-2019-75cl","status":"publish","type":"product","link":"https:\/\/www.mesvendanges.com\/fr\/boutique\/vins\/chaveyron-1422-saladin-domaine-2019-75cl\/","title":{"rendered":"CHAVEYRON 1422"},"content":{"rendered":"<p>Nous entrons ici dans le royaume des belles syrahs, profondes, qui ne vont ni chercher la luxuriance, ni l&#8217;alcool, mais bien plut\u00f4t le raffinement des parfums, la d\u00e9finition florale sans exc\u00e8s, et la sapidit\u00e9 des jus. Une tr\u00e8s belle cuv\u00e9e qui appr\u00e9ciera un oubli en cave pour quelques ann\u00e9es<\/p>\n<p>\u00ab Chaveyron \u2013 1422 \u00bb est une s\u00e9lection de parcelle situ\u00e9e \u00e0 Saint Marcel d\u2019Ard\u00e8che. Les archives t\u00e9moignent qu\u2019en 1422, Raymond Saladin achetait un plantier de vigne au lieu dit \u00ab Chaveyron \u00bb. Un compoix dont la copie du XVII si\u00e8cle est conserv\u00e9e aux archives d\u00e9partementale de l\u2019Ard\u00e8che atteste : \u00ab Raymondi Saladini de Trihano Item unum planterium situun in Chalvayrono \u00bb. Depuis, les g\u00e9n\u00e9rations de paysans-vignerons se sont succ\u00e9d\u00e9es.<\/p>\n<p>Le terroir est constitu\u00e9 de terre \u00ab rouge \u00bb, ferreuse, parsem\u00e9e de galets roul\u00e9s. L\u2019exposition est orient\u00e9e Sud-Est en coteaux. Au nord, des ch\u00eanes, un \u00ab Clapas \u00bb (tas de pierre en patois) et une haie de hauts cypr\u00e8s prot\u00e8gent la parcelle. Le rendement atteint 28 hectolitres par hectare.<br \/>\nElevage de 9 mois en foudres.<\/p>\n","protected":false},"excerpt":{"rendered":"<p>Nous entrons ici dans le royaume des belles syrahs, profondes, qui ne vont ni chercher la luxuriance, ni l&#8217;alcool, mais bien plut\u00f4t le raffinement des parfums, la d\u00e9finition florale sans exc\u00e8s, et la sapidit\u00e9 des jus. Une tr\u00e8s belle cuv\u00e9e qui appr\u00e9ciera un oubli en cave pour quelques ann\u00e9es \u00ab Chaveyron \u2013 1422 \u00bb est [&hellip;]<\/p>\n","protected":false},"featured_media":87754,"template":"","meta":[],"product_cat":[3736],"product_tag":[],"acf":[],"yoast_head":"<!-- This site is optimized with the Yoast SEO plugin v19.3 - https:\/\/yoast.com\/wordpress\/plugins\/seo\/ -->\n<title>CHAVEYRON 1422 - Mes Vendanges<\/title>\n<meta name=\"robots\" content=\"index, follow, max-snippet:-1, max-image-preview:large, max-video-preview:-1\" \/>\n<link rel=\"canonical\" href=\"https:\/\/www.mesvendanges.com\/fr\/boutique\/vins\/chaveyron-1422-saladin-domaine-2019-75cl\/\" \/>\n<meta property=\"og:locale\" content=\"fr_FR\" \/>\n<meta property=\"og:type\" content=\"article\" \/>\n<meta property=\"og:title\" content=\"CHAVEYRON 1422 - Mes Vendanges\" \/>\n<meta property=\"og:description\" content=\"Nous entrons ici dans le royaume des belles syrahs, profondes, qui ne vont ni chercher la luxuriance, ni l&#8217;alcool, mais bien plut\u00f4t le raffinement des parfums, la d\u00e9finition florale sans exc\u00e8s, et la sapidit\u00e9 des jus. Une tr\u00e8s belle cuv\u00e9e qui appr\u00e9ciera un oubli en cave pour quelques ann\u00e9es \u00ab Chaveyron \u2013 1422 \u00bb est [&hellip;]\" \/>\n<meta property=\"og:url\" content=\"https:\/\/www.mesvendanges.com\/fr\/boutique\/vins\/chaveyron-1422-saladin-domaine-2019-75cl\/\" \/>\n<meta property=\"og:site_name\" content=\"Mes Vendanges\" \/>\n<meta property=\"article:modified_time\" content=\"2026-03-18T14:02:12+00:00\" \/>\n<meta property=\"og:image\" content=\"https:\/\/www.mesvendanges.com\/wp-content\/uploads\/2025\/05\/domaine-saladin-cotes-du-rhone-chaveyron-1422-png.png\" \/>\n\t<meta property=\"og:image:width\" content=\"485\" \/>\n\t<meta property=\"og:image:height\" content=\"1500\" \/>\n\t<meta property=\"og:image:type\" content=\"image\/png\" \/>\n<meta name=\"twitter:card\" content=\"summary_large_image\" \/>\n<meta name=\"twitter:label1\" content=\"Dur\u00e9e de lecture estim\u00e9e\" \/>\n\t<meta name=\"twitter:data1\" content=\"1 minute\" \/>\n<script type=\"application\/ld+json\" class=\"yoast-schema-graph\">{\"@context\":\"https:\/\/schema.org\",\"@graph\":[{\"@type\":\"Organization\",\"@id\":\"https:\/\/www.mesvendanges.com\/en\/#organization\",\"name\":\"Mes Vendanges\",\"url\":\"https:\/\/www.mesvendanges.com\/en\/\",\"sameAs\":[],\"logo\":{\"@type\":\"ImageObject\",\"inLanguage\":\"fr-FR\",\"@id\":\"https:\/\/www.mesvendanges.com\/en\/#\/schema\/logo\/image\/\",\"url\":\"https:\/\/www.mesvendanges.com\/wp-content\/uploads\/2022\/02\/logo-mesvendanges.jpg\",\"contentUrl\":\"https:\/\/www.mesvendanges.com\/wp-content\/uploads\/2022\/02\/logo-mesvendanges.jpg\",\"width\":851,\"height\":260,\"caption\":\"Mes Vendanges\"},\"image\":{\"@id\":\"https:\/\/www.mesvendanges.com\/en\/#\/schema\/logo\/image\/\"}},{\"@type\":\"WebSite\",\"@id\":\"https:\/\/www.mesvendanges.com\/en\/#website\",\"url\":\"https:\/\/www.mesvendanges.com\/en\/\",\"name\":\"Mes Vendanges\",\"description\":\"Des journ\u00e9es enti\u00e8res dans les vignes\",\"publisher\":{\"@id\":\"https:\/\/www.mesvendanges.com\/en\/#organization\"},\"potentialAction\":[{\"@type\":\"SearchAction\",\"target\":{\"@type\":\"EntryPoint\",\"urlTemplate\":\"https:\/\/www.mesvendanges.com\/en\/?s={search_term_string}\"},\"query-input\":\"required name=search_term_string\"}],\"inLanguage\":\"fr-FR\"},{\"@type\":\"ImageObject\",\"inLanguage\":\"fr-FR\",\"@id\":\"https:\/\/www.mesvendanges.com\/fr\/boutique\/vins\/chaveyron-1422-saladin-domaine-2019-75cl\/#primaryimage\",\"url\":\"https:\/\/www.mesvendanges.com\/wp-content\/uploads\/2025\/05\/domaine-saladin-cotes-du-rhone-chaveyron-1422-png.png\",\"contentUrl\":\"https:\/\/www.mesvendanges.com\/wp-content\/uploads\/2025\/05\/domaine-saladin-cotes-du-rhone-chaveyron-1422-png.png\",\"width\":485,\"height\":1500},{\"@type\":\"WebPage\",\"@id\":\"https:\/\/www.mesvendanges.com\/fr\/boutique\/vins\/chaveyron-1422-saladin-domaine-2019-75cl\/\",\"url\":\"https:\/\/www.mesvendanges.com\/fr\/boutique\/vins\/chaveyron-1422-saladin-domaine-2019-75cl\/\",\"name\":\"CHAVEYRON 1422 - Mes Vendanges\",\"isPartOf\":{\"@id\":\"https:\/\/www.mesvendanges.com\/en\/#website\"},\"primaryImageOfPage\":{\"@id\":\"https:\/\/www.mesvendanges.com\/fr\/boutique\/vins\/chaveyron-1422-saladin-domaine-2019-75cl\/#primaryimage\"},\"datePublished\":\"2022-09-07T14:11:06+00:00\",\"dateModified\":\"2026-03-18T14:02:12+00:00\",\"breadcrumb\":{\"@id\":\"https:\/\/www.mesvendanges.com\/fr\/boutique\/vins\/chaveyron-1422-saladin-domaine-2019-75cl\/#breadcrumb\"},\"inLanguage\":\"fr-FR\",\"potentialAction\":[{\"@type\":\"ReadAction\",\"target\":[\"https:\/\/www.mesvendanges.com\/fr\/boutique\/vins\/chaveyron-1422-saladin-domaine-2019-75cl\/\"]}]},{\"@type\":\"BreadcrumbList\",\"@id\":\"https:\/\/www.mesvendanges.com\/fr\/boutique\/vins\/chaveyron-1422-saladin-domaine-2019-75cl\/#breadcrumb\",\"itemListElement\":[{\"@type\":\"ListItem\",\"position\":1,\"name\":\"Accueil\",\"item\":\"https:\/\/www.mesvendanges.com\/fr\/\"},{\"@type\":\"ListItem\",\"position\":2,\"name\":\"Boutique\",\"item\":\"https:\/\/www.mesvendanges.com\/fr\/boutique\/\"},{\"@type\":\"ListItem\",\"position\":3,\"name\":\"CHAVEYRON 1422\"}]}]}<\/script>\n<!-- \/ Yoast SEO plugin. -->","yoast_head_json":{"title":"CHAVEYRON 1422 - Mes Vendanges","robots":{"index":"index","follow":"follow","max-snippet":"max-snippet:-1","max-image-preview":"max-image-preview:large","max-video-preview":"max-video-preview:-1"},"canonical":"https:\/\/www.mesvendanges.com\/fr\/boutique\/vins\/chaveyron-1422-saladin-domaine-2019-75cl\/","og_locale":"fr_FR","og_type":"article","og_title":"CHAVEYRON 1422 - Mes Vendanges","og_description":"Nous entrons ici dans le royaume des belles syrahs, profondes, qui ne vont ni chercher la luxuriance, ni l&#8217;alcool, mais bien plut\u00f4t le raffinement des parfums, la d\u00e9finition florale sans exc\u00e8s, et la sapidit\u00e9 des jus. Une tr\u00e8s belle cuv\u00e9e qui appr\u00e9ciera un oubli en cave pour quelques ann\u00e9es \u00ab Chaveyron \u2013 1422 \u00bb est [&hellip;]","og_url":"https:\/\/www.mesvendanges.com\/fr\/boutique\/vins\/chaveyron-1422-saladin-domaine-2019-75cl\/","og_site_name":"Mes Vendanges","article_modified_time":"2026-03-18T14:02:12+00:00","og_image":[{"width":485,"height":1500,"url":"https:\/\/www.mesvendanges.com\/wp-content\/uploads\/2025\/05\/domaine-saladin-cotes-du-rhone-chaveyron-1422-png.png","type":"image\/png"}],"twitter_card":"summary_large_image","twitter_misc":{"Dur\u00e9e de lecture estim\u00e9e":"1 minute"},"schema":{"@context":"https:\/\/schema.org","@graph":[{"@type":"Organization","@id":"https:\/\/www.mesvendanges.com\/en\/#organization","name":"Mes Vendanges","url":"https:\/\/www.mesvendanges.com\/en\/","sameAs":[],"logo":{"@type":"ImageObject","inLanguage":"fr-FR","@id":"https:\/\/www.mesvendanges.com\/en\/#\/schema\/logo\/image\/","url":"https:\/\/www.mesvendanges.com\/wp-content\/uploads\/2022\/02\/logo-mesvendanges.jpg","contentUrl":"https:\/\/www.mesvendanges.com\/wp-content\/uploads\/2022\/02\/logo-mesvendanges.jpg","width":851,"height":260,"caption":"Mes Vendanges"},"image":{"@id":"https:\/\/www.mesvendanges.com\/en\/#\/schema\/logo\/image\/"}},{"@type":"WebSite","@id":"https:\/\/www.mesvendanges.com\/en\/#website","url":"https:\/\/www.mesvendanges.com\/en\/","name":"Mes Vendanges","description":"Des journ\u00e9es enti\u00e8res dans les vignes","publisher":{"@id":"https:\/\/www.mesvendanges.com\/en\/#organization"},"potentialAction":[{"@type":"SearchAction","target":{"@type":"EntryPoint","urlTemplate":"https:\/\/www.mesvendanges.com\/en\/?s={search_term_string}"},"query-input":"required name=search_term_string"}],"inLanguage":"fr-FR"},{"@type":"ImageObject","inLanguage":"fr-FR","@id":"https:\/\/www.mesvendanges.com\/fr\/boutique\/vins\/chaveyron-1422-saladin-domaine-2019-75cl\/#primaryimage","url":"https:\/\/www.mesvendanges.com\/wp-content\/uploads\/2025\/05\/domaine-saladin-cotes-du-rhone-chaveyron-1422-png.png","contentUrl":"https:\/\/www.mesvendanges.com\/wp-content\/uploads\/2025\/05\/domaine-saladin-cotes-du-rhone-chaveyron-1422-png.png","width":485,"height":1500},{"@type":"WebPage","@id":"https:\/\/www.mesvendanges.com\/fr\/boutique\/vins\/chaveyron-1422-saladin-domaine-2019-75cl\/","url":"https:\/\/www.mesvendanges.com\/fr\/boutique\/vins\/chaveyron-1422-saladin-domaine-2019-75cl\/","name":"CHAVEYRON 1422 - Mes Vendanges","isPartOf":{"@id":"https:\/\/www.mesvendanges.com\/en\/#website"},"primaryImageOfPage":{"@id":"https:\/\/www.mesvendanges.com\/fr\/boutique\/vins\/chaveyron-1422-saladin-domaine-2019-75cl\/#primaryimage"},"datePublished":"2022-09-07T14:11:06+00:00","dateModified":"2026-03-18T14:02:12+00:00","breadcrumb":{"@id":"https:\/\/www.mesvendanges.com\/fr\/boutique\/vins\/chaveyron-1422-saladin-domaine-2019-75cl\/#breadcrumb"},"inLanguage":"fr-FR","potentialAction":[{"@type":"ReadAction","target":["https:\/\/www.mesvendanges.com\/fr\/boutique\/vins\/chaveyron-1422-saladin-domaine-2019-75cl\/"]}]},{"@type":"BreadcrumbList","@id":"https:\/\/www.mesvendanges.com\/fr\/boutique\/vins\/chaveyron-1422-saladin-domaine-2019-75cl\/#breadcrumb","itemListElement":[{"@type":"ListItem","position":1,"name":"Accueil","item":"https:\/\/www.mesvendanges.com\/fr\/"},{"@type":"ListItem","position":2,"name":"Boutique","item":"https:\/\/www.mesvendanges.com\/fr\/boutique\/"},{"@type":"ListItem","position":3,"name":"CHAVEYRON 1422"}]}]}},"_links":{"self":[{"href":"https:\/\/www.mesvendanges.com\/fr\/wp-json\/wp\/v2\/product\/58079"}],"collection":[{"href":"https:\/\/www.mesvendanges.com\/fr\/wp-json\/wp\/v2\/product"}],"about":[{"href":"https:\/\/www.mesvendanges.com\/fr\/wp-json\/wp\/v2\/types\/product"}],"wp:featuredmedia":[{"embeddable":true,"href":"https:\/\/www.mesvendanges.com\/fr\/wp-json\/wp\/v2\/media\/87754"}],"wp:attachment":[{"href":"https:\/\/www.mesvendanges.com\/fr\/wp-json\/wp\/v2\/media?parent=58079"}],"wp:term":[{"taxonomy":"product_cat","embeddable":true,"href":"https:\/\/www.mesvendanges.com\/fr\/wp-json\/wp\/v2\/product_cat?post=58079"},{"taxonomy":"product_tag","embeddable":true,"href":"https:\/\/www.mesvendanges.com\/fr\/wp-json\/wp\/v2\/product_tag?post=58079"}],"curies":[{"name":"wp","href":"https:\/\/api.w.org\/{rel}","templated":true}]}}