{"id":58085,"date":"2022-09-07T16:14:15","date_gmt":"2022-09-07T14:14:15","guid":{"rendered":"https:\/\/www.mesvendanges.com\/shop\/non%20class\u00e9\/haut-brissan-magnum-saladin-domaine-2020-150cl\/"},"modified":"2025-05-01T17:37:31","modified_gmt":"2025-05-01T15:37:31","slug":"haut-brissan-magnum-saladin-domaine-2020-150cl","status":"publish","type":"product","link":"https:\/\/www.mesvendanges.com\/fr\/boutique\/vins\/haut-brissan-magnum-saladin-domaine-2020-150cl\/","title":{"rendered":"HAUT-BRISSAN MAGNUM"},"content":{"rendered":"<p>En amoureux du grenache, nous ne pouvions \u00eatre insensible \u00e0 cette cuv\u00e9e qui d\u00e9veloppe toute la magie de ce c\u00e9page quand il est bien plant\u00e9 et maitris\u00e9 dans les rendements. La mat\u00fbrit\u00e9 apporte croquant et charnu au fruit, tandis que l&#8217;age des vignes donne du soyeux, de la profondeur au grain de tanin. C&#8217;est ample et fluide \u00e0 la fois. Un vin irr\u00e9sistible.<\/p>\n<p>Parcelle historique de la famille, le lieu-dit Haut Brissan est situ\u00e9 sur le plus haut plateau du village de Saint Marcel d\u2019Ard\u00e8che. Longtemps d\u00e9laiss\u00e9es, ces terres caillouteuses \u00e9taient abandonn\u00e9es au profit des plaines du bord du Rh\u00f4ne : plus faciles \u00e0 travailler. Et c\u2019est avec le cheval que Louis Saladin, son p\u00e8re Henri et son grand p\u00e8re Adrien ont redonn\u00e9 vie \u00e0 ce terroir oubli\u00e9.<br \/>\nLa parcelle est abrit\u00e9e de part et d\u2019autre de \u00ab Clapas \u00bb (tas de pierre amass\u00e9s par les paysans), de ch\u00eanes et de ch\u00e2taigniers. Ces hautes nappes alluviales du Rh\u00f4ne sont constitu\u00e9es de galets roul\u00e9s qui captent la chaleur le jour, la restituent \u00e0 la vigne la nuit, et forment une couche protectrice contre le Mistral et le gel. Les vignes sont \u00e2g\u00e9es de 50 ans. Elles furent les premi\u00e8res de l\u2019Ard\u00e8che m\u00e9ridionale \u00e0 entrer dans l\u2019aire d\u2019appellation C\u00f4tes-du-Rh\u00f4ne Villages. Le rendement est de 30 hectolitres par hectare.<br \/>\nElevage et vinification en cuves b\u00e9ton<\/p>\n","protected":false},"excerpt":{"rendered":"<p>En amoureux du grenache, nous ne pouvions \u00eatre insensible \u00e0 cette cuv\u00e9e qui d\u00e9veloppe toute la magie de ce c\u00e9page quand il est bien plant\u00e9 et maitris\u00e9 dans les rendements. La mat\u00fbrit\u00e9 apporte croquant et charnu au fruit, tandis que l&#8217;age des vignes donne du soyeux, de la profondeur au grain de tanin. C&#8217;est ample [&hellip;]<\/p>\n","protected":false},"featured_media":58119,"template":"","meta":[],"product_cat":[3736],"product_tag":[],"acf":[],"yoast_head":"<!-- This site is optimized with the Yoast SEO plugin v19.3 - https:\/\/yoast.com\/wordpress\/plugins\/seo\/ -->\n<title>HAUT-BRISSAN MAGNUM - Mes Vendanges<\/title>\n<meta name=\"robots\" content=\"index, follow, max-snippet:-1, max-image-preview:large, max-video-preview:-1\" \/>\n<link rel=\"canonical\" href=\"https:\/\/www.mesvendanges.com\/fr\/boutique\/vins\/haut-brissan-magnum-saladin-domaine-2020-150cl\/\" \/>\n<meta property=\"og:locale\" content=\"fr_FR\" \/>\n<meta property=\"og:type\" content=\"article\" \/>\n<meta property=\"og:title\" content=\"HAUT-BRISSAN MAGNUM - Mes Vendanges\" \/>\n<meta property=\"og:description\" content=\"En amoureux du grenache, nous ne pouvions \u00eatre insensible \u00e0 cette cuv\u00e9e qui d\u00e9veloppe toute la magie de ce c\u00e9page quand il est bien plant\u00e9 et maitris\u00e9 dans les rendements. La mat\u00fbrit\u00e9 apporte croquant et charnu au fruit, tandis que l&#8217;age des vignes donne du soyeux, de la profondeur au grain de tanin. C&#8217;est ample [&hellip;]\" \/>\n<meta property=\"og:url\" content=\"https:\/\/www.mesvendanges.com\/fr\/boutique\/vins\/haut-brissan-magnum-saladin-domaine-2020-150cl\/\" \/>\n<meta property=\"og:site_name\" content=\"Mes Vendanges\" \/>\n<meta property=\"article:modified_time\" content=\"2025-05-01T15:37:31+00:00\" \/>\n<meta property=\"og:image\" content=\"https:\/\/www.mesvendanges.com\/wp-content\/uploads\/2022\/09\/saladin-domaine-haut-brissan-magnum-vin-de-france-2020-150cl-rouge-png.png\" \/>\n\t<meta property=\"og:image:width\" content=\"443\" \/>\n\t<meta property=\"og:image:height\" content=\"1500\" \/>\n\t<meta property=\"og:image:type\" content=\"image\/png\" \/>\n<meta name=\"twitter:card\" content=\"summary_large_image\" \/>\n<meta name=\"twitter:label1\" content=\"Dur\u00e9e de lecture estim\u00e9e\" \/>\n\t<meta name=\"twitter:data1\" content=\"1 minute\" \/>\n<script type=\"application\/ld+json\" class=\"yoast-schema-graph\">{\"@context\":\"https:\/\/schema.org\",\"@graph\":[{\"@type\":\"Organization\",\"@id\":\"https:\/\/www.mesvendanges.com\/en\/#organization\",\"name\":\"Mes Vendanges\",\"url\":\"https:\/\/www.mesvendanges.com\/en\/\",\"sameAs\":[],\"logo\":{\"@type\":\"ImageObject\",\"inLanguage\":\"fr-FR\",\"@id\":\"https:\/\/www.mesvendanges.com\/en\/#\/schema\/logo\/image\/\",\"url\":\"https:\/\/www.mesvendanges.com\/wp-content\/uploads\/2022\/02\/logo-mesvendanges.jpg\",\"contentUrl\":\"https:\/\/www.mesvendanges.com\/wp-content\/uploads\/2022\/02\/logo-mesvendanges.jpg\",\"width\":851,\"height\":260,\"caption\":\"Mes Vendanges\"},\"image\":{\"@id\":\"https:\/\/www.mesvendanges.com\/en\/#\/schema\/logo\/image\/\"}},{\"@type\":\"WebSite\",\"@id\":\"https:\/\/www.mesvendanges.com\/en\/#website\",\"url\":\"https:\/\/www.mesvendanges.com\/en\/\",\"name\":\"Mes Vendanges\",\"description\":\"Des journ\u00e9es enti\u00e8res dans les vignes\",\"publisher\":{\"@id\":\"https:\/\/www.mesvendanges.com\/en\/#organization\"},\"potentialAction\":[{\"@type\":\"SearchAction\",\"target\":{\"@type\":\"EntryPoint\",\"urlTemplate\":\"https:\/\/www.mesvendanges.com\/en\/?s={search_term_string}\"},\"query-input\":\"required name=search_term_string\"}],\"inLanguage\":\"fr-FR\"},{\"@type\":\"ImageObject\",\"inLanguage\":\"fr-FR\",\"@id\":\"https:\/\/www.mesvendanges.com\/fr\/boutique\/vins\/haut-brissan-magnum-saladin-domaine-2020-150cl\/#primaryimage\",\"url\":\"https:\/\/www.mesvendanges.com\/wp-content\/uploads\/2022\/09\/saladin-domaine-haut-brissan-magnum-vin-de-france-2020-150cl-rouge-png.png\",\"contentUrl\":\"https:\/\/www.mesvendanges.com\/wp-content\/uploads\/2022\/09\/saladin-domaine-haut-brissan-magnum-vin-de-france-2020-150cl-rouge-png.png\",\"width\":443,\"height\":1500},{\"@type\":\"WebPage\",\"@id\":\"https:\/\/www.mesvendanges.com\/fr\/boutique\/vins\/haut-brissan-magnum-saladin-domaine-2020-150cl\/\",\"url\":\"https:\/\/www.mesvendanges.com\/fr\/boutique\/vins\/haut-brissan-magnum-saladin-domaine-2020-150cl\/\",\"name\":\"HAUT-BRISSAN MAGNUM - Mes Vendanges\",\"isPartOf\":{\"@id\":\"https:\/\/www.mesvendanges.com\/en\/#website\"},\"primaryImageOfPage\":{\"@id\":\"https:\/\/www.mesvendanges.com\/fr\/boutique\/vins\/haut-brissan-magnum-saladin-domaine-2020-150cl\/#primaryimage\"},\"datePublished\":\"2022-09-07T14:14:15+00:00\",\"dateModified\":\"2025-05-01T15:37:31+00:00\",\"breadcrumb\":{\"@id\":\"https:\/\/www.mesvendanges.com\/fr\/boutique\/vins\/haut-brissan-magnum-saladin-domaine-2020-150cl\/#breadcrumb\"},\"inLanguage\":\"fr-FR\",\"potentialAction\":[{\"@type\":\"ReadAction\",\"target\":[\"https:\/\/www.mesvendanges.com\/fr\/boutique\/vins\/haut-brissan-magnum-saladin-domaine-2020-150cl\/\"]}]},{\"@type\":\"BreadcrumbList\",\"@id\":\"https:\/\/www.mesvendanges.com\/fr\/boutique\/vins\/haut-brissan-magnum-saladin-domaine-2020-150cl\/#breadcrumb\",\"itemListElement\":[{\"@type\":\"ListItem\",\"position\":1,\"name\":\"Accueil\",\"item\":\"https:\/\/www.mesvendanges.com\/fr\/\"},{\"@type\":\"ListItem\",\"position\":2,\"name\":\"Boutique\",\"item\":\"https:\/\/www.mesvendanges.com\/fr\/boutique\/\"},{\"@type\":\"ListItem\",\"position\":3,\"name\":\"HAUT-BRISSAN MAGNUM\"}]}]}<\/script>\n<!-- \/ Yoast SEO plugin. -->","yoast_head_json":{"title":"HAUT-BRISSAN MAGNUM - Mes Vendanges","robots":{"index":"index","follow":"follow","max-snippet":"max-snippet:-1","max-image-preview":"max-image-preview:large","max-video-preview":"max-video-preview:-1"},"canonical":"https:\/\/www.mesvendanges.com\/fr\/boutique\/vins\/haut-brissan-magnum-saladin-domaine-2020-150cl\/","og_locale":"fr_FR","og_type":"article","og_title":"HAUT-BRISSAN MAGNUM - Mes Vendanges","og_description":"En amoureux du grenache, nous ne pouvions \u00eatre insensible \u00e0 cette cuv\u00e9e qui d\u00e9veloppe toute la magie de ce c\u00e9page quand il est bien plant\u00e9 et maitris\u00e9 dans les rendements. La mat\u00fbrit\u00e9 apporte croquant et charnu au fruit, tandis que l&#8217;age des vignes donne du soyeux, de la profondeur au grain de tanin. C&#8217;est ample [&hellip;]","og_url":"https:\/\/www.mesvendanges.com\/fr\/boutique\/vins\/haut-brissan-magnum-saladin-domaine-2020-150cl\/","og_site_name":"Mes Vendanges","article_modified_time":"2025-05-01T15:37:31+00:00","og_image":[{"width":443,"height":1500,"url":"https:\/\/www.mesvendanges.com\/wp-content\/uploads\/2022\/09\/saladin-domaine-haut-brissan-magnum-vin-de-france-2020-150cl-rouge-png.png","type":"image\/png"}],"twitter_card":"summary_large_image","twitter_misc":{"Dur\u00e9e de lecture estim\u00e9e":"1 minute"},"schema":{"@context":"https:\/\/schema.org","@graph":[{"@type":"Organization","@id":"https:\/\/www.mesvendanges.com\/en\/#organization","name":"Mes Vendanges","url":"https:\/\/www.mesvendanges.com\/en\/","sameAs":[],"logo":{"@type":"ImageObject","inLanguage":"fr-FR","@id":"https:\/\/www.mesvendanges.com\/en\/#\/schema\/logo\/image\/","url":"https:\/\/www.mesvendanges.com\/wp-content\/uploads\/2022\/02\/logo-mesvendanges.jpg","contentUrl":"https:\/\/www.mesvendanges.com\/wp-content\/uploads\/2022\/02\/logo-mesvendanges.jpg","width":851,"height":260,"caption":"Mes Vendanges"},"image":{"@id":"https:\/\/www.mesvendanges.com\/en\/#\/schema\/logo\/image\/"}},{"@type":"WebSite","@id":"https:\/\/www.mesvendanges.com\/en\/#website","url":"https:\/\/www.mesvendanges.com\/en\/","name":"Mes Vendanges","description":"Des journ\u00e9es enti\u00e8res dans les vignes","publisher":{"@id":"https:\/\/www.mesvendanges.com\/en\/#organization"},"potentialAction":[{"@type":"SearchAction","target":{"@type":"EntryPoint","urlTemplate":"https:\/\/www.mesvendanges.com\/en\/?s={search_term_string}"},"query-input":"required name=search_term_string"}],"inLanguage":"fr-FR"},{"@type":"ImageObject","inLanguage":"fr-FR","@id":"https:\/\/www.mesvendanges.com\/fr\/boutique\/vins\/haut-brissan-magnum-saladin-domaine-2020-150cl\/#primaryimage","url":"https:\/\/www.mesvendanges.com\/wp-content\/uploads\/2022\/09\/saladin-domaine-haut-brissan-magnum-vin-de-france-2020-150cl-rouge-png.png","contentUrl":"https:\/\/www.mesvendanges.com\/wp-content\/uploads\/2022\/09\/saladin-domaine-haut-brissan-magnum-vin-de-france-2020-150cl-rouge-png.png","width":443,"height":1500},{"@type":"WebPage","@id":"https:\/\/www.mesvendanges.com\/fr\/boutique\/vins\/haut-brissan-magnum-saladin-domaine-2020-150cl\/","url":"https:\/\/www.mesvendanges.com\/fr\/boutique\/vins\/haut-brissan-magnum-saladin-domaine-2020-150cl\/","name":"HAUT-BRISSAN MAGNUM - Mes Vendanges","isPartOf":{"@id":"https:\/\/www.mesvendanges.com\/en\/#website"},"primaryImageOfPage":{"@id":"https:\/\/www.mesvendanges.com\/fr\/boutique\/vins\/haut-brissan-magnum-saladin-domaine-2020-150cl\/#primaryimage"},"datePublished":"2022-09-07T14:14:15+00:00","dateModified":"2025-05-01T15:37:31+00:00","breadcrumb":{"@id":"https:\/\/www.mesvendanges.com\/fr\/boutique\/vins\/haut-brissan-magnum-saladin-domaine-2020-150cl\/#breadcrumb"},"inLanguage":"fr-FR","potentialAction":[{"@type":"ReadAction","target":["https:\/\/www.mesvendanges.com\/fr\/boutique\/vins\/haut-brissan-magnum-saladin-domaine-2020-150cl\/"]}]},{"@type":"BreadcrumbList","@id":"https:\/\/www.mesvendanges.com\/fr\/boutique\/vins\/haut-brissan-magnum-saladin-domaine-2020-150cl\/#breadcrumb","itemListElement":[{"@type":"ListItem","position":1,"name":"Accueil","item":"https:\/\/www.mesvendanges.com\/fr\/"},{"@type":"ListItem","position":2,"name":"Boutique","item":"https:\/\/www.mesvendanges.com\/fr\/boutique\/"},{"@type":"ListItem","position":3,"name":"HAUT-BRISSAN MAGNUM"}]}]}},"_links":{"self":[{"href":"https:\/\/www.mesvendanges.com\/fr\/wp-json\/wp\/v2\/product\/58085"}],"collection":[{"href":"https:\/\/www.mesvendanges.com\/fr\/wp-json\/wp\/v2\/product"}],"about":[{"href":"https:\/\/www.mesvendanges.com\/fr\/wp-json\/wp\/v2\/types\/product"}],"wp:featuredmedia":[{"embeddable":true,"href":"https:\/\/www.mesvendanges.com\/fr\/wp-json\/wp\/v2\/media\/58119"}],"wp:attachment":[{"href":"https:\/\/www.mesvendanges.com\/fr\/wp-json\/wp\/v2\/media?parent=58085"}],"wp:term":[{"taxonomy":"product_cat","embeddable":true,"href":"https:\/\/www.mesvendanges.com\/fr\/wp-json\/wp\/v2\/product_cat?post=58085"},{"taxonomy":"product_tag","embeddable":true,"href":"https:\/\/www.mesvendanges.com\/fr\/wp-json\/wp\/v2\/product_tag?post=58085"}],"curies":[{"name":"wp","href":"https:\/\/api.w.org\/{rel}","templated":true}]}}