{"id":58241,"date":"2022-09-14T16:17:40","date_gmt":"2022-09-14T14:17:40","guid":{"rendered":"https:\/\/www.mesvendanges.com\/shop\/non%20class\u00e9\/methode-traditionnelle-brut-nature-chidaine-dne-francois-2019-75cl\/"},"modified":"2023-12-05T12:38:51","modified_gmt":"2023-12-05T11:38:51","slug":"methode-traditionnelle-brut-nature-chidaine-dne-francois-2019-75cl","status":"publish","type":"product","link":"https:\/\/www.mesvendanges.com\/fr\/boutique\/vins\/methode-traditionnelle-brut-nature-chidaine-dne-francois-2019-75cl\/","title":{"rendered":"METHODE TRADITIONNELLE BRUT NATURE"},"content":{"rendered":"<p>Voici une m\u00e9thode traditionnelle qui saura convaincre tous les sceptiques, qui ne jurent que par le champagne. La bulle est fine, bien int\u00e9gr\u00e9e au corps du vin. Nez frais, fruit\u00e9, bouche bien dessin\u00e9e et \u00e9quilibr\u00e9e. Finale digeste et min\u00e9rale. Voici une effervescence parfaite pour l&#8217;ap\u00e9ritif.<\/p>\n","protected":false},"excerpt":{"rendered":"<p>Voici une m\u00e9thode traditionnelle qui saura convaincre tous les sceptiques, qui ne jurent que par le champagne. La bulle est fine, bien int\u00e9gr\u00e9e au corps du vin. Nez frais, fruit\u00e9, bouche bien dessin\u00e9e et \u00e9quilibr\u00e9e. Finale digeste et min\u00e9rale. Voici une effervescence parfaite pour l&#8217;ap\u00e9ritif.<\/p>\n","protected":false},"featured_media":69360,"template":"","meta":[],"product_cat":[3736],"product_tag":[],"acf":[],"yoast_head":"<!-- This site is optimized with the Yoast SEO plugin v19.3 - https:\/\/yoast.com\/wordpress\/plugins\/seo\/ -->\n<title>METHODE TRADITIONNELLE BRUT NATURE - Mes Vendanges<\/title>\n<meta name=\"robots\" content=\"index, follow, max-snippet:-1, max-image-preview:large, max-video-preview:-1\" \/>\n<link rel=\"canonical\" href=\"https:\/\/www.mesvendanges.com\/fr\/boutique\/vins\/methode-traditionnelle-brut-nature-chidaine-dne-francois-2019-75cl\/\" \/>\n<meta property=\"og:locale\" content=\"fr_FR\" \/>\n<meta property=\"og:type\" content=\"article\" \/>\n<meta property=\"og:title\" content=\"METHODE TRADITIONNELLE BRUT NATURE - Mes Vendanges\" \/>\n<meta property=\"og:description\" content=\"Voici une m\u00e9thode traditionnelle qui saura convaincre tous les sceptiques, qui ne jurent que par le champagne. La bulle est fine, bien int\u00e9gr\u00e9e au corps du vin. Nez frais, fruit\u00e9, bouche bien dessin\u00e9e et \u00e9quilibr\u00e9e. Finale digeste et min\u00e9rale. Voici une effervescence parfaite pour l&#8217;ap\u00e9ritif.\" \/>\n<meta property=\"og:url\" content=\"https:\/\/www.mesvendanges.com\/fr\/boutique\/vins\/methode-traditionnelle-brut-nature-chidaine-dne-francois-2019-75cl\/\" \/>\n<meta property=\"og:site_name\" content=\"Mes Vendanges\" \/>\n<meta property=\"article:modified_time\" content=\"2023-12-05T11:38:51+00:00\" \/>\n<meta property=\"og:image\" content=\"https:\/\/www.mesvendanges.com\/wp-content\/uploads\/2023\/12\/chidaine-dne-francois-methode-traditionnelle-brut-nature-montlouis-sur-loire-2019-75cl-effervescent-png.png\" \/>\n\t<meta property=\"og:image:width\" content=\"391\" \/>\n\t<meta property=\"og:image:height\" content=\"1500\" \/>\n\t<meta property=\"og:image:type\" content=\"image\/png\" \/>\n<meta name=\"twitter:card\" content=\"summary_large_image\" \/>\n<script type=\"application\/ld+json\" class=\"yoast-schema-graph\">{\"@context\":\"https:\/\/schema.org\",\"@graph\":[{\"@type\":\"Organization\",\"@id\":\"https:\/\/www.mesvendanges.com\/en\/#organization\",\"name\":\"Mes Vendanges\",\"url\":\"https:\/\/www.mesvendanges.com\/en\/\",\"sameAs\":[],\"logo\":{\"@type\":\"ImageObject\",\"inLanguage\":\"fr-FR\",\"@id\":\"https:\/\/www.mesvendanges.com\/en\/#\/schema\/logo\/image\/\",\"url\":\"https:\/\/www.mesvendanges.com\/wp-content\/uploads\/2022\/02\/logo-mesvendanges.jpg\",\"contentUrl\":\"https:\/\/www.mesvendanges.com\/wp-content\/uploads\/2022\/02\/logo-mesvendanges.jpg\",\"width\":851,\"height\":260,\"caption\":\"Mes Vendanges\"},\"image\":{\"@id\":\"https:\/\/www.mesvendanges.com\/en\/#\/schema\/logo\/image\/\"}},{\"@type\":\"WebSite\",\"@id\":\"https:\/\/www.mesvendanges.com\/en\/#website\",\"url\":\"https:\/\/www.mesvendanges.com\/en\/\",\"name\":\"Mes Vendanges\",\"description\":\"Des journ\u00e9es enti\u00e8res dans les vignes\",\"publisher\":{\"@id\":\"https:\/\/www.mesvendanges.com\/en\/#organization\"},\"potentialAction\":[{\"@type\":\"SearchAction\",\"target\":{\"@type\":\"EntryPoint\",\"urlTemplate\":\"https:\/\/www.mesvendanges.com\/en\/?s={search_term_string}\"},\"query-input\":\"required name=search_term_string\"}],\"inLanguage\":\"fr-FR\"},{\"@type\":\"ImageObject\",\"inLanguage\":\"fr-FR\",\"@id\":\"https:\/\/www.mesvendanges.com\/fr\/boutique\/vins\/methode-traditionnelle-brut-nature-chidaine-dne-francois-2019-75cl\/#primaryimage\",\"url\":\"https:\/\/www.mesvendanges.com\/wp-content\/uploads\/2023\/12\/chidaine-dne-francois-methode-traditionnelle-brut-nature-montlouis-sur-loire-2019-75cl-effervescent-png.png\",\"contentUrl\":\"https:\/\/www.mesvendanges.com\/wp-content\/uploads\/2023\/12\/chidaine-dne-francois-methode-traditionnelle-brut-nature-montlouis-sur-loire-2019-75cl-effervescent-png.png\",\"width\":391,\"height\":1500},{\"@type\":\"WebPage\",\"@id\":\"https:\/\/www.mesvendanges.com\/fr\/boutique\/vins\/methode-traditionnelle-brut-nature-chidaine-dne-francois-2019-75cl\/\",\"url\":\"https:\/\/www.mesvendanges.com\/fr\/boutique\/vins\/methode-traditionnelle-brut-nature-chidaine-dne-francois-2019-75cl\/\",\"name\":\"METHODE TRADITIONNELLE BRUT NATURE - Mes Vendanges\",\"isPartOf\":{\"@id\":\"https:\/\/www.mesvendanges.com\/en\/#website\"},\"primaryImageOfPage\":{\"@id\":\"https:\/\/www.mesvendanges.com\/fr\/boutique\/vins\/methode-traditionnelle-brut-nature-chidaine-dne-francois-2019-75cl\/#primaryimage\"},\"datePublished\":\"2022-09-14T14:17:40+00:00\",\"dateModified\":\"2023-12-05T11:38:51+00:00\",\"breadcrumb\":{\"@id\":\"https:\/\/www.mesvendanges.com\/fr\/boutique\/vins\/methode-traditionnelle-brut-nature-chidaine-dne-francois-2019-75cl\/#breadcrumb\"},\"inLanguage\":\"fr-FR\",\"potentialAction\":[{\"@type\":\"ReadAction\",\"target\":[\"https:\/\/www.mesvendanges.com\/fr\/boutique\/vins\/methode-traditionnelle-brut-nature-chidaine-dne-francois-2019-75cl\/\"]}]},{\"@type\":\"BreadcrumbList\",\"@id\":\"https:\/\/www.mesvendanges.com\/fr\/boutique\/vins\/methode-traditionnelle-brut-nature-chidaine-dne-francois-2019-75cl\/#breadcrumb\",\"itemListElement\":[{\"@type\":\"ListItem\",\"position\":1,\"name\":\"Accueil\",\"item\":\"https:\/\/www.mesvendanges.com\/fr\/\"},{\"@type\":\"ListItem\",\"position\":2,\"name\":\"Boutique\",\"item\":\"https:\/\/www.mesvendanges.com\/fr\/boutique\/\"},{\"@type\":\"ListItem\",\"position\":3,\"name\":\"METHODE TRADITIONNELLE BRUT NATURE\"}]}]}<\/script>\n<!-- \/ Yoast SEO plugin. -->","yoast_head_json":{"title":"METHODE TRADITIONNELLE BRUT NATURE - Mes Vendanges","robots":{"index":"index","follow":"follow","max-snippet":"max-snippet:-1","max-image-preview":"max-image-preview:large","max-video-preview":"max-video-preview:-1"},"canonical":"https:\/\/www.mesvendanges.com\/fr\/boutique\/vins\/methode-traditionnelle-brut-nature-chidaine-dne-francois-2019-75cl\/","og_locale":"fr_FR","og_type":"article","og_title":"METHODE TRADITIONNELLE BRUT NATURE - Mes Vendanges","og_description":"Voici une m\u00e9thode traditionnelle qui saura convaincre tous les sceptiques, qui ne jurent que par le champagne. La bulle est fine, bien int\u00e9gr\u00e9e au corps du vin. Nez frais, fruit\u00e9, bouche bien dessin\u00e9e et \u00e9quilibr\u00e9e. Finale digeste et min\u00e9rale. Voici une effervescence parfaite pour l&#8217;ap\u00e9ritif.","og_url":"https:\/\/www.mesvendanges.com\/fr\/boutique\/vins\/methode-traditionnelle-brut-nature-chidaine-dne-francois-2019-75cl\/","og_site_name":"Mes Vendanges","article_modified_time":"2023-12-05T11:38:51+00:00","og_image":[{"width":391,"height":1500,"url":"https:\/\/www.mesvendanges.com\/wp-content\/uploads\/2023\/12\/chidaine-dne-francois-methode-traditionnelle-brut-nature-montlouis-sur-loire-2019-75cl-effervescent-png.png","type":"image\/png"}],"twitter_card":"summary_large_image","schema":{"@context":"https:\/\/schema.org","@graph":[{"@type":"Organization","@id":"https:\/\/www.mesvendanges.com\/en\/#organization","name":"Mes Vendanges","url":"https:\/\/www.mesvendanges.com\/en\/","sameAs":[],"logo":{"@type":"ImageObject","inLanguage":"fr-FR","@id":"https:\/\/www.mesvendanges.com\/en\/#\/schema\/logo\/image\/","url":"https:\/\/www.mesvendanges.com\/wp-content\/uploads\/2022\/02\/logo-mesvendanges.jpg","contentUrl":"https:\/\/www.mesvendanges.com\/wp-content\/uploads\/2022\/02\/logo-mesvendanges.jpg","width":851,"height":260,"caption":"Mes Vendanges"},"image":{"@id":"https:\/\/www.mesvendanges.com\/en\/#\/schema\/logo\/image\/"}},{"@type":"WebSite","@id":"https:\/\/www.mesvendanges.com\/en\/#website","url":"https:\/\/www.mesvendanges.com\/en\/","name":"Mes Vendanges","description":"Des journ\u00e9es enti\u00e8res dans les vignes","publisher":{"@id":"https:\/\/www.mesvendanges.com\/en\/#organization"},"potentialAction":[{"@type":"SearchAction","target":{"@type":"EntryPoint","urlTemplate":"https:\/\/www.mesvendanges.com\/en\/?s={search_term_string}"},"query-input":"required name=search_term_string"}],"inLanguage":"fr-FR"},{"@type":"ImageObject","inLanguage":"fr-FR","@id":"https:\/\/www.mesvendanges.com\/fr\/boutique\/vins\/methode-traditionnelle-brut-nature-chidaine-dne-francois-2019-75cl\/#primaryimage","url":"https:\/\/www.mesvendanges.com\/wp-content\/uploads\/2023\/12\/chidaine-dne-francois-methode-traditionnelle-brut-nature-montlouis-sur-loire-2019-75cl-effervescent-png.png","contentUrl":"https:\/\/www.mesvendanges.com\/wp-content\/uploads\/2023\/12\/chidaine-dne-francois-methode-traditionnelle-brut-nature-montlouis-sur-loire-2019-75cl-effervescent-png.png","width":391,"height":1500},{"@type":"WebPage","@id":"https:\/\/www.mesvendanges.com\/fr\/boutique\/vins\/methode-traditionnelle-brut-nature-chidaine-dne-francois-2019-75cl\/","url":"https:\/\/www.mesvendanges.com\/fr\/boutique\/vins\/methode-traditionnelle-brut-nature-chidaine-dne-francois-2019-75cl\/","name":"METHODE TRADITIONNELLE BRUT NATURE - Mes Vendanges","isPartOf":{"@id":"https:\/\/www.mesvendanges.com\/en\/#website"},"primaryImageOfPage":{"@id":"https:\/\/www.mesvendanges.com\/fr\/boutique\/vins\/methode-traditionnelle-brut-nature-chidaine-dne-francois-2019-75cl\/#primaryimage"},"datePublished":"2022-09-14T14:17:40+00:00","dateModified":"2023-12-05T11:38:51+00:00","breadcrumb":{"@id":"https:\/\/www.mesvendanges.com\/fr\/boutique\/vins\/methode-traditionnelle-brut-nature-chidaine-dne-francois-2019-75cl\/#breadcrumb"},"inLanguage":"fr-FR","potentialAction":[{"@type":"ReadAction","target":["https:\/\/www.mesvendanges.com\/fr\/boutique\/vins\/methode-traditionnelle-brut-nature-chidaine-dne-francois-2019-75cl\/"]}]},{"@type":"BreadcrumbList","@id":"https:\/\/www.mesvendanges.com\/fr\/boutique\/vins\/methode-traditionnelle-brut-nature-chidaine-dne-francois-2019-75cl\/#breadcrumb","itemListElement":[{"@type":"ListItem","position":1,"name":"Accueil","item":"https:\/\/www.mesvendanges.com\/fr\/"},{"@type":"ListItem","position":2,"name":"Boutique","item":"https:\/\/www.mesvendanges.com\/fr\/boutique\/"},{"@type":"ListItem","position":3,"name":"METHODE TRADITIONNELLE BRUT NATURE"}]}]}},"_links":{"self":[{"href":"https:\/\/www.mesvendanges.com\/fr\/wp-json\/wp\/v2\/product\/58241"}],"collection":[{"href":"https:\/\/www.mesvendanges.com\/fr\/wp-json\/wp\/v2\/product"}],"about":[{"href":"https:\/\/www.mesvendanges.com\/fr\/wp-json\/wp\/v2\/types\/product"}],"wp:featuredmedia":[{"embeddable":true,"href":"https:\/\/www.mesvendanges.com\/fr\/wp-json\/wp\/v2\/media\/69360"}],"wp:attachment":[{"href":"https:\/\/www.mesvendanges.com\/fr\/wp-json\/wp\/v2\/media?parent=58241"}],"wp:term":[{"taxonomy":"product_cat","embeddable":true,"href":"https:\/\/www.mesvendanges.com\/fr\/wp-json\/wp\/v2\/product_cat?post=58241"},{"taxonomy":"product_tag","embeddable":true,"href":"https:\/\/www.mesvendanges.com\/fr\/wp-json\/wp\/v2\/product_tag?post=58241"}],"curies":[{"name":"wp","href":"https:\/\/api.w.org\/{rel}","templated":true}]}}