{"id":59276,"date":"2022-10-23T16:16:32","date_gmt":"2022-10-23T14:16:32","guid":{"rendered":"https:\/\/www.mesvendanges.com\/shop\/non%20class\u00e9\/tour-de-pierre-ermitage-pic-saint-loup-2021-75cl\/"},"modified":"2023-12-05T17:56:42","modified_gmt":"2023-12-05T16:56:42","slug":"tour-de-pierre-ermitage-pic-saint-loup-2021-75cl","status":"publish","type":"product","link":"https:\/\/www.mesvendanges.com\/fr\/boutique\/vins\/tour-de-pierre-ermitage-pic-saint-loup-2021-75cl\/","title":{"rendered":"TOUR DE PIERRE"},"content":{"rendered":"<p>Couleur profonde, reflets violac\u00e9s. Le nez est intense sur des notes d\u2019olive, de r\u00e9glisse, d\u2019\u00e9pice qui \u00e9voluent sur des notes de fruits rouge, groseille, cassis. L\u2019attaque en bouche est \u00e9quilibr\u00e9e, pleine, avec une belle structure tannique. On retrouve les notes d\u2019\u00e9pices et de r\u00e9glisse.<br \/>\nTypicit\u00e9 du sol : Argilo-calcaire et argile rouge. Eboulis de bas de pente. Gravette<br \/>\nRendements : 36 Hl \/ Hectare<br \/>\nVinification : M\u00e9thode traditionnelle<br \/>\nElevage : Foudre et barrique<br \/>\nAssemblages : 40% Syrah, 40% Grenache, 10% Mourv\u00e8dre, 10% Carignan<\/p>\n","protected":false},"excerpt":{"rendered":"<p>Couleur profonde, reflets violac\u00e9s. Le nez est intense sur des notes d\u2019olive, de r\u00e9glisse, d\u2019\u00e9pice qui \u00e9voluent sur des notes de fruits rouge, groseille, cassis. L\u2019attaque en bouche est \u00e9quilibr\u00e9e, pleine, avec une belle structure tannique. On retrouve les notes d\u2019\u00e9pices et de r\u00e9glisse. Typicit\u00e9 du sol : Argilo-calcaire et argile rouge. Eboulis de bas [&hellip;]<\/p>\n","protected":false},"featured_media":59311,"template":"","meta":[],"product_cat":[3736],"product_tag":[],"acf":[],"yoast_head":"<!-- This site is optimized with the Yoast SEO plugin v19.3 - https:\/\/yoast.com\/wordpress\/plugins\/seo\/ -->\n<title>TOUR DE PIERRE - Mes Vendanges<\/title>\n<meta name=\"robots\" content=\"index, follow, max-snippet:-1, max-image-preview:large, max-video-preview:-1\" \/>\n<link rel=\"canonical\" href=\"https:\/\/www.mesvendanges.com\/fr\/boutique\/vins\/tour-de-pierre-ermitage-pic-saint-loup-2021-75cl\/\" \/>\n<meta property=\"og:locale\" content=\"fr_FR\" \/>\n<meta property=\"og:type\" content=\"article\" \/>\n<meta property=\"og:title\" content=\"TOUR DE PIERRE - Mes Vendanges\" \/>\n<meta property=\"og:description\" content=\"Couleur profonde, reflets violac\u00e9s. Le nez est intense sur des notes d\u2019olive, de r\u00e9glisse, d\u2019\u00e9pice qui \u00e9voluent sur des notes de fruits rouge, groseille, cassis. L\u2019attaque en bouche est \u00e9quilibr\u00e9e, pleine, avec une belle structure tannique. On retrouve les notes d\u2019\u00e9pices et de r\u00e9glisse. Typicit\u00e9 du sol : Argilo-calcaire et argile rouge. Eboulis de bas [&hellip;]\" \/>\n<meta property=\"og:url\" content=\"https:\/\/www.mesvendanges.com\/fr\/boutique\/vins\/tour-de-pierre-ermitage-pic-saint-loup-2021-75cl\/\" \/>\n<meta property=\"og:site_name\" content=\"Mes Vendanges\" \/>\n<meta property=\"article:modified_time\" content=\"2023-12-05T16:56:42+00:00\" \/>\n<meta property=\"og:image\" content=\"https:\/\/www.mesvendanges.com\/wp-content\/uploads\/2022\/10\/ermitage-pic-saint-loup-tour-de-pierre-pic-saint-loup-2021-75cl-rouge-png.png\" \/>\n\t<meta property=\"og:image:width\" content=\"401\" \/>\n\t<meta property=\"og:image:height\" content=\"1500\" \/>\n\t<meta property=\"og:image:type\" content=\"image\/png\" \/>\n<meta name=\"twitter:card\" content=\"summary_large_image\" \/>\n<script type=\"application\/ld+json\" class=\"yoast-schema-graph\">{\"@context\":\"https:\/\/schema.org\",\"@graph\":[{\"@type\":\"Organization\",\"@id\":\"https:\/\/www.mesvendanges.com\/en\/#organization\",\"name\":\"Mes Vendanges\",\"url\":\"https:\/\/www.mesvendanges.com\/en\/\",\"sameAs\":[],\"logo\":{\"@type\":\"ImageObject\",\"inLanguage\":\"fr-FR\",\"@id\":\"https:\/\/www.mesvendanges.com\/en\/#\/schema\/logo\/image\/\",\"url\":\"https:\/\/www.mesvendanges.com\/wp-content\/uploads\/2022\/02\/logo-mesvendanges.jpg\",\"contentUrl\":\"https:\/\/www.mesvendanges.com\/wp-content\/uploads\/2022\/02\/logo-mesvendanges.jpg\",\"width\":851,\"height\":260,\"caption\":\"Mes Vendanges\"},\"image\":{\"@id\":\"https:\/\/www.mesvendanges.com\/en\/#\/schema\/logo\/image\/\"}},{\"@type\":\"WebSite\",\"@id\":\"https:\/\/www.mesvendanges.com\/en\/#website\",\"url\":\"https:\/\/www.mesvendanges.com\/en\/\",\"name\":\"Mes Vendanges\",\"description\":\"Des journ\u00e9es enti\u00e8res dans les vignes\",\"publisher\":{\"@id\":\"https:\/\/www.mesvendanges.com\/en\/#organization\"},\"potentialAction\":[{\"@type\":\"SearchAction\",\"target\":{\"@type\":\"EntryPoint\",\"urlTemplate\":\"https:\/\/www.mesvendanges.com\/en\/?s={search_term_string}\"},\"query-input\":\"required name=search_term_string\"}],\"inLanguage\":\"fr-FR\"},{\"@type\":\"ImageObject\",\"inLanguage\":\"fr-FR\",\"@id\":\"https:\/\/www.mesvendanges.com\/fr\/boutique\/vins\/tour-de-pierre-ermitage-pic-saint-loup-2021-75cl\/#primaryimage\",\"url\":\"https:\/\/www.mesvendanges.com\/wp-content\/uploads\/2022\/10\/ermitage-pic-saint-loup-tour-de-pierre-pic-saint-loup-2021-75cl-rouge-png.png\",\"contentUrl\":\"https:\/\/www.mesvendanges.com\/wp-content\/uploads\/2022\/10\/ermitage-pic-saint-loup-tour-de-pierre-pic-saint-loup-2021-75cl-rouge-png.png\",\"width\":401,\"height\":1500},{\"@type\":\"WebPage\",\"@id\":\"https:\/\/www.mesvendanges.com\/fr\/boutique\/vins\/tour-de-pierre-ermitage-pic-saint-loup-2021-75cl\/\",\"url\":\"https:\/\/www.mesvendanges.com\/fr\/boutique\/vins\/tour-de-pierre-ermitage-pic-saint-loup-2021-75cl\/\",\"name\":\"TOUR DE PIERRE - Mes Vendanges\",\"isPartOf\":{\"@id\":\"https:\/\/www.mesvendanges.com\/en\/#website\"},\"primaryImageOfPage\":{\"@id\":\"https:\/\/www.mesvendanges.com\/fr\/boutique\/vins\/tour-de-pierre-ermitage-pic-saint-loup-2021-75cl\/#primaryimage\"},\"datePublished\":\"2022-10-23T14:16:32+00:00\",\"dateModified\":\"2023-12-05T16:56:42+00:00\",\"breadcrumb\":{\"@id\":\"https:\/\/www.mesvendanges.com\/fr\/boutique\/vins\/tour-de-pierre-ermitage-pic-saint-loup-2021-75cl\/#breadcrumb\"},\"inLanguage\":\"fr-FR\",\"potentialAction\":[{\"@type\":\"ReadAction\",\"target\":[\"https:\/\/www.mesvendanges.com\/fr\/boutique\/vins\/tour-de-pierre-ermitage-pic-saint-loup-2021-75cl\/\"]}]},{\"@type\":\"BreadcrumbList\",\"@id\":\"https:\/\/www.mesvendanges.com\/fr\/boutique\/vins\/tour-de-pierre-ermitage-pic-saint-loup-2021-75cl\/#breadcrumb\",\"itemListElement\":[{\"@type\":\"ListItem\",\"position\":1,\"name\":\"Accueil\",\"item\":\"https:\/\/www.mesvendanges.com\/fr\/\"},{\"@type\":\"ListItem\",\"position\":2,\"name\":\"Boutique\",\"item\":\"https:\/\/www.mesvendanges.com\/fr\/boutique\/\"},{\"@type\":\"ListItem\",\"position\":3,\"name\":\"TOUR DE PIERRE\"}]}]}<\/script>\n<!-- \/ Yoast SEO plugin. -->","yoast_head_json":{"title":"TOUR DE PIERRE - Mes Vendanges","robots":{"index":"index","follow":"follow","max-snippet":"max-snippet:-1","max-image-preview":"max-image-preview:large","max-video-preview":"max-video-preview:-1"},"canonical":"https:\/\/www.mesvendanges.com\/fr\/boutique\/vins\/tour-de-pierre-ermitage-pic-saint-loup-2021-75cl\/","og_locale":"fr_FR","og_type":"article","og_title":"TOUR DE PIERRE - Mes Vendanges","og_description":"Couleur profonde, reflets violac\u00e9s. Le nez est intense sur des notes d\u2019olive, de r\u00e9glisse, d\u2019\u00e9pice qui \u00e9voluent sur des notes de fruits rouge, groseille, cassis. L\u2019attaque en bouche est \u00e9quilibr\u00e9e, pleine, avec une belle structure tannique. On retrouve les notes d\u2019\u00e9pices et de r\u00e9glisse. Typicit\u00e9 du sol : Argilo-calcaire et argile rouge. Eboulis de bas [&hellip;]","og_url":"https:\/\/www.mesvendanges.com\/fr\/boutique\/vins\/tour-de-pierre-ermitage-pic-saint-loup-2021-75cl\/","og_site_name":"Mes Vendanges","article_modified_time":"2023-12-05T16:56:42+00:00","og_image":[{"width":401,"height":1500,"url":"https:\/\/www.mesvendanges.com\/wp-content\/uploads\/2022\/10\/ermitage-pic-saint-loup-tour-de-pierre-pic-saint-loup-2021-75cl-rouge-png.png","type":"image\/png"}],"twitter_card":"summary_large_image","schema":{"@context":"https:\/\/schema.org","@graph":[{"@type":"Organization","@id":"https:\/\/www.mesvendanges.com\/en\/#organization","name":"Mes Vendanges","url":"https:\/\/www.mesvendanges.com\/en\/","sameAs":[],"logo":{"@type":"ImageObject","inLanguage":"fr-FR","@id":"https:\/\/www.mesvendanges.com\/en\/#\/schema\/logo\/image\/","url":"https:\/\/www.mesvendanges.com\/wp-content\/uploads\/2022\/02\/logo-mesvendanges.jpg","contentUrl":"https:\/\/www.mesvendanges.com\/wp-content\/uploads\/2022\/02\/logo-mesvendanges.jpg","width":851,"height":260,"caption":"Mes Vendanges"},"image":{"@id":"https:\/\/www.mesvendanges.com\/en\/#\/schema\/logo\/image\/"}},{"@type":"WebSite","@id":"https:\/\/www.mesvendanges.com\/en\/#website","url":"https:\/\/www.mesvendanges.com\/en\/","name":"Mes Vendanges","description":"Des journ\u00e9es enti\u00e8res dans les vignes","publisher":{"@id":"https:\/\/www.mesvendanges.com\/en\/#organization"},"potentialAction":[{"@type":"SearchAction","target":{"@type":"EntryPoint","urlTemplate":"https:\/\/www.mesvendanges.com\/en\/?s={search_term_string}"},"query-input":"required name=search_term_string"}],"inLanguage":"fr-FR"},{"@type":"ImageObject","inLanguage":"fr-FR","@id":"https:\/\/www.mesvendanges.com\/fr\/boutique\/vins\/tour-de-pierre-ermitage-pic-saint-loup-2021-75cl\/#primaryimage","url":"https:\/\/www.mesvendanges.com\/wp-content\/uploads\/2022\/10\/ermitage-pic-saint-loup-tour-de-pierre-pic-saint-loup-2021-75cl-rouge-png.png","contentUrl":"https:\/\/www.mesvendanges.com\/wp-content\/uploads\/2022\/10\/ermitage-pic-saint-loup-tour-de-pierre-pic-saint-loup-2021-75cl-rouge-png.png","width":401,"height":1500},{"@type":"WebPage","@id":"https:\/\/www.mesvendanges.com\/fr\/boutique\/vins\/tour-de-pierre-ermitage-pic-saint-loup-2021-75cl\/","url":"https:\/\/www.mesvendanges.com\/fr\/boutique\/vins\/tour-de-pierre-ermitage-pic-saint-loup-2021-75cl\/","name":"TOUR DE PIERRE - Mes Vendanges","isPartOf":{"@id":"https:\/\/www.mesvendanges.com\/en\/#website"},"primaryImageOfPage":{"@id":"https:\/\/www.mesvendanges.com\/fr\/boutique\/vins\/tour-de-pierre-ermitage-pic-saint-loup-2021-75cl\/#primaryimage"},"datePublished":"2022-10-23T14:16:32+00:00","dateModified":"2023-12-05T16:56:42+00:00","breadcrumb":{"@id":"https:\/\/www.mesvendanges.com\/fr\/boutique\/vins\/tour-de-pierre-ermitage-pic-saint-loup-2021-75cl\/#breadcrumb"},"inLanguage":"fr-FR","potentialAction":[{"@type":"ReadAction","target":["https:\/\/www.mesvendanges.com\/fr\/boutique\/vins\/tour-de-pierre-ermitage-pic-saint-loup-2021-75cl\/"]}]},{"@type":"BreadcrumbList","@id":"https:\/\/www.mesvendanges.com\/fr\/boutique\/vins\/tour-de-pierre-ermitage-pic-saint-loup-2021-75cl\/#breadcrumb","itemListElement":[{"@type":"ListItem","position":1,"name":"Accueil","item":"https:\/\/www.mesvendanges.com\/fr\/"},{"@type":"ListItem","position":2,"name":"Boutique","item":"https:\/\/www.mesvendanges.com\/fr\/boutique\/"},{"@type":"ListItem","position":3,"name":"TOUR DE PIERRE"}]}]}},"_links":{"self":[{"href":"https:\/\/www.mesvendanges.com\/fr\/wp-json\/wp\/v2\/product\/59276"}],"collection":[{"href":"https:\/\/www.mesvendanges.com\/fr\/wp-json\/wp\/v2\/product"}],"about":[{"href":"https:\/\/www.mesvendanges.com\/fr\/wp-json\/wp\/v2\/types\/product"}],"wp:featuredmedia":[{"embeddable":true,"href":"https:\/\/www.mesvendanges.com\/fr\/wp-json\/wp\/v2\/media\/59311"}],"wp:attachment":[{"href":"https:\/\/www.mesvendanges.com\/fr\/wp-json\/wp\/v2\/media?parent=59276"}],"wp:term":[{"taxonomy":"product_cat","embeddable":true,"href":"https:\/\/www.mesvendanges.com\/fr\/wp-json\/wp\/v2\/product_cat?post=59276"},{"taxonomy":"product_tag","embeddable":true,"href":"https:\/\/www.mesvendanges.com\/fr\/wp-json\/wp\/v2\/product_tag?post=59276"}],"curies":[{"name":"wp","href":"https:\/\/api.w.org\/{rel}","templated":true}]}}