{"id":60448,"date":"2022-12-28T17:59:56","date_gmt":"2022-12-28T16:59:56","guid":{"rendered":"https:\/\/www.mesvendanges.com\/shop\/non%20class\u00e9\/ribolla-anfora-gravner-2014-75cl\/"},"modified":"2026-02-03T13:53:44","modified_gmt":"2026-02-03T12:53:44","slug":"ribolla-anfora-gravner-2014-75cl","status":"publish","type":"product","link":"https:\/\/www.mesvendanges.com\/fr\/boutique\/vins\/ribolla-anfora-gravner-2014-75cl\/","title":{"rendered":"RIBOLLA ANFORA"},"content":{"rendered":"<p>Issu du c\u00e9page autochtone Ribolla, cultiv\u00e9 dans le Frioul depuis plus de mille ans. Fermentation sur peau en amphore g\u00e9orgienne enterr\u00e9e gr\u00e2ce aux levures indig\u00e8nes et sans controle de temp\u00e9rature. Apr\u00e8s soutirage et pressurage le jus est remis en \u00e9levage pour cinq mois en amphore puis six ans en vieux foudres.<br \/>\nC&#8217;est un vin orange unique, au carct\u00e8re vibratoire ansolument extraordinaire. Ce n&#8217;est pas seulement un vin hors norme, c&#8217;est aussi un grand vin de caract\u00e8re, de pr\u00e9sence, qui irradie son terroir, sa vitalit\u00e9 terrienne. Une merveille<\/p>\n","protected":false},"excerpt":{"rendered":"<p>Issu du c\u00e9page autochtone Ribolla, cultiv\u00e9 dans le Frioul depuis plus de mille ans. Fermentation sur peau en amphore g\u00e9orgienne enterr\u00e9e gr\u00e2ce aux levures indig\u00e8nes et sans controle de temp\u00e9rature. Apr\u00e8s soutirage et pressurage le jus est remis en \u00e9levage pour cinq mois en amphore puis six ans en vieux foudres. C&#8217;est un vin orange [&hellip;]<\/p>\n","protected":false},"featured_media":48463,"template":"","meta":[],"product_cat":[3736],"product_tag":[],"acf":[],"yoast_head":"<!-- This site is optimized with the Yoast SEO plugin v19.3 - https:\/\/yoast.com\/wordpress\/plugins\/seo\/ -->\n<title>RIBOLLA ANFORA - Mes Vendanges<\/title>\n<meta name=\"robots\" content=\"index, follow, max-snippet:-1, max-image-preview:large, max-video-preview:-1\" \/>\n<link rel=\"canonical\" href=\"https:\/\/www.mesvendanges.com\/fr\/boutique\/vins\/ribolla-anfora-gravner-2014-75cl\/\" \/>\n<meta property=\"og:locale\" content=\"fr_FR\" \/>\n<meta property=\"og:type\" content=\"article\" \/>\n<meta property=\"og:title\" content=\"RIBOLLA ANFORA - Mes Vendanges\" \/>\n<meta property=\"og:description\" content=\"Issu du c\u00e9page autochtone Ribolla, cultiv\u00e9 dans le Frioul depuis plus de mille ans. Fermentation sur peau en amphore g\u00e9orgienne enterr\u00e9e gr\u00e2ce aux levures indig\u00e8nes et sans controle de temp\u00e9rature. Apr\u00e8s soutirage et pressurage le jus est remis en \u00e9levage pour cinq mois en amphore puis six ans en vieux foudres. C&#8217;est un vin orange [&hellip;]\" \/>\n<meta property=\"og:url\" content=\"https:\/\/www.mesvendanges.com\/fr\/boutique\/vins\/ribolla-anfora-gravner-2014-75cl\/\" \/>\n<meta property=\"og:site_name\" content=\"Mes Vendanges\" \/>\n<meta property=\"article:modified_time\" content=\"2026-02-03T12:53:44+00:00\" \/>\n<meta property=\"og:image\" content=\"https:\/\/www.mesvendanges.com\/wp-content\/uploads\/2022\/08\/gravner-ribolla-anfora-venezia-giulia-2012-75cl-blanc-png.png\" \/>\n\t<meta property=\"og:image:width\" content=\"364\" \/>\n\t<meta property=\"og:image:height\" content=\"1500\" \/>\n\t<meta property=\"og:image:type\" content=\"image\/png\" \/>\n<meta name=\"twitter:card\" content=\"summary_large_image\" \/>\n<script type=\"application\/ld+json\" class=\"yoast-schema-graph\">{\"@context\":\"https:\/\/schema.org\",\"@graph\":[{\"@type\":\"Organization\",\"@id\":\"https:\/\/www.mesvendanges.com\/en\/#organization\",\"name\":\"Mes Vendanges\",\"url\":\"https:\/\/www.mesvendanges.com\/en\/\",\"sameAs\":[],\"logo\":{\"@type\":\"ImageObject\",\"inLanguage\":\"fr-FR\",\"@id\":\"https:\/\/www.mesvendanges.com\/en\/#\/schema\/logo\/image\/\",\"url\":\"https:\/\/www.mesvendanges.com\/wp-content\/uploads\/2022\/02\/logo-mesvendanges.jpg\",\"contentUrl\":\"https:\/\/www.mesvendanges.com\/wp-content\/uploads\/2022\/02\/logo-mesvendanges.jpg\",\"width\":851,\"height\":260,\"caption\":\"Mes Vendanges\"},\"image\":{\"@id\":\"https:\/\/www.mesvendanges.com\/en\/#\/schema\/logo\/image\/\"}},{\"@type\":\"WebSite\",\"@id\":\"https:\/\/www.mesvendanges.com\/en\/#website\",\"url\":\"https:\/\/www.mesvendanges.com\/en\/\",\"name\":\"Mes Vendanges\",\"description\":\"Des journ\u00e9es enti\u00e8res dans les vignes\",\"publisher\":{\"@id\":\"https:\/\/www.mesvendanges.com\/en\/#organization\"},\"potentialAction\":[{\"@type\":\"SearchAction\",\"target\":{\"@type\":\"EntryPoint\",\"urlTemplate\":\"https:\/\/www.mesvendanges.com\/en\/?s={search_term_string}\"},\"query-input\":\"required name=search_term_string\"}],\"inLanguage\":\"fr-FR\"},{\"@type\":\"ImageObject\",\"inLanguage\":\"fr-FR\",\"@id\":\"https:\/\/www.mesvendanges.com\/fr\/boutique\/vins\/ribolla-anfora-gravner-2014-75cl\/#primaryimage\",\"url\":\"https:\/\/www.mesvendanges.com\/wp-content\/uploads\/2022\/08\/gravner-ribolla-anfora-venezia-giulia-2012-75cl-blanc-png.png\",\"contentUrl\":\"https:\/\/www.mesvendanges.com\/wp-content\/uploads\/2022\/08\/gravner-ribolla-anfora-venezia-giulia-2012-75cl-blanc-png.png\",\"width\":364,\"height\":1500},{\"@type\":\"WebPage\",\"@id\":\"https:\/\/www.mesvendanges.com\/fr\/boutique\/vins\/ribolla-anfora-gravner-2014-75cl\/\",\"url\":\"https:\/\/www.mesvendanges.com\/fr\/boutique\/vins\/ribolla-anfora-gravner-2014-75cl\/\",\"name\":\"RIBOLLA ANFORA - Mes Vendanges\",\"isPartOf\":{\"@id\":\"https:\/\/www.mesvendanges.com\/en\/#website\"},\"primaryImageOfPage\":{\"@id\":\"https:\/\/www.mesvendanges.com\/fr\/boutique\/vins\/ribolla-anfora-gravner-2014-75cl\/#primaryimage\"},\"datePublished\":\"2022-12-28T16:59:56+00:00\",\"dateModified\":\"2026-02-03T12:53:44+00:00\",\"breadcrumb\":{\"@id\":\"https:\/\/www.mesvendanges.com\/fr\/boutique\/vins\/ribolla-anfora-gravner-2014-75cl\/#breadcrumb\"},\"inLanguage\":\"fr-FR\",\"potentialAction\":[{\"@type\":\"ReadAction\",\"target\":[\"https:\/\/www.mesvendanges.com\/fr\/boutique\/vins\/ribolla-anfora-gravner-2014-75cl\/\"]}]},{\"@type\":\"BreadcrumbList\",\"@id\":\"https:\/\/www.mesvendanges.com\/fr\/boutique\/vins\/ribolla-anfora-gravner-2014-75cl\/#breadcrumb\",\"itemListElement\":[{\"@type\":\"ListItem\",\"position\":1,\"name\":\"Accueil\",\"item\":\"https:\/\/www.mesvendanges.com\/fr\/\"},{\"@type\":\"ListItem\",\"position\":2,\"name\":\"Boutique\",\"item\":\"https:\/\/www.mesvendanges.com\/fr\/boutique\/\"},{\"@type\":\"ListItem\",\"position\":3,\"name\":\"RIBOLLA ANFORA\"}]}]}<\/script>\n<!-- \/ Yoast SEO plugin. -->","yoast_head_json":{"title":"RIBOLLA ANFORA - Mes Vendanges","robots":{"index":"index","follow":"follow","max-snippet":"max-snippet:-1","max-image-preview":"max-image-preview:large","max-video-preview":"max-video-preview:-1"},"canonical":"https:\/\/www.mesvendanges.com\/fr\/boutique\/vins\/ribolla-anfora-gravner-2014-75cl\/","og_locale":"fr_FR","og_type":"article","og_title":"RIBOLLA ANFORA - Mes Vendanges","og_description":"Issu du c\u00e9page autochtone Ribolla, cultiv\u00e9 dans le Frioul depuis plus de mille ans. Fermentation sur peau en amphore g\u00e9orgienne enterr\u00e9e gr\u00e2ce aux levures indig\u00e8nes et sans controle de temp\u00e9rature. Apr\u00e8s soutirage et pressurage le jus est remis en \u00e9levage pour cinq mois en amphore puis six ans en vieux foudres. C&#8217;est un vin orange [&hellip;]","og_url":"https:\/\/www.mesvendanges.com\/fr\/boutique\/vins\/ribolla-anfora-gravner-2014-75cl\/","og_site_name":"Mes Vendanges","article_modified_time":"2026-02-03T12:53:44+00:00","og_image":[{"width":364,"height":1500,"url":"https:\/\/www.mesvendanges.com\/wp-content\/uploads\/2022\/08\/gravner-ribolla-anfora-venezia-giulia-2012-75cl-blanc-png.png","type":"image\/png"}],"twitter_card":"summary_large_image","schema":{"@context":"https:\/\/schema.org","@graph":[{"@type":"Organization","@id":"https:\/\/www.mesvendanges.com\/en\/#organization","name":"Mes Vendanges","url":"https:\/\/www.mesvendanges.com\/en\/","sameAs":[],"logo":{"@type":"ImageObject","inLanguage":"fr-FR","@id":"https:\/\/www.mesvendanges.com\/en\/#\/schema\/logo\/image\/","url":"https:\/\/www.mesvendanges.com\/wp-content\/uploads\/2022\/02\/logo-mesvendanges.jpg","contentUrl":"https:\/\/www.mesvendanges.com\/wp-content\/uploads\/2022\/02\/logo-mesvendanges.jpg","width":851,"height":260,"caption":"Mes Vendanges"},"image":{"@id":"https:\/\/www.mesvendanges.com\/en\/#\/schema\/logo\/image\/"}},{"@type":"WebSite","@id":"https:\/\/www.mesvendanges.com\/en\/#website","url":"https:\/\/www.mesvendanges.com\/en\/","name":"Mes Vendanges","description":"Des journ\u00e9es enti\u00e8res dans les vignes","publisher":{"@id":"https:\/\/www.mesvendanges.com\/en\/#organization"},"potentialAction":[{"@type":"SearchAction","target":{"@type":"EntryPoint","urlTemplate":"https:\/\/www.mesvendanges.com\/en\/?s={search_term_string}"},"query-input":"required name=search_term_string"}],"inLanguage":"fr-FR"},{"@type":"ImageObject","inLanguage":"fr-FR","@id":"https:\/\/www.mesvendanges.com\/fr\/boutique\/vins\/ribolla-anfora-gravner-2014-75cl\/#primaryimage","url":"https:\/\/www.mesvendanges.com\/wp-content\/uploads\/2022\/08\/gravner-ribolla-anfora-venezia-giulia-2012-75cl-blanc-png.png","contentUrl":"https:\/\/www.mesvendanges.com\/wp-content\/uploads\/2022\/08\/gravner-ribolla-anfora-venezia-giulia-2012-75cl-blanc-png.png","width":364,"height":1500},{"@type":"WebPage","@id":"https:\/\/www.mesvendanges.com\/fr\/boutique\/vins\/ribolla-anfora-gravner-2014-75cl\/","url":"https:\/\/www.mesvendanges.com\/fr\/boutique\/vins\/ribolla-anfora-gravner-2014-75cl\/","name":"RIBOLLA ANFORA - Mes Vendanges","isPartOf":{"@id":"https:\/\/www.mesvendanges.com\/en\/#website"},"primaryImageOfPage":{"@id":"https:\/\/www.mesvendanges.com\/fr\/boutique\/vins\/ribolla-anfora-gravner-2014-75cl\/#primaryimage"},"datePublished":"2022-12-28T16:59:56+00:00","dateModified":"2026-02-03T12:53:44+00:00","breadcrumb":{"@id":"https:\/\/www.mesvendanges.com\/fr\/boutique\/vins\/ribolla-anfora-gravner-2014-75cl\/#breadcrumb"},"inLanguage":"fr-FR","potentialAction":[{"@type":"ReadAction","target":["https:\/\/www.mesvendanges.com\/fr\/boutique\/vins\/ribolla-anfora-gravner-2014-75cl\/"]}]},{"@type":"BreadcrumbList","@id":"https:\/\/www.mesvendanges.com\/fr\/boutique\/vins\/ribolla-anfora-gravner-2014-75cl\/#breadcrumb","itemListElement":[{"@type":"ListItem","position":1,"name":"Accueil","item":"https:\/\/www.mesvendanges.com\/fr\/"},{"@type":"ListItem","position":2,"name":"Boutique","item":"https:\/\/www.mesvendanges.com\/fr\/boutique\/"},{"@type":"ListItem","position":3,"name":"RIBOLLA ANFORA"}]}]}},"_links":{"self":[{"href":"https:\/\/www.mesvendanges.com\/fr\/wp-json\/wp\/v2\/product\/60448"}],"collection":[{"href":"https:\/\/www.mesvendanges.com\/fr\/wp-json\/wp\/v2\/product"}],"about":[{"href":"https:\/\/www.mesvendanges.com\/fr\/wp-json\/wp\/v2\/types\/product"}],"wp:featuredmedia":[{"embeddable":true,"href":"https:\/\/www.mesvendanges.com\/fr\/wp-json\/wp\/v2\/media\/48463"}],"wp:attachment":[{"href":"https:\/\/www.mesvendanges.com\/fr\/wp-json\/wp\/v2\/media?parent=60448"}],"wp:term":[{"taxonomy":"product_cat","embeddable":true,"href":"https:\/\/www.mesvendanges.com\/fr\/wp-json\/wp\/v2\/product_cat?post=60448"},{"taxonomy":"product_tag","embeddable":true,"href":"https:\/\/www.mesvendanges.com\/fr\/wp-json\/wp\/v2\/product_tag?post=60448"}],"curies":[{"name":"wp","href":"https:\/\/api.w.org\/{rel}","templated":true}]}}