{"id":61339,"date":"2023-03-15T16:02:41","date_gmt":"2023-03-15T15:02:41","guid":{"rendered":"https:\/\/www.mesvendanges.com\/shop\/non%20class\u00e9\/grain-sauvage-magnum-chappaz-marie-therese-2021-75cl\/"},"modified":"2025-05-01T14:40:29","modified_gmt":"2025-05-01T12:40:29","slug":"grain-sauvage-magnum-chappaz-marie-therese-2021-150cl","status":"publish","type":"product","link":"https:\/\/www.mesvendanges.com\/fr\/boutique\/vins\/grain-sauvage-magnum-chappaz-marie-therese-2021-150cl\/","title":{"rendered":"GRAIN SAUVAGE MAGNUM"},"content":{"rendered":"<p>quand il ne se marie pas au cornalin dans la cuv\u00e9e Grain Mariage, l\u2019humagne rouge de la combe d\u2019enfer cherche \u00e0 s\u2019\u00e9panouir seule dans cette cuv\u00e9e Grain Sauvage produite exclusivement en magnum. Tabac blond et racine de gentiane sont les notes de t\u00eate de ce mill\u00e9sime 2021 alors que la violette s\u2019exprime sur une bouche que l\u2019on peut qualifier d\u2019a\u00e9rienne. <\/p>\n","protected":false},"excerpt":{"rendered":"<p>quand il ne se marie pas au cornalin dans la cuv\u00e9e Grain Mariage, l\u2019humagne rouge de la combe d\u2019enfer cherche \u00e0 s\u2019\u00e9panouir seule dans cette cuv\u00e9e Grain Sauvage produite exclusivement en magnum. Tabac blond et racine de gentiane sont les notes de t\u00eate de ce mill\u00e9sime 2021 alors que la violette s\u2019exprime sur une bouche [&hellip;]<\/p>\n","protected":false},"featured_media":86668,"template":"","meta":[],"product_cat":[3736],"product_tag":[],"acf":[],"yoast_head":"<!-- This site is optimized with the Yoast SEO plugin v19.3 - https:\/\/yoast.com\/wordpress\/plugins\/seo\/ -->\n<title>GRAIN SAUVAGE MAGNUM - Mes Vendanges<\/title>\n<meta name=\"robots\" content=\"index, follow, max-snippet:-1, max-image-preview:large, max-video-preview:-1\" \/>\n<link rel=\"canonical\" href=\"https:\/\/www.mesvendanges.com\/fr\/boutique\/vins\/grain-sauvage-magnum-chappaz-marie-therese-2021-150cl\/\" \/>\n<meta property=\"og:locale\" content=\"fr_FR\" \/>\n<meta property=\"og:type\" content=\"article\" \/>\n<meta property=\"og:title\" content=\"GRAIN SAUVAGE MAGNUM - Mes Vendanges\" \/>\n<meta property=\"og:description\" content=\"quand il ne se marie pas au cornalin dans la cuv\u00e9e Grain Mariage, l\u2019humagne rouge de la combe d\u2019enfer cherche \u00e0 s\u2019\u00e9panouir seule dans cette cuv\u00e9e Grain Sauvage produite exclusivement en magnum. Tabac blond et racine de gentiane sont les notes de t\u00eate de ce mill\u00e9sime 2021 alors que la violette s\u2019exprime sur une bouche [&hellip;]\" \/>\n<meta property=\"og:url\" content=\"https:\/\/www.mesvendanges.com\/fr\/boutique\/vins\/grain-sauvage-magnum-chappaz-marie-therese-2021-150cl\/\" \/>\n<meta property=\"og:site_name\" content=\"Mes Vendanges\" \/>\n<meta property=\"article:modified_time\" content=\"2025-05-01T12:40:29+00:00\" \/>\n<meta property=\"og:image\" content=\"https:\/\/www.mesvendanges.com\/wp-content\/uploads\/2025\/05\/chappaz-marie-therese-grain-sauvage-magnum-valais-2021-150cl-rouge-png.png\" \/>\n\t<meta property=\"og:image:width\" content=\"429\" \/>\n\t<meta property=\"og:image:height\" content=\"1500\" \/>\n\t<meta property=\"og:image:type\" content=\"image\/png\" \/>\n<meta name=\"twitter:card\" content=\"summary_large_image\" \/>\n<script type=\"application\/ld+json\" class=\"yoast-schema-graph\">{\"@context\":\"https:\/\/schema.org\",\"@graph\":[{\"@type\":\"Organization\",\"@id\":\"https:\/\/www.mesvendanges.com\/en\/#organization\",\"name\":\"Mes Vendanges\",\"url\":\"https:\/\/www.mesvendanges.com\/en\/\",\"sameAs\":[],\"logo\":{\"@type\":\"ImageObject\",\"inLanguage\":\"fr-FR\",\"@id\":\"https:\/\/www.mesvendanges.com\/en\/#\/schema\/logo\/image\/\",\"url\":\"https:\/\/www.mesvendanges.com\/wp-content\/uploads\/2022\/02\/logo-mesvendanges.jpg\",\"contentUrl\":\"https:\/\/www.mesvendanges.com\/wp-content\/uploads\/2022\/02\/logo-mesvendanges.jpg\",\"width\":851,\"height\":260,\"caption\":\"Mes Vendanges\"},\"image\":{\"@id\":\"https:\/\/www.mesvendanges.com\/en\/#\/schema\/logo\/image\/\"}},{\"@type\":\"WebSite\",\"@id\":\"https:\/\/www.mesvendanges.com\/en\/#website\",\"url\":\"https:\/\/www.mesvendanges.com\/en\/\",\"name\":\"Mes Vendanges\",\"description\":\"Des journ\u00e9es enti\u00e8res dans les vignes\",\"publisher\":{\"@id\":\"https:\/\/www.mesvendanges.com\/en\/#organization\"},\"potentialAction\":[{\"@type\":\"SearchAction\",\"target\":{\"@type\":\"EntryPoint\",\"urlTemplate\":\"https:\/\/www.mesvendanges.com\/en\/?s={search_term_string}\"},\"query-input\":\"required name=search_term_string\"}],\"inLanguage\":\"fr-FR\"},{\"@type\":\"ImageObject\",\"inLanguage\":\"fr-FR\",\"@id\":\"https:\/\/www.mesvendanges.com\/fr\/boutique\/vins\/grain-sauvage-magnum-chappaz-marie-therese-2021-150cl\/#primaryimage\",\"url\":\"https:\/\/www.mesvendanges.com\/wp-content\/uploads\/2025\/05\/chappaz-marie-therese-grain-sauvage-magnum-valais-2021-150cl-rouge-png.png\",\"contentUrl\":\"https:\/\/www.mesvendanges.com\/wp-content\/uploads\/2025\/05\/chappaz-marie-therese-grain-sauvage-magnum-valais-2021-150cl-rouge-png.png\",\"width\":429,\"height\":1500},{\"@type\":\"WebPage\",\"@id\":\"https:\/\/www.mesvendanges.com\/fr\/boutique\/vins\/grain-sauvage-magnum-chappaz-marie-therese-2021-150cl\/\",\"url\":\"https:\/\/www.mesvendanges.com\/fr\/boutique\/vins\/grain-sauvage-magnum-chappaz-marie-therese-2021-150cl\/\",\"name\":\"GRAIN SAUVAGE MAGNUM - Mes Vendanges\",\"isPartOf\":{\"@id\":\"https:\/\/www.mesvendanges.com\/en\/#website\"},\"primaryImageOfPage\":{\"@id\":\"https:\/\/www.mesvendanges.com\/fr\/boutique\/vins\/grain-sauvage-magnum-chappaz-marie-therese-2021-150cl\/#primaryimage\"},\"datePublished\":\"2023-03-15T15:02:41+00:00\",\"dateModified\":\"2025-05-01T12:40:29+00:00\",\"breadcrumb\":{\"@id\":\"https:\/\/www.mesvendanges.com\/fr\/boutique\/vins\/grain-sauvage-magnum-chappaz-marie-therese-2021-150cl\/#breadcrumb\"},\"inLanguage\":\"fr-FR\",\"potentialAction\":[{\"@type\":\"ReadAction\",\"target\":[\"https:\/\/www.mesvendanges.com\/fr\/boutique\/vins\/grain-sauvage-magnum-chappaz-marie-therese-2021-150cl\/\"]}]},{\"@type\":\"BreadcrumbList\",\"@id\":\"https:\/\/www.mesvendanges.com\/fr\/boutique\/vins\/grain-sauvage-magnum-chappaz-marie-therese-2021-150cl\/#breadcrumb\",\"itemListElement\":[{\"@type\":\"ListItem\",\"position\":1,\"name\":\"Accueil\",\"item\":\"https:\/\/www.mesvendanges.com\/fr\/\"},{\"@type\":\"ListItem\",\"position\":2,\"name\":\"Boutique\",\"item\":\"https:\/\/www.mesvendanges.com\/fr\/boutique\/\"},{\"@type\":\"ListItem\",\"position\":3,\"name\":\"GRAIN SAUVAGE MAGNUM\"}]}]}<\/script>\n<!-- \/ Yoast SEO plugin. -->","yoast_head_json":{"title":"GRAIN SAUVAGE MAGNUM - Mes Vendanges","robots":{"index":"index","follow":"follow","max-snippet":"max-snippet:-1","max-image-preview":"max-image-preview:large","max-video-preview":"max-video-preview:-1"},"canonical":"https:\/\/www.mesvendanges.com\/fr\/boutique\/vins\/grain-sauvage-magnum-chappaz-marie-therese-2021-150cl\/","og_locale":"fr_FR","og_type":"article","og_title":"GRAIN SAUVAGE MAGNUM - Mes Vendanges","og_description":"quand il ne se marie pas au cornalin dans la cuv\u00e9e Grain Mariage, l\u2019humagne rouge de la combe d\u2019enfer cherche \u00e0 s\u2019\u00e9panouir seule dans cette cuv\u00e9e Grain Sauvage produite exclusivement en magnum. Tabac blond et racine de gentiane sont les notes de t\u00eate de ce mill\u00e9sime 2021 alors que la violette s\u2019exprime sur une bouche [&hellip;]","og_url":"https:\/\/www.mesvendanges.com\/fr\/boutique\/vins\/grain-sauvage-magnum-chappaz-marie-therese-2021-150cl\/","og_site_name":"Mes Vendanges","article_modified_time":"2025-05-01T12:40:29+00:00","og_image":[{"width":429,"height":1500,"url":"https:\/\/www.mesvendanges.com\/wp-content\/uploads\/2025\/05\/chappaz-marie-therese-grain-sauvage-magnum-valais-2021-150cl-rouge-png.png","type":"image\/png"}],"twitter_card":"summary_large_image","schema":{"@context":"https:\/\/schema.org","@graph":[{"@type":"Organization","@id":"https:\/\/www.mesvendanges.com\/en\/#organization","name":"Mes Vendanges","url":"https:\/\/www.mesvendanges.com\/en\/","sameAs":[],"logo":{"@type":"ImageObject","inLanguage":"fr-FR","@id":"https:\/\/www.mesvendanges.com\/en\/#\/schema\/logo\/image\/","url":"https:\/\/www.mesvendanges.com\/wp-content\/uploads\/2022\/02\/logo-mesvendanges.jpg","contentUrl":"https:\/\/www.mesvendanges.com\/wp-content\/uploads\/2022\/02\/logo-mesvendanges.jpg","width":851,"height":260,"caption":"Mes Vendanges"},"image":{"@id":"https:\/\/www.mesvendanges.com\/en\/#\/schema\/logo\/image\/"}},{"@type":"WebSite","@id":"https:\/\/www.mesvendanges.com\/en\/#website","url":"https:\/\/www.mesvendanges.com\/en\/","name":"Mes Vendanges","description":"Des journ\u00e9es enti\u00e8res dans les vignes","publisher":{"@id":"https:\/\/www.mesvendanges.com\/en\/#organization"},"potentialAction":[{"@type":"SearchAction","target":{"@type":"EntryPoint","urlTemplate":"https:\/\/www.mesvendanges.com\/en\/?s={search_term_string}"},"query-input":"required name=search_term_string"}],"inLanguage":"fr-FR"},{"@type":"ImageObject","inLanguage":"fr-FR","@id":"https:\/\/www.mesvendanges.com\/fr\/boutique\/vins\/grain-sauvage-magnum-chappaz-marie-therese-2021-150cl\/#primaryimage","url":"https:\/\/www.mesvendanges.com\/wp-content\/uploads\/2025\/05\/chappaz-marie-therese-grain-sauvage-magnum-valais-2021-150cl-rouge-png.png","contentUrl":"https:\/\/www.mesvendanges.com\/wp-content\/uploads\/2025\/05\/chappaz-marie-therese-grain-sauvage-magnum-valais-2021-150cl-rouge-png.png","width":429,"height":1500},{"@type":"WebPage","@id":"https:\/\/www.mesvendanges.com\/fr\/boutique\/vins\/grain-sauvage-magnum-chappaz-marie-therese-2021-150cl\/","url":"https:\/\/www.mesvendanges.com\/fr\/boutique\/vins\/grain-sauvage-magnum-chappaz-marie-therese-2021-150cl\/","name":"GRAIN SAUVAGE MAGNUM - Mes Vendanges","isPartOf":{"@id":"https:\/\/www.mesvendanges.com\/en\/#website"},"primaryImageOfPage":{"@id":"https:\/\/www.mesvendanges.com\/fr\/boutique\/vins\/grain-sauvage-magnum-chappaz-marie-therese-2021-150cl\/#primaryimage"},"datePublished":"2023-03-15T15:02:41+00:00","dateModified":"2025-05-01T12:40:29+00:00","breadcrumb":{"@id":"https:\/\/www.mesvendanges.com\/fr\/boutique\/vins\/grain-sauvage-magnum-chappaz-marie-therese-2021-150cl\/#breadcrumb"},"inLanguage":"fr-FR","potentialAction":[{"@type":"ReadAction","target":["https:\/\/www.mesvendanges.com\/fr\/boutique\/vins\/grain-sauvage-magnum-chappaz-marie-therese-2021-150cl\/"]}]},{"@type":"BreadcrumbList","@id":"https:\/\/www.mesvendanges.com\/fr\/boutique\/vins\/grain-sauvage-magnum-chappaz-marie-therese-2021-150cl\/#breadcrumb","itemListElement":[{"@type":"ListItem","position":1,"name":"Accueil","item":"https:\/\/www.mesvendanges.com\/fr\/"},{"@type":"ListItem","position":2,"name":"Boutique","item":"https:\/\/www.mesvendanges.com\/fr\/boutique\/"},{"@type":"ListItem","position":3,"name":"GRAIN SAUVAGE MAGNUM"}]}]}},"_links":{"self":[{"href":"https:\/\/www.mesvendanges.com\/fr\/wp-json\/wp\/v2\/product\/61339"}],"collection":[{"href":"https:\/\/www.mesvendanges.com\/fr\/wp-json\/wp\/v2\/product"}],"about":[{"href":"https:\/\/www.mesvendanges.com\/fr\/wp-json\/wp\/v2\/types\/product"}],"wp:featuredmedia":[{"embeddable":true,"href":"https:\/\/www.mesvendanges.com\/fr\/wp-json\/wp\/v2\/media\/86668"}],"wp:attachment":[{"href":"https:\/\/www.mesvendanges.com\/fr\/wp-json\/wp\/v2\/media?parent=61339"}],"wp:term":[{"taxonomy":"product_cat","embeddable":true,"href":"https:\/\/www.mesvendanges.com\/fr\/wp-json\/wp\/v2\/product_cat?post=61339"},{"taxonomy":"product_tag","embeddable":true,"href":"https:\/\/www.mesvendanges.com\/fr\/wp-json\/wp\/v2\/product_tag?post=61339"}],"curies":[{"name":"wp","href":"https:\/\/api.w.org\/{rel}","templated":true}]}}