{"id":62315,"date":"2023-05-23T08:49:11","date_gmt":"2023-05-23T06:49:11","guid":{"rendered":"https:\/\/www.mesvendanges.com\/shop\/non%20class\u00e9\/macon-verze-blanc-maillet-dne-nicolas-2020-75cl\/"},"modified":"2025-12-30T09:36:01","modified_gmt":"2025-12-30T08:36:01","slug":"macon-verze-blanc-maillet-dne-nicolas-2020-75cl","status":"publish","type":"product","link":"https:\/\/www.mesvendanges.com\/fr\/boutique\/vins\/macon-verze-blanc-maillet-dne-nicolas-2020-75cl\/","title":{"rendered":"MACON-VERZE BLANC"},"content":{"rendered":"<p>Nicolas Maillet aime les vins tout \u00e0 la fois francs, droits mais aussi causants. Afin de garder toute la verticalit\u00e9, la tension de ses M\u00e2cons, les \u00e9levages sont fait uniquement en cuve, le bois est proscrit. Lorsque le raisin est m\u00fbr, dans la pl\u00e9nitude de son expression, c&#8217;est le moment de la vendange. Pas de surmaturit\u00e9 recherch\u00e9e afin de garder de la puret\u00e9 aromatique. Au final, des vins gourmands et salivant \u00e0 souhait !<\/p>\n","protected":false},"excerpt":{"rendered":"<p>Nicolas Maillet aime les vins tout \u00e0 la fois francs, droits mais aussi causants. Afin de garder toute la verticalit\u00e9, la tension de ses M\u00e2cons, les \u00e9levages sont fait uniquement en cuve, le bois est proscrit. Lorsque le raisin est m\u00fbr, dans la pl\u00e9nitude de son expression, c&#8217;est le moment de la vendange. Pas de [&hellip;]<\/p>\n","protected":false},"featured_media":88634,"template":"","meta":[],"product_cat":[3736],"product_tag":[],"acf":[],"yoast_head":"<!-- This site is optimized with the Yoast SEO plugin v19.3 - https:\/\/yoast.com\/wordpress\/plugins\/seo\/ -->\n<title>MACON-VERZE BLANC - Mes Vendanges<\/title>\n<meta name=\"robots\" content=\"index, follow, max-snippet:-1, max-image-preview:large, max-video-preview:-1\" \/>\n<link rel=\"canonical\" href=\"https:\/\/www.mesvendanges.com\/fr\/boutique\/vins\/macon-verze-blanc-maillet-dne-nicolas-2020-75cl\/\" \/>\n<meta property=\"og:locale\" content=\"fr_FR\" \/>\n<meta property=\"og:type\" content=\"article\" \/>\n<meta property=\"og:title\" content=\"MACON-VERZE BLANC - Mes Vendanges\" \/>\n<meta property=\"og:description\" content=\"Nicolas Maillet aime les vins tout \u00e0 la fois francs, droits mais aussi causants. Afin de garder toute la verticalit\u00e9, la tension de ses M\u00e2cons, les \u00e9levages sont fait uniquement en cuve, le bois est proscrit. Lorsque le raisin est m\u00fbr, dans la pl\u00e9nitude de son expression, c&#8217;est le moment de la vendange. Pas de [&hellip;]\" \/>\n<meta property=\"og:url\" content=\"https:\/\/www.mesvendanges.com\/fr\/boutique\/vins\/macon-verze-blanc-maillet-dne-nicolas-2020-75cl\/\" \/>\n<meta property=\"og:site_name\" content=\"Mes Vendanges\" \/>\n<meta property=\"article:modified_time\" content=\"2025-12-30T08:36:01+00:00\" \/>\n<meta property=\"og:image\" content=\"https:\/\/www.mesvendanges.com\/wp-content\/uploads\/2025\/06\/domaine-nicolas-maillet-bourgogne-macon-verze-blanc-png.png\" \/>\n\t<meta property=\"og:image:width\" content=\"585\" \/>\n\t<meta property=\"og:image:height\" content=\"1500\" \/>\n\t<meta property=\"og:image:type\" content=\"image\/png\" \/>\n<meta name=\"twitter:card\" content=\"summary_large_image\" \/>\n<script type=\"application\/ld+json\" class=\"yoast-schema-graph\">{\"@context\":\"https:\/\/schema.org\",\"@graph\":[{\"@type\":\"Organization\",\"@id\":\"https:\/\/www.mesvendanges.com\/en\/#organization\",\"name\":\"Mes Vendanges\",\"url\":\"https:\/\/www.mesvendanges.com\/en\/\",\"sameAs\":[],\"logo\":{\"@type\":\"ImageObject\",\"inLanguage\":\"fr-FR\",\"@id\":\"https:\/\/www.mesvendanges.com\/en\/#\/schema\/logo\/image\/\",\"url\":\"https:\/\/www.mesvendanges.com\/wp-content\/uploads\/2022\/02\/logo-mesvendanges.jpg\",\"contentUrl\":\"https:\/\/www.mesvendanges.com\/wp-content\/uploads\/2022\/02\/logo-mesvendanges.jpg\",\"width\":851,\"height\":260,\"caption\":\"Mes Vendanges\"},\"image\":{\"@id\":\"https:\/\/www.mesvendanges.com\/en\/#\/schema\/logo\/image\/\"}},{\"@type\":\"WebSite\",\"@id\":\"https:\/\/www.mesvendanges.com\/en\/#website\",\"url\":\"https:\/\/www.mesvendanges.com\/en\/\",\"name\":\"Mes Vendanges\",\"description\":\"Des journ\u00e9es enti\u00e8res dans les vignes\",\"publisher\":{\"@id\":\"https:\/\/www.mesvendanges.com\/en\/#organization\"},\"potentialAction\":[{\"@type\":\"SearchAction\",\"target\":{\"@type\":\"EntryPoint\",\"urlTemplate\":\"https:\/\/www.mesvendanges.com\/en\/?s={search_term_string}\"},\"query-input\":\"required name=search_term_string\"}],\"inLanguage\":\"fr-FR\"},{\"@type\":\"ImageObject\",\"inLanguage\":\"fr-FR\",\"@id\":\"https:\/\/www.mesvendanges.com\/fr\/boutique\/vins\/macon-verze-blanc-maillet-dne-nicolas-2020-75cl\/#primaryimage\",\"url\":\"https:\/\/www.mesvendanges.com\/wp-content\/uploads\/2025\/06\/domaine-nicolas-maillet-bourgogne-macon-verze-blanc-png.png\",\"contentUrl\":\"https:\/\/www.mesvendanges.com\/wp-content\/uploads\/2025\/06\/domaine-nicolas-maillet-bourgogne-macon-verze-blanc-png.png\",\"width\":585,\"height\":1500},{\"@type\":\"WebPage\",\"@id\":\"https:\/\/www.mesvendanges.com\/fr\/boutique\/vins\/macon-verze-blanc-maillet-dne-nicolas-2020-75cl\/\",\"url\":\"https:\/\/www.mesvendanges.com\/fr\/boutique\/vins\/macon-verze-blanc-maillet-dne-nicolas-2020-75cl\/\",\"name\":\"MACON-VERZE BLANC - Mes Vendanges\",\"isPartOf\":{\"@id\":\"https:\/\/www.mesvendanges.com\/en\/#website\"},\"primaryImageOfPage\":{\"@id\":\"https:\/\/www.mesvendanges.com\/fr\/boutique\/vins\/macon-verze-blanc-maillet-dne-nicolas-2020-75cl\/#primaryimage\"},\"datePublished\":\"2023-05-23T06:49:11+00:00\",\"dateModified\":\"2025-12-30T08:36:01+00:00\",\"breadcrumb\":{\"@id\":\"https:\/\/www.mesvendanges.com\/fr\/boutique\/vins\/macon-verze-blanc-maillet-dne-nicolas-2020-75cl\/#breadcrumb\"},\"inLanguage\":\"fr-FR\",\"potentialAction\":[{\"@type\":\"ReadAction\",\"target\":[\"https:\/\/www.mesvendanges.com\/fr\/boutique\/vins\/macon-verze-blanc-maillet-dne-nicolas-2020-75cl\/\"]}]},{\"@type\":\"BreadcrumbList\",\"@id\":\"https:\/\/www.mesvendanges.com\/fr\/boutique\/vins\/macon-verze-blanc-maillet-dne-nicolas-2020-75cl\/#breadcrumb\",\"itemListElement\":[{\"@type\":\"ListItem\",\"position\":1,\"name\":\"Accueil\",\"item\":\"https:\/\/www.mesvendanges.com\/fr\/\"},{\"@type\":\"ListItem\",\"position\":2,\"name\":\"Boutique\",\"item\":\"https:\/\/www.mesvendanges.com\/fr\/boutique\/\"},{\"@type\":\"ListItem\",\"position\":3,\"name\":\"MACON-VERZE BLANC\"}]}]}<\/script>\n<!-- \/ Yoast SEO plugin. -->","yoast_head_json":{"title":"MACON-VERZE BLANC - Mes Vendanges","robots":{"index":"index","follow":"follow","max-snippet":"max-snippet:-1","max-image-preview":"max-image-preview:large","max-video-preview":"max-video-preview:-1"},"canonical":"https:\/\/www.mesvendanges.com\/fr\/boutique\/vins\/macon-verze-blanc-maillet-dne-nicolas-2020-75cl\/","og_locale":"fr_FR","og_type":"article","og_title":"MACON-VERZE BLANC - Mes Vendanges","og_description":"Nicolas Maillet aime les vins tout \u00e0 la fois francs, droits mais aussi causants. Afin de garder toute la verticalit\u00e9, la tension de ses M\u00e2cons, les \u00e9levages sont fait uniquement en cuve, le bois est proscrit. Lorsque le raisin est m\u00fbr, dans la pl\u00e9nitude de son expression, c&#8217;est le moment de la vendange. Pas de [&hellip;]","og_url":"https:\/\/www.mesvendanges.com\/fr\/boutique\/vins\/macon-verze-blanc-maillet-dne-nicolas-2020-75cl\/","og_site_name":"Mes Vendanges","article_modified_time":"2025-12-30T08:36:01+00:00","og_image":[{"width":585,"height":1500,"url":"https:\/\/www.mesvendanges.com\/wp-content\/uploads\/2025\/06\/domaine-nicolas-maillet-bourgogne-macon-verze-blanc-png.png","type":"image\/png"}],"twitter_card":"summary_large_image","schema":{"@context":"https:\/\/schema.org","@graph":[{"@type":"Organization","@id":"https:\/\/www.mesvendanges.com\/en\/#organization","name":"Mes Vendanges","url":"https:\/\/www.mesvendanges.com\/en\/","sameAs":[],"logo":{"@type":"ImageObject","inLanguage":"fr-FR","@id":"https:\/\/www.mesvendanges.com\/en\/#\/schema\/logo\/image\/","url":"https:\/\/www.mesvendanges.com\/wp-content\/uploads\/2022\/02\/logo-mesvendanges.jpg","contentUrl":"https:\/\/www.mesvendanges.com\/wp-content\/uploads\/2022\/02\/logo-mesvendanges.jpg","width":851,"height":260,"caption":"Mes Vendanges"},"image":{"@id":"https:\/\/www.mesvendanges.com\/en\/#\/schema\/logo\/image\/"}},{"@type":"WebSite","@id":"https:\/\/www.mesvendanges.com\/en\/#website","url":"https:\/\/www.mesvendanges.com\/en\/","name":"Mes Vendanges","description":"Des journ\u00e9es enti\u00e8res dans les vignes","publisher":{"@id":"https:\/\/www.mesvendanges.com\/en\/#organization"},"potentialAction":[{"@type":"SearchAction","target":{"@type":"EntryPoint","urlTemplate":"https:\/\/www.mesvendanges.com\/en\/?s={search_term_string}"},"query-input":"required name=search_term_string"}],"inLanguage":"fr-FR"},{"@type":"ImageObject","inLanguage":"fr-FR","@id":"https:\/\/www.mesvendanges.com\/fr\/boutique\/vins\/macon-verze-blanc-maillet-dne-nicolas-2020-75cl\/#primaryimage","url":"https:\/\/www.mesvendanges.com\/wp-content\/uploads\/2025\/06\/domaine-nicolas-maillet-bourgogne-macon-verze-blanc-png.png","contentUrl":"https:\/\/www.mesvendanges.com\/wp-content\/uploads\/2025\/06\/domaine-nicolas-maillet-bourgogne-macon-verze-blanc-png.png","width":585,"height":1500},{"@type":"WebPage","@id":"https:\/\/www.mesvendanges.com\/fr\/boutique\/vins\/macon-verze-blanc-maillet-dne-nicolas-2020-75cl\/","url":"https:\/\/www.mesvendanges.com\/fr\/boutique\/vins\/macon-verze-blanc-maillet-dne-nicolas-2020-75cl\/","name":"MACON-VERZE BLANC - Mes Vendanges","isPartOf":{"@id":"https:\/\/www.mesvendanges.com\/en\/#website"},"primaryImageOfPage":{"@id":"https:\/\/www.mesvendanges.com\/fr\/boutique\/vins\/macon-verze-blanc-maillet-dne-nicolas-2020-75cl\/#primaryimage"},"datePublished":"2023-05-23T06:49:11+00:00","dateModified":"2025-12-30T08:36:01+00:00","breadcrumb":{"@id":"https:\/\/www.mesvendanges.com\/fr\/boutique\/vins\/macon-verze-blanc-maillet-dne-nicolas-2020-75cl\/#breadcrumb"},"inLanguage":"fr-FR","potentialAction":[{"@type":"ReadAction","target":["https:\/\/www.mesvendanges.com\/fr\/boutique\/vins\/macon-verze-blanc-maillet-dne-nicolas-2020-75cl\/"]}]},{"@type":"BreadcrumbList","@id":"https:\/\/www.mesvendanges.com\/fr\/boutique\/vins\/macon-verze-blanc-maillet-dne-nicolas-2020-75cl\/#breadcrumb","itemListElement":[{"@type":"ListItem","position":1,"name":"Accueil","item":"https:\/\/www.mesvendanges.com\/fr\/"},{"@type":"ListItem","position":2,"name":"Boutique","item":"https:\/\/www.mesvendanges.com\/fr\/boutique\/"},{"@type":"ListItem","position":3,"name":"MACON-VERZE BLANC"}]}]}},"_links":{"self":[{"href":"https:\/\/www.mesvendanges.com\/fr\/wp-json\/wp\/v2\/product\/62315"}],"collection":[{"href":"https:\/\/www.mesvendanges.com\/fr\/wp-json\/wp\/v2\/product"}],"about":[{"href":"https:\/\/www.mesvendanges.com\/fr\/wp-json\/wp\/v2\/types\/product"}],"wp:featuredmedia":[{"embeddable":true,"href":"https:\/\/www.mesvendanges.com\/fr\/wp-json\/wp\/v2\/media\/88634"}],"wp:attachment":[{"href":"https:\/\/www.mesvendanges.com\/fr\/wp-json\/wp\/v2\/media?parent=62315"}],"wp:term":[{"taxonomy":"product_cat","embeddable":true,"href":"https:\/\/www.mesvendanges.com\/fr\/wp-json\/wp\/v2\/product_cat?post=62315"},{"taxonomy":"product_tag","embeddable":true,"href":"https:\/\/www.mesvendanges.com\/fr\/wp-json\/wp\/v2\/product_tag?post=62315"}],"curies":[{"name":"wp","href":"https:\/\/api.w.org\/{rel}","templated":true}]}}