{"id":65128,"date":"2023-06-05T15:54:19","date_gmt":"2023-06-05T13:54:19","guid":{"rendered":"https:\/\/www.mesvendanges.com\/shop\/non%20class\u00e9\/marsau-primeurs-ht-hors-livraison-75cl\/"},"modified":"2025-12-15T15:38:21","modified_gmt":"2025-12-15T14:38:21","slug":"marsau-marsau-ch-2022-75cl","status":"publish","type":"product","link":"https:\/\/www.mesvendanges.com\/fr\/boutique\/vins\/marsau-marsau-ch-2022-75cl\/","title":{"rendered":"MARSAU"},"content":{"rendered":"<p>Marsau est situ\u00e9 en dehors des sentiers battus, 20km \u00e0 l&#8217;est de Saint-Emilion, l\u00e0 o\u00f9 la civilisation du vin se dissout dans la ruralit\u00e9. Le domaine s&#8217;\u00e9tend sur un peu plus de 20 hectares dont 12 consacr\u00e9s la vigne, entour\u00e9e de prairies et de for\u00eats.<br \/>\nLe terroir de Marsau est une singularit\u00e9 argileuse particuli\u00e8rement adapt\u00e9e au Merlot, c\u00e9page unique.<\/p>\n<p>Pour Anne-Laurence, vigneronne, plusieurs \u00e9lements ont contribu\u00e9 \u00e0 la r\u00e9ussite de Marsau en 2022:<br \/>\n&#8211; L&#8217;agriculture biologique mise en place depuis 2018 (le domaine est certifi\u00e9 depuis 2021) apporte, selon elle, de nombreux b\u00e9n\u00e9fices physiologiques \u00e0 la vigne et encourage son syst\u00e8me racinaire \u00e0 se d\u00e9velopper en profondeur (ce fut crucial en 2022).<br \/>\n&#8211; Les sols ne sont plus labour\u00e9s depuis 2019. Apr\u00e8s quatre ann\u00e9es de non labour, les bienfaits de cette d\u00e9marche sont bien visibles. La vie microbienne des sols s&#8217;est d\u00e9velopp\u00e9e, ce qui permet de mieux alimenter les racines de la vigne en nutriments pr\u00e9cieux. La capacit\u00e9 des sols \u00e0 retenir l&#8217;humidit\u00e9 est am\u00e9lior\u00e9e.<br \/>\n&#8211; Les couverts v\u00e9g\u00e9taux instaur\u00e9s gr\u00e2ce \u00e0 l&#8217;arr\u00eat du travail des sols se d\u00e9veloppent, d&#8217;autant plus qu&#8217;ils ne sont pas tondus. Ici, l&#8217;herbe est une amie. Un sol couvert est significativement plus frais qu&#8217;un sol nu, il retient mieux l&#8217;humidit\u00e9 et amplifie la ros\u00e9e matinale.<br \/>\n&#8211; Les vignes sont rogn\u00e9es seulement deux fois dans l&#8217;ann\u00e9e (habituellement elles le sont toutes les 2-3 semaines): tr\u00e8s t\u00f4t dans l&#8217;\u00e9t\u00e9 et \u00e0 la veille des vendanges (pour faciliter le travail des vendangeurs &#8211; 100% vendanges manuelles). Ne pas rogner de l&#8217;\u00e9t\u00e9 permet \u00e0 la plante d&#8217;arriver au terme de son cycle de croissance plus t\u00f4t dans la saison pour concentrer son \u00e9n\u00e9rgie sur la maturation de ses fruits. Ces pratiques, associ\u00e9es \u00e0 une agriculture biologique, favorisent une plus grande fra\u00eecheur du fruit et des vendanges plus pr\u00e9coces.<br \/>\n&#8211; Dates de vendanges: Anne-Laurence est convaincue que plus on vendange t\u00f4t dans la fen\u00eatre de maturit\u00e9 d&#8217;un c\u00e9page, plus on a l&#8217;exression du sol. Plus on attend, plus l&#8217;expression du fruit prend le pas sur celle du terroir. Guid\u00e9e par sa qu\u00eate d&#8217;expression du lieu, Anne-Laurence opte donc pour des vendanges pr\u00e9coces. C&#8217;\u00e9tait particuli\u00e8rement pertinent en 2022, mill\u00e9sime qui s&#8217;est construit dans les profondeur du sol plut\u00f4t qu&#8217;\u00e0 la surface. Ce sont les caract\u00e9risiques du sol qui ont permis \u00e0 la vigne de se jouer ainsi de conditions climatiques extr\u00eames de ce mill\u00e9sime.<\/p>\n<p>Les vinifications furent simples, comme d&#8217;habitude. Pas de souffre avant la fermentation malolactique. Des extractions tr\u00e8s douces durant la premi\u00e8re moiti\u00e9 de la fermentation et puis plus d&#8217;extractions par la suite. Des temp\u00e9ratures plut\u00f4t basses (27\u00b0). Les vins de presse \u00e9taient d&#8217;une tr\u00e8s grande qualit\u00e9 et int\u00e8grent tr\u00e8s t\u00f4t l&#8217;assemblage. Enfin, \u00e0 Marsau, 2022 marque la fin d&#8217;une transition vers un \u00e9levage en foudres, \u00e0 hauteur de 80%.<\/p>\n<p>Au final, 2022 est certainement le mill\u00e9sime le plus abouti et identitaire de Marsau, ce que confirment les notes des journalistes qui sont les plus hautes dans l&#8217;histoire de ce vin.<\/p>\n","protected":false},"excerpt":{"rendered":"<p>Marsau est situ\u00e9 en dehors des sentiers battus, 20km \u00e0 l&#8217;est de Saint-Emilion, l\u00e0 o\u00f9 la civilisation du vin se dissout dans la ruralit\u00e9. Le domaine s&#8217;\u00e9tend sur un peu plus de 20 hectares dont 12 consacr\u00e9s la vigne, entour\u00e9e de prairies et de for\u00eats. Le terroir de Marsau est une singularit\u00e9 argileuse particuli\u00e8rement adapt\u00e9e [&hellip;]<\/p>\n","protected":false},"featured_media":0,"template":"","meta":[],"product_cat":[3736],"product_tag":[],"acf":[],"yoast_head":"<!-- This site is optimized with the Yoast SEO plugin v19.3 - https:\/\/yoast.com\/wordpress\/plugins\/seo\/ -->\n<title>MARSAU - Mes Vendanges<\/title>\n<meta name=\"robots\" content=\"index, follow, max-snippet:-1, max-image-preview:large, max-video-preview:-1\" \/>\n<link rel=\"canonical\" href=\"https:\/\/www.mesvendanges.com\/fr\/boutique\/vins\/marsau-marsau-ch-2022-75cl\/\" \/>\n<meta property=\"og:locale\" content=\"fr_FR\" \/>\n<meta property=\"og:type\" content=\"article\" \/>\n<meta property=\"og:title\" content=\"MARSAU - Mes Vendanges\" \/>\n<meta property=\"og:description\" content=\"Marsau est situ\u00e9 en dehors des sentiers battus, 20km \u00e0 l&#8217;est de Saint-Emilion, l\u00e0 o\u00f9 la civilisation du vin se dissout dans la ruralit\u00e9. Le domaine s&#8217;\u00e9tend sur un peu plus de 20 hectares dont 12 consacr\u00e9s la vigne, entour\u00e9e de prairies et de for\u00eats. Le terroir de Marsau est une singularit\u00e9 argileuse particuli\u00e8rement adapt\u00e9e [&hellip;]\" \/>\n<meta property=\"og:url\" content=\"https:\/\/www.mesvendanges.com\/fr\/boutique\/vins\/marsau-marsau-ch-2022-75cl\/\" \/>\n<meta property=\"og:site_name\" content=\"Mes Vendanges\" \/>\n<meta property=\"article:modified_time\" content=\"2025-12-15T14:38:21+00:00\" \/>\n<meta name=\"twitter:card\" content=\"summary_large_image\" \/>\n<meta name=\"twitter:label1\" content=\"Dur\u00e9e de lecture estim\u00e9e\" \/>\n\t<meta name=\"twitter:data1\" content=\"3 minutes\" \/>\n<script type=\"application\/ld+json\" class=\"yoast-schema-graph\">{\"@context\":\"https:\/\/schema.org\",\"@graph\":[{\"@type\":\"Organization\",\"@id\":\"https:\/\/www.mesvendanges.com\/en\/#organization\",\"name\":\"Mes Vendanges\",\"url\":\"https:\/\/www.mesvendanges.com\/en\/\",\"sameAs\":[],\"logo\":{\"@type\":\"ImageObject\",\"inLanguage\":\"fr-FR\",\"@id\":\"https:\/\/www.mesvendanges.com\/en\/#\/schema\/logo\/image\/\",\"url\":\"https:\/\/www.mesvendanges.com\/wp-content\/uploads\/2022\/02\/logo-mesvendanges.jpg\",\"contentUrl\":\"https:\/\/www.mesvendanges.com\/wp-content\/uploads\/2022\/02\/logo-mesvendanges.jpg\",\"width\":851,\"height\":260,\"caption\":\"Mes Vendanges\"},\"image\":{\"@id\":\"https:\/\/www.mesvendanges.com\/en\/#\/schema\/logo\/image\/\"}},{\"@type\":\"WebSite\",\"@id\":\"https:\/\/www.mesvendanges.com\/en\/#website\",\"url\":\"https:\/\/www.mesvendanges.com\/en\/\",\"name\":\"Mes Vendanges\",\"description\":\"Des journ\u00e9es enti\u00e8res dans les vignes\",\"publisher\":{\"@id\":\"https:\/\/www.mesvendanges.com\/en\/#organization\"},\"potentialAction\":[{\"@type\":\"SearchAction\",\"target\":{\"@type\":\"EntryPoint\",\"urlTemplate\":\"https:\/\/www.mesvendanges.com\/en\/?s={search_term_string}\"},\"query-input\":\"required name=search_term_string\"}],\"inLanguage\":\"fr-FR\"},{\"@type\":\"WebPage\",\"@id\":\"https:\/\/www.mesvendanges.com\/fr\/boutique\/vins\/marsau-marsau-ch-2022-75cl\/\",\"url\":\"https:\/\/www.mesvendanges.com\/fr\/boutique\/vins\/marsau-marsau-ch-2022-75cl\/\",\"name\":\"MARSAU - Mes Vendanges\",\"isPartOf\":{\"@id\":\"https:\/\/www.mesvendanges.com\/en\/#website\"},\"datePublished\":\"2023-06-05T13:54:19+00:00\",\"dateModified\":\"2025-12-15T14:38:21+00:00\",\"breadcrumb\":{\"@id\":\"https:\/\/www.mesvendanges.com\/fr\/boutique\/vins\/marsau-marsau-ch-2022-75cl\/#breadcrumb\"},\"inLanguage\":\"fr-FR\",\"potentialAction\":[{\"@type\":\"ReadAction\",\"target\":[\"https:\/\/www.mesvendanges.com\/fr\/boutique\/vins\/marsau-marsau-ch-2022-75cl\/\"]}]},{\"@type\":\"BreadcrumbList\",\"@id\":\"https:\/\/www.mesvendanges.com\/fr\/boutique\/vins\/marsau-marsau-ch-2022-75cl\/#breadcrumb\",\"itemListElement\":[{\"@type\":\"ListItem\",\"position\":1,\"name\":\"Accueil\",\"item\":\"https:\/\/www.mesvendanges.com\/fr\/\"},{\"@type\":\"ListItem\",\"position\":2,\"name\":\"Boutique\",\"item\":\"https:\/\/www.mesvendanges.com\/fr\/boutique\/\"},{\"@type\":\"ListItem\",\"position\":3,\"name\":\"MARSAU\"}]}]}<\/script>\n<!-- \/ Yoast SEO plugin. -->","yoast_head_json":{"title":"MARSAU - Mes Vendanges","robots":{"index":"index","follow":"follow","max-snippet":"max-snippet:-1","max-image-preview":"max-image-preview:large","max-video-preview":"max-video-preview:-1"},"canonical":"https:\/\/www.mesvendanges.com\/fr\/boutique\/vins\/marsau-marsau-ch-2022-75cl\/","og_locale":"fr_FR","og_type":"article","og_title":"MARSAU - Mes Vendanges","og_description":"Marsau est situ\u00e9 en dehors des sentiers battus, 20km \u00e0 l&#8217;est de Saint-Emilion, l\u00e0 o\u00f9 la civilisation du vin se dissout dans la ruralit\u00e9. Le domaine s&#8217;\u00e9tend sur un peu plus de 20 hectares dont 12 consacr\u00e9s la vigne, entour\u00e9e de prairies et de for\u00eats. Le terroir de Marsau est une singularit\u00e9 argileuse particuli\u00e8rement adapt\u00e9e [&hellip;]","og_url":"https:\/\/www.mesvendanges.com\/fr\/boutique\/vins\/marsau-marsau-ch-2022-75cl\/","og_site_name":"Mes Vendanges","article_modified_time":"2025-12-15T14:38:21+00:00","twitter_card":"summary_large_image","twitter_misc":{"Dur\u00e9e de lecture estim\u00e9e":"3 minutes"},"schema":{"@context":"https:\/\/schema.org","@graph":[{"@type":"Organization","@id":"https:\/\/www.mesvendanges.com\/en\/#organization","name":"Mes Vendanges","url":"https:\/\/www.mesvendanges.com\/en\/","sameAs":[],"logo":{"@type":"ImageObject","inLanguage":"fr-FR","@id":"https:\/\/www.mesvendanges.com\/en\/#\/schema\/logo\/image\/","url":"https:\/\/www.mesvendanges.com\/wp-content\/uploads\/2022\/02\/logo-mesvendanges.jpg","contentUrl":"https:\/\/www.mesvendanges.com\/wp-content\/uploads\/2022\/02\/logo-mesvendanges.jpg","width":851,"height":260,"caption":"Mes Vendanges"},"image":{"@id":"https:\/\/www.mesvendanges.com\/en\/#\/schema\/logo\/image\/"}},{"@type":"WebSite","@id":"https:\/\/www.mesvendanges.com\/en\/#website","url":"https:\/\/www.mesvendanges.com\/en\/","name":"Mes Vendanges","description":"Des journ\u00e9es enti\u00e8res dans les vignes","publisher":{"@id":"https:\/\/www.mesvendanges.com\/en\/#organization"},"potentialAction":[{"@type":"SearchAction","target":{"@type":"EntryPoint","urlTemplate":"https:\/\/www.mesvendanges.com\/en\/?s={search_term_string}"},"query-input":"required name=search_term_string"}],"inLanguage":"fr-FR"},{"@type":"WebPage","@id":"https:\/\/www.mesvendanges.com\/fr\/boutique\/vins\/marsau-marsau-ch-2022-75cl\/","url":"https:\/\/www.mesvendanges.com\/fr\/boutique\/vins\/marsau-marsau-ch-2022-75cl\/","name":"MARSAU - Mes Vendanges","isPartOf":{"@id":"https:\/\/www.mesvendanges.com\/en\/#website"},"datePublished":"2023-06-05T13:54:19+00:00","dateModified":"2025-12-15T14:38:21+00:00","breadcrumb":{"@id":"https:\/\/www.mesvendanges.com\/fr\/boutique\/vins\/marsau-marsau-ch-2022-75cl\/#breadcrumb"},"inLanguage":"fr-FR","potentialAction":[{"@type":"ReadAction","target":["https:\/\/www.mesvendanges.com\/fr\/boutique\/vins\/marsau-marsau-ch-2022-75cl\/"]}]},{"@type":"BreadcrumbList","@id":"https:\/\/www.mesvendanges.com\/fr\/boutique\/vins\/marsau-marsau-ch-2022-75cl\/#breadcrumb","itemListElement":[{"@type":"ListItem","position":1,"name":"Accueil","item":"https:\/\/www.mesvendanges.com\/fr\/"},{"@type":"ListItem","position":2,"name":"Boutique","item":"https:\/\/www.mesvendanges.com\/fr\/boutique\/"},{"@type":"ListItem","position":3,"name":"MARSAU"}]}]}},"_links":{"self":[{"href":"https:\/\/www.mesvendanges.com\/fr\/wp-json\/wp\/v2\/product\/65128"}],"collection":[{"href":"https:\/\/www.mesvendanges.com\/fr\/wp-json\/wp\/v2\/product"}],"about":[{"href":"https:\/\/www.mesvendanges.com\/fr\/wp-json\/wp\/v2\/types\/product"}],"wp:attachment":[{"href":"https:\/\/www.mesvendanges.com\/fr\/wp-json\/wp\/v2\/media?parent=65128"}],"wp:term":[{"taxonomy":"product_cat","embeddable":true,"href":"https:\/\/www.mesvendanges.com\/fr\/wp-json\/wp\/v2\/product_cat?post=65128"},{"taxonomy":"product_tag","embeddable":true,"href":"https:\/\/www.mesvendanges.com\/fr\/wp-json\/wp\/v2\/product_tag?post=65128"}],"curies":[{"name":"wp","href":"https:\/\/api.w.org\/{rel}","templated":true}]}}