{"id":66588,"date":"2023-06-12T14:19:06","date_gmt":"2023-06-12T12:19:06","guid":{"rendered":"https:\/\/www.mesvendanges.com\/shop\/non%20class\u00e9\/thrapsathiri-malihin-iliana-2021-75cl\/"},"modified":"2025-10-06T12:26:48","modified_gmt":"2025-10-06T10:26:48","slug":"thrapsathiri-malihin-iliana-2021-75cl","status":"publish","type":"product","link":"https:\/\/www.mesvendanges.com\/fr\/boutique\/vins\/thrapsathiri-malihin-iliana-2021-75cl\/","title":{"rendered":"THRAPSATHIRI"},"content":{"rendered":"<p>Encore une fois, la Gr\u00e8ce et plus particuli\u00e8rement la Cr\u00e8te nous surprend par ses vins blancs d&#8217;une grande fraicheur. Le Thrapsatiri d&#8217;Iliana Malihin \u00e9voque la M\u00e9diterran\u00e9e par ses notes de fenouil, son paysage citron\u00e9, ainsi que par ses notes salines. Mais c&#8217;est le caract\u00e8re a\u00e9rien, vivant, clair, qui le distingue avant tout. Un vin qui semble fait pour ouvrir la table en nous donnant un bain de jouvence. Une \u00e9vidence claire et joyeuse.<\/p>\n","protected":false},"excerpt":{"rendered":"<p>Encore une fois, la Gr\u00e8ce et plus particuli\u00e8rement la Cr\u00e8te nous surprend par ses vins blancs d&#8217;une grande fraicheur. Le Thrapsatiri d&#8217;Iliana Malihin \u00e9voque la M\u00e9diterran\u00e9e par ses notes de fenouil, son paysage citron\u00e9, ainsi que par ses notes salines. Mais c&#8217;est le caract\u00e8re a\u00e9rien, vivant, clair, qui le distingue avant tout. Un vin qui [&hellip;]<\/p>\n","protected":false},"featured_media":76247,"template":"","meta":[],"product_cat":[3736],"product_tag":[],"acf":[],"yoast_head":"<!-- This site is optimized with the Yoast SEO plugin v19.3 - https:\/\/yoast.com\/wordpress\/plugins\/seo\/ -->\n<title>THRAPSATHIRI - Mes Vendanges<\/title>\n<meta name=\"robots\" content=\"index, follow, max-snippet:-1, max-image-preview:large, max-video-preview:-1\" \/>\n<link rel=\"canonical\" href=\"https:\/\/www.mesvendanges.com\/fr\/boutique\/vins\/thrapsathiri-malihin-iliana-2021-75cl\/\" \/>\n<meta property=\"og:locale\" content=\"fr_FR\" \/>\n<meta property=\"og:type\" content=\"article\" \/>\n<meta property=\"og:title\" content=\"THRAPSATHIRI - Mes Vendanges\" \/>\n<meta property=\"og:description\" content=\"Encore une fois, la Gr\u00e8ce et plus particuli\u00e8rement la Cr\u00e8te nous surprend par ses vins blancs d&#8217;une grande fraicheur. Le Thrapsatiri d&#8217;Iliana Malihin \u00e9voque la M\u00e9diterran\u00e9e par ses notes de fenouil, son paysage citron\u00e9, ainsi que par ses notes salines. Mais c&#8217;est le caract\u00e8re a\u00e9rien, vivant, clair, qui le distingue avant tout. Un vin qui [&hellip;]\" \/>\n<meta property=\"og:url\" content=\"https:\/\/www.mesvendanges.com\/fr\/boutique\/vins\/thrapsathiri-malihin-iliana-2021-75cl\/\" \/>\n<meta property=\"og:site_name\" content=\"Mes Vendanges\" \/>\n<meta property=\"article:modified_time\" content=\"2025-10-06T10:26:48+00:00\" \/>\n<meta property=\"og:image\" content=\"https:\/\/www.mesvendanges.com\/wp-content\/uploads\/2024\/08\/malihin-thrapsathiri-igp-rethyno-2021-png.png\" \/>\n\t<meta property=\"og:image:width\" content=\"444\" \/>\n\t<meta property=\"og:image:height\" content=\"1500\" \/>\n\t<meta property=\"og:image:type\" content=\"image\/png\" \/>\n<meta name=\"twitter:card\" content=\"summary_large_image\" \/>\n<script type=\"application\/ld+json\" class=\"yoast-schema-graph\">{\"@context\":\"https:\/\/schema.org\",\"@graph\":[{\"@type\":\"Organization\",\"@id\":\"https:\/\/www.mesvendanges.com\/en\/#organization\",\"name\":\"Mes Vendanges\",\"url\":\"https:\/\/www.mesvendanges.com\/en\/\",\"sameAs\":[],\"logo\":{\"@type\":\"ImageObject\",\"inLanguage\":\"fr-FR\",\"@id\":\"https:\/\/www.mesvendanges.com\/en\/#\/schema\/logo\/image\/\",\"url\":\"https:\/\/www.mesvendanges.com\/wp-content\/uploads\/2022\/02\/logo-mesvendanges.jpg\",\"contentUrl\":\"https:\/\/www.mesvendanges.com\/wp-content\/uploads\/2022\/02\/logo-mesvendanges.jpg\",\"width\":851,\"height\":260,\"caption\":\"Mes Vendanges\"},\"image\":{\"@id\":\"https:\/\/www.mesvendanges.com\/en\/#\/schema\/logo\/image\/\"}},{\"@type\":\"WebSite\",\"@id\":\"https:\/\/www.mesvendanges.com\/en\/#website\",\"url\":\"https:\/\/www.mesvendanges.com\/en\/\",\"name\":\"Mes Vendanges\",\"description\":\"Des journ\u00e9es enti\u00e8res dans les vignes\",\"publisher\":{\"@id\":\"https:\/\/www.mesvendanges.com\/en\/#organization\"},\"potentialAction\":[{\"@type\":\"SearchAction\",\"target\":{\"@type\":\"EntryPoint\",\"urlTemplate\":\"https:\/\/www.mesvendanges.com\/en\/?s={search_term_string}\"},\"query-input\":\"required name=search_term_string\"}],\"inLanguage\":\"fr-FR\"},{\"@type\":\"ImageObject\",\"inLanguage\":\"fr-FR\",\"@id\":\"https:\/\/www.mesvendanges.com\/fr\/boutique\/vins\/thrapsathiri-malihin-iliana-2021-75cl\/#primaryimage\",\"url\":\"https:\/\/www.mesvendanges.com\/wp-content\/uploads\/2024\/08\/malihin-thrapsathiri-igp-rethyno-2021-png.png\",\"contentUrl\":\"https:\/\/www.mesvendanges.com\/wp-content\/uploads\/2024\/08\/malihin-thrapsathiri-igp-rethyno-2021-png.png\",\"width\":444,\"height\":1500},{\"@type\":\"WebPage\",\"@id\":\"https:\/\/www.mesvendanges.com\/fr\/boutique\/vins\/thrapsathiri-malihin-iliana-2021-75cl\/\",\"url\":\"https:\/\/www.mesvendanges.com\/fr\/boutique\/vins\/thrapsathiri-malihin-iliana-2021-75cl\/\",\"name\":\"THRAPSATHIRI - Mes Vendanges\",\"isPartOf\":{\"@id\":\"https:\/\/www.mesvendanges.com\/en\/#website\"},\"primaryImageOfPage\":{\"@id\":\"https:\/\/www.mesvendanges.com\/fr\/boutique\/vins\/thrapsathiri-malihin-iliana-2021-75cl\/#primaryimage\"},\"datePublished\":\"2023-06-12T12:19:06+00:00\",\"dateModified\":\"2025-10-06T10:26:48+00:00\",\"breadcrumb\":{\"@id\":\"https:\/\/www.mesvendanges.com\/fr\/boutique\/vins\/thrapsathiri-malihin-iliana-2021-75cl\/#breadcrumb\"},\"inLanguage\":\"fr-FR\",\"potentialAction\":[{\"@type\":\"ReadAction\",\"target\":[\"https:\/\/www.mesvendanges.com\/fr\/boutique\/vins\/thrapsathiri-malihin-iliana-2021-75cl\/\"]}]},{\"@type\":\"BreadcrumbList\",\"@id\":\"https:\/\/www.mesvendanges.com\/fr\/boutique\/vins\/thrapsathiri-malihin-iliana-2021-75cl\/#breadcrumb\",\"itemListElement\":[{\"@type\":\"ListItem\",\"position\":1,\"name\":\"Accueil\",\"item\":\"https:\/\/www.mesvendanges.com\/fr\/\"},{\"@type\":\"ListItem\",\"position\":2,\"name\":\"Boutique\",\"item\":\"https:\/\/www.mesvendanges.com\/fr\/boutique\/\"},{\"@type\":\"ListItem\",\"position\":3,\"name\":\"THRAPSATHIRI\"}]}]}<\/script>\n<!-- \/ Yoast SEO plugin. -->","yoast_head_json":{"title":"THRAPSATHIRI - Mes Vendanges","robots":{"index":"index","follow":"follow","max-snippet":"max-snippet:-1","max-image-preview":"max-image-preview:large","max-video-preview":"max-video-preview:-1"},"canonical":"https:\/\/www.mesvendanges.com\/fr\/boutique\/vins\/thrapsathiri-malihin-iliana-2021-75cl\/","og_locale":"fr_FR","og_type":"article","og_title":"THRAPSATHIRI - Mes Vendanges","og_description":"Encore une fois, la Gr\u00e8ce et plus particuli\u00e8rement la Cr\u00e8te nous surprend par ses vins blancs d&#8217;une grande fraicheur. Le Thrapsatiri d&#8217;Iliana Malihin \u00e9voque la M\u00e9diterran\u00e9e par ses notes de fenouil, son paysage citron\u00e9, ainsi que par ses notes salines. Mais c&#8217;est le caract\u00e8re a\u00e9rien, vivant, clair, qui le distingue avant tout. Un vin qui [&hellip;]","og_url":"https:\/\/www.mesvendanges.com\/fr\/boutique\/vins\/thrapsathiri-malihin-iliana-2021-75cl\/","og_site_name":"Mes Vendanges","article_modified_time":"2025-10-06T10:26:48+00:00","og_image":[{"width":444,"height":1500,"url":"https:\/\/www.mesvendanges.com\/wp-content\/uploads\/2024\/08\/malihin-thrapsathiri-igp-rethyno-2021-png.png","type":"image\/png"}],"twitter_card":"summary_large_image","schema":{"@context":"https:\/\/schema.org","@graph":[{"@type":"Organization","@id":"https:\/\/www.mesvendanges.com\/en\/#organization","name":"Mes Vendanges","url":"https:\/\/www.mesvendanges.com\/en\/","sameAs":[],"logo":{"@type":"ImageObject","inLanguage":"fr-FR","@id":"https:\/\/www.mesvendanges.com\/en\/#\/schema\/logo\/image\/","url":"https:\/\/www.mesvendanges.com\/wp-content\/uploads\/2022\/02\/logo-mesvendanges.jpg","contentUrl":"https:\/\/www.mesvendanges.com\/wp-content\/uploads\/2022\/02\/logo-mesvendanges.jpg","width":851,"height":260,"caption":"Mes Vendanges"},"image":{"@id":"https:\/\/www.mesvendanges.com\/en\/#\/schema\/logo\/image\/"}},{"@type":"WebSite","@id":"https:\/\/www.mesvendanges.com\/en\/#website","url":"https:\/\/www.mesvendanges.com\/en\/","name":"Mes Vendanges","description":"Des journ\u00e9es enti\u00e8res dans les vignes","publisher":{"@id":"https:\/\/www.mesvendanges.com\/en\/#organization"},"potentialAction":[{"@type":"SearchAction","target":{"@type":"EntryPoint","urlTemplate":"https:\/\/www.mesvendanges.com\/en\/?s={search_term_string}"},"query-input":"required name=search_term_string"}],"inLanguage":"fr-FR"},{"@type":"ImageObject","inLanguage":"fr-FR","@id":"https:\/\/www.mesvendanges.com\/fr\/boutique\/vins\/thrapsathiri-malihin-iliana-2021-75cl\/#primaryimage","url":"https:\/\/www.mesvendanges.com\/wp-content\/uploads\/2024\/08\/malihin-thrapsathiri-igp-rethyno-2021-png.png","contentUrl":"https:\/\/www.mesvendanges.com\/wp-content\/uploads\/2024\/08\/malihin-thrapsathiri-igp-rethyno-2021-png.png","width":444,"height":1500},{"@type":"WebPage","@id":"https:\/\/www.mesvendanges.com\/fr\/boutique\/vins\/thrapsathiri-malihin-iliana-2021-75cl\/","url":"https:\/\/www.mesvendanges.com\/fr\/boutique\/vins\/thrapsathiri-malihin-iliana-2021-75cl\/","name":"THRAPSATHIRI - Mes Vendanges","isPartOf":{"@id":"https:\/\/www.mesvendanges.com\/en\/#website"},"primaryImageOfPage":{"@id":"https:\/\/www.mesvendanges.com\/fr\/boutique\/vins\/thrapsathiri-malihin-iliana-2021-75cl\/#primaryimage"},"datePublished":"2023-06-12T12:19:06+00:00","dateModified":"2025-10-06T10:26:48+00:00","breadcrumb":{"@id":"https:\/\/www.mesvendanges.com\/fr\/boutique\/vins\/thrapsathiri-malihin-iliana-2021-75cl\/#breadcrumb"},"inLanguage":"fr-FR","potentialAction":[{"@type":"ReadAction","target":["https:\/\/www.mesvendanges.com\/fr\/boutique\/vins\/thrapsathiri-malihin-iliana-2021-75cl\/"]}]},{"@type":"BreadcrumbList","@id":"https:\/\/www.mesvendanges.com\/fr\/boutique\/vins\/thrapsathiri-malihin-iliana-2021-75cl\/#breadcrumb","itemListElement":[{"@type":"ListItem","position":1,"name":"Accueil","item":"https:\/\/www.mesvendanges.com\/fr\/"},{"@type":"ListItem","position":2,"name":"Boutique","item":"https:\/\/www.mesvendanges.com\/fr\/boutique\/"},{"@type":"ListItem","position":3,"name":"THRAPSATHIRI"}]}]}},"_links":{"self":[{"href":"https:\/\/www.mesvendanges.com\/fr\/wp-json\/wp\/v2\/product\/66588"}],"collection":[{"href":"https:\/\/www.mesvendanges.com\/fr\/wp-json\/wp\/v2\/product"}],"about":[{"href":"https:\/\/www.mesvendanges.com\/fr\/wp-json\/wp\/v2\/types\/product"}],"wp:featuredmedia":[{"embeddable":true,"href":"https:\/\/www.mesvendanges.com\/fr\/wp-json\/wp\/v2\/media\/76247"}],"wp:attachment":[{"href":"https:\/\/www.mesvendanges.com\/fr\/wp-json\/wp\/v2\/media?parent=66588"}],"wp:term":[{"taxonomy":"product_cat","embeddable":true,"href":"https:\/\/www.mesvendanges.com\/fr\/wp-json\/wp\/v2\/product_cat?post=66588"},{"taxonomy":"product_tag","embeddable":true,"href":"https:\/\/www.mesvendanges.com\/fr\/wp-json\/wp\/v2\/product_tag?post=66588"}],"curies":[{"name":"wp","href":"https:\/\/api.w.org\/{rel}","templated":true}]}}