{"id":66768,"date":"2023-07-05T14:41:56","date_gmt":"2023-07-05T12:41:56","guid":{"rendered":"https:\/\/www.mesvendanges.com\/shop\/non%20class\u00e9\/gigondas-le-poste-saint-cosme-ch-2021-75cl\/"},"modified":"2026-03-17T09:59:41","modified_gmt":"2026-03-17T08:59:41","slug":"gigondas-le-poste-saint-cosme-ch-2021-75cl","status":"publish","type":"product","link":"https:\/\/www.mesvendanges.com\/fr\/boutique\/vins\/gigondas-le-poste-saint-cosme-ch-2021-75cl\/","title":{"rendered":"GIGONDAS LE POSTE"},"content":{"rendered":"<p>Vieilles vignes de grenache complant\u00e9es vinifi\u00e9es en vendanges enti\u00e8res.<br \/>\nCoteau de marnes calcaires du Tortonien \u00e0 la Chapelle de Saint Cosme,<br \/>\nau lieu-dit \u2018Le Poste\u2019.<br \/>\n\u00e9levage de douze mois : 20 % en pi\u00e8ces neuves &#8211; 50 % en pi\u00e8ces d\u2019un vin &#8211; 30 % en pi\u00e8ces de deux vins.<br \/>\nMise en bouteille sans filtration.<br \/>\nLa parole \u00e0 Louis Barruol : &#8221; Le Poste \u00e9tait le lieu que ma m\u00e8re Claude Barruol pr\u00e9f\u00e9rait. Il est vrai que cet endroit, outre son infinie beaut\u00e9 li\u00e9e \u00e0 son emplacement et \u00e0 la proximit\u00e9 de la chapelle de Saint Cosme, regorge de ressources en tous genres.<br \/>\nOn peut y r\u00e9colter le fenouil, le thym, les figues, les cerises, les amandes et la menthe. Tout au Poste n\u2019est qu\u2019intensit\u00e9. Le terroir ici s\u2019exprime dans tous les v\u00e9g\u00e9taux. Dans un mill\u00e9sime aussi tardif comme 2021, le Poste<br \/>\nest souvent le meilleur vin du domaine et c\u2019est encore le cas cette ann\u00e9e.<br \/>\nLa raison en est simple : parce qu\u2019il est notre terroir le plus pr\u00e9coce, il atteint la maturit\u00e9 requise plus facilement que les autres dans une ann\u00e9e froide. A contrario, Le Claux qui est notre vigne la plus tardive donne de tr\u00e8s beaux vins dans les ann\u00e9es plus chaudes.<br \/>\nEn 2021 le Poste d\u00e9veloppe ses habituelles senteurs de garrigue puis d\u00e9ploie en bouche sa texture saline si caract\u00e9ristique et si agr\u00e9able. La salinit\u00e9 est une fraicheur qui n\u2019est pas un acide : un \u00e9l\u00e9ment central<br \/>\ndans l\u2019\u00e9quilibre d\u2019un vin du sud. Il est toujours \u00e9tonnant de trouver la m\u00eame salinit\u00e9 dans le Poste blanc. Ceci veut probablement dire que le terroir existe&#8230;<\/p>\n","protected":false},"excerpt":{"rendered":"<p>Vieilles vignes de grenache complant\u00e9es vinifi\u00e9es en vendanges enti\u00e8res. Coteau de marnes calcaires du Tortonien \u00e0 la Chapelle de Saint Cosme, au lieu-dit \u2018Le Poste\u2019. \u00e9levage de douze mois : 20 % en pi\u00e8ces neuves &#8211; 50 % en pi\u00e8ces d\u2019un vin &#8211; 30 % en pi\u00e8ces de deux vins. Mise en bouteille sans filtration. [&hellip;]<\/p>\n","protected":false},"featured_media":76371,"template":"","meta":[],"product_cat":[3736],"product_tag":[],"acf":[],"yoast_head":"<!-- This site is optimized with the Yoast SEO plugin v19.3 - https:\/\/yoast.com\/wordpress\/plugins\/seo\/ -->\n<title>GIGONDAS LE POSTE - Mes Vendanges<\/title>\n<meta name=\"robots\" content=\"index, follow, max-snippet:-1, max-image-preview:large, max-video-preview:-1\" \/>\n<link rel=\"canonical\" href=\"https:\/\/www.mesvendanges.com\/fr\/boutique\/vins\/gigondas-le-poste-saint-cosme-ch-2021-75cl\/\" \/>\n<meta property=\"og:locale\" content=\"fr_FR\" \/>\n<meta property=\"og:type\" content=\"article\" \/>\n<meta property=\"og:title\" content=\"GIGONDAS LE POSTE - Mes Vendanges\" \/>\n<meta property=\"og:description\" content=\"Vieilles vignes de grenache complant\u00e9es vinifi\u00e9es en vendanges enti\u00e8res. Coteau de marnes calcaires du Tortonien \u00e0 la Chapelle de Saint Cosme, au lieu-dit \u2018Le Poste\u2019. \u00e9levage de douze mois : 20 % en pi\u00e8ces neuves &#8211; 50 % en pi\u00e8ces d\u2019un vin &#8211; 30 % en pi\u00e8ces de deux vins. Mise en bouteille sans filtration. [&hellip;]\" \/>\n<meta property=\"og:url\" content=\"https:\/\/www.mesvendanges.com\/fr\/boutique\/vins\/gigondas-le-poste-saint-cosme-ch-2021-75cl\/\" \/>\n<meta property=\"og:site_name\" content=\"Mes Vendanges\" \/>\n<meta property=\"article:modified_time\" content=\"2026-03-17T08:59:41+00:00\" \/>\n<meta property=\"og:image\" content=\"https:\/\/www.mesvendanges.com\/wp-content\/uploads\/2024\/08\/saint-cosme-gigondas-le-poste-2021-png.png\" \/>\n\t<meta property=\"og:image:width\" content=\"452\" \/>\n\t<meta property=\"og:image:height\" content=\"1500\" \/>\n\t<meta property=\"og:image:type\" content=\"image\/png\" \/>\n<meta name=\"twitter:card\" content=\"summary_large_image\" \/>\n<meta name=\"twitter:label1\" content=\"Dur\u00e9e de lecture estim\u00e9e\" \/>\n\t<meta name=\"twitter:data1\" content=\"1 minute\" \/>\n<script type=\"application\/ld+json\" class=\"yoast-schema-graph\">{\"@context\":\"https:\/\/schema.org\",\"@graph\":[{\"@type\":\"Organization\",\"@id\":\"https:\/\/www.mesvendanges.com\/en\/#organization\",\"name\":\"Mes Vendanges\",\"url\":\"https:\/\/www.mesvendanges.com\/en\/\",\"sameAs\":[],\"logo\":{\"@type\":\"ImageObject\",\"inLanguage\":\"fr-FR\",\"@id\":\"https:\/\/www.mesvendanges.com\/en\/#\/schema\/logo\/image\/\",\"url\":\"https:\/\/www.mesvendanges.com\/wp-content\/uploads\/2022\/02\/logo-mesvendanges.jpg\",\"contentUrl\":\"https:\/\/www.mesvendanges.com\/wp-content\/uploads\/2022\/02\/logo-mesvendanges.jpg\",\"width\":851,\"height\":260,\"caption\":\"Mes Vendanges\"},\"image\":{\"@id\":\"https:\/\/www.mesvendanges.com\/en\/#\/schema\/logo\/image\/\"}},{\"@type\":\"WebSite\",\"@id\":\"https:\/\/www.mesvendanges.com\/en\/#website\",\"url\":\"https:\/\/www.mesvendanges.com\/en\/\",\"name\":\"Mes Vendanges\",\"description\":\"Des journ\u00e9es enti\u00e8res dans les vignes\",\"publisher\":{\"@id\":\"https:\/\/www.mesvendanges.com\/en\/#organization\"},\"potentialAction\":[{\"@type\":\"SearchAction\",\"target\":{\"@type\":\"EntryPoint\",\"urlTemplate\":\"https:\/\/www.mesvendanges.com\/en\/?s={search_term_string}\"},\"query-input\":\"required name=search_term_string\"}],\"inLanguage\":\"fr-FR\"},{\"@type\":\"ImageObject\",\"inLanguage\":\"fr-FR\",\"@id\":\"https:\/\/www.mesvendanges.com\/fr\/boutique\/vins\/gigondas-le-poste-saint-cosme-ch-2021-75cl\/#primaryimage\",\"url\":\"https:\/\/www.mesvendanges.com\/wp-content\/uploads\/2024\/08\/saint-cosme-gigondas-le-poste-2021-png.png\",\"contentUrl\":\"https:\/\/www.mesvendanges.com\/wp-content\/uploads\/2024\/08\/saint-cosme-gigondas-le-poste-2021-png.png\",\"width\":452,\"height\":1500},{\"@type\":\"WebPage\",\"@id\":\"https:\/\/www.mesvendanges.com\/fr\/boutique\/vins\/gigondas-le-poste-saint-cosme-ch-2021-75cl\/\",\"url\":\"https:\/\/www.mesvendanges.com\/fr\/boutique\/vins\/gigondas-le-poste-saint-cosme-ch-2021-75cl\/\",\"name\":\"GIGONDAS LE POSTE - Mes Vendanges\",\"isPartOf\":{\"@id\":\"https:\/\/www.mesvendanges.com\/en\/#website\"},\"primaryImageOfPage\":{\"@id\":\"https:\/\/www.mesvendanges.com\/fr\/boutique\/vins\/gigondas-le-poste-saint-cosme-ch-2021-75cl\/#primaryimage\"},\"datePublished\":\"2023-07-05T12:41:56+00:00\",\"dateModified\":\"2026-03-17T08:59:41+00:00\",\"breadcrumb\":{\"@id\":\"https:\/\/www.mesvendanges.com\/fr\/boutique\/vins\/gigondas-le-poste-saint-cosme-ch-2021-75cl\/#breadcrumb\"},\"inLanguage\":\"fr-FR\",\"potentialAction\":[{\"@type\":\"ReadAction\",\"target\":[\"https:\/\/www.mesvendanges.com\/fr\/boutique\/vins\/gigondas-le-poste-saint-cosme-ch-2021-75cl\/\"]}]},{\"@type\":\"BreadcrumbList\",\"@id\":\"https:\/\/www.mesvendanges.com\/fr\/boutique\/vins\/gigondas-le-poste-saint-cosme-ch-2021-75cl\/#breadcrumb\",\"itemListElement\":[{\"@type\":\"ListItem\",\"position\":1,\"name\":\"Accueil\",\"item\":\"https:\/\/www.mesvendanges.com\/fr\/\"},{\"@type\":\"ListItem\",\"position\":2,\"name\":\"Boutique\",\"item\":\"https:\/\/www.mesvendanges.com\/fr\/boutique\/\"},{\"@type\":\"ListItem\",\"position\":3,\"name\":\"GIGONDAS LE POSTE\"}]}]}<\/script>\n<!-- \/ Yoast SEO plugin. -->","yoast_head_json":{"title":"GIGONDAS LE POSTE - Mes Vendanges","robots":{"index":"index","follow":"follow","max-snippet":"max-snippet:-1","max-image-preview":"max-image-preview:large","max-video-preview":"max-video-preview:-1"},"canonical":"https:\/\/www.mesvendanges.com\/fr\/boutique\/vins\/gigondas-le-poste-saint-cosme-ch-2021-75cl\/","og_locale":"fr_FR","og_type":"article","og_title":"GIGONDAS LE POSTE - Mes Vendanges","og_description":"Vieilles vignes de grenache complant\u00e9es vinifi\u00e9es en vendanges enti\u00e8res. Coteau de marnes calcaires du Tortonien \u00e0 la Chapelle de Saint Cosme, au lieu-dit \u2018Le Poste\u2019. \u00e9levage de douze mois : 20 % en pi\u00e8ces neuves &#8211; 50 % en pi\u00e8ces d\u2019un vin &#8211; 30 % en pi\u00e8ces de deux vins. Mise en bouteille sans filtration. [&hellip;]","og_url":"https:\/\/www.mesvendanges.com\/fr\/boutique\/vins\/gigondas-le-poste-saint-cosme-ch-2021-75cl\/","og_site_name":"Mes Vendanges","article_modified_time":"2026-03-17T08:59:41+00:00","og_image":[{"width":452,"height":1500,"url":"https:\/\/www.mesvendanges.com\/wp-content\/uploads\/2024\/08\/saint-cosme-gigondas-le-poste-2021-png.png","type":"image\/png"}],"twitter_card":"summary_large_image","twitter_misc":{"Dur\u00e9e de lecture estim\u00e9e":"1 minute"},"schema":{"@context":"https:\/\/schema.org","@graph":[{"@type":"Organization","@id":"https:\/\/www.mesvendanges.com\/en\/#organization","name":"Mes Vendanges","url":"https:\/\/www.mesvendanges.com\/en\/","sameAs":[],"logo":{"@type":"ImageObject","inLanguage":"fr-FR","@id":"https:\/\/www.mesvendanges.com\/en\/#\/schema\/logo\/image\/","url":"https:\/\/www.mesvendanges.com\/wp-content\/uploads\/2022\/02\/logo-mesvendanges.jpg","contentUrl":"https:\/\/www.mesvendanges.com\/wp-content\/uploads\/2022\/02\/logo-mesvendanges.jpg","width":851,"height":260,"caption":"Mes Vendanges"},"image":{"@id":"https:\/\/www.mesvendanges.com\/en\/#\/schema\/logo\/image\/"}},{"@type":"WebSite","@id":"https:\/\/www.mesvendanges.com\/en\/#website","url":"https:\/\/www.mesvendanges.com\/en\/","name":"Mes Vendanges","description":"Des journ\u00e9es enti\u00e8res dans les vignes","publisher":{"@id":"https:\/\/www.mesvendanges.com\/en\/#organization"},"potentialAction":[{"@type":"SearchAction","target":{"@type":"EntryPoint","urlTemplate":"https:\/\/www.mesvendanges.com\/en\/?s={search_term_string}"},"query-input":"required name=search_term_string"}],"inLanguage":"fr-FR"},{"@type":"ImageObject","inLanguage":"fr-FR","@id":"https:\/\/www.mesvendanges.com\/fr\/boutique\/vins\/gigondas-le-poste-saint-cosme-ch-2021-75cl\/#primaryimage","url":"https:\/\/www.mesvendanges.com\/wp-content\/uploads\/2024\/08\/saint-cosme-gigondas-le-poste-2021-png.png","contentUrl":"https:\/\/www.mesvendanges.com\/wp-content\/uploads\/2024\/08\/saint-cosme-gigondas-le-poste-2021-png.png","width":452,"height":1500},{"@type":"WebPage","@id":"https:\/\/www.mesvendanges.com\/fr\/boutique\/vins\/gigondas-le-poste-saint-cosme-ch-2021-75cl\/","url":"https:\/\/www.mesvendanges.com\/fr\/boutique\/vins\/gigondas-le-poste-saint-cosme-ch-2021-75cl\/","name":"GIGONDAS LE POSTE - Mes Vendanges","isPartOf":{"@id":"https:\/\/www.mesvendanges.com\/en\/#website"},"primaryImageOfPage":{"@id":"https:\/\/www.mesvendanges.com\/fr\/boutique\/vins\/gigondas-le-poste-saint-cosme-ch-2021-75cl\/#primaryimage"},"datePublished":"2023-07-05T12:41:56+00:00","dateModified":"2026-03-17T08:59:41+00:00","breadcrumb":{"@id":"https:\/\/www.mesvendanges.com\/fr\/boutique\/vins\/gigondas-le-poste-saint-cosme-ch-2021-75cl\/#breadcrumb"},"inLanguage":"fr-FR","potentialAction":[{"@type":"ReadAction","target":["https:\/\/www.mesvendanges.com\/fr\/boutique\/vins\/gigondas-le-poste-saint-cosme-ch-2021-75cl\/"]}]},{"@type":"BreadcrumbList","@id":"https:\/\/www.mesvendanges.com\/fr\/boutique\/vins\/gigondas-le-poste-saint-cosme-ch-2021-75cl\/#breadcrumb","itemListElement":[{"@type":"ListItem","position":1,"name":"Accueil","item":"https:\/\/www.mesvendanges.com\/fr\/"},{"@type":"ListItem","position":2,"name":"Boutique","item":"https:\/\/www.mesvendanges.com\/fr\/boutique\/"},{"@type":"ListItem","position":3,"name":"GIGONDAS LE POSTE"}]}]}},"_links":{"self":[{"href":"https:\/\/www.mesvendanges.com\/fr\/wp-json\/wp\/v2\/product\/66768"}],"collection":[{"href":"https:\/\/www.mesvendanges.com\/fr\/wp-json\/wp\/v2\/product"}],"about":[{"href":"https:\/\/www.mesvendanges.com\/fr\/wp-json\/wp\/v2\/types\/product"}],"wp:featuredmedia":[{"embeddable":true,"href":"https:\/\/www.mesvendanges.com\/fr\/wp-json\/wp\/v2\/media\/76371"}],"wp:attachment":[{"href":"https:\/\/www.mesvendanges.com\/fr\/wp-json\/wp\/v2\/media?parent=66768"}],"wp:term":[{"taxonomy":"product_cat","embeddable":true,"href":"https:\/\/www.mesvendanges.com\/fr\/wp-json\/wp\/v2\/product_cat?post=66768"},{"taxonomy":"product_tag","embeddable":true,"href":"https:\/\/www.mesvendanges.com\/fr\/wp-json\/wp\/v2\/product_tag?post=66768"}],"curies":[{"name":"wp","href":"https:\/\/api.w.org\/{rel}","templated":true}]}}