{"id":66915,"date":"2023-08-10T11:51:30","date_gmt":"2023-08-10T09:51:30","guid":{"rendered":"https:\/\/www.mesvendanges.com\/shop\/non%20class\u00e9\/fendant-coteaux-de-plamont-chappaz-marie-therese-2022-75cl\/"},"modified":"2026-05-04T10:17:27","modified_gmt":"2026-05-04T08:17:27","slug":"fendant-coteaux-de-plamont-chappaz-marie-therese-2022-75cl","status":"publish","type":"product","link":"https:\/\/www.mesvendanges.com\/fr\/boutique\/vins\/fendant-coteaux-de-plamont-chappaz-marie-therese-2022-75cl\/","title":{"rendered":"FENDANT COTEAUX DE PLAMONT"},"content":{"rendered":"<p>Terroir de loess sur granit<br \/>\ndans un registre plus min\u00e9ral que le Fendant La Liaudisaz, le chasselas produit sur le terroir de Plamont, en haut des Claives, s\u2019exprime sur des ar\u00f4mes de brioche, de beurre frais mais aussi de fleurs blanches. Apr\u00e8s quelques secondes ce sont des notes poudr\u00e9es subtilement crayeuses qui s\u2019installent. La bouche est ample et offre une belle fra\u00eecheur sur ce mill\u00e9sime avec une finale r\u00e9solument tourn\u00e9e vers les agrumes. <\/p>\n","protected":false},"excerpt":{"rendered":"<p>Terroir de loess sur granit dans un registre plus min\u00e9ral que le Fendant La Liaudisaz, le chasselas produit sur le terroir de Plamont, en haut des Claives, s\u2019exprime sur des ar\u00f4mes de brioche, de beurre frais mais aussi de fleurs blanches. Apr\u00e8s quelques secondes ce sont des notes poudr\u00e9es subtilement crayeuses qui s\u2019installent. La bouche [&hellip;]<\/p>\n","protected":false},"featured_media":75602,"template":"","meta":[],"product_cat":[3736],"product_tag":[],"acf":[],"yoast_head":"<!-- This site is optimized with the Yoast SEO plugin v19.3 - https:\/\/yoast.com\/wordpress\/plugins\/seo\/ -->\n<title>FENDANT COTEAUX DE PLAMONT - Mes Vendanges<\/title>\n<meta name=\"robots\" content=\"index, follow, max-snippet:-1, max-image-preview:large, max-video-preview:-1\" \/>\n<link rel=\"canonical\" href=\"https:\/\/www.mesvendanges.com\/fr\/boutique\/vins\/fendant-coteaux-de-plamont-chappaz-marie-therese-2022-75cl\/\" \/>\n<meta property=\"og:locale\" content=\"fr_FR\" \/>\n<meta property=\"og:type\" content=\"article\" \/>\n<meta property=\"og:title\" content=\"FENDANT COTEAUX DE PLAMONT - Mes Vendanges\" \/>\n<meta property=\"og:description\" content=\"Terroir de loess sur granit dans un registre plus min\u00e9ral que le Fendant La Liaudisaz, le chasselas produit sur le terroir de Plamont, en haut des Claives, s\u2019exprime sur des ar\u00f4mes de brioche, de beurre frais mais aussi de fleurs blanches. Apr\u00e8s quelques secondes ce sont des notes poudr\u00e9es subtilement crayeuses qui s\u2019installent. La bouche [&hellip;]\" \/>\n<meta property=\"og:url\" content=\"https:\/\/www.mesvendanges.com\/fr\/boutique\/vins\/fendant-coteaux-de-plamont-chappaz-marie-therese-2022-75cl\/\" \/>\n<meta property=\"og:site_name\" content=\"Mes Vendanges\" \/>\n<meta property=\"article:modified_time\" content=\"2026-05-04T08:17:27+00:00\" \/>\n<meta property=\"og:image\" content=\"https:\/\/www.mesvendanges.com\/wp-content\/uploads\/2024\/08\/chappaz-fendant-coteaux-de-plamont-2022-png.png\" \/>\n\t<meta property=\"og:image:width\" content=\"477\" \/>\n\t<meta property=\"og:image:height\" content=\"1500\" \/>\n\t<meta property=\"og:image:type\" content=\"image\/png\" \/>\n<meta name=\"twitter:card\" content=\"summary_large_image\" \/>\n<script type=\"application\/ld+json\" class=\"yoast-schema-graph\">{\"@context\":\"https:\/\/schema.org\",\"@graph\":[{\"@type\":\"Organization\",\"@id\":\"https:\/\/www.mesvendanges.com\/en\/#organization\",\"name\":\"Mes Vendanges\",\"url\":\"https:\/\/www.mesvendanges.com\/en\/\",\"sameAs\":[],\"logo\":{\"@type\":\"ImageObject\",\"inLanguage\":\"fr-FR\",\"@id\":\"https:\/\/www.mesvendanges.com\/en\/#\/schema\/logo\/image\/\",\"url\":\"https:\/\/www.mesvendanges.com\/wp-content\/uploads\/2022\/02\/logo-mesvendanges.jpg\",\"contentUrl\":\"https:\/\/www.mesvendanges.com\/wp-content\/uploads\/2022\/02\/logo-mesvendanges.jpg\",\"width\":851,\"height\":260,\"caption\":\"Mes Vendanges\"},\"image\":{\"@id\":\"https:\/\/www.mesvendanges.com\/en\/#\/schema\/logo\/image\/\"}},{\"@type\":\"WebSite\",\"@id\":\"https:\/\/www.mesvendanges.com\/en\/#website\",\"url\":\"https:\/\/www.mesvendanges.com\/en\/\",\"name\":\"Mes Vendanges\",\"description\":\"Des journ\u00e9es enti\u00e8res dans les vignes\",\"publisher\":{\"@id\":\"https:\/\/www.mesvendanges.com\/en\/#organization\"},\"potentialAction\":[{\"@type\":\"SearchAction\",\"target\":{\"@type\":\"EntryPoint\",\"urlTemplate\":\"https:\/\/www.mesvendanges.com\/en\/?s={search_term_string}\"},\"query-input\":\"required name=search_term_string\"}],\"inLanguage\":\"fr-FR\"},{\"@type\":\"ImageObject\",\"inLanguage\":\"fr-FR\",\"@id\":\"https:\/\/www.mesvendanges.com\/fr\/boutique\/vins\/fendant-coteaux-de-plamont-chappaz-marie-therese-2022-75cl\/#primaryimage\",\"url\":\"https:\/\/www.mesvendanges.com\/wp-content\/uploads\/2024\/08\/chappaz-fendant-coteaux-de-plamont-2022-png.png\",\"contentUrl\":\"https:\/\/www.mesvendanges.com\/wp-content\/uploads\/2024\/08\/chappaz-fendant-coteaux-de-plamont-2022-png.png\",\"width\":477,\"height\":1500},{\"@type\":\"WebPage\",\"@id\":\"https:\/\/www.mesvendanges.com\/fr\/boutique\/vins\/fendant-coteaux-de-plamont-chappaz-marie-therese-2022-75cl\/\",\"url\":\"https:\/\/www.mesvendanges.com\/fr\/boutique\/vins\/fendant-coteaux-de-plamont-chappaz-marie-therese-2022-75cl\/\",\"name\":\"FENDANT COTEAUX DE PLAMONT - Mes Vendanges\",\"isPartOf\":{\"@id\":\"https:\/\/www.mesvendanges.com\/en\/#website\"},\"primaryImageOfPage\":{\"@id\":\"https:\/\/www.mesvendanges.com\/fr\/boutique\/vins\/fendant-coteaux-de-plamont-chappaz-marie-therese-2022-75cl\/#primaryimage\"},\"datePublished\":\"2023-08-10T09:51:30+00:00\",\"dateModified\":\"2026-05-04T08:17:27+00:00\",\"breadcrumb\":{\"@id\":\"https:\/\/www.mesvendanges.com\/fr\/boutique\/vins\/fendant-coteaux-de-plamont-chappaz-marie-therese-2022-75cl\/#breadcrumb\"},\"inLanguage\":\"fr-FR\",\"potentialAction\":[{\"@type\":\"ReadAction\",\"target\":[\"https:\/\/www.mesvendanges.com\/fr\/boutique\/vins\/fendant-coteaux-de-plamont-chappaz-marie-therese-2022-75cl\/\"]}]},{\"@type\":\"BreadcrumbList\",\"@id\":\"https:\/\/www.mesvendanges.com\/fr\/boutique\/vins\/fendant-coteaux-de-plamont-chappaz-marie-therese-2022-75cl\/#breadcrumb\",\"itemListElement\":[{\"@type\":\"ListItem\",\"position\":1,\"name\":\"Accueil\",\"item\":\"https:\/\/www.mesvendanges.com\/fr\/\"},{\"@type\":\"ListItem\",\"position\":2,\"name\":\"Boutique\",\"item\":\"https:\/\/www.mesvendanges.com\/fr\/boutique\/\"},{\"@type\":\"ListItem\",\"position\":3,\"name\":\"FENDANT COTEAUX DE PLAMONT\"}]}]}<\/script>\n<!-- \/ Yoast SEO plugin. -->","yoast_head_json":{"title":"FENDANT COTEAUX DE PLAMONT - Mes Vendanges","robots":{"index":"index","follow":"follow","max-snippet":"max-snippet:-1","max-image-preview":"max-image-preview:large","max-video-preview":"max-video-preview:-1"},"canonical":"https:\/\/www.mesvendanges.com\/fr\/boutique\/vins\/fendant-coteaux-de-plamont-chappaz-marie-therese-2022-75cl\/","og_locale":"fr_FR","og_type":"article","og_title":"FENDANT COTEAUX DE PLAMONT - Mes Vendanges","og_description":"Terroir de loess sur granit dans un registre plus min\u00e9ral que le Fendant La Liaudisaz, le chasselas produit sur le terroir de Plamont, en haut des Claives, s\u2019exprime sur des ar\u00f4mes de brioche, de beurre frais mais aussi de fleurs blanches. Apr\u00e8s quelques secondes ce sont des notes poudr\u00e9es subtilement crayeuses qui s\u2019installent. La bouche [&hellip;]","og_url":"https:\/\/www.mesvendanges.com\/fr\/boutique\/vins\/fendant-coteaux-de-plamont-chappaz-marie-therese-2022-75cl\/","og_site_name":"Mes Vendanges","article_modified_time":"2026-05-04T08:17:27+00:00","og_image":[{"width":477,"height":1500,"url":"https:\/\/www.mesvendanges.com\/wp-content\/uploads\/2024\/08\/chappaz-fendant-coteaux-de-plamont-2022-png.png","type":"image\/png"}],"twitter_card":"summary_large_image","schema":{"@context":"https:\/\/schema.org","@graph":[{"@type":"Organization","@id":"https:\/\/www.mesvendanges.com\/en\/#organization","name":"Mes Vendanges","url":"https:\/\/www.mesvendanges.com\/en\/","sameAs":[],"logo":{"@type":"ImageObject","inLanguage":"fr-FR","@id":"https:\/\/www.mesvendanges.com\/en\/#\/schema\/logo\/image\/","url":"https:\/\/www.mesvendanges.com\/wp-content\/uploads\/2022\/02\/logo-mesvendanges.jpg","contentUrl":"https:\/\/www.mesvendanges.com\/wp-content\/uploads\/2022\/02\/logo-mesvendanges.jpg","width":851,"height":260,"caption":"Mes Vendanges"},"image":{"@id":"https:\/\/www.mesvendanges.com\/en\/#\/schema\/logo\/image\/"}},{"@type":"WebSite","@id":"https:\/\/www.mesvendanges.com\/en\/#website","url":"https:\/\/www.mesvendanges.com\/en\/","name":"Mes Vendanges","description":"Des journ\u00e9es enti\u00e8res dans les vignes","publisher":{"@id":"https:\/\/www.mesvendanges.com\/en\/#organization"},"potentialAction":[{"@type":"SearchAction","target":{"@type":"EntryPoint","urlTemplate":"https:\/\/www.mesvendanges.com\/en\/?s={search_term_string}"},"query-input":"required name=search_term_string"}],"inLanguage":"fr-FR"},{"@type":"ImageObject","inLanguage":"fr-FR","@id":"https:\/\/www.mesvendanges.com\/fr\/boutique\/vins\/fendant-coteaux-de-plamont-chappaz-marie-therese-2022-75cl\/#primaryimage","url":"https:\/\/www.mesvendanges.com\/wp-content\/uploads\/2024\/08\/chappaz-fendant-coteaux-de-plamont-2022-png.png","contentUrl":"https:\/\/www.mesvendanges.com\/wp-content\/uploads\/2024\/08\/chappaz-fendant-coteaux-de-plamont-2022-png.png","width":477,"height":1500},{"@type":"WebPage","@id":"https:\/\/www.mesvendanges.com\/fr\/boutique\/vins\/fendant-coteaux-de-plamont-chappaz-marie-therese-2022-75cl\/","url":"https:\/\/www.mesvendanges.com\/fr\/boutique\/vins\/fendant-coteaux-de-plamont-chappaz-marie-therese-2022-75cl\/","name":"FENDANT COTEAUX DE PLAMONT - Mes Vendanges","isPartOf":{"@id":"https:\/\/www.mesvendanges.com\/en\/#website"},"primaryImageOfPage":{"@id":"https:\/\/www.mesvendanges.com\/fr\/boutique\/vins\/fendant-coteaux-de-plamont-chappaz-marie-therese-2022-75cl\/#primaryimage"},"datePublished":"2023-08-10T09:51:30+00:00","dateModified":"2026-05-04T08:17:27+00:00","breadcrumb":{"@id":"https:\/\/www.mesvendanges.com\/fr\/boutique\/vins\/fendant-coteaux-de-plamont-chappaz-marie-therese-2022-75cl\/#breadcrumb"},"inLanguage":"fr-FR","potentialAction":[{"@type":"ReadAction","target":["https:\/\/www.mesvendanges.com\/fr\/boutique\/vins\/fendant-coteaux-de-plamont-chappaz-marie-therese-2022-75cl\/"]}]},{"@type":"BreadcrumbList","@id":"https:\/\/www.mesvendanges.com\/fr\/boutique\/vins\/fendant-coteaux-de-plamont-chappaz-marie-therese-2022-75cl\/#breadcrumb","itemListElement":[{"@type":"ListItem","position":1,"name":"Accueil","item":"https:\/\/www.mesvendanges.com\/fr\/"},{"@type":"ListItem","position":2,"name":"Boutique","item":"https:\/\/www.mesvendanges.com\/fr\/boutique\/"},{"@type":"ListItem","position":3,"name":"FENDANT COTEAUX DE PLAMONT"}]}]}},"_links":{"self":[{"href":"https:\/\/www.mesvendanges.com\/fr\/wp-json\/wp\/v2\/product\/66915"}],"collection":[{"href":"https:\/\/www.mesvendanges.com\/fr\/wp-json\/wp\/v2\/product"}],"about":[{"href":"https:\/\/www.mesvendanges.com\/fr\/wp-json\/wp\/v2\/types\/product"}],"wp:featuredmedia":[{"embeddable":true,"href":"https:\/\/www.mesvendanges.com\/fr\/wp-json\/wp\/v2\/media\/75602"}],"wp:attachment":[{"href":"https:\/\/www.mesvendanges.com\/fr\/wp-json\/wp\/v2\/media?parent=66915"}],"wp:term":[{"taxonomy":"product_cat","embeddable":true,"href":"https:\/\/www.mesvendanges.com\/fr\/wp-json\/wp\/v2\/product_cat?post=66915"},{"taxonomy":"product_tag","embeddable":true,"href":"https:\/\/www.mesvendanges.com\/fr\/wp-json\/wp\/v2\/product_tag?post=66915"}],"curies":[{"name":"wp","href":"https:\/\/api.w.org\/{rel}","templated":true}]}}