{"id":67104,"date":"2023-09-22T16:34:46","date_gmt":"2023-09-22T14:34:46","guid":{"rendered":"https:\/\/www.mesvendanges.com\/shop\/non%20class\u00e9\/tahini-artisanal-de-palestine-epices-shira-500gr\/"},"modified":"2025-02-27T12:59:55","modified_gmt":"2025-02-27T11:59:55","slug":"tahini-artisanal-de-palestine-epices-shira-500gr","status":"publish","type":"product","link":"https:\/\/www.mesvendanges.com\/fr\/boutique\/epicerie-et-accessoires\/tahini-artisanal-de-palestine-epices-shira-500gr\/","title":{"rendered":"TAHINI ARTISANAL DE PALESTINE"},"content":{"rendered":"<p>le tahini Shira vient d\u2019une petite fabrique artisanale situ\u00e9e \u00e0 Naplouse, en Palestine. Tahini vient de l\u2019arabe t\u2019hina (\u0637\u062d\u064a\u0646\u0629) signifiant \u00e9cras\u00e9, r\u00e9duit en p\u00e2te. Ce tahini incroyable a des saveurs de s\u00e9same torr\u00e9fi\u00e9 et de noisette, accompagn\u00e9es de notes min\u00e9rales et l\u00e9g\u00e8rement sal\u00e9es. Sa consistance cr\u00e9meuse, souple et exempte de toute amertume, en fait un produit d\u2019exception. Unique !!!<\/p>\n","protected":false},"excerpt":{"rendered":"<p>le tahini Shira vient d\u2019une petite fabrique artisanale situ\u00e9e \u00e0 Naplouse, en Palestine. Tahini vient de l\u2019arabe t\u2019hina (\u0637\u062d\u064a\u0646\u0629) signifiant \u00e9cras\u00e9, r\u00e9duit en p\u00e2te. Ce tahini incroyable a des saveurs de s\u00e9same torr\u00e9fi\u00e9 et de noisette, accompagn\u00e9es de notes min\u00e9rales et l\u00e9g\u00e8rement sal\u00e9es. Sa consistance cr\u00e9meuse, souple et exempte de toute amertume, en fait un [&hellip;]<\/p>\n","protected":false},"featured_media":76235,"template":"","meta":[],"product_cat":[3737],"product_tag":[],"acf":[],"yoast_head":"<!-- This site is optimized with the Yoast SEO plugin v19.3 - https:\/\/yoast.com\/wordpress\/plugins\/seo\/ -->\n<title>TAHINI ARTISANAL DE PALESTINE - Mes Vendanges<\/title>\n<meta name=\"robots\" content=\"index, follow, max-snippet:-1, max-image-preview:large, max-video-preview:-1\" \/>\n<link rel=\"canonical\" href=\"https:\/\/www.mesvendanges.com\/fr\/boutique\/epicerie-et-accessoires\/tahini-artisanal-de-palestine-epices-shira-500gr\/\" \/>\n<meta property=\"og:locale\" content=\"fr_FR\" \/>\n<meta property=\"og:type\" content=\"article\" \/>\n<meta property=\"og:title\" content=\"TAHINI ARTISANAL DE PALESTINE - Mes Vendanges\" \/>\n<meta property=\"og:description\" content=\"le tahini Shira vient d\u2019une petite fabrique artisanale situ\u00e9e \u00e0 Naplouse, en Palestine. Tahini vient de l\u2019arabe t\u2019hina (\u0637\u062d\u064a\u0646\u0629) signifiant \u00e9cras\u00e9, r\u00e9duit en p\u00e2te. Ce tahini incroyable a des saveurs de s\u00e9same torr\u00e9fi\u00e9 et de noisette, accompagn\u00e9es de notes min\u00e9rales et l\u00e9g\u00e8rement sal\u00e9es. Sa consistance cr\u00e9meuse, souple et exempte de toute amertume, en fait un [&hellip;]\" \/>\n<meta property=\"og:url\" content=\"https:\/\/www.mesvendanges.com\/fr\/boutique\/epicerie-et-accessoires\/tahini-artisanal-de-palestine-epices-shira-500gr\/\" \/>\n<meta property=\"og:site_name\" content=\"Mes Vendanges\" \/>\n<meta property=\"article:modified_time\" content=\"2025-02-27T11:59:55+00:00\" \/>\n<meta property=\"og:image\" content=\"https:\/\/www.mesvendanges.com\/wp-content\/uploads\/2024\/08\/epices-shira-tahini-artisanal-palestine-png.png\" \/>\n\t<meta property=\"og:image:width\" content=\"943\" \/>\n\t<meta property=\"og:image:height\" content=\"1500\" \/>\n\t<meta property=\"og:image:type\" content=\"image\/png\" \/>\n<meta name=\"twitter:card\" content=\"summary_large_image\" \/>\n<script type=\"application\/ld+json\" class=\"yoast-schema-graph\">{\"@context\":\"https:\/\/schema.org\",\"@graph\":[{\"@type\":\"Organization\",\"@id\":\"https:\/\/www.mesvendanges.com\/en\/#organization\",\"name\":\"Mes Vendanges\",\"url\":\"https:\/\/www.mesvendanges.com\/en\/\",\"sameAs\":[],\"logo\":{\"@type\":\"ImageObject\",\"inLanguage\":\"fr-FR\",\"@id\":\"https:\/\/www.mesvendanges.com\/en\/#\/schema\/logo\/image\/\",\"url\":\"https:\/\/www.mesvendanges.com\/wp-content\/uploads\/2022\/02\/logo-mesvendanges.jpg\",\"contentUrl\":\"https:\/\/www.mesvendanges.com\/wp-content\/uploads\/2022\/02\/logo-mesvendanges.jpg\",\"width\":851,\"height\":260,\"caption\":\"Mes Vendanges\"},\"image\":{\"@id\":\"https:\/\/www.mesvendanges.com\/en\/#\/schema\/logo\/image\/\"}},{\"@type\":\"WebSite\",\"@id\":\"https:\/\/www.mesvendanges.com\/en\/#website\",\"url\":\"https:\/\/www.mesvendanges.com\/en\/\",\"name\":\"Mes Vendanges\",\"description\":\"Des journ\u00e9es enti\u00e8res dans les vignes\",\"publisher\":{\"@id\":\"https:\/\/www.mesvendanges.com\/en\/#organization\"},\"potentialAction\":[{\"@type\":\"SearchAction\",\"target\":{\"@type\":\"EntryPoint\",\"urlTemplate\":\"https:\/\/www.mesvendanges.com\/en\/?s={search_term_string}\"},\"query-input\":\"required name=search_term_string\"}],\"inLanguage\":\"fr-FR\"},{\"@type\":\"ImageObject\",\"inLanguage\":\"fr-FR\",\"@id\":\"https:\/\/www.mesvendanges.com\/fr\/boutique\/epicerie-et-accessoires\/tahini-artisanal-de-palestine-epices-shira-500gr\/#primaryimage\",\"url\":\"https:\/\/www.mesvendanges.com\/wp-content\/uploads\/2024\/08\/epices-shira-tahini-artisanal-palestine-png.png\",\"contentUrl\":\"https:\/\/www.mesvendanges.com\/wp-content\/uploads\/2024\/08\/epices-shira-tahini-artisanal-palestine-png.png\",\"width\":943,\"height\":1500},{\"@type\":\"WebPage\",\"@id\":\"https:\/\/www.mesvendanges.com\/fr\/boutique\/epicerie-et-accessoires\/tahini-artisanal-de-palestine-epices-shira-500gr\/\",\"url\":\"https:\/\/www.mesvendanges.com\/fr\/boutique\/epicerie-et-accessoires\/tahini-artisanal-de-palestine-epices-shira-500gr\/\",\"name\":\"TAHINI ARTISANAL DE PALESTINE - Mes Vendanges\",\"isPartOf\":{\"@id\":\"https:\/\/www.mesvendanges.com\/en\/#website\"},\"primaryImageOfPage\":{\"@id\":\"https:\/\/www.mesvendanges.com\/fr\/boutique\/epicerie-et-accessoires\/tahini-artisanal-de-palestine-epices-shira-500gr\/#primaryimage\"},\"datePublished\":\"2023-09-22T14:34:46+00:00\",\"dateModified\":\"2025-02-27T11:59:55+00:00\",\"breadcrumb\":{\"@id\":\"https:\/\/www.mesvendanges.com\/fr\/boutique\/epicerie-et-accessoires\/tahini-artisanal-de-palestine-epices-shira-500gr\/#breadcrumb\"},\"inLanguage\":\"fr-FR\",\"potentialAction\":[{\"@type\":\"ReadAction\",\"target\":[\"https:\/\/www.mesvendanges.com\/fr\/boutique\/epicerie-et-accessoires\/tahini-artisanal-de-palestine-epices-shira-500gr\/\"]}]},{\"@type\":\"BreadcrumbList\",\"@id\":\"https:\/\/www.mesvendanges.com\/fr\/boutique\/epicerie-et-accessoires\/tahini-artisanal-de-palestine-epices-shira-500gr\/#breadcrumb\",\"itemListElement\":[{\"@type\":\"ListItem\",\"position\":1,\"name\":\"Accueil\",\"item\":\"https:\/\/www.mesvendanges.com\/fr\/\"},{\"@type\":\"ListItem\",\"position\":2,\"name\":\"Boutique\",\"item\":\"https:\/\/www.mesvendanges.com\/fr\/boutique\/\"},{\"@type\":\"ListItem\",\"position\":3,\"name\":\"TAHINI ARTISANAL DE PALESTINE\"}]}]}<\/script>\n<!-- \/ Yoast SEO plugin. -->","yoast_head_json":{"title":"TAHINI ARTISANAL DE PALESTINE - Mes Vendanges","robots":{"index":"index","follow":"follow","max-snippet":"max-snippet:-1","max-image-preview":"max-image-preview:large","max-video-preview":"max-video-preview:-1"},"canonical":"https:\/\/www.mesvendanges.com\/fr\/boutique\/epicerie-et-accessoires\/tahini-artisanal-de-palestine-epices-shira-500gr\/","og_locale":"fr_FR","og_type":"article","og_title":"TAHINI ARTISANAL DE PALESTINE - Mes Vendanges","og_description":"le tahini Shira vient d\u2019une petite fabrique artisanale situ\u00e9e \u00e0 Naplouse, en Palestine. Tahini vient de l\u2019arabe t\u2019hina (\u0637\u062d\u064a\u0646\u0629) signifiant \u00e9cras\u00e9, r\u00e9duit en p\u00e2te. Ce tahini incroyable a des saveurs de s\u00e9same torr\u00e9fi\u00e9 et de noisette, accompagn\u00e9es de notes min\u00e9rales et l\u00e9g\u00e8rement sal\u00e9es. Sa consistance cr\u00e9meuse, souple et exempte de toute amertume, en fait un [&hellip;]","og_url":"https:\/\/www.mesvendanges.com\/fr\/boutique\/epicerie-et-accessoires\/tahini-artisanal-de-palestine-epices-shira-500gr\/","og_site_name":"Mes Vendanges","article_modified_time":"2025-02-27T11:59:55+00:00","og_image":[{"width":943,"height":1500,"url":"https:\/\/www.mesvendanges.com\/wp-content\/uploads\/2024\/08\/epices-shira-tahini-artisanal-palestine-png.png","type":"image\/png"}],"twitter_card":"summary_large_image","schema":{"@context":"https:\/\/schema.org","@graph":[{"@type":"Organization","@id":"https:\/\/www.mesvendanges.com\/en\/#organization","name":"Mes Vendanges","url":"https:\/\/www.mesvendanges.com\/en\/","sameAs":[],"logo":{"@type":"ImageObject","inLanguage":"fr-FR","@id":"https:\/\/www.mesvendanges.com\/en\/#\/schema\/logo\/image\/","url":"https:\/\/www.mesvendanges.com\/wp-content\/uploads\/2022\/02\/logo-mesvendanges.jpg","contentUrl":"https:\/\/www.mesvendanges.com\/wp-content\/uploads\/2022\/02\/logo-mesvendanges.jpg","width":851,"height":260,"caption":"Mes Vendanges"},"image":{"@id":"https:\/\/www.mesvendanges.com\/en\/#\/schema\/logo\/image\/"}},{"@type":"WebSite","@id":"https:\/\/www.mesvendanges.com\/en\/#website","url":"https:\/\/www.mesvendanges.com\/en\/","name":"Mes Vendanges","description":"Des journ\u00e9es enti\u00e8res dans les vignes","publisher":{"@id":"https:\/\/www.mesvendanges.com\/en\/#organization"},"potentialAction":[{"@type":"SearchAction","target":{"@type":"EntryPoint","urlTemplate":"https:\/\/www.mesvendanges.com\/en\/?s={search_term_string}"},"query-input":"required name=search_term_string"}],"inLanguage":"fr-FR"},{"@type":"ImageObject","inLanguage":"fr-FR","@id":"https:\/\/www.mesvendanges.com\/fr\/boutique\/epicerie-et-accessoires\/tahini-artisanal-de-palestine-epices-shira-500gr\/#primaryimage","url":"https:\/\/www.mesvendanges.com\/wp-content\/uploads\/2024\/08\/epices-shira-tahini-artisanal-palestine-png.png","contentUrl":"https:\/\/www.mesvendanges.com\/wp-content\/uploads\/2024\/08\/epices-shira-tahini-artisanal-palestine-png.png","width":943,"height":1500},{"@type":"WebPage","@id":"https:\/\/www.mesvendanges.com\/fr\/boutique\/epicerie-et-accessoires\/tahini-artisanal-de-palestine-epices-shira-500gr\/","url":"https:\/\/www.mesvendanges.com\/fr\/boutique\/epicerie-et-accessoires\/tahini-artisanal-de-palestine-epices-shira-500gr\/","name":"TAHINI ARTISANAL DE PALESTINE - Mes Vendanges","isPartOf":{"@id":"https:\/\/www.mesvendanges.com\/en\/#website"},"primaryImageOfPage":{"@id":"https:\/\/www.mesvendanges.com\/fr\/boutique\/epicerie-et-accessoires\/tahini-artisanal-de-palestine-epices-shira-500gr\/#primaryimage"},"datePublished":"2023-09-22T14:34:46+00:00","dateModified":"2025-02-27T11:59:55+00:00","breadcrumb":{"@id":"https:\/\/www.mesvendanges.com\/fr\/boutique\/epicerie-et-accessoires\/tahini-artisanal-de-palestine-epices-shira-500gr\/#breadcrumb"},"inLanguage":"fr-FR","potentialAction":[{"@type":"ReadAction","target":["https:\/\/www.mesvendanges.com\/fr\/boutique\/epicerie-et-accessoires\/tahini-artisanal-de-palestine-epices-shira-500gr\/"]}]},{"@type":"BreadcrumbList","@id":"https:\/\/www.mesvendanges.com\/fr\/boutique\/epicerie-et-accessoires\/tahini-artisanal-de-palestine-epices-shira-500gr\/#breadcrumb","itemListElement":[{"@type":"ListItem","position":1,"name":"Accueil","item":"https:\/\/www.mesvendanges.com\/fr\/"},{"@type":"ListItem","position":2,"name":"Boutique","item":"https:\/\/www.mesvendanges.com\/fr\/boutique\/"},{"@type":"ListItem","position":3,"name":"TAHINI ARTISANAL DE PALESTINE"}]}]}},"_links":{"self":[{"href":"https:\/\/www.mesvendanges.com\/fr\/wp-json\/wp\/v2\/product\/67104"}],"collection":[{"href":"https:\/\/www.mesvendanges.com\/fr\/wp-json\/wp\/v2\/product"}],"about":[{"href":"https:\/\/www.mesvendanges.com\/fr\/wp-json\/wp\/v2\/types\/product"}],"wp:featuredmedia":[{"embeddable":true,"href":"https:\/\/www.mesvendanges.com\/fr\/wp-json\/wp\/v2\/media\/76235"}],"wp:attachment":[{"href":"https:\/\/www.mesvendanges.com\/fr\/wp-json\/wp\/v2\/media?parent=67104"}],"wp:term":[{"taxonomy":"product_cat","embeddable":true,"href":"https:\/\/www.mesvendanges.com\/fr\/wp-json\/wp\/v2\/product_cat?post=67104"},{"taxonomy":"product_tag","embeddable":true,"href":"https:\/\/www.mesvendanges.com\/fr\/wp-json\/wp\/v2\/product_tag?post=67104"}],"curies":[{"name":"wp","href":"https:\/\/api.w.org\/{rel}","templated":true}]}}