{"id":73468,"date":"2024-03-12T20:50:09","date_gmt":"2024-03-12T19:50:09","guid":{"rendered":"https:\/\/www.mesvendanges.com\/shop\/non%20class\u00e9\/les-aubues-morey-coffinet-2022-75cl\/"},"modified":"2026-02-23T12:43:34","modified_gmt":"2026-02-23T11:43:34","slug":"les-aubues-morey-coffinet-2022-75cl","status":"publish","type":"product","link":"https:\/\/www.mesvendanges.com\/fr\/boutique\/vins\/les-aubues-morey-coffinet-2022-75cl\/","title":{"rendered":"LES AUBUES"},"content":{"rendered":"<p>Tr\u00e8s beau climat que ce Puligny-Montrachet Les Aubues du domaine Morey-Coffinet. Sises au pied du Batard-Montrachet, ce village impressionne par sa brillance et son caract\u00e8re.<br \/>\nThibault Morey fait partie de cette jeune g\u00e9n\u00e9ration de vignerons bourguignons qui r\u00e9orientent les domaines familiaux, aussi bien en terme de culture que d&#8217;esth\u00e9tique de vins. Depuis son installation \u00e0 la suite de son p\u00e8re, Thibault a pass\u00e9 le domaine en biodynamie, rallong\u00e9 les \u00e9levages, diminu\u00e9 drastiquement le soufre (il n&#8217;en utilise plus \u00e0 la vendange). Aujourd&#8217;hui la pl\u00e9iade de magnifiques terroirs du domaine s&#8217;expriment avec \u00e9clat, avec des vins qui trouvent leur \u00e9quilibre entre pl\u00e9nitude et tension. L&#8217;\u00e9nergie, le salivant de vin n&#8217;enl\u00e8ve rien au plaisir du fruit, de l&#8217;expression aromatique, au d\u00e9tail. Des vins h\u00e9donistes \u00e0 souhait.<\/p>\n","protected":false},"excerpt":{"rendered":"<p>Tr\u00e8s beau climat que ce Puligny-Montrachet Les Aubues du domaine Morey-Coffinet. Sises au pied du Batard-Montrachet, ce village impressionne par sa brillance et son caract\u00e8re. Thibault Morey fait partie de cette jeune g\u00e9n\u00e9ration de vignerons bourguignons qui r\u00e9orientent les domaines familiaux, aussi bien en terme de culture que d&#8217;esth\u00e9tique de vins. Depuis son installation \u00e0 [&hellip;]<\/p>\n","protected":false},"featured_media":76287,"template":"","meta":[],"product_cat":[3736],"product_tag":[],"acf":[],"yoast_head":"<!-- This site is optimized with the Yoast SEO plugin v19.3 - https:\/\/yoast.com\/wordpress\/plugins\/seo\/ -->\n<title>LES AUBUES - Mes Vendanges<\/title>\n<meta name=\"robots\" content=\"index, follow, max-snippet:-1, max-image-preview:large, max-video-preview:-1\" \/>\n<link rel=\"canonical\" href=\"https:\/\/www.mesvendanges.com\/fr\/boutique\/vins\/les-aubues-morey-coffinet-2022-75cl\/\" \/>\n<meta property=\"og:locale\" content=\"fr_FR\" \/>\n<meta property=\"og:type\" content=\"article\" \/>\n<meta property=\"og:title\" content=\"LES AUBUES - Mes Vendanges\" \/>\n<meta property=\"og:description\" content=\"Tr\u00e8s beau climat que ce Puligny-Montrachet Les Aubues du domaine Morey-Coffinet. Sises au pied du Batard-Montrachet, ce village impressionne par sa brillance et son caract\u00e8re. Thibault Morey fait partie de cette jeune g\u00e9n\u00e9ration de vignerons bourguignons qui r\u00e9orientent les domaines familiaux, aussi bien en terme de culture que d&#8217;esth\u00e9tique de vins. Depuis son installation \u00e0 [&hellip;]\" \/>\n<meta property=\"og:url\" content=\"https:\/\/www.mesvendanges.com\/fr\/boutique\/vins\/les-aubues-morey-coffinet-2022-75cl\/\" \/>\n<meta property=\"og:site_name\" content=\"Mes Vendanges\" \/>\n<meta property=\"article:modified_time\" content=\"2026-02-23T11:43:34+00:00\" \/>\n<meta property=\"og:image\" content=\"https:\/\/www.mesvendanges.com\/wp-content\/uploads\/2024\/08\/morey-coffinet-puligny-montrachet-les-aubues-2022-png.png\" \/>\n\t<meta property=\"og:image:width\" content=\"456\" \/>\n\t<meta property=\"og:image:height\" content=\"1500\" \/>\n\t<meta property=\"og:image:type\" content=\"image\/png\" \/>\n<meta name=\"twitter:card\" content=\"summary_large_image\" \/>\n<meta name=\"twitter:label1\" content=\"Dur\u00e9e de lecture estim\u00e9e\" \/>\n\t<meta name=\"twitter:data1\" content=\"1 minute\" \/>\n<script type=\"application\/ld+json\" class=\"yoast-schema-graph\">{\"@context\":\"https:\/\/schema.org\",\"@graph\":[{\"@type\":\"Organization\",\"@id\":\"https:\/\/www.mesvendanges.com\/en\/#organization\",\"name\":\"Mes Vendanges\",\"url\":\"https:\/\/www.mesvendanges.com\/en\/\",\"sameAs\":[],\"logo\":{\"@type\":\"ImageObject\",\"inLanguage\":\"fr-FR\",\"@id\":\"https:\/\/www.mesvendanges.com\/en\/#\/schema\/logo\/image\/\",\"url\":\"https:\/\/www.mesvendanges.com\/wp-content\/uploads\/2022\/02\/logo-mesvendanges.jpg\",\"contentUrl\":\"https:\/\/www.mesvendanges.com\/wp-content\/uploads\/2022\/02\/logo-mesvendanges.jpg\",\"width\":851,\"height\":260,\"caption\":\"Mes Vendanges\"},\"image\":{\"@id\":\"https:\/\/www.mesvendanges.com\/en\/#\/schema\/logo\/image\/\"}},{\"@type\":\"WebSite\",\"@id\":\"https:\/\/www.mesvendanges.com\/en\/#website\",\"url\":\"https:\/\/www.mesvendanges.com\/en\/\",\"name\":\"Mes Vendanges\",\"description\":\"Des journ\u00e9es enti\u00e8res dans les vignes\",\"publisher\":{\"@id\":\"https:\/\/www.mesvendanges.com\/en\/#organization\"},\"potentialAction\":[{\"@type\":\"SearchAction\",\"target\":{\"@type\":\"EntryPoint\",\"urlTemplate\":\"https:\/\/www.mesvendanges.com\/en\/?s={search_term_string}\"},\"query-input\":\"required name=search_term_string\"}],\"inLanguage\":\"fr-FR\"},{\"@type\":\"ImageObject\",\"inLanguage\":\"fr-FR\",\"@id\":\"https:\/\/www.mesvendanges.com\/fr\/boutique\/vins\/les-aubues-morey-coffinet-2022-75cl\/#primaryimage\",\"url\":\"https:\/\/www.mesvendanges.com\/wp-content\/uploads\/2024\/08\/morey-coffinet-puligny-montrachet-les-aubues-2022-png.png\",\"contentUrl\":\"https:\/\/www.mesvendanges.com\/wp-content\/uploads\/2024\/08\/morey-coffinet-puligny-montrachet-les-aubues-2022-png.png\",\"width\":456,\"height\":1500},{\"@type\":\"WebPage\",\"@id\":\"https:\/\/www.mesvendanges.com\/fr\/boutique\/vins\/les-aubues-morey-coffinet-2022-75cl\/\",\"url\":\"https:\/\/www.mesvendanges.com\/fr\/boutique\/vins\/les-aubues-morey-coffinet-2022-75cl\/\",\"name\":\"LES AUBUES - Mes Vendanges\",\"isPartOf\":{\"@id\":\"https:\/\/www.mesvendanges.com\/en\/#website\"},\"primaryImageOfPage\":{\"@id\":\"https:\/\/www.mesvendanges.com\/fr\/boutique\/vins\/les-aubues-morey-coffinet-2022-75cl\/#primaryimage\"},\"datePublished\":\"2024-03-12T19:50:09+00:00\",\"dateModified\":\"2026-02-23T11:43:34+00:00\",\"breadcrumb\":{\"@id\":\"https:\/\/www.mesvendanges.com\/fr\/boutique\/vins\/les-aubues-morey-coffinet-2022-75cl\/#breadcrumb\"},\"inLanguage\":\"fr-FR\",\"potentialAction\":[{\"@type\":\"ReadAction\",\"target\":[\"https:\/\/www.mesvendanges.com\/fr\/boutique\/vins\/les-aubues-morey-coffinet-2022-75cl\/\"]}]},{\"@type\":\"BreadcrumbList\",\"@id\":\"https:\/\/www.mesvendanges.com\/fr\/boutique\/vins\/les-aubues-morey-coffinet-2022-75cl\/#breadcrumb\",\"itemListElement\":[{\"@type\":\"ListItem\",\"position\":1,\"name\":\"Accueil\",\"item\":\"https:\/\/www.mesvendanges.com\/fr\/\"},{\"@type\":\"ListItem\",\"position\":2,\"name\":\"Boutique\",\"item\":\"https:\/\/www.mesvendanges.com\/fr\/boutique\/\"},{\"@type\":\"ListItem\",\"position\":3,\"name\":\"LES AUBUES\"}]}]}<\/script>\n<!-- \/ Yoast SEO plugin. -->","yoast_head_json":{"title":"LES AUBUES - Mes Vendanges","robots":{"index":"index","follow":"follow","max-snippet":"max-snippet:-1","max-image-preview":"max-image-preview:large","max-video-preview":"max-video-preview:-1"},"canonical":"https:\/\/www.mesvendanges.com\/fr\/boutique\/vins\/les-aubues-morey-coffinet-2022-75cl\/","og_locale":"fr_FR","og_type":"article","og_title":"LES AUBUES - Mes Vendanges","og_description":"Tr\u00e8s beau climat que ce Puligny-Montrachet Les Aubues du domaine Morey-Coffinet. Sises au pied du Batard-Montrachet, ce village impressionne par sa brillance et son caract\u00e8re. Thibault Morey fait partie de cette jeune g\u00e9n\u00e9ration de vignerons bourguignons qui r\u00e9orientent les domaines familiaux, aussi bien en terme de culture que d&#8217;esth\u00e9tique de vins. Depuis son installation \u00e0 [&hellip;]","og_url":"https:\/\/www.mesvendanges.com\/fr\/boutique\/vins\/les-aubues-morey-coffinet-2022-75cl\/","og_site_name":"Mes Vendanges","article_modified_time":"2026-02-23T11:43:34+00:00","og_image":[{"width":456,"height":1500,"url":"https:\/\/www.mesvendanges.com\/wp-content\/uploads\/2024\/08\/morey-coffinet-puligny-montrachet-les-aubues-2022-png.png","type":"image\/png"}],"twitter_card":"summary_large_image","twitter_misc":{"Dur\u00e9e de lecture estim\u00e9e":"1 minute"},"schema":{"@context":"https:\/\/schema.org","@graph":[{"@type":"Organization","@id":"https:\/\/www.mesvendanges.com\/en\/#organization","name":"Mes Vendanges","url":"https:\/\/www.mesvendanges.com\/en\/","sameAs":[],"logo":{"@type":"ImageObject","inLanguage":"fr-FR","@id":"https:\/\/www.mesvendanges.com\/en\/#\/schema\/logo\/image\/","url":"https:\/\/www.mesvendanges.com\/wp-content\/uploads\/2022\/02\/logo-mesvendanges.jpg","contentUrl":"https:\/\/www.mesvendanges.com\/wp-content\/uploads\/2022\/02\/logo-mesvendanges.jpg","width":851,"height":260,"caption":"Mes Vendanges"},"image":{"@id":"https:\/\/www.mesvendanges.com\/en\/#\/schema\/logo\/image\/"}},{"@type":"WebSite","@id":"https:\/\/www.mesvendanges.com\/en\/#website","url":"https:\/\/www.mesvendanges.com\/en\/","name":"Mes Vendanges","description":"Des journ\u00e9es enti\u00e8res dans les vignes","publisher":{"@id":"https:\/\/www.mesvendanges.com\/en\/#organization"},"potentialAction":[{"@type":"SearchAction","target":{"@type":"EntryPoint","urlTemplate":"https:\/\/www.mesvendanges.com\/en\/?s={search_term_string}"},"query-input":"required name=search_term_string"}],"inLanguage":"fr-FR"},{"@type":"ImageObject","inLanguage":"fr-FR","@id":"https:\/\/www.mesvendanges.com\/fr\/boutique\/vins\/les-aubues-morey-coffinet-2022-75cl\/#primaryimage","url":"https:\/\/www.mesvendanges.com\/wp-content\/uploads\/2024\/08\/morey-coffinet-puligny-montrachet-les-aubues-2022-png.png","contentUrl":"https:\/\/www.mesvendanges.com\/wp-content\/uploads\/2024\/08\/morey-coffinet-puligny-montrachet-les-aubues-2022-png.png","width":456,"height":1500},{"@type":"WebPage","@id":"https:\/\/www.mesvendanges.com\/fr\/boutique\/vins\/les-aubues-morey-coffinet-2022-75cl\/","url":"https:\/\/www.mesvendanges.com\/fr\/boutique\/vins\/les-aubues-morey-coffinet-2022-75cl\/","name":"LES AUBUES - Mes Vendanges","isPartOf":{"@id":"https:\/\/www.mesvendanges.com\/en\/#website"},"primaryImageOfPage":{"@id":"https:\/\/www.mesvendanges.com\/fr\/boutique\/vins\/les-aubues-morey-coffinet-2022-75cl\/#primaryimage"},"datePublished":"2024-03-12T19:50:09+00:00","dateModified":"2026-02-23T11:43:34+00:00","breadcrumb":{"@id":"https:\/\/www.mesvendanges.com\/fr\/boutique\/vins\/les-aubues-morey-coffinet-2022-75cl\/#breadcrumb"},"inLanguage":"fr-FR","potentialAction":[{"@type":"ReadAction","target":["https:\/\/www.mesvendanges.com\/fr\/boutique\/vins\/les-aubues-morey-coffinet-2022-75cl\/"]}]},{"@type":"BreadcrumbList","@id":"https:\/\/www.mesvendanges.com\/fr\/boutique\/vins\/les-aubues-morey-coffinet-2022-75cl\/#breadcrumb","itemListElement":[{"@type":"ListItem","position":1,"name":"Accueil","item":"https:\/\/www.mesvendanges.com\/fr\/"},{"@type":"ListItem","position":2,"name":"Boutique","item":"https:\/\/www.mesvendanges.com\/fr\/boutique\/"},{"@type":"ListItem","position":3,"name":"LES AUBUES"}]}]}},"_links":{"self":[{"href":"https:\/\/www.mesvendanges.com\/fr\/wp-json\/wp\/v2\/product\/73468"}],"collection":[{"href":"https:\/\/www.mesvendanges.com\/fr\/wp-json\/wp\/v2\/product"}],"about":[{"href":"https:\/\/www.mesvendanges.com\/fr\/wp-json\/wp\/v2\/types\/product"}],"wp:featuredmedia":[{"embeddable":true,"href":"https:\/\/www.mesvendanges.com\/fr\/wp-json\/wp\/v2\/media\/76287"}],"wp:attachment":[{"href":"https:\/\/www.mesvendanges.com\/fr\/wp-json\/wp\/v2\/media?parent=73468"}],"wp:term":[{"taxonomy":"product_cat","embeddable":true,"href":"https:\/\/www.mesvendanges.com\/fr\/wp-json\/wp\/v2\/product_cat?post=73468"},{"taxonomy":"product_tag","embeddable":true,"href":"https:\/\/www.mesvendanges.com\/fr\/wp-json\/wp\/v2\/product_tag?post=73468"}],"curies":[{"name":"wp","href":"https:\/\/api.w.org\/{rel}","templated":true}]}}