{"id":73639,"date":"2024-03-27T16:38:44","date_gmt":"2024-03-27T15:38:44","guid":{"rendered":"https:\/\/www.mesvendanges.com\/shop\/non%20class\u00e9\/ponceau-jean-baptiste-hardy-2022-75cl\/"},"modified":"2025-12-08T09:04:33","modified_gmt":"2025-12-08T08:04:33","slug":"ponceau-jean-baptiste-hardy-2022-75cl","status":"publish","type":"product","link":"https:\/\/www.mesvendanges.com\/fr\/boutique\/vins\/ponceau-jean-baptiste-hardy-2022-75cl\/","title":{"rendered":"PONCEAU"},"content":{"rendered":"<p>La cuv\u00e9e Ponceau de Jean-Baptiste Hardy est issue de merlots, cabernets francs et sauvignons plant\u00e9s en 1994 sur des granites et des argiles, avec une exposition au sud. Vinifi\u00e9 et \u00e9l\u00e9v\u00e9 sur lies, pendant 18 mois, en f\u00fbts de 228l et en amphores. Ni collage, ni filtration.<\/p>\n","protected":false},"excerpt":{"rendered":"<p>La cuv\u00e9e Ponceau de Jean-Baptiste Hardy est issue de merlots, cabernets francs et sauvignons plant\u00e9s en 1994 sur des granites et des argiles, avec une exposition au sud. Vinifi\u00e9 et \u00e9l\u00e9v\u00e9 sur lies, pendant 18 mois, en f\u00fbts de 228l et en amphores. Ni collage, ni filtration.<\/p>\n","protected":false},"featured_media":73647,"template":"","meta":[],"product_cat":[3736],"product_tag":[],"acf":[],"yoast_head":"<!-- This site is optimized with the Yoast SEO plugin v19.3 - https:\/\/yoast.com\/wordpress\/plugins\/seo\/ -->\n<title>Jean-Baptiste Hardy Ponceau 2022<\/title>\n<meta name=\"description\" content=\"Jean-Baptiste Hardy Ponceau 2022 en vente sur notre site MesVendanges.com. Retrouvez une s\u00e9lection pointue de vins d&#039;auteurs.\" \/>\n<meta name=\"robots\" content=\"index, follow, max-snippet:-1, max-image-preview:large, max-video-preview:-1\" \/>\n<link rel=\"canonical\" href=\"https:\/\/www.mesvendanges.com\/fr\/boutique\/vins\/ponceau-jean-baptiste-hardy-2022-75cl\/\" \/>\n<meta property=\"og:locale\" content=\"fr_FR\" \/>\n<meta property=\"og:type\" content=\"article\" \/>\n<meta property=\"og:title\" content=\"Jean-Baptiste Hardy Ponceau 2022\" \/>\n<meta property=\"og:description\" content=\"Jean-Baptiste Hardy Ponceau 2022 en vente sur notre site MesVendanges.com. Retrouvez une s\u00e9lection pointue de vins d&#039;auteurs.\" \/>\n<meta property=\"og:url\" content=\"https:\/\/www.mesvendanges.com\/fr\/boutique\/vins\/ponceau-jean-baptiste-hardy-2022-75cl\/\" \/>\n<meta property=\"og:site_name\" content=\"Mes Vendanges\" \/>\n<meta property=\"article:modified_time\" content=\"2025-12-08T08:04:33+00:00\" \/>\n<meta property=\"og:image\" content=\"https:\/\/www.mesvendanges.com\/wp-content\/uploads\/2024\/04\/jean-baptiste-hardy-ponceau-rouge-2022-png.png\" \/>\n\t<meta property=\"og:image:width\" content=\"431\" \/>\n\t<meta property=\"og:image:height\" content=\"1500\" \/>\n\t<meta property=\"og:image:type\" content=\"image\/png\" \/>\n<meta name=\"twitter:card\" content=\"summary_large_image\" \/>\n<meta name=\"twitter:label1\" content=\"Dur\u00e9e de lecture estim\u00e9e\" \/>\n\t<meta name=\"twitter:data1\" content=\"1 minute\" \/>\n<script type=\"application\/ld+json\" class=\"yoast-schema-graph\">{\"@context\":\"https:\/\/schema.org\",\"@graph\":[{\"@type\":\"Organization\",\"@id\":\"https:\/\/www.mesvendanges.com\/en\/#organization\",\"name\":\"Mes Vendanges\",\"url\":\"https:\/\/www.mesvendanges.com\/en\/\",\"sameAs\":[],\"logo\":{\"@type\":\"ImageObject\",\"inLanguage\":\"fr-FR\",\"@id\":\"https:\/\/www.mesvendanges.com\/en\/#\/schema\/logo\/image\/\",\"url\":\"https:\/\/www.mesvendanges.com\/wp-content\/uploads\/2022\/02\/logo-mesvendanges.jpg\",\"contentUrl\":\"https:\/\/www.mesvendanges.com\/wp-content\/uploads\/2022\/02\/logo-mesvendanges.jpg\",\"width\":851,\"height\":260,\"caption\":\"Mes Vendanges\"},\"image\":{\"@id\":\"https:\/\/www.mesvendanges.com\/en\/#\/schema\/logo\/image\/\"}},{\"@type\":\"WebSite\",\"@id\":\"https:\/\/www.mesvendanges.com\/en\/#website\",\"url\":\"https:\/\/www.mesvendanges.com\/en\/\",\"name\":\"Mes Vendanges\",\"description\":\"Des journ\u00e9es enti\u00e8res dans les vignes\",\"publisher\":{\"@id\":\"https:\/\/www.mesvendanges.com\/en\/#organization\"},\"potentialAction\":[{\"@type\":\"SearchAction\",\"target\":{\"@type\":\"EntryPoint\",\"urlTemplate\":\"https:\/\/www.mesvendanges.com\/en\/?s={search_term_string}\"},\"query-input\":\"required name=search_term_string\"}],\"inLanguage\":\"fr-FR\"},{\"@type\":\"ImageObject\",\"inLanguage\":\"fr-FR\",\"@id\":\"https:\/\/www.mesvendanges.com\/fr\/boutique\/vins\/ponceau-jean-baptiste-hardy-2022-75cl\/#primaryimage\",\"url\":\"https:\/\/www.mesvendanges.com\/wp-content\/uploads\/2024\/04\/jean-baptiste-hardy-ponceau-rouge-2022-png.png\",\"contentUrl\":\"https:\/\/www.mesvendanges.com\/wp-content\/uploads\/2024\/04\/jean-baptiste-hardy-ponceau-rouge-2022-png.png\",\"width\":431,\"height\":1500},{\"@type\":\"WebPage\",\"@id\":\"https:\/\/www.mesvendanges.com\/fr\/boutique\/vins\/ponceau-jean-baptiste-hardy-2022-75cl\/\",\"url\":\"https:\/\/www.mesvendanges.com\/fr\/boutique\/vins\/ponceau-jean-baptiste-hardy-2022-75cl\/\",\"name\":\"Jean-Baptiste Hardy Ponceau 2022\",\"isPartOf\":{\"@id\":\"https:\/\/www.mesvendanges.com\/en\/#website\"},\"primaryImageOfPage\":{\"@id\":\"https:\/\/www.mesvendanges.com\/fr\/boutique\/vins\/ponceau-jean-baptiste-hardy-2022-75cl\/#primaryimage\"},\"datePublished\":\"2024-03-27T15:38:44+00:00\",\"dateModified\":\"2025-12-08T08:04:33+00:00\",\"description\":\"Jean-Baptiste Hardy Ponceau 2022 en vente sur notre site MesVendanges.com. Retrouvez une s\u00e9lection pointue de vins d'auteurs.\",\"breadcrumb\":{\"@id\":\"https:\/\/www.mesvendanges.com\/fr\/boutique\/vins\/ponceau-jean-baptiste-hardy-2022-75cl\/#breadcrumb\"},\"inLanguage\":\"fr-FR\",\"potentialAction\":[{\"@type\":\"ReadAction\",\"target\":[\"https:\/\/www.mesvendanges.com\/fr\/boutique\/vins\/ponceau-jean-baptiste-hardy-2022-75cl\/\"]}]},{\"@type\":\"BreadcrumbList\",\"@id\":\"https:\/\/www.mesvendanges.com\/fr\/boutique\/vins\/ponceau-jean-baptiste-hardy-2022-75cl\/#breadcrumb\",\"itemListElement\":[{\"@type\":\"ListItem\",\"position\":1,\"name\":\"Accueil\",\"item\":\"https:\/\/www.mesvendanges.com\/fr\/\"},{\"@type\":\"ListItem\",\"position\":2,\"name\":\"Boutique\",\"item\":\"https:\/\/www.mesvendanges.com\/fr\/boutique\/\"},{\"@type\":\"ListItem\",\"position\":3,\"name\":\"PONCEAU\"}]}]}<\/script>\n<!-- \/ Yoast SEO plugin. -->","yoast_head_json":{"title":"Jean-Baptiste Hardy Ponceau 2022","description":"Jean-Baptiste Hardy Ponceau 2022 en vente sur notre site MesVendanges.com. Retrouvez une s\u00e9lection pointue de vins d'auteurs.","robots":{"index":"index","follow":"follow","max-snippet":"max-snippet:-1","max-image-preview":"max-image-preview:large","max-video-preview":"max-video-preview:-1"},"canonical":"https:\/\/www.mesvendanges.com\/fr\/boutique\/vins\/ponceau-jean-baptiste-hardy-2022-75cl\/","og_locale":"fr_FR","og_type":"article","og_title":"Jean-Baptiste Hardy Ponceau 2022","og_description":"Jean-Baptiste Hardy Ponceau 2022 en vente sur notre site MesVendanges.com. Retrouvez une s\u00e9lection pointue de vins d'auteurs.","og_url":"https:\/\/www.mesvendanges.com\/fr\/boutique\/vins\/ponceau-jean-baptiste-hardy-2022-75cl\/","og_site_name":"Mes Vendanges","article_modified_time":"2025-12-08T08:04:33+00:00","og_image":[{"width":431,"height":1500,"url":"https:\/\/www.mesvendanges.com\/wp-content\/uploads\/2024\/04\/jean-baptiste-hardy-ponceau-rouge-2022-png.png","type":"image\/png"}],"twitter_card":"summary_large_image","twitter_misc":{"Dur\u00e9e de lecture estim\u00e9e":"1 minute"},"schema":{"@context":"https:\/\/schema.org","@graph":[{"@type":"Organization","@id":"https:\/\/www.mesvendanges.com\/en\/#organization","name":"Mes Vendanges","url":"https:\/\/www.mesvendanges.com\/en\/","sameAs":[],"logo":{"@type":"ImageObject","inLanguage":"fr-FR","@id":"https:\/\/www.mesvendanges.com\/en\/#\/schema\/logo\/image\/","url":"https:\/\/www.mesvendanges.com\/wp-content\/uploads\/2022\/02\/logo-mesvendanges.jpg","contentUrl":"https:\/\/www.mesvendanges.com\/wp-content\/uploads\/2022\/02\/logo-mesvendanges.jpg","width":851,"height":260,"caption":"Mes Vendanges"},"image":{"@id":"https:\/\/www.mesvendanges.com\/en\/#\/schema\/logo\/image\/"}},{"@type":"WebSite","@id":"https:\/\/www.mesvendanges.com\/en\/#website","url":"https:\/\/www.mesvendanges.com\/en\/","name":"Mes Vendanges","description":"Des journ\u00e9es enti\u00e8res dans les vignes","publisher":{"@id":"https:\/\/www.mesvendanges.com\/en\/#organization"},"potentialAction":[{"@type":"SearchAction","target":{"@type":"EntryPoint","urlTemplate":"https:\/\/www.mesvendanges.com\/en\/?s={search_term_string}"},"query-input":"required name=search_term_string"}],"inLanguage":"fr-FR"},{"@type":"ImageObject","inLanguage":"fr-FR","@id":"https:\/\/www.mesvendanges.com\/fr\/boutique\/vins\/ponceau-jean-baptiste-hardy-2022-75cl\/#primaryimage","url":"https:\/\/www.mesvendanges.com\/wp-content\/uploads\/2024\/04\/jean-baptiste-hardy-ponceau-rouge-2022-png.png","contentUrl":"https:\/\/www.mesvendanges.com\/wp-content\/uploads\/2024\/04\/jean-baptiste-hardy-ponceau-rouge-2022-png.png","width":431,"height":1500},{"@type":"WebPage","@id":"https:\/\/www.mesvendanges.com\/fr\/boutique\/vins\/ponceau-jean-baptiste-hardy-2022-75cl\/","url":"https:\/\/www.mesvendanges.com\/fr\/boutique\/vins\/ponceau-jean-baptiste-hardy-2022-75cl\/","name":"Jean-Baptiste Hardy Ponceau 2022","isPartOf":{"@id":"https:\/\/www.mesvendanges.com\/en\/#website"},"primaryImageOfPage":{"@id":"https:\/\/www.mesvendanges.com\/fr\/boutique\/vins\/ponceau-jean-baptiste-hardy-2022-75cl\/#primaryimage"},"datePublished":"2024-03-27T15:38:44+00:00","dateModified":"2025-12-08T08:04:33+00:00","description":"Jean-Baptiste Hardy Ponceau 2022 en vente sur notre site MesVendanges.com. Retrouvez une s\u00e9lection pointue de vins d'auteurs.","breadcrumb":{"@id":"https:\/\/www.mesvendanges.com\/fr\/boutique\/vins\/ponceau-jean-baptiste-hardy-2022-75cl\/#breadcrumb"},"inLanguage":"fr-FR","potentialAction":[{"@type":"ReadAction","target":["https:\/\/www.mesvendanges.com\/fr\/boutique\/vins\/ponceau-jean-baptiste-hardy-2022-75cl\/"]}]},{"@type":"BreadcrumbList","@id":"https:\/\/www.mesvendanges.com\/fr\/boutique\/vins\/ponceau-jean-baptiste-hardy-2022-75cl\/#breadcrumb","itemListElement":[{"@type":"ListItem","position":1,"name":"Accueil","item":"https:\/\/www.mesvendanges.com\/fr\/"},{"@type":"ListItem","position":2,"name":"Boutique","item":"https:\/\/www.mesvendanges.com\/fr\/boutique\/"},{"@type":"ListItem","position":3,"name":"PONCEAU"}]}]}},"_links":{"self":[{"href":"https:\/\/www.mesvendanges.com\/fr\/wp-json\/wp\/v2\/product\/73639"}],"collection":[{"href":"https:\/\/www.mesvendanges.com\/fr\/wp-json\/wp\/v2\/product"}],"about":[{"href":"https:\/\/www.mesvendanges.com\/fr\/wp-json\/wp\/v2\/types\/product"}],"wp:featuredmedia":[{"embeddable":true,"href":"https:\/\/www.mesvendanges.com\/fr\/wp-json\/wp\/v2\/media\/73647"}],"wp:attachment":[{"href":"https:\/\/www.mesvendanges.com\/fr\/wp-json\/wp\/v2\/media?parent=73639"}],"wp:term":[{"taxonomy":"product_cat","embeddable":true,"href":"https:\/\/www.mesvendanges.com\/fr\/wp-json\/wp\/v2\/product_cat?post=73639"},{"taxonomy":"product_tag","embeddable":true,"href":"https:\/\/www.mesvendanges.com\/fr\/wp-json\/wp\/v2\/product_tag?post=73639"}],"curies":[{"name":"wp","href":"https:\/\/api.w.org\/{rel}","templated":true}]}}