{"id":73671,"date":"2024-04-03T14:59:19","date_gmt":"2024-04-03T12:59:19","guid":{"rendered":"https:\/\/www.mesvendanges.com\/shop\/non%20class\u00e9\/pedro-ximenes-massandra-1950-80cl\/"},"modified":"2025-05-01T16:57:55","modified_gmt":"2025-05-01T14:57:55","slug":"pedro-ximenes-massandra-1950-80cl","status":"publish","type":"product","link":"https:\/\/www.mesvendanges.com\/fr\/boutique\/vins\/pedro-ximenes-massandra-1950-80cl\/","title":{"rendered":"PEDRO-XIMENES"},"content":{"rendered":"<p>Les vins de Massandra sont de v\u00e9ritables tr\u00e9sors. Issus de la cave et du domaine fond\u00e9s en Crim\u00e9e par le Tsar Nicolas II, dans la premi\u00e8re moiti\u00e9 du 19\u00e8me si\u00e8cle. Le domaine s&#8217;est toujours concentr\u00e9 sur la production de tr\u00e8s grands liquoreux, au potentiel de garde unique. Ici une bouteille de Pedro-Ximenes de 1950.<\/p>\n<p>Livr\u00e9e dans son coffret avec son certificat.<\/p>\n","protected":false},"excerpt":{"rendered":"<p>Les vins de Massandra sont de v\u00e9ritables tr\u00e9sors. Issus de la cave et du domaine fond\u00e9s en Crim\u00e9e par le Tsar Nicolas II, dans la premi\u00e8re moiti\u00e9 du 19\u00e8me si\u00e8cle. Le domaine s&#8217;est toujours concentr\u00e9 sur la production de tr\u00e8s grands liquoreux, au potentiel de garde unique. Ici une bouteille de Pedro-Ximenes de 1950. Livr\u00e9e [&hellip;]<\/p>\n","protected":false},"featured_media":73704,"template":"","meta":[],"product_cat":[3736],"product_tag":[],"acf":[],"yoast_head":"<!-- This site is optimized with the Yoast SEO plugin v19.3 - https:\/\/yoast.com\/wordpress\/plugins\/seo\/ -->\n<title>MASSANDRA PEDRO-XIMENES 1950<\/title>\n<meta name=\"description\" content=\"Massandra Pedro-Ximenes 1950 en vente sur notre site MesVendanges.com. Une s\u00e9lection pointue de vins d&#039;auteurs.\" \/>\n<meta name=\"robots\" content=\"index, follow, max-snippet:-1, max-image-preview:large, max-video-preview:-1\" \/>\n<link rel=\"canonical\" href=\"https:\/\/www.mesvendanges.com\/fr\/boutique\/vins\/pedro-ximenes-massandra-1950-80cl\/\" \/>\n<meta property=\"og:locale\" content=\"fr_FR\" \/>\n<meta property=\"og:type\" content=\"article\" \/>\n<meta property=\"og:title\" content=\"MASSANDRA PEDRO-XIMENES 1950\" \/>\n<meta property=\"og:description\" content=\"Massandra Pedro-Ximenes 1950 en vente sur notre site MesVendanges.com. Une s\u00e9lection pointue de vins d&#039;auteurs.\" \/>\n<meta property=\"og:url\" content=\"https:\/\/www.mesvendanges.com\/fr\/boutique\/vins\/pedro-ximenes-massandra-1950-80cl\/\" \/>\n<meta property=\"og:site_name\" content=\"Mes Vendanges\" \/>\n<meta property=\"article:modified_time\" content=\"2025-05-01T14:57:55+00:00\" \/>\n<meta property=\"og:image\" content=\"https:\/\/www.mesvendanges.com\/wp-content\/uploads\/2024\/04\/massandra-pedro-ximenes-1950-png.png\" \/>\n\t<meta property=\"og:image:width\" content=\"436\" \/>\n\t<meta property=\"og:image:height\" content=\"1500\" \/>\n\t<meta property=\"og:image:type\" content=\"image\/png\" \/>\n<meta name=\"twitter:card\" content=\"summary_large_image\" \/>\n<meta name=\"twitter:label1\" content=\"Dur\u00e9e de lecture estim\u00e9e\" \/>\n\t<meta name=\"twitter:data1\" content=\"1 minute\" \/>\n<script type=\"application\/ld+json\" class=\"yoast-schema-graph\">{\"@context\":\"https:\/\/schema.org\",\"@graph\":[{\"@type\":\"Organization\",\"@id\":\"https:\/\/www.mesvendanges.com\/en\/#organization\",\"name\":\"Mes Vendanges\",\"url\":\"https:\/\/www.mesvendanges.com\/en\/\",\"sameAs\":[],\"logo\":{\"@type\":\"ImageObject\",\"inLanguage\":\"fr-FR\",\"@id\":\"https:\/\/www.mesvendanges.com\/en\/#\/schema\/logo\/image\/\",\"url\":\"https:\/\/www.mesvendanges.com\/wp-content\/uploads\/2022\/02\/logo-mesvendanges.jpg\",\"contentUrl\":\"https:\/\/www.mesvendanges.com\/wp-content\/uploads\/2022\/02\/logo-mesvendanges.jpg\",\"width\":851,\"height\":260,\"caption\":\"Mes Vendanges\"},\"image\":{\"@id\":\"https:\/\/www.mesvendanges.com\/en\/#\/schema\/logo\/image\/\"}},{\"@type\":\"WebSite\",\"@id\":\"https:\/\/www.mesvendanges.com\/en\/#website\",\"url\":\"https:\/\/www.mesvendanges.com\/en\/\",\"name\":\"Mes Vendanges\",\"description\":\"Des journ\u00e9es enti\u00e8res dans les vignes\",\"publisher\":{\"@id\":\"https:\/\/www.mesvendanges.com\/en\/#organization\"},\"potentialAction\":[{\"@type\":\"SearchAction\",\"target\":{\"@type\":\"EntryPoint\",\"urlTemplate\":\"https:\/\/www.mesvendanges.com\/en\/?s={search_term_string}\"},\"query-input\":\"required name=search_term_string\"}],\"inLanguage\":\"fr-FR\"},{\"@type\":\"ImageObject\",\"inLanguage\":\"fr-FR\",\"@id\":\"https:\/\/www.mesvendanges.com\/fr\/boutique\/vins\/pedro-ximenes-massandra-1950-80cl\/#primaryimage\",\"url\":\"https:\/\/www.mesvendanges.com\/wp-content\/uploads\/2024\/04\/massandra-pedro-ximenes-1950-png.png\",\"contentUrl\":\"https:\/\/www.mesvendanges.com\/wp-content\/uploads\/2024\/04\/massandra-pedro-ximenes-1950-png.png\",\"width\":436,\"height\":1500},{\"@type\":\"WebPage\",\"@id\":\"https:\/\/www.mesvendanges.com\/fr\/boutique\/vins\/pedro-ximenes-massandra-1950-80cl\/\",\"url\":\"https:\/\/www.mesvendanges.com\/fr\/boutique\/vins\/pedro-ximenes-massandra-1950-80cl\/\",\"name\":\"MASSANDRA PEDRO-XIMENES 1950\",\"isPartOf\":{\"@id\":\"https:\/\/www.mesvendanges.com\/en\/#website\"},\"primaryImageOfPage\":{\"@id\":\"https:\/\/www.mesvendanges.com\/fr\/boutique\/vins\/pedro-ximenes-massandra-1950-80cl\/#primaryimage\"},\"datePublished\":\"2024-04-03T12:59:19+00:00\",\"dateModified\":\"2025-05-01T14:57:55+00:00\",\"description\":\"Massandra Pedro-Ximenes 1950 en vente sur notre site MesVendanges.com. Une s\u00e9lection pointue de vins d'auteurs.\",\"breadcrumb\":{\"@id\":\"https:\/\/www.mesvendanges.com\/fr\/boutique\/vins\/pedro-ximenes-massandra-1950-80cl\/#breadcrumb\"},\"inLanguage\":\"fr-FR\",\"potentialAction\":[{\"@type\":\"ReadAction\",\"target\":[\"https:\/\/www.mesvendanges.com\/fr\/boutique\/vins\/pedro-ximenes-massandra-1950-80cl\/\"]}]},{\"@type\":\"BreadcrumbList\",\"@id\":\"https:\/\/www.mesvendanges.com\/fr\/boutique\/vins\/pedro-ximenes-massandra-1950-80cl\/#breadcrumb\",\"itemListElement\":[{\"@type\":\"ListItem\",\"position\":1,\"name\":\"Accueil\",\"item\":\"https:\/\/www.mesvendanges.com\/fr\/\"},{\"@type\":\"ListItem\",\"position\":2,\"name\":\"Boutique\",\"item\":\"https:\/\/www.mesvendanges.com\/fr\/boutique\/\"},{\"@type\":\"ListItem\",\"position\":3,\"name\":\"PEDRO-XIMENES\"}]}]}<\/script>\n<!-- \/ Yoast SEO plugin. -->","yoast_head_json":{"title":"MASSANDRA PEDRO-XIMENES 1950","description":"Massandra Pedro-Ximenes 1950 en vente sur notre site MesVendanges.com. Une s\u00e9lection pointue de vins d'auteurs.","robots":{"index":"index","follow":"follow","max-snippet":"max-snippet:-1","max-image-preview":"max-image-preview:large","max-video-preview":"max-video-preview:-1"},"canonical":"https:\/\/www.mesvendanges.com\/fr\/boutique\/vins\/pedro-ximenes-massandra-1950-80cl\/","og_locale":"fr_FR","og_type":"article","og_title":"MASSANDRA PEDRO-XIMENES 1950","og_description":"Massandra Pedro-Ximenes 1950 en vente sur notre site MesVendanges.com. Une s\u00e9lection pointue de vins d'auteurs.","og_url":"https:\/\/www.mesvendanges.com\/fr\/boutique\/vins\/pedro-ximenes-massandra-1950-80cl\/","og_site_name":"Mes Vendanges","article_modified_time":"2025-05-01T14:57:55+00:00","og_image":[{"width":436,"height":1500,"url":"https:\/\/www.mesvendanges.com\/wp-content\/uploads\/2024\/04\/massandra-pedro-ximenes-1950-png.png","type":"image\/png"}],"twitter_card":"summary_large_image","twitter_misc":{"Dur\u00e9e de lecture estim\u00e9e":"1 minute"},"schema":{"@context":"https:\/\/schema.org","@graph":[{"@type":"Organization","@id":"https:\/\/www.mesvendanges.com\/en\/#organization","name":"Mes Vendanges","url":"https:\/\/www.mesvendanges.com\/en\/","sameAs":[],"logo":{"@type":"ImageObject","inLanguage":"fr-FR","@id":"https:\/\/www.mesvendanges.com\/en\/#\/schema\/logo\/image\/","url":"https:\/\/www.mesvendanges.com\/wp-content\/uploads\/2022\/02\/logo-mesvendanges.jpg","contentUrl":"https:\/\/www.mesvendanges.com\/wp-content\/uploads\/2022\/02\/logo-mesvendanges.jpg","width":851,"height":260,"caption":"Mes Vendanges"},"image":{"@id":"https:\/\/www.mesvendanges.com\/en\/#\/schema\/logo\/image\/"}},{"@type":"WebSite","@id":"https:\/\/www.mesvendanges.com\/en\/#website","url":"https:\/\/www.mesvendanges.com\/en\/","name":"Mes Vendanges","description":"Des journ\u00e9es enti\u00e8res dans les vignes","publisher":{"@id":"https:\/\/www.mesvendanges.com\/en\/#organization"},"potentialAction":[{"@type":"SearchAction","target":{"@type":"EntryPoint","urlTemplate":"https:\/\/www.mesvendanges.com\/en\/?s={search_term_string}"},"query-input":"required name=search_term_string"}],"inLanguage":"fr-FR"},{"@type":"ImageObject","inLanguage":"fr-FR","@id":"https:\/\/www.mesvendanges.com\/fr\/boutique\/vins\/pedro-ximenes-massandra-1950-80cl\/#primaryimage","url":"https:\/\/www.mesvendanges.com\/wp-content\/uploads\/2024\/04\/massandra-pedro-ximenes-1950-png.png","contentUrl":"https:\/\/www.mesvendanges.com\/wp-content\/uploads\/2024\/04\/massandra-pedro-ximenes-1950-png.png","width":436,"height":1500},{"@type":"WebPage","@id":"https:\/\/www.mesvendanges.com\/fr\/boutique\/vins\/pedro-ximenes-massandra-1950-80cl\/","url":"https:\/\/www.mesvendanges.com\/fr\/boutique\/vins\/pedro-ximenes-massandra-1950-80cl\/","name":"MASSANDRA PEDRO-XIMENES 1950","isPartOf":{"@id":"https:\/\/www.mesvendanges.com\/en\/#website"},"primaryImageOfPage":{"@id":"https:\/\/www.mesvendanges.com\/fr\/boutique\/vins\/pedro-ximenes-massandra-1950-80cl\/#primaryimage"},"datePublished":"2024-04-03T12:59:19+00:00","dateModified":"2025-05-01T14:57:55+00:00","description":"Massandra Pedro-Ximenes 1950 en vente sur notre site MesVendanges.com. Une s\u00e9lection pointue de vins d'auteurs.","breadcrumb":{"@id":"https:\/\/www.mesvendanges.com\/fr\/boutique\/vins\/pedro-ximenes-massandra-1950-80cl\/#breadcrumb"},"inLanguage":"fr-FR","potentialAction":[{"@type":"ReadAction","target":["https:\/\/www.mesvendanges.com\/fr\/boutique\/vins\/pedro-ximenes-massandra-1950-80cl\/"]}]},{"@type":"BreadcrumbList","@id":"https:\/\/www.mesvendanges.com\/fr\/boutique\/vins\/pedro-ximenes-massandra-1950-80cl\/#breadcrumb","itemListElement":[{"@type":"ListItem","position":1,"name":"Accueil","item":"https:\/\/www.mesvendanges.com\/fr\/"},{"@type":"ListItem","position":2,"name":"Boutique","item":"https:\/\/www.mesvendanges.com\/fr\/boutique\/"},{"@type":"ListItem","position":3,"name":"PEDRO-XIMENES"}]}]}},"_links":{"self":[{"href":"https:\/\/www.mesvendanges.com\/fr\/wp-json\/wp\/v2\/product\/73671"}],"collection":[{"href":"https:\/\/www.mesvendanges.com\/fr\/wp-json\/wp\/v2\/product"}],"about":[{"href":"https:\/\/www.mesvendanges.com\/fr\/wp-json\/wp\/v2\/types\/product"}],"wp:featuredmedia":[{"embeddable":true,"href":"https:\/\/www.mesvendanges.com\/fr\/wp-json\/wp\/v2\/media\/73704"}],"wp:attachment":[{"href":"https:\/\/www.mesvendanges.com\/fr\/wp-json\/wp\/v2\/media?parent=73671"}],"wp:term":[{"taxonomy":"product_cat","embeddable":true,"href":"https:\/\/www.mesvendanges.com\/fr\/wp-json\/wp\/v2\/product_cat?post=73671"},{"taxonomy":"product_tag","embeddable":true,"href":"https:\/\/www.mesvendanges.com\/fr\/wp-json\/wp\/v2\/product_tag?post=73671"}],"curies":[{"name":"wp","href":"https:\/\/api.w.org\/{rel}","templated":true}]}}