{"id":73720,"date":"2024-04-06T14:07:00","date_gmt":"2024-04-06T12:07:00","guid":{"rendered":"https:\/\/www.mesvendanges.com\/shop\/non%20class\u00e9\/gueules-de-loup-domaine-goisot-2021-75cl\/"},"modified":"2025-05-01T15:17:49","modified_gmt":"2025-05-01T13:17:49","slug":"gueules-de-loup-domaine-goisot-2021-75cl","status":"publish","type":"product","link":"https:\/\/www.mesvendanges.com\/fr\/boutique\/vins\/gueules-de-loup-domaine-goisot-2021-75cl\/","title":{"rendered":"GUEULES DE LOUP"},"content":{"rendered":"<p>Gueules de Loup est l&#8217;expression du climat min\u00e9ral \u00e0 souhait, du nez \u00e0 la bouche, du premier verre au dernier, on est dans l&#8217;univers du caillou chablisien. Une pure merveille!<br \/>\nSuperficie : 1ha<br \/>\nVignes de plus de quarante ans.<br \/>\nSol : Jurassique sup\u00e9rieur, \u00e9tage Kimm\u00e9ridgien moyen et sup\u00e9rieur, alternance de 80 m\u00e8tres de calcaires et marnes lumachelliques.<br \/>\nToutes les vignes du domaine sont conduites en agriculture biodynamique certifi\u00e9e.<\/p>\n","protected":false},"excerpt":{"rendered":"<p>Gueules de Loup est l&#8217;expression du climat min\u00e9ral \u00e0 souhait, du nez \u00e0 la bouche, du premier verre au dernier, on est dans l&#8217;univers du caillou chablisien. Une pure merveille! Superficie : 1ha Vignes de plus de quarante ans. Sol : Jurassique sup\u00e9rieur, \u00e9tage Kimm\u00e9ridgien moyen et sup\u00e9rieur, alternance de 80 m\u00e8tres de calcaires et [&hellip;]<\/p>\n","protected":false},"featured_media":86932,"template":"","meta":[],"product_cat":[3736],"product_tag":[],"acf":[],"yoast_head":"<!-- This site is optimized with the Yoast SEO plugin v19.3 - https:\/\/yoast.com\/wordpress\/plugins\/seo\/ -->\n<title>Domaine GOISOT - GUEULES DE LOUP 2021 - Mes Vendanges<\/title>\n<meta name=\"description\" content=\"Domaine Goisot Bourgogne C\u00f4tes d&#039;Auxerre Gueules de Loup 2021 en vente sur notre site Mesvendanges.com. S\u00e9lection pointue de vins d&#039;auteurs.\" \/>\n<meta name=\"robots\" content=\"index, follow, max-snippet:-1, max-image-preview:large, max-video-preview:-1\" \/>\n<link rel=\"canonical\" href=\"https:\/\/www.mesvendanges.com\/fr\/boutique\/vins\/gueules-de-loup-domaine-goisot-2021-75cl\/\" \/>\n<meta property=\"og:locale\" content=\"fr_FR\" \/>\n<meta property=\"og:type\" content=\"article\" \/>\n<meta property=\"og:title\" content=\"Domaine GOISOT - GUEULES DE LOUP 2021 - Mes Vendanges\" \/>\n<meta property=\"og:description\" content=\"Domaine Goisot Bourgogne C\u00f4tes d&#039;Auxerre Gueules de Loup 2021 en vente sur notre site Mesvendanges.com. S\u00e9lection pointue de vins d&#039;auteurs.\" \/>\n<meta property=\"og:url\" content=\"https:\/\/www.mesvendanges.com\/fr\/boutique\/vins\/gueules-de-loup-domaine-goisot-2021-75cl\/\" \/>\n<meta property=\"og:site_name\" content=\"Mes Vendanges\" \/>\n<meta property=\"article:modified_time\" content=\"2025-05-01T13:17:49+00:00\" \/>\n<meta property=\"og:image\" content=\"https:\/\/www.mesvendanges.com\/wp-content\/uploads\/2025\/05\/domaine-jean-hugues-et-guilhem-goisot-bourgogne-cotes-dauxerre-gueules-de-loup-blanc-2015-png.png\" \/>\n\t<meta property=\"og:image:width\" content=\"586\" \/>\n\t<meta property=\"og:image:height\" content=\"1500\" \/>\n\t<meta property=\"og:image:type\" content=\"image\/png\" \/>\n<meta name=\"twitter:card\" content=\"summary_large_image\" \/>\n<meta name=\"twitter:label1\" content=\"Dur\u00e9e de lecture estim\u00e9e\" \/>\n\t<meta name=\"twitter:data1\" content=\"1 minute\" \/>\n<script type=\"application\/ld+json\" class=\"yoast-schema-graph\">{\"@context\":\"https:\/\/schema.org\",\"@graph\":[{\"@type\":\"Organization\",\"@id\":\"https:\/\/www.mesvendanges.com\/en\/#organization\",\"name\":\"Mes Vendanges\",\"url\":\"https:\/\/www.mesvendanges.com\/en\/\",\"sameAs\":[],\"logo\":{\"@type\":\"ImageObject\",\"inLanguage\":\"fr-FR\",\"@id\":\"https:\/\/www.mesvendanges.com\/en\/#\/schema\/logo\/image\/\",\"url\":\"https:\/\/www.mesvendanges.com\/wp-content\/uploads\/2022\/02\/logo-mesvendanges.jpg\",\"contentUrl\":\"https:\/\/www.mesvendanges.com\/wp-content\/uploads\/2022\/02\/logo-mesvendanges.jpg\",\"width\":851,\"height\":260,\"caption\":\"Mes Vendanges\"},\"image\":{\"@id\":\"https:\/\/www.mesvendanges.com\/en\/#\/schema\/logo\/image\/\"}},{\"@type\":\"WebSite\",\"@id\":\"https:\/\/www.mesvendanges.com\/en\/#website\",\"url\":\"https:\/\/www.mesvendanges.com\/en\/\",\"name\":\"Mes Vendanges\",\"description\":\"Des journ\u00e9es enti\u00e8res dans les vignes\",\"publisher\":{\"@id\":\"https:\/\/www.mesvendanges.com\/en\/#organization\"},\"potentialAction\":[{\"@type\":\"SearchAction\",\"target\":{\"@type\":\"EntryPoint\",\"urlTemplate\":\"https:\/\/www.mesvendanges.com\/en\/?s={search_term_string}\"},\"query-input\":\"required name=search_term_string\"}],\"inLanguage\":\"fr-FR\"},{\"@type\":\"ImageObject\",\"inLanguage\":\"fr-FR\",\"@id\":\"https:\/\/www.mesvendanges.com\/fr\/boutique\/vins\/gueules-de-loup-domaine-goisot-2021-75cl\/#primaryimage\",\"url\":\"https:\/\/www.mesvendanges.com\/wp-content\/uploads\/2025\/05\/domaine-jean-hugues-et-guilhem-goisot-bourgogne-cotes-dauxerre-gueules-de-loup-blanc-2015-png.png\",\"contentUrl\":\"https:\/\/www.mesvendanges.com\/wp-content\/uploads\/2025\/05\/domaine-jean-hugues-et-guilhem-goisot-bourgogne-cotes-dauxerre-gueules-de-loup-blanc-2015-png.png\",\"width\":586,\"height\":1500},{\"@type\":\"WebPage\",\"@id\":\"https:\/\/www.mesvendanges.com\/fr\/boutique\/vins\/gueules-de-loup-domaine-goisot-2021-75cl\/\",\"url\":\"https:\/\/www.mesvendanges.com\/fr\/boutique\/vins\/gueules-de-loup-domaine-goisot-2021-75cl\/\",\"name\":\"Domaine GOISOT - GUEULES DE LOUP 2021 - Mes Vendanges\",\"isPartOf\":{\"@id\":\"https:\/\/www.mesvendanges.com\/en\/#website\"},\"primaryImageOfPage\":{\"@id\":\"https:\/\/www.mesvendanges.com\/fr\/boutique\/vins\/gueules-de-loup-domaine-goisot-2021-75cl\/#primaryimage\"},\"datePublished\":\"2024-04-06T12:07:00+00:00\",\"dateModified\":\"2025-05-01T13:17:49+00:00\",\"description\":\"Domaine Goisot Bourgogne C\u00f4tes d'Auxerre Gueules de Loup 2021 en vente sur notre site Mesvendanges.com. S\u00e9lection pointue de vins d'auteurs.\",\"breadcrumb\":{\"@id\":\"https:\/\/www.mesvendanges.com\/fr\/boutique\/vins\/gueules-de-loup-domaine-goisot-2021-75cl\/#breadcrumb\"},\"inLanguage\":\"fr-FR\",\"potentialAction\":[{\"@type\":\"ReadAction\",\"target\":[\"https:\/\/www.mesvendanges.com\/fr\/boutique\/vins\/gueules-de-loup-domaine-goisot-2021-75cl\/\"]}]},{\"@type\":\"BreadcrumbList\",\"@id\":\"https:\/\/www.mesvendanges.com\/fr\/boutique\/vins\/gueules-de-loup-domaine-goisot-2021-75cl\/#breadcrumb\",\"itemListElement\":[{\"@type\":\"ListItem\",\"position\":1,\"name\":\"Accueil\",\"item\":\"https:\/\/www.mesvendanges.com\/fr\/\"},{\"@type\":\"ListItem\",\"position\":2,\"name\":\"Boutique\",\"item\":\"https:\/\/www.mesvendanges.com\/fr\/boutique\/\"},{\"@type\":\"ListItem\",\"position\":3,\"name\":\"GUEULES DE LOUP\"}]}]}<\/script>\n<!-- \/ Yoast SEO plugin. -->","yoast_head_json":{"title":"Domaine GOISOT - GUEULES DE LOUP 2021 - Mes Vendanges","description":"Domaine Goisot Bourgogne C\u00f4tes d'Auxerre Gueules de Loup 2021 en vente sur notre site Mesvendanges.com. S\u00e9lection pointue de vins d'auteurs.","robots":{"index":"index","follow":"follow","max-snippet":"max-snippet:-1","max-image-preview":"max-image-preview:large","max-video-preview":"max-video-preview:-1"},"canonical":"https:\/\/www.mesvendanges.com\/fr\/boutique\/vins\/gueules-de-loup-domaine-goisot-2021-75cl\/","og_locale":"fr_FR","og_type":"article","og_title":"Domaine GOISOT - GUEULES DE LOUP 2021 - Mes Vendanges","og_description":"Domaine Goisot Bourgogne C\u00f4tes d'Auxerre Gueules de Loup 2021 en vente sur notre site Mesvendanges.com. S\u00e9lection pointue de vins d'auteurs.","og_url":"https:\/\/www.mesvendanges.com\/fr\/boutique\/vins\/gueules-de-loup-domaine-goisot-2021-75cl\/","og_site_name":"Mes Vendanges","article_modified_time":"2025-05-01T13:17:49+00:00","og_image":[{"width":586,"height":1500,"url":"https:\/\/www.mesvendanges.com\/wp-content\/uploads\/2025\/05\/domaine-jean-hugues-et-guilhem-goisot-bourgogne-cotes-dauxerre-gueules-de-loup-blanc-2015-png.png","type":"image\/png"}],"twitter_card":"summary_large_image","twitter_misc":{"Dur\u00e9e de lecture estim\u00e9e":"1 minute"},"schema":{"@context":"https:\/\/schema.org","@graph":[{"@type":"Organization","@id":"https:\/\/www.mesvendanges.com\/en\/#organization","name":"Mes Vendanges","url":"https:\/\/www.mesvendanges.com\/en\/","sameAs":[],"logo":{"@type":"ImageObject","inLanguage":"fr-FR","@id":"https:\/\/www.mesvendanges.com\/en\/#\/schema\/logo\/image\/","url":"https:\/\/www.mesvendanges.com\/wp-content\/uploads\/2022\/02\/logo-mesvendanges.jpg","contentUrl":"https:\/\/www.mesvendanges.com\/wp-content\/uploads\/2022\/02\/logo-mesvendanges.jpg","width":851,"height":260,"caption":"Mes Vendanges"},"image":{"@id":"https:\/\/www.mesvendanges.com\/en\/#\/schema\/logo\/image\/"}},{"@type":"WebSite","@id":"https:\/\/www.mesvendanges.com\/en\/#website","url":"https:\/\/www.mesvendanges.com\/en\/","name":"Mes Vendanges","description":"Des journ\u00e9es enti\u00e8res dans les vignes","publisher":{"@id":"https:\/\/www.mesvendanges.com\/en\/#organization"},"potentialAction":[{"@type":"SearchAction","target":{"@type":"EntryPoint","urlTemplate":"https:\/\/www.mesvendanges.com\/en\/?s={search_term_string}"},"query-input":"required name=search_term_string"}],"inLanguage":"fr-FR"},{"@type":"ImageObject","inLanguage":"fr-FR","@id":"https:\/\/www.mesvendanges.com\/fr\/boutique\/vins\/gueules-de-loup-domaine-goisot-2021-75cl\/#primaryimage","url":"https:\/\/www.mesvendanges.com\/wp-content\/uploads\/2025\/05\/domaine-jean-hugues-et-guilhem-goisot-bourgogne-cotes-dauxerre-gueules-de-loup-blanc-2015-png.png","contentUrl":"https:\/\/www.mesvendanges.com\/wp-content\/uploads\/2025\/05\/domaine-jean-hugues-et-guilhem-goisot-bourgogne-cotes-dauxerre-gueules-de-loup-blanc-2015-png.png","width":586,"height":1500},{"@type":"WebPage","@id":"https:\/\/www.mesvendanges.com\/fr\/boutique\/vins\/gueules-de-loup-domaine-goisot-2021-75cl\/","url":"https:\/\/www.mesvendanges.com\/fr\/boutique\/vins\/gueules-de-loup-domaine-goisot-2021-75cl\/","name":"Domaine GOISOT - GUEULES DE LOUP 2021 - Mes Vendanges","isPartOf":{"@id":"https:\/\/www.mesvendanges.com\/en\/#website"},"primaryImageOfPage":{"@id":"https:\/\/www.mesvendanges.com\/fr\/boutique\/vins\/gueules-de-loup-domaine-goisot-2021-75cl\/#primaryimage"},"datePublished":"2024-04-06T12:07:00+00:00","dateModified":"2025-05-01T13:17:49+00:00","description":"Domaine Goisot Bourgogne C\u00f4tes d'Auxerre Gueules de Loup 2021 en vente sur notre site Mesvendanges.com. S\u00e9lection pointue de vins d'auteurs.","breadcrumb":{"@id":"https:\/\/www.mesvendanges.com\/fr\/boutique\/vins\/gueules-de-loup-domaine-goisot-2021-75cl\/#breadcrumb"},"inLanguage":"fr-FR","potentialAction":[{"@type":"ReadAction","target":["https:\/\/www.mesvendanges.com\/fr\/boutique\/vins\/gueules-de-loup-domaine-goisot-2021-75cl\/"]}]},{"@type":"BreadcrumbList","@id":"https:\/\/www.mesvendanges.com\/fr\/boutique\/vins\/gueules-de-loup-domaine-goisot-2021-75cl\/#breadcrumb","itemListElement":[{"@type":"ListItem","position":1,"name":"Accueil","item":"https:\/\/www.mesvendanges.com\/fr\/"},{"@type":"ListItem","position":2,"name":"Boutique","item":"https:\/\/www.mesvendanges.com\/fr\/boutique\/"},{"@type":"ListItem","position":3,"name":"GUEULES DE LOUP"}]}]}},"_links":{"self":[{"href":"https:\/\/www.mesvendanges.com\/fr\/wp-json\/wp\/v2\/product\/73720"}],"collection":[{"href":"https:\/\/www.mesvendanges.com\/fr\/wp-json\/wp\/v2\/product"}],"about":[{"href":"https:\/\/www.mesvendanges.com\/fr\/wp-json\/wp\/v2\/types\/product"}],"wp:featuredmedia":[{"embeddable":true,"href":"https:\/\/www.mesvendanges.com\/fr\/wp-json\/wp\/v2\/media\/86932"}],"wp:attachment":[{"href":"https:\/\/www.mesvendanges.com\/fr\/wp-json\/wp\/v2\/media?parent=73720"}],"wp:term":[{"taxonomy":"product_cat","embeddable":true,"href":"https:\/\/www.mesvendanges.com\/fr\/wp-json\/wp\/v2\/product_cat?post=73720"},{"taxonomy":"product_tag","embeddable":true,"href":"https:\/\/www.mesvendanges.com\/fr\/wp-json\/wp\/v2\/product_tag?post=73720"}],"curies":[{"name":"wp","href":"https:\/\/api.w.org\/{rel}","templated":true}]}}