{"id":74394,"date":"2024-05-05T18:05:32","date_gmt":"2024-05-05T16:05:32","guid":{"rendered":"https:\/\/www.mesvendanges.com\/shop\/non%20class\u00e9\/socaire-oxydativo-bodega-primitivo-collantes-2018-75cl\/"},"modified":"2026-03-02T12:08:10","modified_gmt":"2026-03-02T11:08:10","slug":"socaire-oxydativo-bodega-primitivo-collantes-2018-75cl","status":"publish","type":"product","link":"https:\/\/www.mesvendanges.com\/fr\/boutique\/vins\/socaire-oxydativo-bodega-primitivo-collantes-2018-75cl\/","title":{"rendered":"SOCAIRE OXYDATIVO"},"content":{"rendered":"<p>Finement oxydative, la cuv\u00e9e Socaire Oxydativo est un palomino de Matalian \u00e9lev\u00e9 60 mois en vieux f\u00fbts de Jerez mais sans voile. L&#8217;oxydatif est donc plus l\u00e9ger qu&#8217;un vin de voile. On voit ici \u00e0 quel point ce c\u00e9page se pr\u00eate \u00e0 ce type d&#8217;\u00e9levage. Les ann\u00e9es semblent lui donner force et tension. Un vin puissant mais qui garde sa finesse saline et le caract\u00e8re calcaire des terroirs d&#8217;albariza.<\/p>\n","protected":false},"excerpt":{"rendered":"<p>Finement oxydative, la cuv\u00e9e Socaire Oxydativo est un palomino de Matalian \u00e9lev\u00e9 60 mois en vieux f\u00fbts de Jerez mais sans voile. L&#8217;oxydatif est donc plus l\u00e9ger qu&#8217;un vin de voile. On voit ici \u00e0 quel point ce c\u00e9page se pr\u00eate \u00e0 ce type d&#8217;\u00e9levage. Les ann\u00e9es semblent lui donner force et tension. Un vin [&hellip;]<\/p>\n","protected":false},"featured_media":74392,"template":"","meta":[],"product_cat":[3736],"product_tag":[],"acf":[],"yoast_head":"<!-- This site is optimized with the Yoast SEO plugin v19.3 - https:\/\/yoast.com\/wordpress\/plugins\/seo\/ -->\n<title>SOCAIRE OXYDATIVO 2018 - Bodega Primitivo Collantes<\/title>\n<meta name=\"description\" content=\"Le Socaire Oxydativo 2018 est un Palomino \u00e9l\u00e9v\u00e9 60 mois en barrique de Jerez. Grand vin de la Bodega Primitivo Collantes\" \/>\n<meta name=\"robots\" content=\"index, follow, max-snippet:-1, max-image-preview:large, max-video-preview:-1\" \/>\n<link rel=\"canonical\" href=\"https:\/\/www.mesvendanges.com\/fr\/boutique\/vins\/socaire-oxydativo-bodega-primitivo-collantes-2018-75cl\/\" \/>\n<meta property=\"og:locale\" content=\"fr_FR\" \/>\n<meta property=\"og:type\" content=\"article\" \/>\n<meta property=\"og:title\" content=\"SOCAIRE OXYDATIVO 2018 - Bodega Primitivo Collantes\" \/>\n<meta property=\"og:description\" content=\"Le Socaire Oxydativo 2018 est un Palomino \u00e9l\u00e9v\u00e9 60 mois en barrique de Jerez. Grand vin de la Bodega Primitivo Collantes\" \/>\n<meta property=\"og:url\" content=\"https:\/\/www.mesvendanges.com\/fr\/boutique\/vins\/socaire-oxydativo-bodega-primitivo-collantes-2018-75cl\/\" \/>\n<meta property=\"og:site_name\" content=\"Mes Vendanges\" \/>\n<meta property=\"article:modified_time\" content=\"2026-03-02T11:08:10+00:00\" \/>\n<meta property=\"og:image\" content=\"https:\/\/www.mesvendanges.com\/wp-content\/uploads\/2024\/05\/bodegas-primitivo-collantes-socaire-oxydativo-2018-png.png\" \/>\n\t<meta property=\"og:image:width\" content=\"435\" \/>\n\t<meta property=\"og:image:height\" content=\"1500\" \/>\n\t<meta property=\"og:image:type\" content=\"image\/png\" \/>\n<meta name=\"twitter:card\" content=\"summary_large_image\" \/>\n<meta name=\"twitter:label1\" content=\"Dur\u00e9e de lecture estim\u00e9e\" \/>\n\t<meta name=\"twitter:data1\" content=\"1 minute\" \/>\n<script type=\"application\/ld+json\" class=\"yoast-schema-graph\">{\"@context\":\"https:\/\/schema.org\",\"@graph\":[{\"@type\":\"Organization\",\"@id\":\"https:\/\/www.mesvendanges.com\/en\/#organization\",\"name\":\"Mes Vendanges\",\"url\":\"https:\/\/www.mesvendanges.com\/en\/\",\"sameAs\":[],\"logo\":{\"@type\":\"ImageObject\",\"inLanguage\":\"fr-FR\",\"@id\":\"https:\/\/www.mesvendanges.com\/en\/#\/schema\/logo\/image\/\",\"url\":\"https:\/\/www.mesvendanges.com\/wp-content\/uploads\/2022\/02\/logo-mesvendanges.jpg\",\"contentUrl\":\"https:\/\/www.mesvendanges.com\/wp-content\/uploads\/2022\/02\/logo-mesvendanges.jpg\",\"width\":851,\"height\":260,\"caption\":\"Mes Vendanges\"},\"image\":{\"@id\":\"https:\/\/www.mesvendanges.com\/en\/#\/schema\/logo\/image\/\"}},{\"@type\":\"WebSite\",\"@id\":\"https:\/\/www.mesvendanges.com\/en\/#website\",\"url\":\"https:\/\/www.mesvendanges.com\/en\/\",\"name\":\"Mes Vendanges\",\"description\":\"Des journ\u00e9es enti\u00e8res dans les vignes\",\"publisher\":{\"@id\":\"https:\/\/www.mesvendanges.com\/en\/#organization\"},\"potentialAction\":[{\"@type\":\"SearchAction\",\"target\":{\"@type\":\"EntryPoint\",\"urlTemplate\":\"https:\/\/www.mesvendanges.com\/en\/?s={search_term_string}\"},\"query-input\":\"required name=search_term_string\"}],\"inLanguage\":\"fr-FR\"},{\"@type\":\"ImageObject\",\"inLanguage\":\"fr-FR\",\"@id\":\"https:\/\/www.mesvendanges.com\/fr\/boutique\/vins\/socaire-oxydativo-bodega-primitivo-collantes-2018-75cl\/#primaryimage\",\"url\":\"https:\/\/www.mesvendanges.com\/wp-content\/uploads\/2024\/05\/bodegas-primitivo-collantes-socaire-oxydativo-2018-png.png\",\"contentUrl\":\"https:\/\/www.mesvendanges.com\/wp-content\/uploads\/2024\/05\/bodegas-primitivo-collantes-socaire-oxydativo-2018-png.png\",\"width\":435,\"height\":1500},{\"@type\":\"WebPage\",\"@id\":\"https:\/\/www.mesvendanges.com\/fr\/boutique\/vins\/socaire-oxydativo-bodega-primitivo-collantes-2018-75cl\/\",\"url\":\"https:\/\/www.mesvendanges.com\/fr\/boutique\/vins\/socaire-oxydativo-bodega-primitivo-collantes-2018-75cl\/\",\"name\":\"SOCAIRE OXYDATIVO 2018 - Bodega Primitivo Collantes\",\"isPartOf\":{\"@id\":\"https:\/\/www.mesvendanges.com\/en\/#website\"},\"primaryImageOfPage\":{\"@id\":\"https:\/\/www.mesvendanges.com\/fr\/boutique\/vins\/socaire-oxydativo-bodega-primitivo-collantes-2018-75cl\/#primaryimage\"},\"datePublished\":\"2024-05-05T16:05:32+00:00\",\"dateModified\":\"2026-03-02T11:08:10+00:00\",\"description\":\"Le Socaire Oxydativo 2018 est un Palomino \u00e9l\u00e9v\u00e9 60 mois en barrique de Jerez. Grand vin de la Bodega Primitivo Collantes\",\"breadcrumb\":{\"@id\":\"https:\/\/www.mesvendanges.com\/fr\/boutique\/vins\/socaire-oxydativo-bodega-primitivo-collantes-2018-75cl\/#breadcrumb\"},\"inLanguage\":\"fr-FR\",\"potentialAction\":[{\"@type\":\"ReadAction\",\"target\":[\"https:\/\/www.mesvendanges.com\/fr\/boutique\/vins\/socaire-oxydativo-bodega-primitivo-collantes-2018-75cl\/\"]}]},{\"@type\":\"BreadcrumbList\",\"@id\":\"https:\/\/www.mesvendanges.com\/fr\/boutique\/vins\/socaire-oxydativo-bodega-primitivo-collantes-2018-75cl\/#breadcrumb\",\"itemListElement\":[{\"@type\":\"ListItem\",\"position\":1,\"name\":\"Accueil\",\"item\":\"https:\/\/www.mesvendanges.com\/fr\/\"},{\"@type\":\"ListItem\",\"position\":2,\"name\":\"Boutique\",\"item\":\"https:\/\/www.mesvendanges.com\/fr\/boutique\/\"},{\"@type\":\"ListItem\",\"position\":3,\"name\":\"SOCAIRE OXYDATIVO\"}]}]}<\/script>\n<!-- \/ Yoast SEO plugin. -->","yoast_head_json":{"title":"SOCAIRE OXYDATIVO 2018 - Bodega Primitivo Collantes","description":"Le Socaire Oxydativo 2018 est un Palomino \u00e9l\u00e9v\u00e9 60 mois en barrique de Jerez. Grand vin de la Bodega Primitivo Collantes","robots":{"index":"index","follow":"follow","max-snippet":"max-snippet:-1","max-image-preview":"max-image-preview:large","max-video-preview":"max-video-preview:-1"},"canonical":"https:\/\/www.mesvendanges.com\/fr\/boutique\/vins\/socaire-oxydativo-bodega-primitivo-collantes-2018-75cl\/","og_locale":"fr_FR","og_type":"article","og_title":"SOCAIRE OXYDATIVO 2018 - Bodega Primitivo Collantes","og_description":"Le Socaire Oxydativo 2018 est un Palomino \u00e9l\u00e9v\u00e9 60 mois en barrique de Jerez. Grand vin de la Bodega Primitivo Collantes","og_url":"https:\/\/www.mesvendanges.com\/fr\/boutique\/vins\/socaire-oxydativo-bodega-primitivo-collantes-2018-75cl\/","og_site_name":"Mes Vendanges","article_modified_time":"2026-03-02T11:08:10+00:00","og_image":[{"width":435,"height":1500,"url":"https:\/\/www.mesvendanges.com\/wp-content\/uploads\/2024\/05\/bodegas-primitivo-collantes-socaire-oxydativo-2018-png.png","type":"image\/png"}],"twitter_card":"summary_large_image","twitter_misc":{"Dur\u00e9e de lecture estim\u00e9e":"1 minute"},"schema":{"@context":"https:\/\/schema.org","@graph":[{"@type":"Organization","@id":"https:\/\/www.mesvendanges.com\/en\/#organization","name":"Mes Vendanges","url":"https:\/\/www.mesvendanges.com\/en\/","sameAs":[],"logo":{"@type":"ImageObject","inLanguage":"fr-FR","@id":"https:\/\/www.mesvendanges.com\/en\/#\/schema\/logo\/image\/","url":"https:\/\/www.mesvendanges.com\/wp-content\/uploads\/2022\/02\/logo-mesvendanges.jpg","contentUrl":"https:\/\/www.mesvendanges.com\/wp-content\/uploads\/2022\/02\/logo-mesvendanges.jpg","width":851,"height":260,"caption":"Mes Vendanges"},"image":{"@id":"https:\/\/www.mesvendanges.com\/en\/#\/schema\/logo\/image\/"}},{"@type":"WebSite","@id":"https:\/\/www.mesvendanges.com\/en\/#website","url":"https:\/\/www.mesvendanges.com\/en\/","name":"Mes Vendanges","description":"Des journ\u00e9es enti\u00e8res dans les vignes","publisher":{"@id":"https:\/\/www.mesvendanges.com\/en\/#organization"},"potentialAction":[{"@type":"SearchAction","target":{"@type":"EntryPoint","urlTemplate":"https:\/\/www.mesvendanges.com\/en\/?s={search_term_string}"},"query-input":"required name=search_term_string"}],"inLanguage":"fr-FR"},{"@type":"ImageObject","inLanguage":"fr-FR","@id":"https:\/\/www.mesvendanges.com\/fr\/boutique\/vins\/socaire-oxydativo-bodega-primitivo-collantes-2018-75cl\/#primaryimage","url":"https:\/\/www.mesvendanges.com\/wp-content\/uploads\/2024\/05\/bodegas-primitivo-collantes-socaire-oxydativo-2018-png.png","contentUrl":"https:\/\/www.mesvendanges.com\/wp-content\/uploads\/2024\/05\/bodegas-primitivo-collantes-socaire-oxydativo-2018-png.png","width":435,"height":1500},{"@type":"WebPage","@id":"https:\/\/www.mesvendanges.com\/fr\/boutique\/vins\/socaire-oxydativo-bodega-primitivo-collantes-2018-75cl\/","url":"https:\/\/www.mesvendanges.com\/fr\/boutique\/vins\/socaire-oxydativo-bodega-primitivo-collantes-2018-75cl\/","name":"SOCAIRE OXYDATIVO 2018 - Bodega Primitivo Collantes","isPartOf":{"@id":"https:\/\/www.mesvendanges.com\/en\/#website"},"primaryImageOfPage":{"@id":"https:\/\/www.mesvendanges.com\/fr\/boutique\/vins\/socaire-oxydativo-bodega-primitivo-collantes-2018-75cl\/#primaryimage"},"datePublished":"2024-05-05T16:05:32+00:00","dateModified":"2026-03-02T11:08:10+00:00","description":"Le Socaire Oxydativo 2018 est un Palomino \u00e9l\u00e9v\u00e9 60 mois en barrique de Jerez. Grand vin de la Bodega Primitivo Collantes","breadcrumb":{"@id":"https:\/\/www.mesvendanges.com\/fr\/boutique\/vins\/socaire-oxydativo-bodega-primitivo-collantes-2018-75cl\/#breadcrumb"},"inLanguage":"fr-FR","potentialAction":[{"@type":"ReadAction","target":["https:\/\/www.mesvendanges.com\/fr\/boutique\/vins\/socaire-oxydativo-bodega-primitivo-collantes-2018-75cl\/"]}]},{"@type":"BreadcrumbList","@id":"https:\/\/www.mesvendanges.com\/fr\/boutique\/vins\/socaire-oxydativo-bodega-primitivo-collantes-2018-75cl\/#breadcrumb","itemListElement":[{"@type":"ListItem","position":1,"name":"Accueil","item":"https:\/\/www.mesvendanges.com\/fr\/"},{"@type":"ListItem","position":2,"name":"Boutique","item":"https:\/\/www.mesvendanges.com\/fr\/boutique\/"},{"@type":"ListItem","position":3,"name":"SOCAIRE OXYDATIVO"}]}]}},"_links":{"self":[{"href":"https:\/\/www.mesvendanges.com\/fr\/wp-json\/wp\/v2\/product\/74394"}],"collection":[{"href":"https:\/\/www.mesvendanges.com\/fr\/wp-json\/wp\/v2\/product"}],"about":[{"href":"https:\/\/www.mesvendanges.com\/fr\/wp-json\/wp\/v2\/types\/product"}],"wp:featuredmedia":[{"embeddable":true,"href":"https:\/\/www.mesvendanges.com\/fr\/wp-json\/wp\/v2\/media\/74392"}],"wp:attachment":[{"href":"https:\/\/www.mesvendanges.com\/fr\/wp-json\/wp\/v2\/media?parent=74394"}],"wp:term":[{"taxonomy":"product_cat","embeddable":true,"href":"https:\/\/www.mesvendanges.com\/fr\/wp-json\/wp\/v2\/product_cat?post=74394"},{"taxonomy":"product_tag","embeddable":true,"href":"https:\/\/www.mesvendanges.com\/fr\/wp-json\/wp\/v2\/product_tag?post=74394"}],"curies":[{"name":"wp","href":"https:\/\/api.w.org\/{rel}","templated":true}]}}