{"id":74639,"date":"2024-05-16T16:09:24","date_gmt":"2024-05-16T14:09:24","guid":{"rendered":"https:\/\/www.mesvendanges.com\/shop\/non%20class\u00e9\/mayencat-thinon-florent-2022-75cl\/"},"modified":"2026-02-25T11:31:48","modified_gmt":"2026-02-25T10:31:48","slug":"mayencat-thinon-florent-2022-75cl","status":"publish","type":"product","link":"https:\/\/www.mesvendanges.com\/fr\/boutique\/vins\/mayencat-thinon-florent-2022-75cl\/","title":{"rendered":"MAYENCAT"},"content":{"rendered":"<p>S\u00e9lection parcellaire Mayen\u00e7at, parcelle sur coteau granitique, exposition plein Sud. Un vin avec une tr\u00e8s belle profondeur, le fuit est plein et suave, tr\u00e8s beau touch\u00e9 de bouche. Belle longeur. Une \u00e9pure toute en finesse et gourmandise du gamay Saint-Romain et de la C\u00f4te Roannaise<\/p>\n<p>Vendanges manuelles, tri\u00e9e au chai, vinifi\u00e9 en cuve ciment 40% de grappes enti\u00e8res, fermentation et mac\u00e9ration lente avec les levures indig\u00e8nes (15 jours environ). Elevage de 10 \u00e0 12 mois en cuve ciment et en barrique de 500 l<\/p>\n","protected":false},"excerpt":{"rendered":"<p>S\u00e9lection parcellaire Mayen\u00e7at, parcelle sur coteau granitique, exposition plein Sud. Un vin avec une tr\u00e8s belle profondeur, le fuit est plein et suave, tr\u00e8s beau touch\u00e9 de bouche. Belle longeur. Une \u00e9pure toute en finesse et gourmandise du gamay Saint-Romain et de la C\u00f4te Roannaise Vendanges manuelles, tri\u00e9e au chai, vinifi\u00e9 en cuve ciment 40% [&hellip;]<\/p>\n","protected":false},"featured_media":28546,"template":"","meta":[],"product_cat":[3736],"product_tag":[],"acf":[],"yoast_head":"<!-- This site is optimized with the Yoast SEO plugin v19.3 - https:\/\/yoast.com\/wordpress\/plugins\/seo\/ -->\n<title>MAYENCAT - Mes Vendanges<\/title>\n<meta name=\"robots\" content=\"index, follow, max-snippet:-1, max-image-preview:large, max-video-preview:-1\" \/>\n<link rel=\"canonical\" href=\"https:\/\/www.mesvendanges.com\/fr\/boutique\/vins\/mayencat-thinon-florent-2022-75cl\/\" \/>\n<meta property=\"og:locale\" content=\"fr_FR\" \/>\n<meta property=\"og:type\" content=\"article\" \/>\n<meta property=\"og:title\" content=\"MAYENCAT - Mes Vendanges\" \/>\n<meta property=\"og:description\" content=\"S\u00e9lection parcellaire Mayen\u00e7at, parcelle sur coteau granitique, exposition plein Sud. Un vin avec une tr\u00e8s belle profondeur, le fuit est plein et suave, tr\u00e8s beau touch\u00e9 de bouche. Belle longeur. Une \u00e9pure toute en finesse et gourmandise du gamay Saint-Romain et de la C\u00f4te Roannaise Vendanges manuelles, tri\u00e9e au chai, vinifi\u00e9 en cuve ciment 40% [&hellip;]\" \/>\n<meta property=\"og:url\" content=\"https:\/\/www.mesvendanges.com\/fr\/boutique\/vins\/mayencat-thinon-florent-2022-75cl\/\" \/>\n<meta property=\"og:site_name\" content=\"Mes Vendanges\" \/>\n<meta property=\"article:modified_time\" content=\"2026-02-25T10:31:48+00:00\" \/>\n<meta property=\"og:image\" content=\"https:\/\/www.mesvendanges.com\/wp-content\/uploads\/2022\/07\/florent-thinon-cote-roannaise-mayencat-2020-png.png\" \/>\n\t<meta property=\"og:image:width\" content=\"567\" \/>\n\t<meta property=\"og:image:height\" content=\"1500\" \/>\n\t<meta property=\"og:image:type\" content=\"image\/png\" \/>\n<meta name=\"twitter:card\" content=\"summary_large_image\" \/>\n<script type=\"application\/ld+json\" class=\"yoast-schema-graph\">{\"@context\":\"https:\/\/schema.org\",\"@graph\":[{\"@type\":\"Organization\",\"@id\":\"https:\/\/www.mesvendanges.com\/en\/#organization\",\"name\":\"Mes Vendanges\",\"url\":\"https:\/\/www.mesvendanges.com\/en\/\",\"sameAs\":[],\"logo\":{\"@type\":\"ImageObject\",\"inLanguage\":\"fr-FR\",\"@id\":\"https:\/\/www.mesvendanges.com\/en\/#\/schema\/logo\/image\/\",\"url\":\"https:\/\/www.mesvendanges.com\/wp-content\/uploads\/2022\/02\/logo-mesvendanges.jpg\",\"contentUrl\":\"https:\/\/www.mesvendanges.com\/wp-content\/uploads\/2022\/02\/logo-mesvendanges.jpg\",\"width\":851,\"height\":260,\"caption\":\"Mes Vendanges\"},\"image\":{\"@id\":\"https:\/\/www.mesvendanges.com\/en\/#\/schema\/logo\/image\/\"}},{\"@type\":\"WebSite\",\"@id\":\"https:\/\/www.mesvendanges.com\/en\/#website\",\"url\":\"https:\/\/www.mesvendanges.com\/en\/\",\"name\":\"Mes Vendanges\",\"description\":\"Des journ\u00e9es enti\u00e8res dans les vignes\",\"publisher\":{\"@id\":\"https:\/\/www.mesvendanges.com\/en\/#organization\"},\"potentialAction\":[{\"@type\":\"SearchAction\",\"target\":{\"@type\":\"EntryPoint\",\"urlTemplate\":\"https:\/\/www.mesvendanges.com\/en\/?s={search_term_string}\"},\"query-input\":\"required name=search_term_string\"}],\"inLanguage\":\"fr-FR\"},{\"@type\":\"ImageObject\",\"inLanguage\":\"fr-FR\",\"@id\":\"https:\/\/www.mesvendanges.com\/fr\/boutique\/vins\/mayencat-thinon-florent-2022-75cl\/#primaryimage\",\"url\":\"https:\/\/www.mesvendanges.com\/wp-content\/uploads\/2022\/07\/florent-thinon-cote-roannaise-mayencat-2020-png.png\",\"contentUrl\":\"https:\/\/www.mesvendanges.com\/wp-content\/uploads\/2022\/07\/florent-thinon-cote-roannaise-mayencat-2020-png.png\",\"width\":567,\"height\":1500},{\"@type\":\"WebPage\",\"@id\":\"https:\/\/www.mesvendanges.com\/fr\/boutique\/vins\/mayencat-thinon-florent-2022-75cl\/\",\"url\":\"https:\/\/www.mesvendanges.com\/fr\/boutique\/vins\/mayencat-thinon-florent-2022-75cl\/\",\"name\":\"MAYENCAT - Mes Vendanges\",\"isPartOf\":{\"@id\":\"https:\/\/www.mesvendanges.com\/en\/#website\"},\"primaryImageOfPage\":{\"@id\":\"https:\/\/www.mesvendanges.com\/fr\/boutique\/vins\/mayencat-thinon-florent-2022-75cl\/#primaryimage\"},\"datePublished\":\"2024-05-16T14:09:24+00:00\",\"dateModified\":\"2026-02-25T10:31:48+00:00\",\"breadcrumb\":{\"@id\":\"https:\/\/www.mesvendanges.com\/fr\/boutique\/vins\/mayencat-thinon-florent-2022-75cl\/#breadcrumb\"},\"inLanguage\":\"fr-FR\",\"potentialAction\":[{\"@type\":\"ReadAction\",\"target\":[\"https:\/\/www.mesvendanges.com\/fr\/boutique\/vins\/mayencat-thinon-florent-2022-75cl\/\"]}]},{\"@type\":\"BreadcrumbList\",\"@id\":\"https:\/\/www.mesvendanges.com\/fr\/boutique\/vins\/mayencat-thinon-florent-2022-75cl\/#breadcrumb\",\"itemListElement\":[{\"@type\":\"ListItem\",\"position\":1,\"name\":\"Accueil\",\"item\":\"https:\/\/www.mesvendanges.com\/fr\/\"},{\"@type\":\"ListItem\",\"position\":2,\"name\":\"Boutique\",\"item\":\"https:\/\/www.mesvendanges.com\/fr\/boutique\/\"},{\"@type\":\"ListItem\",\"position\":3,\"name\":\"MAYENCAT\"}]}]}<\/script>\n<!-- \/ Yoast SEO plugin. -->","yoast_head_json":{"title":"MAYENCAT - Mes Vendanges","robots":{"index":"index","follow":"follow","max-snippet":"max-snippet:-1","max-image-preview":"max-image-preview:large","max-video-preview":"max-video-preview:-1"},"canonical":"https:\/\/www.mesvendanges.com\/fr\/boutique\/vins\/mayencat-thinon-florent-2022-75cl\/","og_locale":"fr_FR","og_type":"article","og_title":"MAYENCAT - Mes Vendanges","og_description":"S\u00e9lection parcellaire Mayen\u00e7at, parcelle sur coteau granitique, exposition plein Sud. Un vin avec une tr\u00e8s belle profondeur, le fuit est plein et suave, tr\u00e8s beau touch\u00e9 de bouche. Belle longeur. Une \u00e9pure toute en finesse et gourmandise du gamay Saint-Romain et de la C\u00f4te Roannaise Vendanges manuelles, tri\u00e9e au chai, vinifi\u00e9 en cuve ciment 40% [&hellip;]","og_url":"https:\/\/www.mesvendanges.com\/fr\/boutique\/vins\/mayencat-thinon-florent-2022-75cl\/","og_site_name":"Mes Vendanges","article_modified_time":"2026-02-25T10:31:48+00:00","og_image":[{"width":567,"height":1500,"url":"https:\/\/www.mesvendanges.com\/wp-content\/uploads\/2022\/07\/florent-thinon-cote-roannaise-mayencat-2020-png.png","type":"image\/png"}],"twitter_card":"summary_large_image","schema":{"@context":"https:\/\/schema.org","@graph":[{"@type":"Organization","@id":"https:\/\/www.mesvendanges.com\/en\/#organization","name":"Mes Vendanges","url":"https:\/\/www.mesvendanges.com\/en\/","sameAs":[],"logo":{"@type":"ImageObject","inLanguage":"fr-FR","@id":"https:\/\/www.mesvendanges.com\/en\/#\/schema\/logo\/image\/","url":"https:\/\/www.mesvendanges.com\/wp-content\/uploads\/2022\/02\/logo-mesvendanges.jpg","contentUrl":"https:\/\/www.mesvendanges.com\/wp-content\/uploads\/2022\/02\/logo-mesvendanges.jpg","width":851,"height":260,"caption":"Mes Vendanges"},"image":{"@id":"https:\/\/www.mesvendanges.com\/en\/#\/schema\/logo\/image\/"}},{"@type":"WebSite","@id":"https:\/\/www.mesvendanges.com\/en\/#website","url":"https:\/\/www.mesvendanges.com\/en\/","name":"Mes Vendanges","description":"Des journ\u00e9es enti\u00e8res dans les vignes","publisher":{"@id":"https:\/\/www.mesvendanges.com\/en\/#organization"},"potentialAction":[{"@type":"SearchAction","target":{"@type":"EntryPoint","urlTemplate":"https:\/\/www.mesvendanges.com\/en\/?s={search_term_string}"},"query-input":"required name=search_term_string"}],"inLanguage":"fr-FR"},{"@type":"ImageObject","inLanguage":"fr-FR","@id":"https:\/\/www.mesvendanges.com\/fr\/boutique\/vins\/mayencat-thinon-florent-2022-75cl\/#primaryimage","url":"https:\/\/www.mesvendanges.com\/wp-content\/uploads\/2022\/07\/florent-thinon-cote-roannaise-mayencat-2020-png.png","contentUrl":"https:\/\/www.mesvendanges.com\/wp-content\/uploads\/2022\/07\/florent-thinon-cote-roannaise-mayencat-2020-png.png","width":567,"height":1500},{"@type":"WebPage","@id":"https:\/\/www.mesvendanges.com\/fr\/boutique\/vins\/mayencat-thinon-florent-2022-75cl\/","url":"https:\/\/www.mesvendanges.com\/fr\/boutique\/vins\/mayencat-thinon-florent-2022-75cl\/","name":"MAYENCAT - Mes Vendanges","isPartOf":{"@id":"https:\/\/www.mesvendanges.com\/en\/#website"},"primaryImageOfPage":{"@id":"https:\/\/www.mesvendanges.com\/fr\/boutique\/vins\/mayencat-thinon-florent-2022-75cl\/#primaryimage"},"datePublished":"2024-05-16T14:09:24+00:00","dateModified":"2026-02-25T10:31:48+00:00","breadcrumb":{"@id":"https:\/\/www.mesvendanges.com\/fr\/boutique\/vins\/mayencat-thinon-florent-2022-75cl\/#breadcrumb"},"inLanguage":"fr-FR","potentialAction":[{"@type":"ReadAction","target":["https:\/\/www.mesvendanges.com\/fr\/boutique\/vins\/mayencat-thinon-florent-2022-75cl\/"]}]},{"@type":"BreadcrumbList","@id":"https:\/\/www.mesvendanges.com\/fr\/boutique\/vins\/mayencat-thinon-florent-2022-75cl\/#breadcrumb","itemListElement":[{"@type":"ListItem","position":1,"name":"Accueil","item":"https:\/\/www.mesvendanges.com\/fr\/"},{"@type":"ListItem","position":2,"name":"Boutique","item":"https:\/\/www.mesvendanges.com\/fr\/boutique\/"},{"@type":"ListItem","position":3,"name":"MAYENCAT"}]}]}},"_links":{"self":[{"href":"https:\/\/www.mesvendanges.com\/fr\/wp-json\/wp\/v2\/product\/74639"}],"collection":[{"href":"https:\/\/www.mesvendanges.com\/fr\/wp-json\/wp\/v2\/product"}],"about":[{"href":"https:\/\/www.mesvendanges.com\/fr\/wp-json\/wp\/v2\/types\/product"}],"wp:featuredmedia":[{"embeddable":true,"href":"https:\/\/www.mesvendanges.com\/fr\/wp-json\/wp\/v2\/media\/28546"}],"wp:attachment":[{"href":"https:\/\/www.mesvendanges.com\/fr\/wp-json\/wp\/v2\/media?parent=74639"}],"wp:term":[{"taxonomy":"product_cat","embeddable":true,"href":"https:\/\/www.mesvendanges.com\/fr\/wp-json\/wp\/v2\/product_cat?post=74639"},{"taxonomy":"product_tag","embeddable":true,"href":"https:\/\/www.mesvendanges.com\/fr\/wp-json\/wp\/v2\/product_tag?post=74639"}],"curies":[{"name":"wp","href":"https:\/\/api.w.org\/{rel}","templated":true}]}}