{"id":74782,"date":"2024-05-24T17:52:12","date_gmt":"2024-05-24T15:52:12","guid":{"rendered":"https:\/\/www.mesvendanges.com\/shop\/non%20class\u00e9\/aligote-vieilles-vignes-clavelier-bruno-2022-75cl\/"},"modified":"2026-01-29T11:56:10","modified_gmt":"2026-01-29T10:56:10","slug":"aligote-vieilles-vignes-clavelier-bruno-2022-75cl","status":"publish","type":"product","link":"https:\/\/www.mesvendanges.com\/fr\/boutique\/vins\/aligote-vieilles-vignes-clavelier-bruno-2022-75cl\/","title":{"rendered":"ALIGOTE VIEILLES VIGNES"},"content":{"rendered":"<p>Ce sont de tr\u00e8s vieilles vignes de plus de 85 ans. Une forte proportion de vieille s\u00e9lection d\u2019aligot\u00e9 dor\u00e9 donne un vin gras et puissant \u00e0 la finale min\u00e9rale.Il peut \u00eatre bu jeune, bien entendu, sur ses notes d\u2019agrumes et de fruits exotiques (ananas) mais il peut \u00e9galement vieillir quelques ann\u00e9es pour \u00e9voluer vers des ar\u00f4mes plus complexes m\u00ealant fruits jaunes (p\u00eache, abricot) avec un caract\u00e8re floral. L\u2019\u00e9levage de 12 mois en cuve pr\u00e9serve la fra\u00eecheur du fruit<\/p>\n","protected":false},"excerpt":{"rendered":"<p>Ce sont de tr\u00e8s vieilles vignes de plus de 85 ans. Une forte proportion de vieille s\u00e9lection d\u2019aligot\u00e9 dor\u00e9 donne un vin gras et puissant \u00e0 la finale min\u00e9rale.Il peut \u00eatre bu jeune, bien entendu, sur ses notes d\u2019agrumes et de fruits exotiques (ananas) mais il peut \u00e9galement vieillir quelques ann\u00e9es pour \u00e9voluer vers des [&hellip;]<\/p>\n","protected":false},"featured_media":86726,"template":"","meta":[],"product_cat":[3736],"product_tag":[],"acf":[],"yoast_head":"<!-- This site is optimized with the Yoast SEO plugin v19.3 - https:\/\/yoast.com\/wordpress\/plugins\/seo\/ -->\n<title>ALIGOTE VIEILLES VIGNES - Mes Vendanges<\/title>\n<meta name=\"robots\" content=\"index, follow, max-snippet:-1, max-image-preview:large, max-video-preview:-1\" \/>\n<link rel=\"canonical\" href=\"https:\/\/www.mesvendanges.com\/fr\/boutique\/vins\/aligote-vieilles-vignes-clavelier-bruno-2022-75cl\/\" \/>\n<meta property=\"og:locale\" content=\"fr_FR\" \/>\n<meta property=\"og:type\" content=\"article\" \/>\n<meta property=\"og:title\" content=\"ALIGOTE VIEILLES VIGNES - Mes Vendanges\" \/>\n<meta property=\"og:description\" content=\"Ce sont de tr\u00e8s vieilles vignes de plus de 85 ans. Une forte proportion de vieille s\u00e9lection d\u2019aligot\u00e9 dor\u00e9 donne un vin gras et puissant \u00e0 la finale min\u00e9rale.Il peut \u00eatre bu jeune, bien entendu, sur ses notes d\u2019agrumes et de fruits exotiques (ananas) mais il peut \u00e9galement vieillir quelques ann\u00e9es pour \u00e9voluer vers des [&hellip;]\" \/>\n<meta property=\"og:url\" content=\"https:\/\/www.mesvendanges.com\/fr\/boutique\/vins\/aligote-vieilles-vignes-clavelier-bruno-2022-75cl\/\" \/>\n<meta property=\"og:site_name\" content=\"Mes Vendanges\" \/>\n<meta property=\"article:modified_time\" content=\"2026-01-29T10:56:10+00:00\" \/>\n<meta property=\"og:image\" content=\"https:\/\/www.mesvendanges.com\/wp-content\/uploads\/2025\/05\/domaine-burno-clavelier-bourgogne-aligote-2022-png.png\" \/>\n\t<meta property=\"og:image:width\" content=\"431\" \/>\n\t<meta property=\"og:image:height\" content=\"1500\" \/>\n\t<meta property=\"og:image:type\" content=\"image\/png\" \/>\n<meta name=\"twitter:card\" content=\"summary_large_image\" \/>\n<script type=\"application\/ld+json\" class=\"yoast-schema-graph\">{\"@context\":\"https:\/\/schema.org\",\"@graph\":[{\"@type\":\"Organization\",\"@id\":\"https:\/\/www.mesvendanges.com\/en\/#organization\",\"name\":\"Mes Vendanges\",\"url\":\"https:\/\/www.mesvendanges.com\/en\/\",\"sameAs\":[],\"logo\":{\"@type\":\"ImageObject\",\"inLanguage\":\"fr-FR\",\"@id\":\"https:\/\/www.mesvendanges.com\/en\/#\/schema\/logo\/image\/\",\"url\":\"https:\/\/www.mesvendanges.com\/wp-content\/uploads\/2022\/02\/logo-mesvendanges.jpg\",\"contentUrl\":\"https:\/\/www.mesvendanges.com\/wp-content\/uploads\/2022\/02\/logo-mesvendanges.jpg\",\"width\":851,\"height\":260,\"caption\":\"Mes Vendanges\"},\"image\":{\"@id\":\"https:\/\/www.mesvendanges.com\/en\/#\/schema\/logo\/image\/\"}},{\"@type\":\"WebSite\",\"@id\":\"https:\/\/www.mesvendanges.com\/en\/#website\",\"url\":\"https:\/\/www.mesvendanges.com\/en\/\",\"name\":\"Mes Vendanges\",\"description\":\"Des journ\u00e9es enti\u00e8res dans les vignes\",\"publisher\":{\"@id\":\"https:\/\/www.mesvendanges.com\/en\/#organization\"},\"potentialAction\":[{\"@type\":\"SearchAction\",\"target\":{\"@type\":\"EntryPoint\",\"urlTemplate\":\"https:\/\/www.mesvendanges.com\/en\/?s={search_term_string}\"},\"query-input\":\"required name=search_term_string\"}],\"inLanguage\":\"fr-FR\"},{\"@type\":\"ImageObject\",\"inLanguage\":\"fr-FR\",\"@id\":\"https:\/\/www.mesvendanges.com\/fr\/boutique\/vins\/aligote-vieilles-vignes-clavelier-bruno-2022-75cl\/#primaryimage\",\"url\":\"https:\/\/www.mesvendanges.com\/wp-content\/uploads\/2025\/05\/domaine-burno-clavelier-bourgogne-aligote-2022-png.png\",\"contentUrl\":\"https:\/\/www.mesvendanges.com\/wp-content\/uploads\/2025\/05\/domaine-burno-clavelier-bourgogne-aligote-2022-png.png\",\"width\":431,\"height\":1500},{\"@type\":\"WebPage\",\"@id\":\"https:\/\/www.mesvendanges.com\/fr\/boutique\/vins\/aligote-vieilles-vignes-clavelier-bruno-2022-75cl\/\",\"url\":\"https:\/\/www.mesvendanges.com\/fr\/boutique\/vins\/aligote-vieilles-vignes-clavelier-bruno-2022-75cl\/\",\"name\":\"ALIGOTE VIEILLES VIGNES - Mes Vendanges\",\"isPartOf\":{\"@id\":\"https:\/\/www.mesvendanges.com\/en\/#website\"},\"primaryImageOfPage\":{\"@id\":\"https:\/\/www.mesvendanges.com\/fr\/boutique\/vins\/aligote-vieilles-vignes-clavelier-bruno-2022-75cl\/#primaryimage\"},\"datePublished\":\"2024-05-24T15:52:12+00:00\",\"dateModified\":\"2026-01-29T10:56:10+00:00\",\"breadcrumb\":{\"@id\":\"https:\/\/www.mesvendanges.com\/fr\/boutique\/vins\/aligote-vieilles-vignes-clavelier-bruno-2022-75cl\/#breadcrumb\"},\"inLanguage\":\"fr-FR\",\"potentialAction\":[{\"@type\":\"ReadAction\",\"target\":[\"https:\/\/www.mesvendanges.com\/fr\/boutique\/vins\/aligote-vieilles-vignes-clavelier-bruno-2022-75cl\/\"]}]},{\"@type\":\"BreadcrumbList\",\"@id\":\"https:\/\/www.mesvendanges.com\/fr\/boutique\/vins\/aligote-vieilles-vignes-clavelier-bruno-2022-75cl\/#breadcrumb\",\"itemListElement\":[{\"@type\":\"ListItem\",\"position\":1,\"name\":\"Accueil\",\"item\":\"https:\/\/www.mesvendanges.com\/fr\/\"},{\"@type\":\"ListItem\",\"position\":2,\"name\":\"Boutique\",\"item\":\"https:\/\/www.mesvendanges.com\/fr\/boutique\/\"},{\"@type\":\"ListItem\",\"position\":3,\"name\":\"ALIGOTE VIEILLES VIGNES\"}]}]}<\/script>\n<!-- \/ Yoast SEO plugin. -->","yoast_head_json":{"title":"ALIGOTE VIEILLES VIGNES - Mes Vendanges","robots":{"index":"index","follow":"follow","max-snippet":"max-snippet:-1","max-image-preview":"max-image-preview:large","max-video-preview":"max-video-preview:-1"},"canonical":"https:\/\/www.mesvendanges.com\/fr\/boutique\/vins\/aligote-vieilles-vignes-clavelier-bruno-2022-75cl\/","og_locale":"fr_FR","og_type":"article","og_title":"ALIGOTE VIEILLES VIGNES - Mes Vendanges","og_description":"Ce sont de tr\u00e8s vieilles vignes de plus de 85 ans. Une forte proportion de vieille s\u00e9lection d\u2019aligot\u00e9 dor\u00e9 donne un vin gras et puissant \u00e0 la finale min\u00e9rale.Il peut \u00eatre bu jeune, bien entendu, sur ses notes d\u2019agrumes et de fruits exotiques (ananas) mais il peut \u00e9galement vieillir quelques ann\u00e9es pour \u00e9voluer vers des [&hellip;]","og_url":"https:\/\/www.mesvendanges.com\/fr\/boutique\/vins\/aligote-vieilles-vignes-clavelier-bruno-2022-75cl\/","og_site_name":"Mes Vendanges","article_modified_time":"2026-01-29T10:56:10+00:00","og_image":[{"width":431,"height":1500,"url":"https:\/\/www.mesvendanges.com\/wp-content\/uploads\/2025\/05\/domaine-burno-clavelier-bourgogne-aligote-2022-png.png","type":"image\/png"}],"twitter_card":"summary_large_image","schema":{"@context":"https:\/\/schema.org","@graph":[{"@type":"Organization","@id":"https:\/\/www.mesvendanges.com\/en\/#organization","name":"Mes Vendanges","url":"https:\/\/www.mesvendanges.com\/en\/","sameAs":[],"logo":{"@type":"ImageObject","inLanguage":"fr-FR","@id":"https:\/\/www.mesvendanges.com\/en\/#\/schema\/logo\/image\/","url":"https:\/\/www.mesvendanges.com\/wp-content\/uploads\/2022\/02\/logo-mesvendanges.jpg","contentUrl":"https:\/\/www.mesvendanges.com\/wp-content\/uploads\/2022\/02\/logo-mesvendanges.jpg","width":851,"height":260,"caption":"Mes Vendanges"},"image":{"@id":"https:\/\/www.mesvendanges.com\/en\/#\/schema\/logo\/image\/"}},{"@type":"WebSite","@id":"https:\/\/www.mesvendanges.com\/en\/#website","url":"https:\/\/www.mesvendanges.com\/en\/","name":"Mes Vendanges","description":"Des journ\u00e9es enti\u00e8res dans les vignes","publisher":{"@id":"https:\/\/www.mesvendanges.com\/en\/#organization"},"potentialAction":[{"@type":"SearchAction","target":{"@type":"EntryPoint","urlTemplate":"https:\/\/www.mesvendanges.com\/en\/?s={search_term_string}"},"query-input":"required name=search_term_string"}],"inLanguage":"fr-FR"},{"@type":"ImageObject","inLanguage":"fr-FR","@id":"https:\/\/www.mesvendanges.com\/fr\/boutique\/vins\/aligote-vieilles-vignes-clavelier-bruno-2022-75cl\/#primaryimage","url":"https:\/\/www.mesvendanges.com\/wp-content\/uploads\/2025\/05\/domaine-burno-clavelier-bourgogne-aligote-2022-png.png","contentUrl":"https:\/\/www.mesvendanges.com\/wp-content\/uploads\/2025\/05\/domaine-burno-clavelier-bourgogne-aligote-2022-png.png","width":431,"height":1500},{"@type":"WebPage","@id":"https:\/\/www.mesvendanges.com\/fr\/boutique\/vins\/aligote-vieilles-vignes-clavelier-bruno-2022-75cl\/","url":"https:\/\/www.mesvendanges.com\/fr\/boutique\/vins\/aligote-vieilles-vignes-clavelier-bruno-2022-75cl\/","name":"ALIGOTE VIEILLES VIGNES - Mes Vendanges","isPartOf":{"@id":"https:\/\/www.mesvendanges.com\/en\/#website"},"primaryImageOfPage":{"@id":"https:\/\/www.mesvendanges.com\/fr\/boutique\/vins\/aligote-vieilles-vignes-clavelier-bruno-2022-75cl\/#primaryimage"},"datePublished":"2024-05-24T15:52:12+00:00","dateModified":"2026-01-29T10:56:10+00:00","breadcrumb":{"@id":"https:\/\/www.mesvendanges.com\/fr\/boutique\/vins\/aligote-vieilles-vignes-clavelier-bruno-2022-75cl\/#breadcrumb"},"inLanguage":"fr-FR","potentialAction":[{"@type":"ReadAction","target":["https:\/\/www.mesvendanges.com\/fr\/boutique\/vins\/aligote-vieilles-vignes-clavelier-bruno-2022-75cl\/"]}]},{"@type":"BreadcrumbList","@id":"https:\/\/www.mesvendanges.com\/fr\/boutique\/vins\/aligote-vieilles-vignes-clavelier-bruno-2022-75cl\/#breadcrumb","itemListElement":[{"@type":"ListItem","position":1,"name":"Accueil","item":"https:\/\/www.mesvendanges.com\/fr\/"},{"@type":"ListItem","position":2,"name":"Boutique","item":"https:\/\/www.mesvendanges.com\/fr\/boutique\/"},{"@type":"ListItem","position":3,"name":"ALIGOTE VIEILLES VIGNES"}]}]}},"_links":{"self":[{"href":"https:\/\/www.mesvendanges.com\/fr\/wp-json\/wp\/v2\/product\/74782"}],"collection":[{"href":"https:\/\/www.mesvendanges.com\/fr\/wp-json\/wp\/v2\/product"}],"about":[{"href":"https:\/\/www.mesvendanges.com\/fr\/wp-json\/wp\/v2\/types\/product"}],"wp:featuredmedia":[{"embeddable":true,"href":"https:\/\/www.mesvendanges.com\/fr\/wp-json\/wp\/v2\/media\/86726"}],"wp:attachment":[{"href":"https:\/\/www.mesvendanges.com\/fr\/wp-json\/wp\/v2\/media?parent=74782"}],"wp:term":[{"taxonomy":"product_cat","embeddable":true,"href":"https:\/\/www.mesvendanges.com\/fr\/wp-json\/wp\/v2\/product_cat?post=74782"},{"taxonomy":"product_tag","embeddable":true,"href":"https:\/\/www.mesvendanges.com\/fr\/wp-json\/wp\/v2\/product_tag?post=74782"}],"curies":[{"name":"wp","href":"https:\/\/api.w.org\/{rel}","templated":true}]}}