{"id":75986,"date":"2024-08-13T16:45:10","date_gmt":"2024-08-13T14:45:10","guid":{"rendered":"https:\/\/www.mesvendanges.com\/shop\/non%20class\u00e9\/les-houilleres-magnum-morey-coffinet-2022-150cl\/"},"modified":"2024-09-02T15:04:30","modified_gmt":"2024-09-02T13:04:30","slug":"les-houilleres-magnum-morey-coffinet-2022-150cl","status":"publish","type":"product","link":"https:\/\/www.mesvendanges.com\/fr\/boutique\/vins\/les-houilleres-magnum-morey-coffinet-2022-150cl\/","title":{"rendered":"LES HOUILLERES MAGNUM"},"content":{"rendered":"<p>Le Chassagne-Montrachet Les Houill\u00e8res du domaine Morey-Coffinet se situe \u00e0 la lisi\u00e8re de l&#8217;appellation Puligny, en dessous des grands crus des deux villages. C&#8217;est un climat de grande qualit\u00e9 qui produit des vins denses, avec de la chair, une belle assise min\u00e9rale.<\/p>\n<p>Thibault Morey fait partie de cette jeune g\u00e9n\u00e9ration de vignerons bourguignons qui r\u00e9orientent les domaines familiaux, aussi bien en terme de culture que d&#8217;esth\u00e9tique de vins. Depuis son installation \u00e0 la suite de son p\u00e8re, Thibault a pass\u00e9 le domaine en biodynamie, rallong\u00e9 les \u00e9levages, diminu\u00e9 drastiquement le soufre (il n&#8217;en utilise plus \u00e0 la vendange). Aujourd&#8217;hui la pl\u00e9iade de magnifiques terroirs du domaine s&#8217;expriment avec \u00e9clat, avec des vins qui trouvent leur \u00e9quilibre entre pl\u00e9nitude et tension. L&#8217;\u00e9nergie, le salivant de vin n&#8217;enl\u00e8ve rien au plaisir du fruit, de l&#8217;expression aromatique, au d\u00e9tail. Des vins h\u00e9donistes \u00e0 souhait.<\/p>\n","protected":false},"excerpt":{"rendered":"<p>Le Chassagne-Montrachet Les Houill\u00e8res du domaine Morey-Coffinet se situe \u00e0 la lisi\u00e8re de l&#8217;appellation Puligny, en dessous des grands crus des deux villages. C&#8217;est un climat de grande qualit\u00e9 qui produit des vins denses, avec de la chair, une belle assise min\u00e9rale. Thibault Morey fait partie de cette jeune g\u00e9n\u00e9ration de vignerons bourguignons qui r\u00e9orientent [&hellip;]<\/p>\n","protected":false},"featured_media":0,"template":"","meta":[],"product_cat":[3736],"product_tag":[],"acf":[],"yoast_head":"<!-- This site is optimized with the Yoast SEO plugin v19.3 - https:\/\/yoast.com\/wordpress\/plugins\/seo\/ -->\n<title>LES HOUILLERES MAGNUM - Mes Vendanges<\/title>\n<meta name=\"robots\" content=\"index, follow, max-snippet:-1, max-image-preview:large, max-video-preview:-1\" \/>\n<link rel=\"canonical\" href=\"https:\/\/www.mesvendanges.com\/fr\/boutique\/vins\/les-houilleres-magnum-morey-coffinet-2022-150cl\/\" \/>\n<meta property=\"og:locale\" content=\"fr_FR\" \/>\n<meta property=\"og:type\" content=\"article\" \/>\n<meta property=\"og:title\" content=\"LES HOUILLERES MAGNUM - Mes Vendanges\" \/>\n<meta property=\"og:description\" content=\"Le Chassagne-Montrachet Les Houill\u00e8res du domaine Morey-Coffinet se situe \u00e0 la lisi\u00e8re de l&#8217;appellation Puligny, en dessous des grands crus des deux villages. C&#8217;est un climat de grande qualit\u00e9 qui produit des vins denses, avec de la chair, une belle assise min\u00e9rale. Thibault Morey fait partie de cette jeune g\u00e9n\u00e9ration de vignerons bourguignons qui r\u00e9orientent [&hellip;]\" \/>\n<meta property=\"og:url\" content=\"https:\/\/www.mesvendanges.com\/fr\/boutique\/vins\/les-houilleres-magnum-morey-coffinet-2022-150cl\/\" \/>\n<meta property=\"og:site_name\" content=\"Mes Vendanges\" \/>\n<meta property=\"article:modified_time\" content=\"2024-09-02T13:04:30+00:00\" \/>\n<meta name=\"twitter:card\" content=\"summary_large_image\" \/>\n<meta name=\"twitter:label1\" content=\"Dur\u00e9e de lecture estim\u00e9e\" \/>\n\t<meta name=\"twitter:data1\" content=\"1 minute\" \/>\n<script type=\"application\/ld+json\" class=\"yoast-schema-graph\">{\"@context\":\"https:\/\/schema.org\",\"@graph\":[{\"@type\":\"Organization\",\"@id\":\"https:\/\/www.mesvendanges.com\/en\/#organization\",\"name\":\"Mes Vendanges\",\"url\":\"https:\/\/www.mesvendanges.com\/en\/\",\"sameAs\":[],\"logo\":{\"@type\":\"ImageObject\",\"inLanguage\":\"fr-FR\",\"@id\":\"https:\/\/www.mesvendanges.com\/en\/#\/schema\/logo\/image\/\",\"url\":\"https:\/\/www.mesvendanges.com\/wp-content\/uploads\/2022\/02\/logo-mesvendanges.jpg\",\"contentUrl\":\"https:\/\/www.mesvendanges.com\/wp-content\/uploads\/2022\/02\/logo-mesvendanges.jpg\",\"width\":851,\"height\":260,\"caption\":\"Mes Vendanges\"},\"image\":{\"@id\":\"https:\/\/www.mesvendanges.com\/en\/#\/schema\/logo\/image\/\"}},{\"@type\":\"WebSite\",\"@id\":\"https:\/\/www.mesvendanges.com\/en\/#website\",\"url\":\"https:\/\/www.mesvendanges.com\/en\/\",\"name\":\"Mes Vendanges\",\"description\":\"Des journ\u00e9es enti\u00e8res dans les vignes\",\"publisher\":{\"@id\":\"https:\/\/www.mesvendanges.com\/en\/#organization\"},\"potentialAction\":[{\"@type\":\"SearchAction\",\"target\":{\"@type\":\"EntryPoint\",\"urlTemplate\":\"https:\/\/www.mesvendanges.com\/en\/?s={search_term_string}\"},\"query-input\":\"required name=search_term_string\"}],\"inLanguage\":\"fr-FR\"},{\"@type\":\"WebPage\",\"@id\":\"https:\/\/www.mesvendanges.com\/fr\/boutique\/vins\/les-houilleres-magnum-morey-coffinet-2022-150cl\/\",\"url\":\"https:\/\/www.mesvendanges.com\/fr\/boutique\/vins\/les-houilleres-magnum-morey-coffinet-2022-150cl\/\",\"name\":\"LES HOUILLERES MAGNUM - Mes Vendanges\",\"isPartOf\":{\"@id\":\"https:\/\/www.mesvendanges.com\/en\/#website\"},\"datePublished\":\"2024-08-13T14:45:10+00:00\",\"dateModified\":\"2024-09-02T13:04:30+00:00\",\"breadcrumb\":{\"@id\":\"https:\/\/www.mesvendanges.com\/fr\/boutique\/vins\/les-houilleres-magnum-morey-coffinet-2022-150cl\/#breadcrumb\"},\"inLanguage\":\"fr-FR\",\"potentialAction\":[{\"@type\":\"ReadAction\",\"target\":[\"https:\/\/www.mesvendanges.com\/fr\/boutique\/vins\/les-houilleres-magnum-morey-coffinet-2022-150cl\/\"]}]},{\"@type\":\"BreadcrumbList\",\"@id\":\"https:\/\/www.mesvendanges.com\/fr\/boutique\/vins\/les-houilleres-magnum-morey-coffinet-2022-150cl\/#breadcrumb\",\"itemListElement\":[{\"@type\":\"ListItem\",\"position\":1,\"name\":\"Accueil\",\"item\":\"https:\/\/www.mesvendanges.com\/fr\/\"},{\"@type\":\"ListItem\",\"position\":2,\"name\":\"Boutique\",\"item\":\"https:\/\/www.mesvendanges.com\/fr\/boutique\/\"},{\"@type\":\"ListItem\",\"position\":3,\"name\":\"LES HOUILLERES MAGNUM\"}]}]}<\/script>\n<!-- \/ Yoast SEO plugin. -->","yoast_head_json":{"title":"LES HOUILLERES MAGNUM - Mes Vendanges","robots":{"index":"index","follow":"follow","max-snippet":"max-snippet:-1","max-image-preview":"max-image-preview:large","max-video-preview":"max-video-preview:-1"},"canonical":"https:\/\/www.mesvendanges.com\/fr\/boutique\/vins\/les-houilleres-magnum-morey-coffinet-2022-150cl\/","og_locale":"fr_FR","og_type":"article","og_title":"LES HOUILLERES MAGNUM - Mes Vendanges","og_description":"Le Chassagne-Montrachet Les Houill\u00e8res du domaine Morey-Coffinet se situe \u00e0 la lisi\u00e8re de l&#8217;appellation Puligny, en dessous des grands crus des deux villages. C&#8217;est un climat de grande qualit\u00e9 qui produit des vins denses, avec de la chair, une belle assise min\u00e9rale. Thibault Morey fait partie de cette jeune g\u00e9n\u00e9ration de vignerons bourguignons qui r\u00e9orientent [&hellip;]","og_url":"https:\/\/www.mesvendanges.com\/fr\/boutique\/vins\/les-houilleres-magnum-morey-coffinet-2022-150cl\/","og_site_name":"Mes Vendanges","article_modified_time":"2024-09-02T13:04:30+00:00","twitter_card":"summary_large_image","twitter_misc":{"Dur\u00e9e de lecture estim\u00e9e":"1 minute"},"schema":{"@context":"https:\/\/schema.org","@graph":[{"@type":"Organization","@id":"https:\/\/www.mesvendanges.com\/en\/#organization","name":"Mes Vendanges","url":"https:\/\/www.mesvendanges.com\/en\/","sameAs":[],"logo":{"@type":"ImageObject","inLanguage":"fr-FR","@id":"https:\/\/www.mesvendanges.com\/en\/#\/schema\/logo\/image\/","url":"https:\/\/www.mesvendanges.com\/wp-content\/uploads\/2022\/02\/logo-mesvendanges.jpg","contentUrl":"https:\/\/www.mesvendanges.com\/wp-content\/uploads\/2022\/02\/logo-mesvendanges.jpg","width":851,"height":260,"caption":"Mes Vendanges"},"image":{"@id":"https:\/\/www.mesvendanges.com\/en\/#\/schema\/logo\/image\/"}},{"@type":"WebSite","@id":"https:\/\/www.mesvendanges.com\/en\/#website","url":"https:\/\/www.mesvendanges.com\/en\/","name":"Mes Vendanges","description":"Des journ\u00e9es enti\u00e8res dans les vignes","publisher":{"@id":"https:\/\/www.mesvendanges.com\/en\/#organization"},"potentialAction":[{"@type":"SearchAction","target":{"@type":"EntryPoint","urlTemplate":"https:\/\/www.mesvendanges.com\/en\/?s={search_term_string}"},"query-input":"required name=search_term_string"}],"inLanguage":"fr-FR"},{"@type":"WebPage","@id":"https:\/\/www.mesvendanges.com\/fr\/boutique\/vins\/les-houilleres-magnum-morey-coffinet-2022-150cl\/","url":"https:\/\/www.mesvendanges.com\/fr\/boutique\/vins\/les-houilleres-magnum-morey-coffinet-2022-150cl\/","name":"LES HOUILLERES MAGNUM - Mes Vendanges","isPartOf":{"@id":"https:\/\/www.mesvendanges.com\/en\/#website"},"datePublished":"2024-08-13T14:45:10+00:00","dateModified":"2024-09-02T13:04:30+00:00","breadcrumb":{"@id":"https:\/\/www.mesvendanges.com\/fr\/boutique\/vins\/les-houilleres-magnum-morey-coffinet-2022-150cl\/#breadcrumb"},"inLanguage":"fr-FR","potentialAction":[{"@type":"ReadAction","target":["https:\/\/www.mesvendanges.com\/fr\/boutique\/vins\/les-houilleres-magnum-morey-coffinet-2022-150cl\/"]}]},{"@type":"BreadcrumbList","@id":"https:\/\/www.mesvendanges.com\/fr\/boutique\/vins\/les-houilleres-magnum-morey-coffinet-2022-150cl\/#breadcrumb","itemListElement":[{"@type":"ListItem","position":1,"name":"Accueil","item":"https:\/\/www.mesvendanges.com\/fr\/"},{"@type":"ListItem","position":2,"name":"Boutique","item":"https:\/\/www.mesvendanges.com\/fr\/boutique\/"},{"@type":"ListItem","position":3,"name":"LES HOUILLERES MAGNUM"}]}]}},"_links":{"self":[{"href":"https:\/\/www.mesvendanges.com\/fr\/wp-json\/wp\/v2\/product\/75986"}],"collection":[{"href":"https:\/\/www.mesvendanges.com\/fr\/wp-json\/wp\/v2\/product"}],"about":[{"href":"https:\/\/www.mesvendanges.com\/fr\/wp-json\/wp\/v2\/types\/product"}],"wp:attachment":[{"href":"https:\/\/www.mesvendanges.com\/fr\/wp-json\/wp\/v2\/media?parent=75986"}],"wp:term":[{"taxonomy":"product_cat","embeddable":true,"href":"https:\/\/www.mesvendanges.com\/fr\/wp-json\/wp\/v2\/product_cat?post=75986"},{"taxonomy":"product_tag","embeddable":true,"href":"https:\/\/www.mesvendanges.com\/fr\/wp-json\/wp\/v2\/product_tag?post=75986"}],"curies":[{"name":"wp","href":"https:\/\/api.w.org\/{rel}","templated":true}]}}