{"id":76213,"date":"2024-08-15T15:14:01","date_gmt":"2024-08-15T13:14:01","guid":{"rendered":"https:\/\/www.mesvendanges.com\/shop\/non%20class\u00e9\/curry-epices-shira-40gr\/"},"modified":"2026-04-01T12:52:37","modified_gmt":"2026-04-01T10:52:37","slug":"curry-epices-shira-40gr","status":"publish","type":"product","link":"https:\/\/www.mesvendanges.com\/fr\/boutique\/epicerie-et-accessoires\/curry-epices-shira-40gr\/","title":{"rendered":"CURRY"},"content":{"rendered":"<p>\u00ab M\u00eame s&#8217;il fait voyager votre cuisine, le curry fut cr\u00e9\u00e9 en Angleterre \u00bb<\/p>\n<p>Ce curry se base sur le m\u00e9lange classique europ\u00e9en tout en essayant de se rapprocher des saveurs de la nourriture du Sud de l\u2019Inde. Il est tr\u00e8s l\u00e9g\u00e8rement piquant et apporte un bel \u00e9quilibre gr\u00e2ce \u00e0 la fra\u00eecheur de la coriandre et de la cardamome et la chaleur de la moutarde, du gingembre et du poivre. Pour r\u00e9aliser ce m\u00e9lange, toutes les \u00e9pices ont \u00e9t\u00e9 broy\u00e9es ensemble afin d\u2019harmoniser les ar\u00f4mes.<\/p>\n<p>Des id\u00e9es pour utiliser le curry ?<\/p>\n<p>Le curry sert \u00e0 faire\u2026 des currys ! Il sert de poudre \u00e0 bouillon pour donner cette petite saveur qu\u2019on a l\u2019habitude d\u2019appeler \u00ab indienne \u00bb. Il peut donc se mettre dans tous les plats indiens : dal, pickles, biryani, korma\u2026 Mais son utilisation ne s\u2019arr\u00eate pas l\u00e0.<br \/>\nOn en ajoute une cuill\u00e9r\u00e9e dans un cake aux olives et \u00e0 la tomate s\u00e9ch\u00e9e, dans des beignets de pommes de terre ou encore dans une vinaigrette. On en saupoudre les patates saut\u00e9es et les omelettes.<br \/>\nCe curry \u00e9tant doux, il peut tr\u00e8s bien s\u2019associer \u00e0 des mets sucr\u00e9s, comme dans la p\u00e2te d\u2019une tarte au chocolat, dans un sirop de pochage pour des poires qui seront servies avec une glace vanill\u00e9e ou encore tout simplement avec un peu de fromage blanc, miel et fruits frais.<\/p>\n","protected":false},"excerpt":{"rendered":"<p>\u00ab M\u00eame s&#8217;il fait voyager votre cuisine, le curry fut cr\u00e9\u00e9 en Angleterre \u00bb Ce curry se base sur le m\u00e9lange classique europ\u00e9en tout en essayant de se rapprocher des saveurs de la nourriture du Sud de l\u2019Inde. Il est tr\u00e8s l\u00e9g\u00e8rement piquant et apporte un bel \u00e9quilibre gr\u00e2ce \u00e0 la fra\u00eecheur de la coriandre [&hellip;]<\/p>\n","protected":false},"featured_media":82576,"template":"","meta":[],"product_cat":[3737],"product_tag":[],"acf":[],"yoast_head":"<!-- This site is optimized with the Yoast SEO plugin v19.3 - https:\/\/yoast.com\/wordpress\/plugins\/seo\/ -->\n<title>CURRY - Mes Vendanges<\/title>\n<meta name=\"robots\" content=\"index, follow, max-snippet:-1, max-image-preview:large, max-video-preview:-1\" \/>\n<link rel=\"canonical\" href=\"https:\/\/www.mesvendanges.com\/fr\/boutique\/epicerie-et-accessoires\/curry-epices-shira-40gr\/\" \/>\n<meta property=\"og:locale\" content=\"fr_FR\" \/>\n<meta property=\"og:type\" content=\"article\" \/>\n<meta property=\"og:title\" content=\"CURRY - Mes Vendanges\" \/>\n<meta property=\"og:description\" content=\"\u00ab M\u00eame s&#8217;il fait voyager votre cuisine, le curry fut cr\u00e9\u00e9 en Angleterre \u00bb Ce curry se base sur le m\u00e9lange classique europ\u00e9en tout en essayant de se rapprocher des saveurs de la nourriture du Sud de l\u2019Inde. Il est tr\u00e8s l\u00e9g\u00e8rement piquant et apporte un bel \u00e9quilibre gr\u00e2ce \u00e0 la fra\u00eecheur de la coriandre [&hellip;]\" \/>\n<meta property=\"og:url\" content=\"https:\/\/www.mesvendanges.com\/fr\/boutique\/epicerie-et-accessoires\/curry-epices-shira-40gr\/\" \/>\n<meta property=\"og:site_name\" content=\"Mes Vendanges\" \/>\n<meta property=\"article:modified_time\" content=\"2026-04-01T10:52:37+00:00\" \/>\n<meta property=\"og:image\" content=\"https:\/\/www.mesvendanges.com\/wp-content\/uploads\/2024\/12\/epices-shira-curry-epices-png-642x1024.png\" \/>\n\t<meta property=\"og:image:width\" content=\"642\" \/>\n\t<meta property=\"og:image:height\" content=\"1024\" \/>\n\t<meta property=\"og:image:type\" content=\"image\/png\" \/>\n<meta name=\"twitter:card\" content=\"summary_large_image\" \/>\n<meta name=\"twitter:label1\" content=\"Dur\u00e9e de lecture estim\u00e9e\" \/>\n\t<meta name=\"twitter:data1\" content=\"1 minute\" \/>\n<script type=\"application\/ld+json\" class=\"yoast-schema-graph\">{\"@context\":\"https:\/\/schema.org\",\"@graph\":[{\"@type\":\"Organization\",\"@id\":\"https:\/\/www.mesvendanges.com\/en\/#organization\",\"name\":\"Mes Vendanges\",\"url\":\"https:\/\/www.mesvendanges.com\/en\/\",\"sameAs\":[],\"logo\":{\"@type\":\"ImageObject\",\"inLanguage\":\"fr-FR\",\"@id\":\"https:\/\/www.mesvendanges.com\/en\/#\/schema\/logo\/image\/\",\"url\":\"https:\/\/www.mesvendanges.com\/wp-content\/uploads\/2022\/02\/logo-mesvendanges.jpg\",\"contentUrl\":\"https:\/\/www.mesvendanges.com\/wp-content\/uploads\/2022\/02\/logo-mesvendanges.jpg\",\"width\":851,\"height\":260,\"caption\":\"Mes Vendanges\"},\"image\":{\"@id\":\"https:\/\/www.mesvendanges.com\/en\/#\/schema\/logo\/image\/\"}},{\"@type\":\"WebSite\",\"@id\":\"https:\/\/www.mesvendanges.com\/en\/#website\",\"url\":\"https:\/\/www.mesvendanges.com\/en\/\",\"name\":\"Mes Vendanges\",\"description\":\"Des journ\u00e9es enti\u00e8res dans les vignes\",\"publisher\":{\"@id\":\"https:\/\/www.mesvendanges.com\/en\/#organization\"},\"potentialAction\":[{\"@type\":\"SearchAction\",\"target\":{\"@type\":\"EntryPoint\",\"urlTemplate\":\"https:\/\/www.mesvendanges.com\/en\/?s={search_term_string}\"},\"query-input\":\"required name=search_term_string\"}],\"inLanguage\":\"fr-FR\"},{\"@type\":\"ImageObject\",\"inLanguage\":\"fr-FR\",\"@id\":\"https:\/\/www.mesvendanges.com\/fr\/boutique\/epicerie-et-accessoires\/curry-epices-shira-40gr\/#primaryimage\",\"url\":\"https:\/\/www.mesvendanges.com\/wp-content\/uploads\/2024\/12\/epices-shira-curry-epices-png.png\",\"contentUrl\":\"https:\/\/www.mesvendanges.com\/wp-content\/uploads\/2024\/12\/epices-shira-curry-epices-png.png\",\"width\":941,\"height\":1500},{\"@type\":\"WebPage\",\"@id\":\"https:\/\/www.mesvendanges.com\/fr\/boutique\/epicerie-et-accessoires\/curry-epices-shira-40gr\/\",\"url\":\"https:\/\/www.mesvendanges.com\/fr\/boutique\/epicerie-et-accessoires\/curry-epices-shira-40gr\/\",\"name\":\"CURRY - Mes Vendanges\",\"isPartOf\":{\"@id\":\"https:\/\/www.mesvendanges.com\/en\/#website\"},\"primaryImageOfPage\":{\"@id\":\"https:\/\/www.mesvendanges.com\/fr\/boutique\/epicerie-et-accessoires\/curry-epices-shira-40gr\/#primaryimage\"},\"datePublished\":\"2024-08-15T13:14:01+00:00\",\"dateModified\":\"2026-04-01T10:52:37+00:00\",\"breadcrumb\":{\"@id\":\"https:\/\/www.mesvendanges.com\/fr\/boutique\/epicerie-et-accessoires\/curry-epices-shira-40gr\/#breadcrumb\"},\"inLanguage\":\"fr-FR\",\"potentialAction\":[{\"@type\":\"ReadAction\",\"target\":[\"https:\/\/www.mesvendanges.com\/fr\/boutique\/epicerie-et-accessoires\/curry-epices-shira-40gr\/\"]}]},{\"@type\":\"BreadcrumbList\",\"@id\":\"https:\/\/www.mesvendanges.com\/fr\/boutique\/epicerie-et-accessoires\/curry-epices-shira-40gr\/#breadcrumb\",\"itemListElement\":[{\"@type\":\"ListItem\",\"position\":1,\"name\":\"Accueil\",\"item\":\"https:\/\/www.mesvendanges.com\/fr\/\"},{\"@type\":\"ListItem\",\"position\":2,\"name\":\"Boutique\",\"item\":\"https:\/\/www.mesvendanges.com\/fr\/boutique\/\"},{\"@type\":\"ListItem\",\"position\":3,\"name\":\"CURRY\"}]}]}<\/script>\n<!-- \/ Yoast SEO plugin. -->","yoast_head_json":{"title":"CURRY - Mes Vendanges","robots":{"index":"index","follow":"follow","max-snippet":"max-snippet:-1","max-image-preview":"max-image-preview:large","max-video-preview":"max-video-preview:-1"},"canonical":"https:\/\/www.mesvendanges.com\/fr\/boutique\/epicerie-et-accessoires\/curry-epices-shira-40gr\/","og_locale":"fr_FR","og_type":"article","og_title":"CURRY - Mes Vendanges","og_description":"\u00ab M\u00eame s&#8217;il fait voyager votre cuisine, le curry fut cr\u00e9\u00e9 en Angleterre \u00bb Ce curry se base sur le m\u00e9lange classique europ\u00e9en tout en essayant de se rapprocher des saveurs de la nourriture du Sud de l\u2019Inde. Il est tr\u00e8s l\u00e9g\u00e8rement piquant et apporte un bel \u00e9quilibre gr\u00e2ce \u00e0 la fra\u00eecheur de la coriandre [&hellip;]","og_url":"https:\/\/www.mesvendanges.com\/fr\/boutique\/epicerie-et-accessoires\/curry-epices-shira-40gr\/","og_site_name":"Mes Vendanges","article_modified_time":"2026-04-01T10:52:37+00:00","og_image":[{"width":642,"height":1024,"url":"https:\/\/www.mesvendanges.com\/wp-content\/uploads\/2024\/12\/epices-shira-curry-epices-png-642x1024.png","type":"image\/png"}],"twitter_card":"summary_large_image","twitter_misc":{"Dur\u00e9e de lecture estim\u00e9e":"1 minute"},"schema":{"@context":"https:\/\/schema.org","@graph":[{"@type":"Organization","@id":"https:\/\/www.mesvendanges.com\/en\/#organization","name":"Mes Vendanges","url":"https:\/\/www.mesvendanges.com\/en\/","sameAs":[],"logo":{"@type":"ImageObject","inLanguage":"fr-FR","@id":"https:\/\/www.mesvendanges.com\/en\/#\/schema\/logo\/image\/","url":"https:\/\/www.mesvendanges.com\/wp-content\/uploads\/2022\/02\/logo-mesvendanges.jpg","contentUrl":"https:\/\/www.mesvendanges.com\/wp-content\/uploads\/2022\/02\/logo-mesvendanges.jpg","width":851,"height":260,"caption":"Mes Vendanges"},"image":{"@id":"https:\/\/www.mesvendanges.com\/en\/#\/schema\/logo\/image\/"}},{"@type":"WebSite","@id":"https:\/\/www.mesvendanges.com\/en\/#website","url":"https:\/\/www.mesvendanges.com\/en\/","name":"Mes Vendanges","description":"Des journ\u00e9es enti\u00e8res dans les vignes","publisher":{"@id":"https:\/\/www.mesvendanges.com\/en\/#organization"},"potentialAction":[{"@type":"SearchAction","target":{"@type":"EntryPoint","urlTemplate":"https:\/\/www.mesvendanges.com\/en\/?s={search_term_string}"},"query-input":"required name=search_term_string"}],"inLanguage":"fr-FR"},{"@type":"ImageObject","inLanguage":"fr-FR","@id":"https:\/\/www.mesvendanges.com\/fr\/boutique\/epicerie-et-accessoires\/curry-epices-shira-40gr\/#primaryimage","url":"https:\/\/www.mesvendanges.com\/wp-content\/uploads\/2024\/12\/epices-shira-curry-epices-png.png","contentUrl":"https:\/\/www.mesvendanges.com\/wp-content\/uploads\/2024\/12\/epices-shira-curry-epices-png.png","width":941,"height":1500},{"@type":"WebPage","@id":"https:\/\/www.mesvendanges.com\/fr\/boutique\/epicerie-et-accessoires\/curry-epices-shira-40gr\/","url":"https:\/\/www.mesvendanges.com\/fr\/boutique\/epicerie-et-accessoires\/curry-epices-shira-40gr\/","name":"CURRY - Mes Vendanges","isPartOf":{"@id":"https:\/\/www.mesvendanges.com\/en\/#website"},"primaryImageOfPage":{"@id":"https:\/\/www.mesvendanges.com\/fr\/boutique\/epicerie-et-accessoires\/curry-epices-shira-40gr\/#primaryimage"},"datePublished":"2024-08-15T13:14:01+00:00","dateModified":"2026-04-01T10:52:37+00:00","breadcrumb":{"@id":"https:\/\/www.mesvendanges.com\/fr\/boutique\/epicerie-et-accessoires\/curry-epices-shira-40gr\/#breadcrumb"},"inLanguage":"fr-FR","potentialAction":[{"@type":"ReadAction","target":["https:\/\/www.mesvendanges.com\/fr\/boutique\/epicerie-et-accessoires\/curry-epices-shira-40gr\/"]}]},{"@type":"BreadcrumbList","@id":"https:\/\/www.mesvendanges.com\/fr\/boutique\/epicerie-et-accessoires\/curry-epices-shira-40gr\/#breadcrumb","itemListElement":[{"@type":"ListItem","position":1,"name":"Accueil","item":"https:\/\/www.mesvendanges.com\/fr\/"},{"@type":"ListItem","position":2,"name":"Boutique","item":"https:\/\/www.mesvendanges.com\/fr\/boutique\/"},{"@type":"ListItem","position":3,"name":"CURRY"}]}]}},"_links":{"self":[{"href":"https:\/\/www.mesvendanges.com\/fr\/wp-json\/wp\/v2\/product\/76213"}],"collection":[{"href":"https:\/\/www.mesvendanges.com\/fr\/wp-json\/wp\/v2\/product"}],"about":[{"href":"https:\/\/www.mesvendanges.com\/fr\/wp-json\/wp\/v2\/types\/product"}],"wp:featuredmedia":[{"embeddable":true,"href":"https:\/\/www.mesvendanges.com\/fr\/wp-json\/wp\/v2\/media\/82576"}],"wp:attachment":[{"href":"https:\/\/www.mesvendanges.com\/fr\/wp-json\/wp\/v2\/media?parent=76213"}],"wp:term":[{"taxonomy":"product_cat","embeddable":true,"href":"https:\/\/www.mesvendanges.com\/fr\/wp-json\/wp\/v2\/product_cat?post=76213"},{"taxonomy":"product_tag","embeddable":true,"href":"https:\/\/www.mesvendanges.com\/fr\/wp-json\/wp\/v2\/product_tag?post=76213"}],"curies":[{"name":"wp","href":"https:\/\/api.w.org\/{rel}","templated":true}]}}