{"id":76221,"date":"2024-08-15T15:26:48","date_gmt":"2024-08-15T13:26:48","guid":{"rendered":"https:\/\/www.mesvendanges.com\/shop\/non%20class\u00e9\/golden-latte-epices-shira-40gr\/"},"modified":"2026-02-25T09:57:44","modified_gmt":"2026-02-25T08:57:44","slug":"golden-latte-epices-shira-40gr","status":"publish","type":"product","link":"https:\/\/www.mesvendanges.com\/fr\/boutique\/epicerie-et-accessoires\/golden-latte-epices-shira-40gr\/","title":{"rendered":"GOLDEN LATTE"},"content":{"rendered":"<p>\u00ab Bon pour le corps, bon pour le moral, le golden latte r\u00e9chauffe et r\u00e9conforte \u00bb<\/p>\n<p>Avant de devenir la star d\u2019Instagram, cette boisson compos\u00e9e de curcuma, de gingembre, de poivre et de miel aidait \u00e0 combattre les maladies de l\u2019hiver. Notre golden latte biologique (aussi appel\u00e9 lait d\u2019or ou golden milk) contient ces m\u00eames \u00e9pices et nous y avons aussi ajout\u00e9 de la cardamome verte, de la cannelle, de la vanille et du macis. La cardamome ajoute un peu de fra\u00eecheur et vient compl\u00e9ter les saveurs du gingembre et du curcuma puisque toutes viennent de la m\u00eame famille. Le poivre noir, combin\u00e9 au curcuma et au gingembre, permet \u00e0 la curcumine d\u2019\u00eatre extr\u00eamement bien assimil\u00e9e par le corps. Les propri\u00e9t\u00e9s de ces trois \u00e9pices sont donc beaucoup plus efficaces consomm\u00e9es ensemble. Enfin, la vanille et le macis ajoutent un peu de douceur et la cannelle juste ce qu\u2019il faut de chaleur.<\/p>\n<p>Des id\u00e9es pour utiliser le m\u00e9lange golden latte ?<\/p>\n<p>Le golden latte, c\u2019est toute l\u2019ann\u00e9e ! On le boit \u00e0 petite gorg\u00e9e dans de grandes tasses l\u2019hiver pour tout le r\u00e9confort qu\u2019il apporte. On le sirote glac\u00e9 l\u2019\u00e9t\u00e9 pour se rafra\u00eechir.<\/p>\n<p>Mettez-en une cuill\u00e8re \u00e0 caf\u00e9 dans une tasse. Versez un liquide bouillant. M\u00e9langez et attendez 1 minute avant de boire. Inutile de filtrer.<br \/>\nCe lait d\u2019or se pr\u00e9pare avec de l\u2019eau ou au lait auquel on ajoute un peu de sucre ou de miel. Si vous choisissez un lait v\u00e9g\u00e9tal, nous vous conseillons le lait d\u2019avoine pour son c\u00f4t\u00e9 naturellement sucr\u00e9 ou le lait de coco pour des connotations indon\u00e9siennes. Hormis en boisson, le m\u00e9lange golden latte sert \u00e0 \u00e9picer certains desserts d\u2019hiver comme le riz au lait, ou bien des desserts \u00e0 base de semoule.<br \/>\nMettez-en un peu dans une p\u00e2te \u00e0 cr\u00eapes pour booster saveurs et couleurs.<\/p>\n","protected":false},"excerpt":{"rendered":"<p>\u00ab Bon pour le corps, bon pour le moral, le golden latte r\u00e9chauffe et r\u00e9conforte \u00bb Avant de devenir la star d\u2019Instagram, cette boisson compos\u00e9e de curcuma, de gingembre, de poivre et de miel aidait \u00e0 combattre les maladies de l\u2019hiver. Notre golden latte biologique (aussi appel\u00e9 lait d\u2019or ou golden milk) contient ces m\u00eames [&hellip;]<\/p>\n","protected":false},"featured_media":76219,"template":"","meta":[],"product_cat":[3737],"product_tag":[],"acf":[],"yoast_head":"<!-- This site is optimized with the Yoast SEO plugin v19.3 - https:\/\/yoast.com\/wordpress\/plugins\/seo\/ -->\n<title>GOLDEN LATTE - Mes Vendanges<\/title>\n<meta name=\"robots\" content=\"index, follow, max-snippet:-1, max-image-preview:large, max-video-preview:-1\" \/>\n<link rel=\"canonical\" href=\"https:\/\/www.mesvendanges.com\/fr\/boutique\/epicerie-et-accessoires\/golden-latte-epices-shira-40gr\/\" \/>\n<meta property=\"og:locale\" content=\"fr_FR\" \/>\n<meta property=\"og:type\" content=\"article\" \/>\n<meta property=\"og:title\" content=\"GOLDEN LATTE - Mes Vendanges\" \/>\n<meta property=\"og:description\" content=\"\u00ab Bon pour le corps, bon pour le moral, le golden latte r\u00e9chauffe et r\u00e9conforte \u00bb Avant de devenir la star d\u2019Instagram, cette boisson compos\u00e9e de curcuma, de gingembre, de poivre et de miel aidait \u00e0 combattre les maladies de l\u2019hiver. Notre golden latte biologique (aussi appel\u00e9 lait d\u2019or ou golden milk) contient ces m\u00eames [&hellip;]\" \/>\n<meta property=\"og:url\" content=\"https:\/\/www.mesvendanges.com\/fr\/boutique\/epicerie-et-accessoires\/golden-latte-epices-shira-40gr\/\" \/>\n<meta property=\"og:site_name\" content=\"Mes Vendanges\" \/>\n<meta property=\"article:modified_time\" content=\"2026-02-25T08:57:44+00:00\" \/>\n<meta property=\"og:image\" content=\"https:\/\/www.mesvendanges.com\/wp-content\/uploads\/2024\/08\/epices-shira-golden-latte-png.png\" \/>\n\t<meta property=\"og:image:width\" content=\"1019\" \/>\n\t<meta property=\"og:image:height\" content=\"1500\" \/>\n\t<meta property=\"og:image:type\" content=\"image\/png\" \/>\n<meta name=\"twitter:card\" content=\"summary_large_image\" \/>\n<meta name=\"twitter:label1\" content=\"Dur\u00e9e de lecture estim\u00e9e\" \/>\n\t<meta name=\"twitter:data1\" content=\"2 minutes\" \/>\n<script type=\"application\/ld+json\" class=\"yoast-schema-graph\">{\"@context\":\"https:\/\/schema.org\",\"@graph\":[{\"@type\":\"Organization\",\"@id\":\"https:\/\/www.mesvendanges.com\/en\/#organization\",\"name\":\"Mes Vendanges\",\"url\":\"https:\/\/www.mesvendanges.com\/en\/\",\"sameAs\":[],\"logo\":{\"@type\":\"ImageObject\",\"inLanguage\":\"fr-FR\",\"@id\":\"https:\/\/www.mesvendanges.com\/en\/#\/schema\/logo\/image\/\",\"url\":\"https:\/\/www.mesvendanges.com\/wp-content\/uploads\/2022\/02\/logo-mesvendanges.jpg\",\"contentUrl\":\"https:\/\/www.mesvendanges.com\/wp-content\/uploads\/2022\/02\/logo-mesvendanges.jpg\",\"width\":851,\"height\":260,\"caption\":\"Mes Vendanges\"},\"image\":{\"@id\":\"https:\/\/www.mesvendanges.com\/en\/#\/schema\/logo\/image\/\"}},{\"@type\":\"WebSite\",\"@id\":\"https:\/\/www.mesvendanges.com\/en\/#website\",\"url\":\"https:\/\/www.mesvendanges.com\/en\/\",\"name\":\"Mes Vendanges\",\"description\":\"Des journ\u00e9es enti\u00e8res dans les vignes\",\"publisher\":{\"@id\":\"https:\/\/www.mesvendanges.com\/en\/#organization\"},\"potentialAction\":[{\"@type\":\"SearchAction\",\"target\":{\"@type\":\"EntryPoint\",\"urlTemplate\":\"https:\/\/www.mesvendanges.com\/en\/?s={search_term_string}\"},\"query-input\":\"required name=search_term_string\"}],\"inLanguage\":\"fr-FR\"},{\"@type\":\"ImageObject\",\"inLanguage\":\"fr-FR\",\"@id\":\"https:\/\/www.mesvendanges.com\/fr\/boutique\/epicerie-et-accessoires\/golden-latte-epices-shira-40gr\/#primaryimage\",\"url\":\"https:\/\/www.mesvendanges.com\/wp-content\/uploads\/2024\/08\/epices-shira-golden-latte-png.png\",\"contentUrl\":\"https:\/\/www.mesvendanges.com\/wp-content\/uploads\/2024\/08\/epices-shira-golden-latte-png.png\",\"width\":1019,\"height\":1500},{\"@type\":\"WebPage\",\"@id\":\"https:\/\/www.mesvendanges.com\/fr\/boutique\/epicerie-et-accessoires\/golden-latte-epices-shira-40gr\/\",\"url\":\"https:\/\/www.mesvendanges.com\/fr\/boutique\/epicerie-et-accessoires\/golden-latte-epices-shira-40gr\/\",\"name\":\"GOLDEN LATTE - Mes Vendanges\",\"isPartOf\":{\"@id\":\"https:\/\/www.mesvendanges.com\/en\/#website\"},\"primaryImageOfPage\":{\"@id\":\"https:\/\/www.mesvendanges.com\/fr\/boutique\/epicerie-et-accessoires\/golden-latte-epices-shira-40gr\/#primaryimage\"},\"datePublished\":\"2024-08-15T13:26:48+00:00\",\"dateModified\":\"2026-02-25T08:57:44+00:00\",\"breadcrumb\":{\"@id\":\"https:\/\/www.mesvendanges.com\/fr\/boutique\/epicerie-et-accessoires\/golden-latte-epices-shira-40gr\/#breadcrumb\"},\"inLanguage\":\"fr-FR\",\"potentialAction\":[{\"@type\":\"ReadAction\",\"target\":[\"https:\/\/www.mesvendanges.com\/fr\/boutique\/epicerie-et-accessoires\/golden-latte-epices-shira-40gr\/\"]}]},{\"@type\":\"BreadcrumbList\",\"@id\":\"https:\/\/www.mesvendanges.com\/fr\/boutique\/epicerie-et-accessoires\/golden-latte-epices-shira-40gr\/#breadcrumb\",\"itemListElement\":[{\"@type\":\"ListItem\",\"position\":1,\"name\":\"Accueil\",\"item\":\"https:\/\/www.mesvendanges.com\/fr\/\"},{\"@type\":\"ListItem\",\"position\":2,\"name\":\"Boutique\",\"item\":\"https:\/\/www.mesvendanges.com\/fr\/boutique\/\"},{\"@type\":\"ListItem\",\"position\":3,\"name\":\"GOLDEN LATTE\"}]}]}<\/script>\n<!-- \/ Yoast SEO plugin. -->","yoast_head_json":{"title":"GOLDEN LATTE - Mes Vendanges","robots":{"index":"index","follow":"follow","max-snippet":"max-snippet:-1","max-image-preview":"max-image-preview:large","max-video-preview":"max-video-preview:-1"},"canonical":"https:\/\/www.mesvendanges.com\/fr\/boutique\/epicerie-et-accessoires\/golden-latte-epices-shira-40gr\/","og_locale":"fr_FR","og_type":"article","og_title":"GOLDEN LATTE - Mes Vendanges","og_description":"\u00ab Bon pour le corps, bon pour le moral, le golden latte r\u00e9chauffe et r\u00e9conforte \u00bb Avant de devenir la star d\u2019Instagram, cette boisson compos\u00e9e de curcuma, de gingembre, de poivre et de miel aidait \u00e0 combattre les maladies de l\u2019hiver. Notre golden latte biologique (aussi appel\u00e9 lait d\u2019or ou golden milk) contient ces m\u00eames [&hellip;]","og_url":"https:\/\/www.mesvendanges.com\/fr\/boutique\/epicerie-et-accessoires\/golden-latte-epices-shira-40gr\/","og_site_name":"Mes Vendanges","article_modified_time":"2026-02-25T08:57:44+00:00","og_image":[{"width":1019,"height":1500,"url":"https:\/\/www.mesvendanges.com\/wp-content\/uploads\/2024\/08\/epices-shira-golden-latte-png.png","type":"image\/png"}],"twitter_card":"summary_large_image","twitter_misc":{"Dur\u00e9e de lecture estim\u00e9e":"2 minutes"},"schema":{"@context":"https:\/\/schema.org","@graph":[{"@type":"Organization","@id":"https:\/\/www.mesvendanges.com\/en\/#organization","name":"Mes Vendanges","url":"https:\/\/www.mesvendanges.com\/en\/","sameAs":[],"logo":{"@type":"ImageObject","inLanguage":"fr-FR","@id":"https:\/\/www.mesvendanges.com\/en\/#\/schema\/logo\/image\/","url":"https:\/\/www.mesvendanges.com\/wp-content\/uploads\/2022\/02\/logo-mesvendanges.jpg","contentUrl":"https:\/\/www.mesvendanges.com\/wp-content\/uploads\/2022\/02\/logo-mesvendanges.jpg","width":851,"height":260,"caption":"Mes Vendanges"},"image":{"@id":"https:\/\/www.mesvendanges.com\/en\/#\/schema\/logo\/image\/"}},{"@type":"WebSite","@id":"https:\/\/www.mesvendanges.com\/en\/#website","url":"https:\/\/www.mesvendanges.com\/en\/","name":"Mes Vendanges","description":"Des journ\u00e9es enti\u00e8res dans les vignes","publisher":{"@id":"https:\/\/www.mesvendanges.com\/en\/#organization"},"potentialAction":[{"@type":"SearchAction","target":{"@type":"EntryPoint","urlTemplate":"https:\/\/www.mesvendanges.com\/en\/?s={search_term_string}"},"query-input":"required name=search_term_string"}],"inLanguage":"fr-FR"},{"@type":"ImageObject","inLanguage":"fr-FR","@id":"https:\/\/www.mesvendanges.com\/fr\/boutique\/epicerie-et-accessoires\/golden-latte-epices-shira-40gr\/#primaryimage","url":"https:\/\/www.mesvendanges.com\/wp-content\/uploads\/2024\/08\/epices-shira-golden-latte-png.png","contentUrl":"https:\/\/www.mesvendanges.com\/wp-content\/uploads\/2024\/08\/epices-shira-golden-latte-png.png","width":1019,"height":1500},{"@type":"WebPage","@id":"https:\/\/www.mesvendanges.com\/fr\/boutique\/epicerie-et-accessoires\/golden-latte-epices-shira-40gr\/","url":"https:\/\/www.mesvendanges.com\/fr\/boutique\/epicerie-et-accessoires\/golden-latte-epices-shira-40gr\/","name":"GOLDEN LATTE - Mes Vendanges","isPartOf":{"@id":"https:\/\/www.mesvendanges.com\/en\/#website"},"primaryImageOfPage":{"@id":"https:\/\/www.mesvendanges.com\/fr\/boutique\/epicerie-et-accessoires\/golden-latte-epices-shira-40gr\/#primaryimage"},"datePublished":"2024-08-15T13:26:48+00:00","dateModified":"2026-02-25T08:57:44+00:00","breadcrumb":{"@id":"https:\/\/www.mesvendanges.com\/fr\/boutique\/epicerie-et-accessoires\/golden-latte-epices-shira-40gr\/#breadcrumb"},"inLanguage":"fr-FR","potentialAction":[{"@type":"ReadAction","target":["https:\/\/www.mesvendanges.com\/fr\/boutique\/epicerie-et-accessoires\/golden-latte-epices-shira-40gr\/"]}]},{"@type":"BreadcrumbList","@id":"https:\/\/www.mesvendanges.com\/fr\/boutique\/epicerie-et-accessoires\/golden-latte-epices-shira-40gr\/#breadcrumb","itemListElement":[{"@type":"ListItem","position":1,"name":"Accueil","item":"https:\/\/www.mesvendanges.com\/fr\/"},{"@type":"ListItem","position":2,"name":"Boutique","item":"https:\/\/www.mesvendanges.com\/fr\/boutique\/"},{"@type":"ListItem","position":3,"name":"GOLDEN LATTE"}]}]}},"_links":{"self":[{"href":"https:\/\/www.mesvendanges.com\/fr\/wp-json\/wp\/v2\/product\/76221"}],"collection":[{"href":"https:\/\/www.mesvendanges.com\/fr\/wp-json\/wp\/v2\/product"}],"about":[{"href":"https:\/\/www.mesvendanges.com\/fr\/wp-json\/wp\/v2\/types\/product"}],"wp:featuredmedia":[{"embeddable":true,"href":"https:\/\/www.mesvendanges.com\/fr\/wp-json\/wp\/v2\/media\/76219"}],"wp:attachment":[{"href":"https:\/\/www.mesvendanges.com\/fr\/wp-json\/wp\/v2\/media?parent=76221"}],"wp:term":[{"taxonomy":"product_cat","embeddable":true,"href":"https:\/\/www.mesvendanges.com\/fr\/wp-json\/wp\/v2\/product_cat?post=76221"},{"taxonomy":"product_tag","embeddable":true,"href":"https:\/\/www.mesvendanges.com\/fr\/wp-json\/wp\/v2\/product_tag?post=76221"}],"curies":[{"name":"wp","href":"https:\/\/api.w.org\/{rel}","templated":true}]}}