{"id":79539,"date":"2024-09-30T15:37:42","date_gmt":"2024-09-30T13:37:42","guid":{"rendered":"https:\/\/www.mesvendanges.com\/shop\/non%20class\u00e9\/hi-lite-bordeaux-spiegelau-65cl\/"},"modified":"2025-05-01T17:45:28","modified_gmt":"2025-05-01T15:45:28","slug":"hi-lite-bordeaux-spiegelau-65cl","status":"publish","type":"product","link":"https:\/\/www.mesvendanges.com\/fr\/boutique\/epicerie-et-accessoires\/hi-lite-bordeaux-spiegelau-65cl\/","title":{"rendered":"HI-LITE BORDEAUX"},"content":{"rendered":"<p>Le verre Hi-Lite Bordeaux est le verre id\u00e9al pour la d\u00e9gustation des grands bordeaux ainsi que des grandes syrahs.Il s&#8217;inspire de l&#8217;Authentis Bordeaux 35, avec une fabrication r\u00e9volutionnaire qui lui donne la l\u00e9geret\u00e9 d&#8217;un verre souffl\u00e9 bouche.<\/p>\n<p>Ce produit est fait de cristal pur.<\/p>\n<p>Les verres \u00e0 vin SPIEGELAU Hi-Lite fabriqu\u00e9s \u00e0 la machine ont l&#8217;apparence et l&#8217;esth\u00e9tique de la verrerie artisanale la plus raffin\u00e9e. Avec une base plate, un pied fin et des proportions harmonieuses, ils offrent une exp\u00e9rience de d\u00e9gustation incomparable. Ces verres en cristallin ultral\u00e9gers \u00e9tablissent de nouvelles normes en termes de qualit\u00e9 sup\u00e9rieure \u00e0 un prix abordable. Gr\u00e2ce aux technologies innovantes et aux m\u00e9thodes de production sophistiqu\u00e9es de SPIEGELAU, ce luxe pour la d\u00e9gustation du vin est aujourd&#8217;hui plus accessible que jamais. <\/p>\n<p>REF 175 01 65<br \/>\nHauteur : 245 mm<br \/>\nContenance : 65 cl<\/p>\n","protected":false},"excerpt":{"rendered":"<p>Le verre Hi-Lite Bordeaux est le verre id\u00e9al pour la d\u00e9gustation des grands bordeaux ainsi que des grandes syrahs.Il s&#8217;inspire de l&#8217;Authentis Bordeaux 35, avec une fabrication r\u00e9volutionnaire qui lui donne la l\u00e9geret\u00e9 d&#8217;un verre souffl\u00e9 bouche. Ce produit est fait de cristal pur. Les verres \u00e0 vin SPIEGELAU Hi-Lite fabriqu\u00e9s \u00e0 la machine ont [&hellip;]<\/p>\n","protected":false},"featured_media":79543,"template":"","meta":[],"product_cat":[3737],"product_tag":[],"acf":[],"yoast_head":"<!-- This site is optimized with the Yoast SEO plugin v19.3 - https:\/\/yoast.com\/wordpress\/plugins\/seo\/ -->\n<title>HI-LITE BORDEAUX - Mes Vendanges<\/title>\n<meta name=\"robots\" content=\"index, follow, max-snippet:-1, max-image-preview:large, max-video-preview:-1\" \/>\n<link rel=\"canonical\" href=\"https:\/\/www.mesvendanges.com\/fr\/boutique\/epicerie-et-accessoires\/hi-lite-bordeaux-spiegelau-65cl\/\" \/>\n<meta property=\"og:locale\" content=\"fr_FR\" \/>\n<meta property=\"og:type\" content=\"article\" \/>\n<meta property=\"og:title\" content=\"HI-LITE BORDEAUX - Mes Vendanges\" \/>\n<meta property=\"og:description\" content=\"Le verre Hi-Lite Bordeaux est le verre id\u00e9al pour la d\u00e9gustation des grands bordeaux ainsi que des grandes syrahs.Il s&#8217;inspire de l&#8217;Authentis Bordeaux 35, avec une fabrication r\u00e9volutionnaire qui lui donne la l\u00e9geret\u00e9 d&#8217;un verre souffl\u00e9 bouche. Ce produit est fait de cristal pur. Les verres \u00e0 vin SPIEGELAU Hi-Lite fabriqu\u00e9s \u00e0 la machine ont [&hellip;]\" \/>\n<meta property=\"og:url\" content=\"https:\/\/www.mesvendanges.com\/fr\/boutique\/epicerie-et-accessoires\/hi-lite-bordeaux-spiegelau-65cl\/\" \/>\n<meta property=\"og:site_name\" content=\"Mes Vendanges\" \/>\n<meta property=\"article:modified_time\" content=\"2025-05-01T15:45:28+00:00\" \/>\n<meta property=\"og:image\" content=\"https:\/\/www.mesvendanges.com\/wp-content\/uploads\/2024\/09\/1750165-jpg.jpg\" \/>\n\t<meta property=\"og:image:width\" content=\"1308\" \/>\n\t<meta property=\"og:image:height\" content=\"1500\" \/>\n\t<meta property=\"og:image:type\" content=\"image\/jpeg\" \/>\n<meta name=\"twitter:card\" content=\"summary_large_image\" \/>\n<meta name=\"twitter:label1\" content=\"Dur\u00e9e de lecture estim\u00e9e\" \/>\n\t<meta name=\"twitter:data1\" content=\"1 minute\" \/>\n<script type=\"application\/ld+json\" class=\"yoast-schema-graph\">{\"@context\":\"https:\/\/schema.org\",\"@graph\":[{\"@type\":\"Organization\",\"@id\":\"https:\/\/www.mesvendanges.com\/en\/#organization\",\"name\":\"Mes Vendanges\",\"url\":\"https:\/\/www.mesvendanges.com\/en\/\",\"sameAs\":[],\"logo\":{\"@type\":\"ImageObject\",\"inLanguage\":\"fr-FR\",\"@id\":\"https:\/\/www.mesvendanges.com\/en\/#\/schema\/logo\/image\/\",\"url\":\"https:\/\/www.mesvendanges.com\/wp-content\/uploads\/2022\/02\/logo-mesvendanges.jpg\",\"contentUrl\":\"https:\/\/www.mesvendanges.com\/wp-content\/uploads\/2022\/02\/logo-mesvendanges.jpg\",\"width\":851,\"height\":260,\"caption\":\"Mes Vendanges\"},\"image\":{\"@id\":\"https:\/\/www.mesvendanges.com\/en\/#\/schema\/logo\/image\/\"}},{\"@type\":\"WebSite\",\"@id\":\"https:\/\/www.mesvendanges.com\/en\/#website\",\"url\":\"https:\/\/www.mesvendanges.com\/en\/\",\"name\":\"Mes Vendanges\",\"description\":\"Des journ\u00e9es enti\u00e8res dans les vignes\",\"publisher\":{\"@id\":\"https:\/\/www.mesvendanges.com\/en\/#organization\"},\"potentialAction\":[{\"@type\":\"SearchAction\",\"target\":{\"@type\":\"EntryPoint\",\"urlTemplate\":\"https:\/\/www.mesvendanges.com\/en\/?s={search_term_string}\"},\"query-input\":\"required name=search_term_string\"}],\"inLanguage\":\"fr-FR\"},{\"@type\":\"ImageObject\",\"inLanguage\":\"fr-FR\",\"@id\":\"https:\/\/www.mesvendanges.com\/fr\/boutique\/epicerie-et-accessoires\/hi-lite-bordeaux-spiegelau-65cl\/#primaryimage\",\"url\":\"https:\/\/www.mesvendanges.com\/wp-content\/uploads\/2024\/09\/1750165-jpg.jpg\",\"contentUrl\":\"https:\/\/www.mesvendanges.com\/wp-content\/uploads\/2024\/09\/1750165-jpg.jpg\",\"width\":1308,\"height\":1500},{\"@type\":\"WebPage\",\"@id\":\"https:\/\/www.mesvendanges.com\/fr\/boutique\/epicerie-et-accessoires\/hi-lite-bordeaux-spiegelau-65cl\/\",\"url\":\"https:\/\/www.mesvendanges.com\/fr\/boutique\/epicerie-et-accessoires\/hi-lite-bordeaux-spiegelau-65cl\/\",\"name\":\"HI-LITE BORDEAUX - Mes Vendanges\",\"isPartOf\":{\"@id\":\"https:\/\/www.mesvendanges.com\/en\/#website\"},\"primaryImageOfPage\":{\"@id\":\"https:\/\/www.mesvendanges.com\/fr\/boutique\/epicerie-et-accessoires\/hi-lite-bordeaux-spiegelau-65cl\/#primaryimage\"},\"datePublished\":\"2024-09-30T13:37:42+00:00\",\"dateModified\":\"2025-05-01T15:45:28+00:00\",\"breadcrumb\":{\"@id\":\"https:\/\/www.mesvendanges.com\/fr\/boutique\/epicerie-et-accessoires\/hi-lite-bordeaux-spiegelau-65cl\/#breadcrumb\"},\"inLanguage\":\"fr-FR\",\"potentialAction\":[{\"@type\":\"ReadAction\",\"target\":[\"https:\/\/www.mesvendanges.com\/fr\/boutique\/epicerie-et-accessoires\/hi-lite-bordeaux-spiegelau-65cl\/\"]}]},{\"@type\":\"BreadcrumbList\",\"@id\":\"https:\/\/www.mesvendanges.com\/fr\/boutique\/epicerie-et-accessoires\/hi-lite-bordeaux-spiegelau-65cl\/#breadcrumb\",\"itemListElement\":[{\"@type\":\"ListItem\",\"position\":1,\"name\":\"Accueil\",\"item\":\"https:\/\/www.mesvendanges.com\/fr\/\"},{\"@type\":\"ListItem\",\"position\":2,\"name\":\"Boutique\",\"item\":\"https:\/\/www.mesvendanges.com\/fr\/boutique\/\"},{\"@type\":\"ListItem\",\"position\":3,\"name\":\"HI-LITE BORDEAUX\"}]}]}<\/script>\n<!-- \/ Yoast SEO plugin. -->","yoast_head_json":{"title":"HI-LITE BORDEAUX - Mes Vendanges","robots":{"index":"index","follow":"follow","max-snippet":"max-snippet:-1","max-image-preview":"max-image-preview:large","max-video-preview":"max-video-preview:-1"},"canonical":"https:\/\/www.mesvendanges.com\/fr\/boutique\/epicerie-et-accessoires\/hi-lite-bordeaux-spiegelau-65cl\/","og_locale":"fr_FR","og_type":"article","og_title":"HI-LITE BORDEAUX - Mes Vendanges","og_description":"Le verre Hi-Lite Bordeaux est le verre id\u00e9al pour la d\u00e9gustation des grands bordeaux ainsi que des grandes syrahs.Il s&#8217;inspire de l&#8217;Authentis Bordeaux 35, avec une fabrication r\u00e9volutionnaire qui lui donne la l\u00e9geret\u00e9 d&#8217;un verre souffl\u00e9 bouche. Ce produit est fait de cristal pur. Les verres \u00e0 vin SPIEGELAU Hi-Lite fabriqu\u00e9s \u00e0 la machine ont [&hellip;]","og_url":"https:\/\/www.mesvendanges.com\/fr\/boutique\/epicerie-et-accessoires\/hi-lite-bordeaux-spiegelau-65cl\/","og_site_name":"Mes Vendanges","article_modified_time":"2025-05-01T15:45:28+00:00","og_image":[{"width":1308,"height":1500,"url":"https:\/\/www.mesvendanges.com\/wp-content\/uploads\/2024\/09\/1750165-jpg.jpg","type":"image\/jpeg"}],"twitter_card":"summary_large_image","twitter_misc":{"Dur\u00e9e de lecture estim\u00e9e":"1 minute"},"schema":{"@context":"https:\/\/schema.org","@graph":[{"@type":"Organization","@id":"https:\/\/www.mesvendanges.com\/en\/#organization","name":"Mes Vendanges","url":"https:\/\/www.mesvendanges.com\/en\/","sameAs":[],"logo":{"@type":"ImageObject","inLanguage":"fr-FR","@id":"https:\/\/www.mesvendanges.com\/en\/#\/schema\/logo\/image\/","url":"https:\/\/www.mesvendanges.com\/wp-content\/uploads\/2022\/02\/logo-mesvendanges.jpg","contentUrl":"https:\/\/www.mesvendanges.com\/wp-content\/uploads\/2022\/02\/logo-mesvendanges.jpg","width":851,"height":260,"caption":"Mes Vendanges"},"image":{"@id":"https:\/\/www.mesvendanges.com\/en\/#\/schema\/logo\/image\/"}},{"@type":"WebSite","@id":"https:\/\/www.mesvendanges.com\/en\/#website","url":"https:\/\/www.mesvendanges.com\/en\/","name":"Mes Vendanges","description":"Des journ\u00e9es enti\u00e8res dans les vignes","publisher":{"@id":"https:\/\/www.mesvendanges.com\/en\/#organization"},"potentialAction":[{"@type":"SearchAction","target":{"@type":"EntryPoint","urlTemplate":"https:\/\/www.mesvendanges.com\/en\/?s={search_term_string}"},"query-input":"required name=search_term_string"}],"inLanguage":"fr-FR"},{"@type":"ImageObject","inLanguage":"fr-FR","@id":"https:\/\/www.mesvendanges.com\/fr\/boutique\/epicerie-et-accessoires\/hi-lite-bordeaux-spiegelau-65cl\/#primaryimage","url":"https:\/\/www.mesvendanges.com\/wp-content\/uploads\/2024\/09\/1750165-jpg.jpg","contentUrl":"https:\/\/www.mesvendanges.com\/wp-content\/uploads\/2024\/09\/1750165-jpg.jpg","width":1308,"height":1500},{"@type":"WebPage","@id":"https:\/\/www.mesvendanges.com\/fr\/boutique\/epicerie-et-accessoires\/hi-lite-bordeaux-spiegelau-65cl\/","url":"https:\/\/www.mesvendanges.com\/fr\/boutique\/epicerie-et-accessoires\/hi-lite-bordeaux-spiegelau-65cl\/","name":"HI-LITE BORDEAUX - Mes Vendanges","isPartOf":{"@id":"https:\/\/www.mesvendanges.com\/en\/#website"},"primaryImageOfPage":{"@id":"https:\/\/www.mesvendanges.com\/fr\/boutique\/epicerie-et-accessoires\/hi-lite-bordeaux-spiegelau-65cl\/#primaryimage"},"datePublished":"2024-09-30T13:37:42+00:00","dateModified":"2025-05-01T15:45:28+00:00","breadcrumb":{"@id":"https:\/\/www.mesvendanges.com\/fr\/boutique\/epicerie-et-accessoires\/hi-lite-bordeaux-spiegelau-65cl\/#breadcrumb"},"inLanguage":"fr-FR","potentialAction":[{"@type":"ReadAction","target":["https:\/\/www.mesvendanges.com\/fr\/boutique\/epicerie-et-accessoires\/hi-lite-bordeaux-spiegelau-65cl\/"]}]},{"@type":"BreadcrumbList","@id":"https:\/\/www.mesvendanges.com\/fr\/boutique\/epicerie-et-accessoires\/hi-lite-bordeaux-spiegelau-65cl\/#breadcrumb","itemListElement":[{"@type":"ListItem","position":1,"name":"Accueil","item":"https:\/\/www.mesvendanges.com\/fr\/"},{"@type":"ListItem","position":2,"name":"Boutique","item":"https:\/\/www.mesvendanges.com\/fr\/boutique\/"},{"@type":"ListItem","position":3,"name":"HI-LITE BORDEAUX"}]}]}},"_links":{"self":[{"href":"https:\/\/www.mesvendanges.com\/fr\/wp-json\/wp\/v2\/product\/79539"}],"collection":[{"href":"https:\/\/www.mesvendanges.com\/fr\/wp-json\/wp\/v2\/product"}],"about":[{"href":"https:\/\/www.mesvendanges.com\/fr\/wp-json\/wp\/v2\/types\/product"}],"wp:featuredmedia":[{"embeddable":true,"href":"https:\/\/www.mesvendanges.com\/fr\/wp-json\/wp\/v2\/media\/79543"}],"wp:attachment":[{"href":"https:\/\/www.mesvendanges.com\/fr\/wp-json\/wp\/v2\/media?parent=79539"}],"wp:term":[{"taxonomy":"product_cat","embeddable":true,"href":"https:\/\/www.mesvendanges.com\/fr\/wp-json\/wp\/v2\/product_cat?post=79539"},{"taxonomy":"product_tag","embeddable":true,"href":"https:\/\/www.mesvendanges.com\/fr\/wp-json\/wp\/v2\/product_tag?post=79539"}],"curies":[{"name":"wp","href":"https:\/\/api.w.org\/{rel}","templated":true}]}}