{"id":79541,"date":"2024-09-30T15:42:37","date_gmt":"2024-09-30T13:42:37","guid":{"rendered":"https:\/\/www.mesvendanges.com\/shop\/non%20class\u00e9\/hi-lite-champagne-spiegelau-35cl\/"},"modified":"2026-01-15T12:29:55","modified_gmt":"2026-01-15T11:29:55","slug":"hi-lite-champagne-spiegelau-35cl","status":"publish","type":"product","link":"https:\/\/www.mesvendanges.com\/fr\/boutique\/epicerie-et-accessoires\/hi-lite-champagne-spiegelau-35cl\/","title":{"rendered":"HI-LITE CHAMPAGNE"},"content":{"rendered":"<p>Le verre Hi-Lite Champagne est le verre id\u00e9al pour la d\u00e9gustation des grands champagnes ainsi que des grandes bulles du monde entier.Il s&#8217;inspire de l&#8217;Authentis Champagne 29, avec une fabrication r\u00e9volutionnaire qui lui donne la l\u00e9geret\u00e9 d&#8217;un verre souffl\u00e9 bouche.<\/p>\n<p>Ce produit est fait de cristal pur.<\/p>\n<p>Les verres \u00e0 vin SPIEGELAU Hi-Lite fabriqu\u00e9s \u00e0 la machine ont l&#8217;apparence et l&#8217;esth\u00e9tique de la verrerie artisanale la plus raffin\u00e9e. Avec une base plate, un pied fin et des proportions harmonieuses, ils offrent une exp\u00e9rience de d\u00e9gustation incomparable. Ces verres en cristallin ultral\u00e9gers \u00e9tablissent de nouvelles normes en termes de qualit\u00e9 sup\u00e9rieure \u00e0 un prix abordable. Gr\u00e2ce aux technologies innovantes et aux m\u00e9thodes de production sophistiqu\u00e9es de SPIEGELAU, ce luxe pour la d\u00e9gustation du vin est aujourd&#8217;hui plus accessible que jamais. <\/p>\n<p>REF 175 01 69<br \/>\nHauteur : 230 mm<br \/>\nContenance : 35 cl<\/p>\n","protected":false},"excerpt":{"rendered":"<p>Le verre Hi-Lite Champagne est le verre id\u00e9al pour la d\u00e9gustation des grands champagnes ainsi que des grandes bulles du monde entier.Il s&#8217;inspire de l&#8217;Authentis Champagne 29, avec une fabrication r\u00e9volutionnaire qui lui donne la l\u00e9geret\u00e9 d&#8217;un verre souffl\u00e9 bouche. Ce produit est fait de cristal pur. Les verres \u00e0 vin SPIEGELAU Hi-Lite fabriqu\u00e9s \u00e0 [&hellip;]<\/p>\n","protected":false},"featured_media":79547,"template":"","meta":[],"product_cat":[3737],"product_tag":[],"acf":[],"yoast_head":"<!-- This site is optimized with the Yoast SEO plugin v19.3 - https:\/\/yoast.com\/wordpress\/plugins\/seo\/ -->\n<title>HI-LITE CHAMPAGNE - Mes Vendanges<\/title>\n<meta name=\"robots\" content=\"index, follow, max-snippet:-1, max-image-preview:large, max-video-preview:-1\" \/>\n<link rel=\"canonical\" href=\"https:\/\/www.mesvendanges.com\/fr\/boutique\/epicerie-et-accessoires\/hi-lite-champagne-spiegelau-35cl\/\" \/>\n<meta property=\"og:locale\" content=\"fr_FR\" \/>\n<meta property=\"og:type\" content=\"article\" \/>\n<meta property=\"og:title\" content=\"HI-LITE CHAMPAGNE - Mes Vendanges\" \/>\n<meta property=\"og:description\" content=\"Le verre Hi-Lite Champagne est le verre id\u00e9al pour la d\u00e9gustation des grands champagnes ainsi que des grandes bulles du monde entier.Il s&#8217;inspire de l&#8217;Authentis Champagne 29, avec une fabrication r\u00e9volutionnaire qui lui donne la l\u00e9geret\u00e9 d&#8217;un verre souffl\u00e9 bouche. Ce produit est fait de cristal pur. Les verres \u00e0 vin SPIEGELAU Hi-Lite fabriqu\u00e9s \u00e0 [&hellip;]\" \/>\n<meta property=\"og:url\" content=\"https:\/\/www.mesvendanges.com\/fr\/boutique\/epicerie-et-accessoires\/hi-lite-champagne-spiegelau-35cl\/\" \/>\n<meta property=\"og:site_name\" content=\"Mes Vendanges\" \/>\n<meta property=\"article:modified_time\" content=\"2026-01-15T11:29:55+00:00\" \/>\n<meta property=\"og:image\" content=\"https:\/\/www.mesvendanges.com\/wp-content\/uploads\/2024\/09\/1750169-jpg.jpg\" \/>\n\t<meta property=\"og:image:width\" content=\"1371\" \/>\n\t<meta property=\"og:image:height\" content=\"1500\" \/>\n\t<meta property=\"og:image:type\" content=\"image\/jpeg\" \/>\n<meta name=\"twitter:card\" content=\"summary_large_image\" \/>\n<meta name=\"twitter:label1\" content=\"Dur\u00e9e de lecture estim\u00e9e\" \/>\n\t<meta name=\"twitter:data1\" content=\"1 minute\" \/>\n<script type=\"application\/ld+json\" class=\"yoast-schema-graph\">{\"@context\":\"https:\/\/schema.org\",\"@graph\":[{\"@type\":\"Organization\",\"@id\":\"https:\/\/www.mesvendanges.com\/en\/#organization\",\"name\":\"Mes Vendanges\",\"url\":\"https:\/\/www.mesvendanges.com\/en\/\",\"sameAs\":[],\"logo\":{\"@type\":\"ImageObject\",\"inLanguage\":\"fr-FR\",\"@id\":\"https:\/\/www.mesvendanges.com\/en\/#\/schema\/logo\/image\/\",\"url\":\"https:\/\/www.mesvendanges.com\/wp-content\/uploads\/2022\/02\/logo-mesvendanges.jpg\",\"contentUrl\":\"https:\/\/www.mesvendanges.com\/wp-content\/uploads\/2022\/02\/logo-mesvendanges.jpg\",\"width\":851,\"height\":260,\"caption\":\"Mes Vendanges\"},\"image\":{\"@id\":\"https:\/\/www.mesvendanges.com\/en\/#\/schema\/logo\/image\/\"}},{\"@type\":\"WebSite\",\"@id\":\"https:\/\/www.mesvendanges.com\/en\/#website\",\"url\":\"https:\/\/www.mesvendanges.com\/en\/\",\"name\":\"Mes Vendanges\",\"description\":\"Des journ\u00e9es enti\u00e8res dans les vignes\",\"publisher\":{\"@id\":\"https:\/\/www.mesvendanges.com\/en\/#organization\"},\"potentialAction\":[{\"@type\":\"SearchAction\",\"target\":{\"@type\":\"EntryPoint\",\"urlTemplate\":\"https:\/\/www.mesvendanges.com\/en\/?s={search_term_string}\"},\"query-input\":\"required name=search_term_string\"}],\"inLanguage\":\"fr-FR\"},{\"@type\":\"ImageObject\",\"inLanguage\":\"fr-FR\",\"@id\":\"https:\/\/www.mesvendanges.com\/fr\/boutique\/epicerie-et-accessoires\/hi-lite-champagne-spiegelau-35cl\/#primaryimage\",\"url\":\"https:\/\/www.mesvendanges.com\/wp-content\/uploads\/2024\/09\/1750169-jpg.jpg\",\"contentUrl\":\"https:\/\/www.mesvendanges.com\/wp-content\/uploads\/2024\/09\/1750169-jpg.jpg\",\"width\":1371,\"height\":1500},{\"@type\":\"WebPage\",\"@id\":\"https:\/\/www.mesvendanges.com\/fr\/boutique\/epicerie-et-accessoires\/hi-lite-champagne-spiegelau-35cl\/\",\"url\":\"https:\/\/www.mesvendanges.com\/fr\/boutique\/epicerie-et-accessoires\/hi-lite-champagne-spiegelau-35cl\/\",\"name\":\"HI-LITE CHAMPAGNE - Mes Vendanges\",\"isPartOf\":{\"@id\":\"https:\/\/www.mesvendanges.com\/en\/#website\"},\"primaryImageOfPage\":{\"@id\":\"https:\/\/www.mesvendanges.com\/fr\/boutique\/epicerie-et-accessoires\/hi-lite-champagne-spiegelau-35cl\/#primaryimage\"},\"datePublished\":\"2024-09-30T13:42:37+00:00\",\"dateModified\":\"2026-01-15T11:29:55+00:00\",\"breadcrumb\":{\"@id\":\"https:\/\/www.mesvendanges.com\/fr\/boutique\/epicerie-et-accessoires\/hi-lite-champagne-spiegelau-35cl\/#breadcrumb\"},\"inLanguage\":\"fr-FR\",\"potentialAction\":[{\"@type\":\"ReadAction\",\"target\":[\"https:\/\/www.mesvendanges.com\/fr\/boutique\/epicerie-et-accessoires\/hi-lite-champagne-spiegelau-35cl\/\"]}]},{\"@type\":\"BreadcrumbList\",\"@id\":\"https:\/\/www.mesvendanges.com\/fr\/boutique\/epicerie-et-accessoires\/hi-lite-champagne-spiegelau-35cl\/#breadcrumb\",\"itemListElement\":[{\"@type\":\"ListItem\",\"position\":1,\"name\":\"Accueil\",\"item\":\"https:\/\/www.mesvendanges.com\/fr\/\"},{\"@type\":\"ListItem\",\"position\":2,\"name\":\"Boutique\",\"item\":\"https:\/\/www.mesvendanges.com\/fr\/boutique\/\"},{\"@type\":\"ListItem\",\"position\":3,\"name\":\"HI-LITE CHAMPAGNE\"}]}]}<\/script>\n<!-- \/ Yoast SEO plugin. -->","yoast_head_json":{"title":"HI-LITE CHAMPAGNE - Mes Vendanges","robots":{"index":"index","follow":"follow","max-snippet":"max-snippet:-1","max-image-preview":"max-image-preview:large","max-video-preview":"max-video-preview:-1"},"canonical":"https:\/\/www.mesvendanges.com\/fr\/boutique\/epicerie-et-accessoires\/hi-lite-champagne-spiegelau-35cl\/","og_locale":"fr_FR","og_type":"article","og_title":"HI-LITE CHAMPAGNE - Mes Vendanges","og_description":"Le verre Hi-Lite Champagne est le verre id\u00e9al pour la d\u00e9gustation des grands champagnes ainsi que des grandes bulles du monde entier.Il s&#8217;inspire de l&#8217;Authentis Champagne 29, avec une fabrication r\u00e9volutionnaire qui lui donne la l\u00e9geret\u00e9 d&#8217;un verre souffl\u00e9 bouche. Ce produit est fait de cristal pur. Les verres \u00e0 vin SPIEGELAU Hi-Lite fabriqu\u00e9s \u00e0 [&hellip;]","og_url":"https:\/\/www.mesvendanges.com\/fr\/boutique\/epicerie-et-accessoires\/hi-lite-champagne-spiegelau-35cl\/","og_site_name":"Mes Vendanges","article_modified_time":"2026-01-15T11:29:55+00:00","og_image":[{"width":1371,"height":1500,"url":"https:\/\/www.mesvendanges.com\/wp-content\/uploads\/2024\/09\/1750169-jpg.jpg","type":"image\/jpeg"}],"twitter_card":"summary_large_image","twitter_misc":{"Dur\u00e9e de lecture estim\u00e9e":"1 minute"},"schema":{"@context":"https:\/\/schema.org","@graph":[{"@type":"Organization","@id":"https:\/\/www.mesvendanges.com\/en\/#organization","name":"Mes Vendanges","url":"https:\/\/www.mesvendanges.com\/en\/","sameAs":[],"logo":{"@type":"ImageObject","inLanguage":"fr-FR","@id":"https:\/\/www.mesvendanges.com\/en\/#\/schema\/logo\/image\/","url":"https:\/\/www.mesvendanges.com\/wp-content\/uploads\/2022\/02\/logo-mesvendanges.jpg","contentUrl":"https:\/\/www.mesvendanges.com\/wp-content\/uploads\/2022\/02\/logo-mesvendanges.jpg","width":851,"height":260,"caption":"Mes Vendanges"},"image":{"@id":"https:\/\/www.mesvendanges.com\/en\/#\/schema\/logo\/image\/"}},{"@type":"WebSite","@id":"https:\/\/www.mesvendanges.com\/en\/#website","url":"https:\/\/www.mesvendanges.com\/en\/","name":"Mes Vendanges","description":"Des journ\u00e9es enti\u00e8res dans les vignes","publisher":{"@id":"https:\/\/www.mesvendanges.com\/en\/#organization"},"potentialAction":[{"@type":"SearchAction","target":{"@type":"EntryPoint","urlTemplate":"https:\/\/www.mesvendanges.com\/en\/?s={search_term_string}"},"query-input":"required name=search_term_string"}],"inLanguage":"fr-FR"},{"@type":"ImageObject","inLanguage":"fr-FR","@id":"https:\/\/www.mesvendanges.com\/fr\/boutique\/epicerie-et-accessoires\/hi-lite-champagne-spiegelau-35cl\/#primaryimage","url":"https:\/\/www.mesvendanges.com\/wp-content\/uploads\/2024\/09\/1750169-jpg.jpg","contentUrl":"https:\/\/www.mesvendanges.com\/wp-content\/uploads\/2024\/09\/1750169-jpg.jpg","width":1371,"height":1500},{"@type":"WebPage","@id":"https:\/\/www.mesvendanges.com\/fr\/boutique\/epicerie-et-accessoires\/hi-lite-champagne-spiegelau-35cl\/","url":"https:\/\/www.mesvendanges.com\/fr\/boutique\/epicerie-et-accessoires\/hi-lite-champagne-spiegelau-35cl\/","name":"HI-LITE CHAMPAGNE - Mes Vendanges","isPartOf":{"@id":"https:\/\/www.mesvendanges.com\/en\/#website"},"primaryImageOfPage":{"@id":"https:\/\/www.mesvendanges.com\/fr\/boutique\/epicerie-et-accessoires\/hi-lite-champagne-spiegelau-35cl\/#primaryimage"},"datePublished":"2024-09-30T13:42:37+00:00","dateModified":"2026-01-15T11:29:55+00:00","breadcrumb":{"@id":"https:\/\/www.mesvendanges.com\/fr\/boutique\/epicerie-et-accessoires\/hi-lite-champagne-spiegelau-35cl\/#breadcrumb"},"inLanguage":"fr-FR","potentialAction":[{"@type":"ReadAction","target":["https:\/\/www.mesvendanges.com\/fr\/boutique\/epicerie-et-accessoires\/hi-lite-champagne-spiegelau-35cl\/"]}]},{"@type":"BreadcrumbList","@id":"https:\/\/www.mesvendanges.com\/fr\/boutique\/epicerie-et-accessoires\/hi-lite-champagne-spiegelau-35cl\/#breadcrumb","itemListElement":[{"@type":"ListItem","position":1,"name":"Accueil","item":"https:\/\/www.mesvendanges.com\/fr\/"},{"@type":"ListItem","position":2,"name":"Boutique","item":"https:\/\/www.mesvendanges.com\/fr\/boutique\/"},{"@type":"ListItem","position":3,"name":"HI-LITE CHAMPAGNE"}]}]}},"_links":{"self":[{"href":"https:\/\/www.mesvendanges.com\/fr\/wp-json\/wp\/v2\/product\/79541"}],"collection":[{"href":"https:\/\/www.mesvendanges.com\/fr\/wp-json\/wp\/v2\/product"}],"about":[{"href":"https:\/\/www.mesvendanges.com\/fr\/wp-json\/wp\/v2\/types\/product"}],"wp:featuredmedia":[{"embeddable":true,"href":"https:\/\/www.mesvendanges.com\/fr\/wp-json\/wp\/v2\/media\/79547"}],"wp:attachment":[{"href":"https:\/\/www.mesvendanges.com\/fr\/wp-json\/wp\/v2\/media?parent=79541"}],"wp:term":[{"taxonomy":"product_cat","embeddable":true,"href":"https:\/\/www.mesvendanges.com\/fr\/wp-json\/wp\/v2\/product_cat?post=79541"},{"taxonomy":"product_tag","embeddable":true,"href":"https:\/\/www.mesvendanges.com\/fr\/wp-json\/wp\/v2\/product_tag?post=79541"}],"curies":[{"name":"wp","href":"https:\/\/api.w.org\/{rel}","templated":true}]}}