{"id":79681,"date":"2024-10-11T16:25:09","date_gmt":"2024-10-11T14:25:09","guid":{"rendered":"https:\/\/www.mesvendanges.com\/shop\/non%20class\u00e9\/avgoustiatis-rose-nature-kefalinos-dne-2022-75cl\/"},"modified":"2025-05-01T16:22:25","modified_gmt":"2025-05-01T14:22:25","slug":"avgoustiatis-rose-nature-kefalinos-dne-2023-75cl","status":"publish","type":"product","link":"https:\/\/www.mesvendanges.com\/fr\/boutique\/vins\/avgoustiatis-rose-nature-kefalinos-dne-2023-75cl\/","title":{"rendered":"AVGOUSTIATIS ROSE NATURE"},"content":{"rendered":"<p>Ce vin est issu de vignes franches d&#8217;avgoustiatis, un c\u00e9page autochtone de l&#8217;\u00eele de Zante (Zakintos). Les parcelles sont situ\u00e9es \u00e0 850m d&#8217;altitude sur des sols profonds de calcaire blanc. Le vin est \u00e9lev\u00e9 de mani\u00e8re naturelle pendant 10 mois en barrique (pas de bois neuf). Ros\u00e9 parfum\u00e9, avec une belle pr\u00e9sence, un ros\u00e9 de mache, avec de la texture, ce qu&#8217;il faut de tanins pour affermir la bouche en finale et porter ce vin cers la table. Une expression libre et personnelle<\/p>\n","protected":false},"excerpt":{"rendered":"<p>Ce vin est issu de vignes franches d&#8217;avgoustiatis, un c\u00e9page autochtone de l&#8217;\u00eele de Zante (Zakintos). Les parcelles sont situ\u00e9es \u00e0 850m d&#8217;altitude sur des sols profonds de calcaire blanc. Le vin est \u00e9lev\u00e9 de mani\u00e8re naturelle pendant 10 mois en barrique (pas de bois neuf). Ros\u00e9 parfum\u00e9, avec une belle pr\u00e9sence, un ros\u00e9 de [&hellip;]<\/p>\n","protected":false},"featured_media":87363,"template":"","meta":[],"product_cat":[3736],"product_tag":[],"acf":[],"yoast_head":"<!-- This site is optimized with the Yoast SEO plugin v19.3 - https:\/\/yoast.com\/wordpress\/plugins\/seo\/ -->\n<title>AVGOUSTIATIS ROSE NATURE - Mes Vendanges<\/title>\n<meta name=\"robots\" content=\"index, follow, max-snippet:-1, max-image-preview:large, max-video-preview:-1\" \/>\n<link rel=\"canonical\" href=\"https:\/\/www.mesvendanges.com\/fr\/boutique\/vins\/avgoustiatis-rose-nature-kefalinos-dne-2023-75cl\/\" \/>\n<meta property=\"og:locale\" content=\"fr_FR\" \/>\n<meta property=\"og:type\" content=\"article\" \/>\n<meta property=\"og:title\" content=\"AVGOUSTIATIS ROSE NATURE - Mes Vendanges\" \/>\n<meta property=\"og:description\" content=\"Ce vin est issu de vignes franches d&#8217;avgoustiatis, un c\u00e9page autochtone de l&#8217;\u00eele de Zante (Zakintos). Les parcelles sont situ\u00e9es \u00e0 850m d&#8217;altitude sur des sols profonds de calcaire blanc. Le vin est \u00e9lev\u00e9 de mani\u00e8re naturelle pendant 10 mois en barrique (pas de bois neuf). Ros\u00e9 parfum\u00e9, avec une belle pr\u00e9sence, un ros\u00e9 de [&hellip;]\" \/>\n<meta property=\"og:url\" content=\"https:\/\/www.mesvendanges.com\/fr\/boutique\/vins\/avgoustiatis-rose-nature-kefalinos-dne-2023-75cl\/\" \/>\n<meta property=\"og:site_name\" content=\"Mes Vendanges\" \/>\n<meta property=\"article:modified_time\" content=\"2025-05-01T14:22:25+00:00\" \/>\n<meta property=\"og:image\" content=\"https:\/\/www.mesvendanges.com\/wp-content\/uploads\/2025\/05\/keffalinos-zakynthos-avgoustiatis-rose-2022-png.png\" \/>\n\t<meta property=\"og:image:width\" content=\"420\" \/>\n\t<meta property=\"og:image:height\" content=\"1500\" \/>\n\t<meta property=\"og:image:type\" content=\"image\/png\" \/>\n<meta name=\"twitter:card\" content=\"summary_large_image\" \/>\n<script type=\"application\/ld+json\" class=\"yoast-schema-graph\">{\"@context\":\"https:\/\/schema.org\",\"@graph\":[{\"@type\":\"Organization\",\"@id\":\"https:\/\/www.mesvendanges.com\/en\/#organization\",\"name\":\"Mes Vendanges\",\"url\":\"https:\/\/www.mesvendanges.com\/en\/\",\"sameAs\":[],\"logo\":{\"@type\":\"ImageObject\",\"inLanguage\":\"fr-FR\",\"@id\":\"https:\/\/www.mesvendanges.com\/en\/#\/schema\/logo\/image\/\",\"url\":\"https:\/\/www.mesvendanges.com\/wp-content\/uploads\/2022\/02\/logo-mesvendanges.jpg\",\"contentUrl\":\"https:\/\/www.mesvendanges.com\/wp-content\/uploads\/2022\/02\/logo-mesvendanges.jpg\",\"width\":851,\"height\":260,\"caption\":\"Mes Vendanges\"},\"image\":{\"@id\":\"https:\/\/www.mesvendanges.com\/en\/#\/schema\/logo\/image\/\"}},{\"@type\":\"WebSite\",\"@id\":\"https:\/\/www.mesvendanges.com\/en\/#website\",\"url\":\"https:\/\/www.mesvendanges.com\/en\/\",\"name\":\"Mes Vendanges\",\"description\":\"Des journ\u00e9es enti\u00e8res dans les vignes\",\"publisher\":{\"@id\":\"https:\/\/www.mesvendanges.com\/en\/#organization\"},\"potentialAction\":[{\"@type\":\"SearchAction\",\"target\":{\"@type\":\"EntryPoint\",\"urlTemplate\":\"https:\/\/www.mesvendanges.com\/en\/?s={search_term_string}\"},\"query-input\":\"required name=search_term_string\"}],\"inLanguage\":\"fr-FR\"},{\"@type\":\"ImageObject\",\"inLanguage\":\"fr-FR\",\"@id\":\"https:\/\/www.mesvendanges.com\/fr\/boutique\/vins\/avgoustiatis-rose-nature-kefalinos-dne-2023-75cl\/#primaryimage\",\"url\":\"https:\/\/www.mesvendanges.com\/wp-content\/uploads\/2025\/05\/keffalinos-zakynthos-avgoustiatis-rose-2022-png.png\",\"contentUrl\":\"https:\/\/www.mesvendanges.com\/wp-content\/uploads\/2025\/05\/keffalinos-zakynthos-avgoustiatis-rose-2022-png.png\",\"width\":420,\"height\":1500},{\"@type\":\"WebPage\",\"@id\":\"https:\/\/www.mesvendanges.com\/fr\/boutique\/vins\/avgoustiatis-rose-nature-kefalinos-dne-2023-75cl\/\",\"url\":\"https:\/\/www.mesvendanges.com\/fr\/boutique\/vins\/avgoustiatis-rose-nature-kefalinos-dne-2023-75cl\/\",\"name\":\"AVGOUSTIATIS ROSE NATURE - Mes Vendanges\",\"isPartOf\":{\"@id\":\"https:\/\/www.mesvendanges.com\/en\/#website\"},\"primaryImageOfPage\":{\"@id\":\"https:\/\/www.mesvendanges.com\/fr\/boutique\/vins\/avgoustiatis-rose-nature-kefalinos-dne-2023-75cl\/#primaryimage\"},\"datePublished\":\"2024-10-11T14:25:09+00:00\",\"dateModified\":\"2025-05-01T14:22:25+00:00\",\"breadcrumb\":{\"@id\":\"https:\/\/www.mesvendanges.com\/fr\/boutique\/vins\/avgoustiatis-rose-nature-kefalinos-dne-2023-75cl\/#breadcrumb\"},\"inLanguage\":\"fr-FR\",\"potentialAction\":[{\"@type\":\"ReadAction\",\"target\":[\"https:\/\/www.mesvendanges.com\/fr\/boutique\/vins\/avgoustiatis-rose-nature-kefalinos-dne-2023-75cl\/\"]}]},{\"@type\":\"BreadcrumbList\",\"@id\":\"https:\/\/www.mesvendanges.com\/fr\/boutique\/vins\/avgoustiatis-rose-nature-kefalinos-dne-2023-75cl\/#breadcrumb\",\"itemListElement\":[{\"@type\":\"ListItem\",\"position\":1,\"name\":\"Accueil\",\"item\":\"https:\/\/www.mesvendanges.com\/fr\/\"},{\"@type\":\"ListItem\",\"position\":2,\"name\":\"Boutique\",\"item\":\"https:\/\/www.mesvendanges.com\/fr\/boutique\/\"},{\"@type\":\"ListItem\",\"position\":3,\"name\":\"AVGOUSTIATIS ROSE NATURE\"}]}]}<\/script>\n<!-- \/ Yoast SEO plugin. -->","yoast_head_json":{"title":"AVGOUSTIATIS ROSE NATURE - Mes Vendanges","robots":{"index":"index","follow":"follow","max-snippet":"max-snippet:-1","max-image-preview":"max-image-preview:large","max-video-preview":"max-video-preview:-1"},"canonical":"https:\/\/www.mesvendanges.com\/fr\/boutique\/vins\/avgoustiatis-rose-nature-kefalinos-dne-2023-75cl\/","og_locale":"fr_FR","og_type":"article","og_title":"AVGOUSTIATIS ROSE NATURE - Mes Vendanges","og_description":"Ce vin est issu de vignes franches d&#8217;avgoustiatis, un c\u00e9page autochtone de l&#8217;\u00eele de Zante (Zakintos). Les parcelles sont situ\u00e9es \u00e0 850m d&#8217;altitude sur des sols profonds de calcaire blanc. Le vin est \u00e9lev\u00e9 de mani\u00e8re naturelle pendant 10 mois en barrique (pas de bois neuf). Ros\u00e9 parfum\u00e9, avec une belle pr\u00e9sence, un ros\u00e9 de [&hellip;]","og_url":"https:\/\/www.mesvendanges.com\/fr\/boutique\/vins\/avgoustiatis-rose-nature-kefalinos-dne-2023-75cl\/","og_site_name":"Mes Vendanges","article_modified_time":"2025-05-01T14:22:25+00:00","og_image":[{"width":420,"height":1500,"url":"https:\/\/www.mesvendanges.com\/wp-content\/uploads\/2025\/05\/keffalinos-zakynthos-avgoustiatis-rose-2022-png.png","type":"image\/png"}],"twitter_card":"summary_large_image","schema":{"@context":"https:\/\/schema.org","@graph":[{"@type":"Organization","@id":"https:\/\/www.mesvendanges.com\/en\/#organization","name":"Mes Vendanges","url":"https:\/\/www.mesvendanges.com\/en\/","sameAs":[],"logo":{"@type":"ImageObject","inLanguage":"fr-FR","@id":"https:\/\/www.mesvendanges.com\/en\/#\/schema\/logo\/image\/","url":"https:\/\/www.mesvendanges.com\/wp-content\/uploads\/2022\/02\/logo-mesvendanges.jpg","contentUrl":"https:\/\/www.mesvendanges.com\/wp-content\/uploads\/2022\/02\/logo-mesvendanges.jpg","width":851,"height":260,"caption":"Mes Vendanges"},"image":{"@id":"https:\/\/www.mesvendanges.com\/en\/#\/schema\/logo\/image\/"}},{"@type":"WebSite","@id":"https:\/\/www.mesvendanges.com\/en\/#website","url":"https:\/\/www.mesvendanges.com\/en\/","name":"Mes Vendanges","description":"Des journ\u00e9es enti\u00e8res dans les vignes","publisher":{"@id":"https:\/\/www.mesvendanges.com\/en\/#organization"},"potentialAction":[{"@type":"SearchAction","target":{"@type":"EntryPoint","urlTemplate":"https:\/\/www.mesvendanges.com\/en\/?s={search_term_string}"},"query-input":"required name=search_term_string"}],"inLanguage":"fr-FR"},{"@type":"ImageObject","inLanguage":"fr-FR","@id":"https:\/\/www.mesvendanges.com\/fr\/boutique\/vins\/avgoustiatis-rose-nature-kefalinos-dne-2023-75cl\/#primaryimage","url":"https:\/\/www.mesvendanges.com\/wp-content\/uploads\/2025\/05\/keffalinos-zakynthos-avgoustiatis-rose-2022-png.png","contentUrl":"https:\/\/www.mesvendanges.com\/wp-content\/uploads\/2025\/05\/keffalinos-zakynthos-avgoustiatis-rose-2022-png.png","width":420,"height":1500},{"@type":"WebPage","@id":"https:\/\/www.mesvendanges.com\/fr\/boutique\/vins\/avgoustiatis-rose-nature-kefalinos-dne-2023-75cl\/","url":"https:\/\/www.mesvendanges.com\/fr\/boutique\/vins\/avgoustiatis-rose-nature-kefalinos-dne-2023-75cl\/","name":"AVGOUSTIATIS ROSE NATURE - Mes Vendanges","isPartOf":{"@id":"https:\/\/www.mesvendanges.com\/en\/#website"},"primaryImageOfPage":{"@id":"https:\/\/www.mesvendanges.com\/fr\/boutique\/vins\/avgoustiatis-rose-nature-kefalinos-dne-2023-75cl\/#primaryimage"},"datePublished":"2024-10-11T14:25:09+00:00","dateModified":"2025-05-01T14:22:25+00:00","breadcrumb":{"@id":"https:\/\/www.mesvendanges.com\/fr\/boutique\/vins\/avgoustiatis-rose-nature-kefalinos-dne-2023-75cl\/#breadcrumb"},"inLanguage":"fr-FR","potentialAction":[{"@type":"ReadAction","target":["https:\/\/www.mesvendanges.com\/fr\/boutique\/vins\/avgoustiatis-rose-nature-kefalinos-dne-2023-75cl\/"]}]},{"@type":"BreadcrumbList","@id":"https:\/\/www.mesvendanges.com\/fr\/boutique\/vins\/avgoustiatis-rose-nature-kefalinos-dne-2023-75cl\/#breadcrumb","itemListElement":[{"@type":"ListItem","position":1,"name":"Accueil","item":"https:\/\/www.mesvendanges.com\/fr\/"},{"@type":"ListItem","position":2,"name":"Boutique","item":"https:\/\/www.mesvendanges.com\/fr\/boutique\/"},{"@type":"ListItem","position":3,"name":"AVGOUSTIATIS ROSE NATURE"}]}]}},"_links":{"self":[{"href":"https:\/\/www.mesvendanges.com\/fr\/wp-json\/wp\/v2\/product\/79681"}],"collection":[{"href":"https:\/\/www.mesvendanges.com\/fr\/wp-json\/wp\/v2\/product"}],"about":[{"href":"https:\/\/www.mesvendanges.com\/fr\/wp-json\/wp\/v2\/types\/product"}],"wp:featuredmedia":[{"embeddable":true,"href":"https:\/\/www.mesvendanges.com\/fr\/wp-json\/wp\/v2\/media\/87363"}],"wp:attachment":[{"href":"https:\/\/www.mesvendanges.com\/fr\/wp-json\/wp\/v2\/media?parent=79681"}],"wp:term":[{"taxonomy":"product_cat","embeddable":true,"href":"https:\/\/www.mesvendanges.com\/fr\/wp-json\/wp\/v2\/product_cat?post=79681"},{"taxonomy":"product_tag","embeddable":true,"href":"https:\/\/www.mesvendanges.com\/fr\/wp-json\/wp\/v2\/product_tag?post=79681"}],"curies":[{"name":"wp","href":"https:\/\/api.w.org\/{rel}","templated":true}]}}