{"id":79687,"date":"2024-10-11T16:35:06","date_gmt":"2024-10-11T14:35:06","guid":{"rendered":"https:\/\/www.mesvendanges.com\/shop\/non%20class\u00e9\/muscat-vin-doux-du-soleil-sclavos-dne-2022-50cl\/"},"modified":"2025-12-09T10:14:02","modified_gmt":"2025-12-09T09:14:02","slug":"muscat-vin-doux-du-soleil-sclavos-dne-2022-50cl","status":"publish","type":"product","link":"https:\/\/www.mesvendanges.com\/fr\/boutique\/vins\/muscat-vin-doux-du-soleil-sclavos-dne-2022-50cl\/","title":{"rendered":"MUSCAT VIN DOUX DU SOLEIL"},"content":{"rendered":"<p>Domaine en agriculture biologique<br \/>\nMuscat blanc \u00e0 petits grains<br \/>\nR\u00e9gion :Ile de C\u00e9phalonie, mer Ionienne<br \/>\nElevage :Passerill\u00e9 sur pied et sur terrasse, \u00e9levage en barrique<br \/>\nG\u00e9ologie :Sol de cailloux calcaires, roche m\u00e8re craie calcaire<br \/>\nSenteurs florales et a\u00e9riennes, expression de rose et de coing.<br \/>\nGrande finesse en bouche, sucrosit\u00e9 l\u00e9g\u00e8rement confite bien int\u00e9gr\u00e9e par l\u2019acidit\u00e9. L\u00e9ger cot\u00e9 salin et menthol\u00e9. Exceptionnel !<\/p>\n","protected":false},"excerpt":{"rendered":"<p>Domaine en agriculture biologique Muscat blanc \u00e0 petits grains R\u00e9gion :Ile de C\u00e9phalonie, mer Ionienne Elevage :Passerill\u00e9 sur pied et sur terrasse, \u00e9levage en barrique G\u00e9ologie :Sol de cailloux calcaires, roche m\u00e8re craie calcaire Senteurs florales et a\u00e9riennes, expression de rose et de coing. Grande finesse en bouche, sucrosit\u00e9 l\u00e9g\u00e8rement confite bien int\u00e9gr\u00e9e par l\u2019acidit\u00e9. [&hellip;]<\/p>\n","protected":false},"featured_media":79689,"template":"","meta":[],"product_cat":[3736],"product_tag":[],"acf":[],"yoast_head":"<!-- This site is optimized with the Yoast SEO plugin v19.3 - https:\/\/yoast.com\/wordpress\/plugins\/seo\/ -->\n<title>MUSCAT VIN DOUX DU SOLEIL - Mes Vendanges<\/title>\n<meta name=\"robots\" content=\"index, follow, max-snippet:-1, max-image-preview:large, max-video-preview:-1\" \/>\n<link rel=\"canonical\" href=\"https:\/\/www.mesvendanges.com\/fr\/boutique\/vins\/muscat-vin-doux-du-soleil-sclavos-dne-2022-50cl\/\" \/>\n<meta property=\"og:locale\" content=\"fr_FR\" \/>\n<meta property=\"og:type\" content=\"article\" \/>\n<meta property=\"og:title\" content=\"MUSCAT VIN DOUX DU SOLEIL - Mes Vendanges\" \/>\n<meta property=\"og:description\" content=\"Domaine en agriculture biologique Muscat blanc \u00e0 petits grains R\u00e9gion :Ile de C\u00e9phalonie, mer Ionienne Elevage :Passerill\u00e9 sur pied et sur terrasse, \u00e9levage en barrique G\u00e9ologie :Sol de cailloux calcaires, roche m\u00e8re craie calcaire Senteurs florales et a\u00e9riennes, expression de rose et de coing. Grande finesse en bouche, sucrosit\u00e9 l\u00e9g\u00e8rement confite bien int\u00e9gr\u00e9e par l\u2019acidit\u00e9. [&hellip;]\" \/>\n<meta property=\"og:url\" content=\"https:\/\/www.mesvendanges.com\/fr\/boutique\/vins\/muscat-vin-doux-du-soleil-sclavos-dne-2022-50cl\/\" \/>\n<meta property=\"og:site_name\" content=\"Mes Vendanges\" \/>\n<meta property=\"article:modified_time\" content=\"2025-12-09T09:14:02+00:00\" \/>\n<meta property=\"og:image\" content=\"https:\/\/www.mesvendanges.com\/wp-content\/uploads\/2024\/10\/sclavos-vin-doux-du-soleil-2022-png.png\" \/>\n\t<meta property=\"og:image:width\" content=\"380\" \/>\n\t<meta property=\"og:image:height\" content=\"1500\" \/>\n\t<meta property=\"og:image:type\" content=\"image\/png\" \/>\n<meta name=\"twitter:card\" content=\"summary_large_image\" \/>\n<script type=\"application\/ld+json\" class=\"yoast-schema-graph\">{\"@context\":\"https:\/\/schema.org\",\"@graph\":[{\"@type\":\"Organization\",\"@id\":\"https:\/\/www.mesvendanges.com\/en\/#organization\",\"name\":\"Mes Vendanges\",\"url\":\"https:\/\/www.mesvendanges.com\/en\/\",\"sameAs\":[],\"logo\":{\"@type\":\"ImageObject\",\"inLanguage\":\"fr-FR\",\"@id\":\"https:\/\/www.mesvendanges.com\/en\/#\/schema\/logo\/image\/\",\"url\":\"https:\/\/www.mesvendanges.com\/wp-content\/uploads\/2022\/02\/logo-mesvendanges.jpg\",\"contentUrl\":\"https:\/\/www.mesvendanges.com\/wp-content\/uploads\/2022\/02\/logo-mesvendanges.jpg\",\"width\":851,\"height\":260,\"caption\":\"Mes Vendanges\"},\"image\":{\"@id\":\"https:\/\/www.mesvendanges.com\/en\/#\/schema\/logo\/image\/\"}},{\"@type\":\"WebSite\",\"@id\":\"https:\/\/www.mesvendanges.com\/en\/#website\",\"url\":\"https:\/\/www.mesvendanges.com\/en\/\",\"name\":\"Mes Vendanges\",\"description\":\"Des journ\u00e9es enti\u00e8res dans les vignes\",\"publisher\":{\"@id\":\"https:\/\/www.mesvendanges.com\/en\/#organization\"},\"potentialAction\":[{\"@type\":\"SearchAction\",\"target\":{\"@type\":\"EntryPoint\",\"urlTemplate\":\"https:\/\/www.mesvendanges.com\/en\/?s={search_term_string}\"},\"query-input\":\"required name=search_term_string\"}],\"inLanguage\":\"fr-FR\"},{\"@type\":\"ImageObject\",\"inLanguage\":\"fr-FR\",\"@id\":\"https:\/\/www.mesvendanges.com\/fr\/boutique\/vins\/muscat-vin-doux-du-soleil-sclavos-dne-2022-50cl\/#primaryimage\",\"url\":\"https:\/\/www.mesvendanges.com\/wp-content\/uploads\/2024\/10\/sclavos-vin-doux-du-soleil-2022-png.png\",\"contentUrl\":\"https:\/\/www.mesvendanges.com\/wp-content\/uploads\/2024\/10\/sclavos-vin-doux-du-soleil-2022-png.png\",\"width\":380,\"height\":1500},{\"@type\":\"WebPage\",\"@id\":\"https:\/\/www.mesvendanges.com\/fr\/boutique\/vins\/muscat-vin-doux-du-soleil-sclavos-dne-2022-50cl\/\",\"url\":\"https:\/\/www.mesvendanges.com\/fr\/boutique\/vins\/muscat-vin-doux-du-soleil-sclavos-dne-2022-50cl\/\",\"name\":\"MUSCAT VIN DOUX DU SOLEIL - Mes Vendanges\",\"isPartOf\":{\"@id\":\"https:\/\/www.mesvendanges.com\/en\/#website\"},\"primaryImageOfPage\":{\"@id\":\"https:\/\/www.mesvendanges.com\/fr\/boutique\/vins\/muscat-vin-doux-du-soleil-sclavos-dne-2022-50cl\/#primaryimage\"},\"datePublished\":\"2024-10-11T14:35:06+00:00\",\"dateModified\":\"2025-12-09T09:14:02+00:00\",\"breadcrumb\":{\"@id\":\"https:\/\/www.mesvendanges.com\/fr\/boutique\/vins\/muscat-vin-doux-du-soleil-sclavos-dne-2022-50cl\/#breadcrumb\"},\"inLanguage\":\"fr-FR\",\"potentialAction\":[{\"@type\":\"ReadAction\",\"target\":[\"https:\/\/www.mesvendanges.com\/fr\/boutique\/vins\/muscat-vin-doux-du-soleil-sclavos-dne-2022-50cl\/\"]}]},{\"@type\":\"BreadcrumbList\",\"@id\":\"https:\/\/www.mesvendanges.com\/fr\/boutique\/vins\/muscat-vin-doux-du-soleil-sclavos-dne-2022-50cl\/#breadcrumb\",\"itemListElement\":[{\"@type\":\"ListItem\",\"position\":1,\"name\":\"Accueil\",\"item\":\"https:\/\/www.mesvendanges.com\/fr\/\"},{\"@type\":\"ListItem\",\"position\":2,\"name\":\"Boutique\",\"item\":\"https:\/\/www.mesvendanges.com\/fr\/boutique\/\"},{\"@type\":\"ListItem\",\"position\":3,\"name\":\"MUSCAT VIN DOUX DU SOLEIL\"}]}]}<\/script>\n<!-- \/ Yoast SEO plugin. -->","yoast_head_json":{"title":"MUSCAT VIN DOUX DU SOLEIL - Mes Vendanges","robots":{"index":"index","follow":"follow","max-snippet":"max-snippet:-1","max-image-preview":"max-image-preview:large","max-video-preview":"max-video-preview:-1"},"canonical":"https:\/\/www.mesvendanges.com\/fr\/boutique\/vins\/muscat-vin-doux-du-soleil-sclavos-dne-2022-50cl\/","og_locale":"fr_FR","og_type":"article","og_title":"MUSCAT VIN DOUX DU SOLEIL - Mes Vendanges","og_description":"Domaine en agriculture biologique Muscat blanc \u00e0 petits grains R\u00e9gion :Ile de C\u00e9phalonie, mer Ionienne Elevage :Passerill\u00e9 sur pied et sur terrasse, \u00e9levage en barrique G\u00e9ologie :Sol de cailloux calcaires, roche m\u00e8re craie calcaire Senteurs florales et a\u00e9riennes, expression de rose et de coing. Grande finesse en bouche, sucrosit\u00e9 l\u00e9g\u00e8rement confite bien int\u00e9gr\u00e9e par l\u2019acidit\u00e9. [&hellip;]","og_url":"https:\/\/www.mesvendanges.com\/fr\/boutique\/vins\/muscat-vin-doux-du-soleil-sclavos-dne-2022-50cl\/","og_site_name":"Mes Vendanges","article_modified_time":"2025-12-09T09:14:02+00:00","og_image":[{"width":380,"height":1500,"url":"https:\/\/www.mesvendanges.com\/wp-content\/uploads\/2024\/10\/sclavos-vin-doux-du-soleil-2022-png.png","type":"image\/png"}],"twitter_card":"summary_large_image","schema":{"@context":"https:\/\/schema.org","@graph":[{"@type":"Organization","@id":"https:\/\/www.mesvendanges.com\/en\/#organization","name":"Mes Vendanges","url":"https:\/\/www.mesvendanges.com\/en\/","sameAs":[],"logo":{"@type":"ImageObject","inLanguage":"fr-FR","@id":"https:\/\/www.mesvendanges.com\/en\/#\/schema\/logo\/image\/","url":"https:\/\/www.mesvendanges.com\/wp-content\/uploads\/2022\/02\/logo-mesvendanges.jpg","contentUrl":"https:\/\/www.mesvendanges.com\/wp-content\/uploads\/2022\/02\/logo-mesvendanges.jpg","width":851,"height":260,"caption":"Mes Vendanges"},"image":{"@id":"https:\/\/www.mesvendanges.com\/en\/#\/schema\/logo\/image\/"}},{"@type":"WebSite","@id":"https:\/\/www.mesvendanges.com\/en\/#website","url":"https:\/\/www.mesvendanges.com\/en\/","name":"Mes Vendanges","description":"Des journ\u00e9es enti\u00e8res dans les vignes","publisher":{"@id":"https:\/\/www.mesvendanges.com\/en\/#organization"},"potentialAction":[{"@type":"SearchAction","target":{"@type":"EntryPoint","urlTemplate":"https:\/\/www.mesvendanges.com\/en\/?s={search_term_string}"},"query-input":"required name=search_term_string"}],"inLanguage":"fr-FR"},{"@type":"ImageObject","inLanguage":"fr-FR","@id":"https:\/\/www.mesvendanges.com\/fr\/boutique\/vins\/muscat-vin-doux-du-soleil-sclavos-dne-2022-50cl\/#primaryimage","url":"https:\/\/www.mesvendanges.com\/wp-content\/uploads\/2024\/10\/sclavos-vin-doux-du-soleil-2022-png.png","contentUrl":"https:\/\/www.mesvendanges.com\/wp-content\/uploads\/2024\/10\/sclavos-vin-doux-du-soleil-2022-png.png","width":380,"height":1500},{"@type":"WebPage","@id":"https:\/\/www.mesvendanges.com\/fr\/boutique\/vins\/muscat-vin-doux-du-soleil-sclavos-dne-2022-50cl\/","url":"https:\/\/www.mesvendanges.com\/fr\/boutique\/vins\/muscat-vin-doux-du-soleil-sclavos-dne-2022-50cl\/","name":"MUSCAT VIN DOUX DU SOLEIL - Mes Vendanges","isPartOf":{"@id":"https:\/\/www.mesvendanges.com\/en\/#website"},"primaryImageOfPage":{"@id":"https:\/\/www.mesvendanges.com\/fr\/boutique\/vins\/muscat-vin-doux-du-soleil-sclavos-dne-2022-50cl\/#primaryimage"},"datePublished":"2024-10-11T14:35:06+00:00","dateModified":"2025-12-09T09:14:02+00:00","breadcrumb":{"@id":"https:\/\/www.mesvendanges.com\/fr\/boutique\/vins\/muscat-vin-doux-du-soleil-sclavos-dne-2022-50cl\/#breadcrumb"},"inLanguage":"fr-FR","potentialAction":[{"@type":"ReadAction","target":["https:\/\/www.mesvendanges.com\/fr\/boutique\/vins\/muscat-vin-doux-du-soleil-sclavos-dne-2022-50cl\/"]}]},{"@type":"BreadcrumbList","@id":"https:\/\/www.mesvendanges.com\/fr\/boutique\/vins\/muscat-vin-doux-du-soleil-sclavos-dne-2022-50cl\/#breadcrumb","itemListElement":[{"@type":"ListItem","position":1,"name":"Accueil","item":"https:\/\/www.mesvendanges.com\/fr\/"},{"@type":"ListItem","position":2,"name":"Boutique","item":"https:\/\/www.mesvendanges.com\/fr\/boutique\/"},{"@type":"ListItem","position":3,"name":"MUSCAT VIN DOUX DU SOLEIL"}]}]}},"_links":{"self":[{"href":"https:\/\/www.mesvendanges.com\/fr\/wp-json\/wp\/v2\/product\/79687"}],"collection":[{"href":"https:\/\/www.mesvendanges.com\/fr\/wp-json\/wp\/v2\/product"}],"about":[{"href":"https:\/\/www.mesvendanges.com\/fr\/wp-json\/wp\/v2\/types\/product"}],"wp:featuredmedia":[{"embeddable":true,"href":"https:\/\/www.mesvendanges.com\/fr\/wp-json\/wp\/v2\/media\/79689"}],"wp:attachment":[{"href":"https:\/\/www.mesvendanges.com\/fr\/wp-json\/wp\/v2\/media?parent=79687"}],"wp:term":[{"taxonomy":"product_cat","embeddable":true,"href":"https:\/\/www.mesvendanges.com\/fr\/wp-json\/wp\/v2\/product_cat?post=79687"},{"taxonomy":"product_tag","embeddable":true,"href":"https:\/\/www.mesvendanges.com\/fr\/wp-json\/wp\/v2\/product_tag?post=79687"}],"curies":[{"name":"wp","href":"https:\/\/api.w.org\/{rel}","templated":true}]}}