{"id":79721,"date":"2024-10-12T11:09:41","date_gmt":"2024-10-12T09:09:41","guid":{"rendered":"https:\/\/www.mesvendanges.com\/shop\/non%20class\u00e9\/roditis-nature-magnum-tetramythos-dne-2022-150cl\/"},"modified":"2025-12-06T11:28:59","modified_gmt":"2025-12-06T10:28:59","slug":"roditis-nature-magnum-tetramythos-dne-2022-150cl","status":"publish","type":"product","link":"https:\/\/www.mesvendanges.com\/fr\/boutique\/vins\/roditis-nature-magnum-tetramythos-dne-2022-150cl\/","title":{"rendered":"RODITIS NATURE MAGNUM"},"content":{"rendered":"<p>Ce vin est issu du c\u00e9page roditis, un c\u00e9page autochtone du P\u00e9lopon\u00e8se, ici sur des vignes franches de pied ag\u00e9es d&#8217;une quarantaine d&#8217;ann\u00e9es. Le terroir d&#8217;altitude est compos\u00e9 de sables graveleux, avec une roche m\u00e8re de calcaire coquill\u00e9.<br \/>\nNous aimons beaucoup cette cuv\u00e9e au fruit tr\u00e8s vivant, avec toute \u00e0 la fois une mati\u00e8re ample, gourmande, et une min\u00e9ralit\u00e9 qui se diffuse toute en douceur, comme pour donner de l&#8217;a\u00e9rien. La finale est d&#8217;une grande sapidit\u00e9, enlev\u00e9e. Un vin qui se boit comme de l&#8217;eau de roche !<\/p>\n","protected":false},"excerpt":{"rendered":"<p>Ce vin est issu du c\u00e9page roditis, un c\u00e9page autochtone du P\u00e9lopon\u00e8se, ici sur des vignes franches de pied ag\u00e9es d&#8217;une quarantaine d&#8217;ann\u00e9es. Le terroir d&#8217;altitude est compos\u00e9 de sables graveleux, avec une roche m\u00e8re de calcaire coquill\u00e9. Nous aimons beaucoup cette cuv\u00e9e au fruit tr\u00e8s vivant, avec toute \u00e0 la fois une mati\u00e8re ample, [&hellip;]<\/p>\n","protected":false},"featured_media":79719,"template":"","meta":[],"product_cat":[3736],"product_tag":[],"acf":[],"yoast_head":"<!-- This site is optimized with the Yoast SEO plugin v19.3 - https:\/\/yoast.com\/wordpress\/plugins\/seo\/ -->\n<title>RODITIS NATURE MAGNUM - Mes Vendanges<\/title>\n<meta name=\"robots\" content=\"index, follow, max-snippet:-1, max-image-preview:large, max-video-preview:-1\" \/>\n<link rel=\"canonical\" href=\"https:\/\/www.mesvendanges.com\/fr\/boutique\/vins\/roditis-nature-magnum-tetramythos-dne-2022-150cl\/\" \/>\n<meta property=\"og:locale\" content=\"fr_FR\" \/>\n<meta property=\"og:type\" content=\"article\" \/>\n<meta property=\"og:title\" content=\"RODITIS NATURE MAGNUM - Mes Vendanges\" \/>\n<meta property=\"og:description\" content=\"Ce vin est issu du c\u00e9page roditis, un c\u00e9page autochtone du P\u00e9lopon\u00e8se, ici sur des vignes franches de pied ag\u00e9es d&#8217;une quarantaine d&#8217;ann\u00e9es. Le terroir d&#8217;altitude est compos\u00e9 de sables graveleux, avec une roche m\u00e8re de calcaire coquill\u00e9. Nous aimons beaucoup cette cuv\u00e9e au fruit tr\u00e8s vivant, avec toute \u00e0 la fois une mati\u00e8re ample, [&hellip;]\" \/>\n<meta property=\"og:url\" content=\"https:\/\/www.mesvendanges.com\/fr\/boutique\/vins\/roditis-nature-magnum-tetramythos-dne-2022-150cl\/\" \/>\n<meta property=\"og:site_name\" content=\"Mes Vendanges\" \/>\n<meta property=\"article:modified_time\" content=\"2025-12-06T10:28:59+00:00\" \/>\n<meta property=\"og:image\" content=\"https:\/\/www.mesvendanges.com\/wp-content\/uploads\/2024\/10\/tetramythos-rodis-natur-magnum-png.png\" \/>\n\t<meta property=\"og:image:width\" content=\"385\" \/>\n\t<meta property=\"og:image:height\" content=\"1500\" \/>\n\t<meta property=\"og:image:type\" content=\"image\/png\" \/>\n<meta name=\"twitter:card\" content=\"summary_large_image\" \/>\n<script type=\"application\/ld+json\" class=\"yoast-schema-graph\">{\"@context\":\"https:\/\/schema.org\",\"@graph\":[{\"@type\":\"Organization\",\"@id\":\"https:\/\/www.mesvendanges.com\/en\/#organization\",\"name\":\"Mes Vendanges\",\"url\":\"https:\/\/www.mesvendanges.com\/en\/\",\"sameAs\":[],\"logo\":{\"@type\":\"ImageObject\",\"inLanguage\":\"fr-FR\",\"@id\":\"https:\/\/www.mesvendanges.com\/en\/#\/schema\/logo\/image\/\",\"url\":\"https:\/\/www.mesvendanges.com\/wp-content\/uploads\/2022\/02\/logo-mesvendanges.jpg\",\"contentUrl\":\"https:\/\/www.mesvendanges.com\/wp-content\/uploads\/2022\/02\/logo-mesvendanges.jpg\",\"width\":851,\"height\":260,\"caption\":\"Mes Vendanges\"},\"image\":{\"@id\":\"https:\/\/www.mesvendanges.com\/en\/#\/schema\/logo\/image\/\"}},{\"@type\":\"WebSite\",\"@id\":\"https:\/\/www.mesvendanges.com\/en\/#website\",\"url\":\"https:\/\/www.mesvendanges.com\/en\/\",\"name\":\"Mes Vendanges\",\"description\":\"Des journ\u00e9es enti\u00e8res dans les vignes\",\"publisher\":{\"@id\":\"https:\/\/www.mesvendanges.com\/en\/#organization\"},\"potentialAction\":[{\"@type\":\"SearchAction\",\"target\":{\"@type\":\"EntryPoint\",\"urlTemplate\":\"https:\/\/www.mesvendanges.com\/en\/?s={search_term_string}\"},\"query-input\":\"required name=search_term_string\"}],\"inLanguage\":\"fr-FR\"},{\"@type\":\"ImageObject\",\"inLanguage\":\"fr-FR\",\"@id\":\"https:\/\/www.mesvendanges.com\/fr\/boutique\/vins\/roditis-nature-magnum-tetramythos-dne-2022-150cl\/#primaryimage\",\"url\":\"https:\/\/www.mesvendanges.com\/wp-content\/uploads\/2024\/10\/tetramythos-rodis-natur-magnum-png.png\",\"contentUrl\":\"https:\/\/www.mesvendanges.com\/wp-content\/uploads\/2024\/10\/tetramythos-rodis-natur-magnum-png.png\",\"width\":385,\"height\":1500},{\"@type\":\"WebPage\",\"@id\":\"https:\/\/www.mesvendanges.com\/fr\/boutique\/vins\/roditis-nature-magnum-tetramythos-dne-2022-150cl\/\",\"url\":\"https:\/\/www.mesvendanges.com\/fr\/boutique\/vins\/roditis-nature-magnum-tetramythos-dne-2022-150cl\/\",\"name\":\"RODITIS NATURE MAGNUM - Mes Vendanges\",\"isPartOf\":{\"@id\":\"https:\/\/www.mesvendanges.com\/en\/#website\"},\"primaryImageOfPage\":{\"@id\":\"https:\/\/www.mesvendanges.com\/fr\/boutique\/vins\/roditis-nature-magnum-tetramythos-dne-2022-150cl\/#primaryimage\"},\"datePublished\":\"2024-10-12T09:09:41+00:00\",\"dateModified\":\"2025-12-06T10:28:59+00:00\",\"breadcrumb\":{\"@id\":\"https:\/\/www.mesvendanges.com\/fr\/boutique\/vins\/roditis-nature-magnum-tetramythos-dne-2022-150cl\/#breadcrumb\"},\"inLanguage\":\"fr-FR\",\"potentialAction\":[{\"@type\":\"ReadAction\",\"target\":[\"https:\/\/www.mesvendanges.com\/fr\/boutique\/vins\/roditis-nature-magnum-tetramythos-dne-2022-150cl\/\"]}]},{\"@type\":\"BreadcrumbList\",\"@id\":\"https:\/\/www.mesvendanges.com\/fr\/boutique\/vins\/roditis-nature-magnum-tetramythos-dne-2022-150cl\/#breadcrumb\",\"itemListElement\":[{\"@type\":\"ListItem\",\"position\":1,\"name\":\"Accueil\",\"item\":\"https:\/\/www.mesvendanges.com\/fr\/\"},{\"@type\":\"ListItem\",\"position\":2,\"name\":\"Boutique\",\"item\":\"https:\/\/www.mesvendanges.com\/fr\/boutique\/\"},{\"@type\":\"ListItem\",\"position\":3,\"name\":\"RODITIS NATURE MAGNUM\"}]}]}<\/script>\n<!-- \/ Yoast SEO plugin. -->","yoast_head_json":{"title":"RODITIS NATURE MAGNUM - Mes Vendanges","robots":{"index":"index","follow":"follow","max-snippet":"max-snippet:-1","max-image-preview":"max-image-preview:large","max-video-preview":"max-video-preview:-1"},"canonical":"https:\/\/www.mesvendanges.com\/fr\/boutique\/vins\/roditis-nature-magnum-tetramythos-dne-2022-150cl\/","og_locale":"fr_FR","og_type":"article","og_title":"RODITIS NATURE MAGNUM - Mes Vendanges","og_description":"Ce vin est issu du c\u00e9page roditis, un c\u00e9page autochtone du P\u00e9lopon\u00e8se, ici sur des vignes franches de pied ag\u00e9es d&#8217;une quarantaine d&#8217;ann\u00e9es. Le terroir d&#8217;altitude est compos\u00e9 de sables graveleux, avec une roche m\u00e8re de calcaire coquill\u00e9. Nous aimons beaucoup cette cuv\u00e9e au fruit tr\u00e8s vivant, avec toute \u00e0 la fois une mati\u00e8re ample, [&hellip;]","og_url":"https:\/\/www.mesvendanges.com\/fr\/boutique\/vins\/roditis-nature-magnum-tetramythos-dne-2022-150cl\/","og_site_name":"Mes Vendanges","article_modified_time":"2025-12-06T10:28:59+00:00","og_image":[{"width":385,"height":1500,"url":"https:\/\/www.mesvendanges.com\/wp-content\/uploads\/2024\/10\/tetramythos-rodis-natur-magnum-png.png","type":"image\/png"}],"twitter_card":"summary_large_image","schema":{"@context":"https:\/\/schema.org","@graph":[{"@type":"Organization","@id":"https:\/\/www.mesvendanges.com\/en\/#organization","name":"Mes Vendanges","url":"https:\/\/www.mesvendanges.com\/en\/","sameAs":[],"logo":{"@type":"ImageObject","inLanguage":"fr-FR","@id":"https:\/\/www.mesvendanges.com\/en\/#\/schema\/logo\/image\/","url":"https:\/\/www.mesvendanges.com\/wp-content\/uploads\/2022\/02\/logo-mesvendanges.jpg","contentUrl":"https:\/\/www.mesvendanges.com\/wp-content\/uploads\/2022\/02\/logo-mesvendanges.jpg","width":851,"height":260,"caption":"Mes Vendanges"},"image":{"@id":"https:\/\/www.mesvendanges.com\/en\/#\/schema\/logo\/image\/"}},{"@type":"WebSite","@id":"https:\/\/www.mesvendanges.com\/en\/#website","url":"https:\/\/www.mesvendanges.com\/en\/","name":"Mes Vendanges","description":"Des journ\u00e9es enti\u00e8res dans les vignes","publisher":{"@id":"https:\/\/www.mesvendanges.com\/en\/#organization"},"potentialAction":[{"@type":"SearchAction","target":{"@type":"EntryPoint","urlTemplate":"https:\/\/www.mesvendanges.com\/en\/?s={search_term_string}"},"query-input":"required name=search_term_string"}],"inLanguage":"fr-FR"},{"@type":"ImageObject","inLanguage":"fr-FR","@id":"https:\/\/www.mesvendanges.com\/fr\/boutique\/vins\/roditis-nature-magnum-tetramythos-dne-2022-150cl\/#primaryimage","url":"https:\/\/www.mesvendanges.com\/wp-content\/uploads\/2024\/10\/tetramythos-rodis-natur-magnum-png.png","contentUrl":"https:\/\/www.mesvendanges.com\/wp-content\/uploads\/2024\/10\/tetramythos-rodis-natur-magnum-png.png","width":385,"height":1500},{"@type":"WebPage","@id":"https:\/\/www.mesvendanges.com\/fr\/boutique\/vins\/roditis-nature-magnum-tetramythos-dne-2022-150cl\/","url":"https:\/\/www.mesvendanges.com\/fr\/boutique\/vins\/roditis-nature-magnum-tetramythos-dne-2022-150cl\/","name":"RODITIS NATURE MAGNUM - Mes Vendanges","isPartOf":{"@id":"https:\/\/www.mesvendanges.com\/en\/#website"},"primaryImageOfPage":{"@id":"https:\/\/www.mesvendanges.com\/fr\/boutique\/vins\/roditis-nature-magnum-tetramythos-dne-2022-150cl\/#primaryimage"},"datePublished":"2024-10-12T09:09:41+00:00","dateModified":"2025-12-06T10:28:59+00:00","breadcrumb":{"@id":"https:\/\/www.mesvendanges.com\/fr\/boutique\/vins\/roditis-nature-magnum-tetramythos-dne-2022-150cl\/#breadcrumb"},"inLanguage":"fr-FR","potentialAction":[{"@type":"ReadAction","target":["https:\/\/www.mesvendanges.com\/fr\/boutique\/vins\/roditis-nature-magnum-tetramythos-dne-2022-150cl\/"]}]},{"@type":"BreadcrumbList","@id":"https:\/\/www.mesvendanges.com\/fr\/boutique\/vins\/roditis-nature-magnum-tetramythos-dne-2022-150cl\/#breadcrumb","itemListElement":[{"@type":"ListItem","position":1,"name":"Accueil","item":"https:\/\/www.mesvendanges.com\/fr\/"},{"@type":"ListItem","position":2,"name":"Boutique","item":"https:\/\/www.mesvendanges.com\/fr\/boutique\/"},{"@type":"ListItem","position":3,"name":"RODITIS NATURE MAGNUM"}]}]}},"_links":{"self":[{"href":"https:\/\/www.mesvendanges.com\/fr\/wp-json\/wp\/v2\/product\/79721"}],"collection":[{"href":"https:\/\/www.mesvendanges.com\/fr\/wp-json\/wp\/v2\/product"}],"about":[{"href":"https:\/\/www.mesvendanges.com\/fr\/wp-json\/wp\/v2\/types\/product"}],"wp:featuredmedia":[{"embeddable":true,"href":"https:\/\/www.mesvendanges.com\/fr\/wp-json\/wp\/v2\/media\/79719"}],"wp:attachment":[{"href":"https:\/\/www.mesvendanges.com\/fr\/wp-json\/wp\/v2\/media?parent=79721"}],"wp:term":[{"taxonomy":"product_cat","embeddable":true,"href":"https:\/\/www.mesvendanges.com\/fr\/wp-json\/wp\/v2\/product_cat?post=79721"},{"taxonomy":"product_tag","embeddable":true,"href":"https:\/\/www.mesvendanges.com\/fr\/wp-json\/wp\/v2\/product_tag?post=79721"}],"curies":[{"name":"wp","href":"https:\/\/api.w.org\/{rel}","templated":true}]}}