{"id":82207,"date":"2024-12-04T17:04:10","date_gmt":"2024-12-04T16:04:10","guid":{"rendered":"https:\/\/www.mesvendanges.com\/shop\/non%20class\u00e9\/fenouil-du-gujurat-graines-epices-shira-40gr\/"},"modified":"2025-12-18T14:44:12","modified_gmt":"2025-12-18T13:44:12","slug":"fenouil-du-gujurat-graines-epices-shira-40gr","status":"publish","type":"product","link":"https:\/\/www.mesvendanges.com\/fr\/boutique\/epicerie-et-accessoires\/fenouil-du-gujurat-graines-epices-shira-40gr\/","title":{"rendered":"FENOUIL DU GUJURAT &#8211; GRAINES"},"content":{"rendered":"<p>\u00ab Un soup\u00e7on de r\u00e9glisse et d&#8217;anis, le fenouil rend exquis le pain d&#8217;\u00e9pices \u00bb<\/p>\n<p>Ces graines de fenouil biologique poussent dans les plaines du Gujarat, \u00e0 quelques kilom\u00e8tres de la mer. Elles sont cueillies presque \u00e0 maturit\u00e9, s\u00e9ch\u00e9es sur pied puis battues pour \u00eatre s\u00e9par\u00e9es des branches avant d\u2019\u00eatre tri\u00e9es \u00e0 la main. Elles ont l\u2019odeur et la saveur de l\u2019anis et de la r\u00e9glisse, avec une fra\u00eecheur camphr\u00e9e, l\u00e9g\u00e8rement piquante et des notes de caramel. Ces petites graines oblongues et courb\u00e9es sont d\u2019un vert p\u00e2le tirant vers le gris. Ce sont les fruits d\u2019une plante annuelle aux tr\u00e8s jolies fleurs jaunes.<\/p>\n","protected":false},"excerpt":{"rendered":"<p>\u00ab Un soup\u00e7on de r\u00e9glisse et d&#8217;anis, le fenouil rend exquis le pain d&#8217;\u00e9pices \u00bb Ces graines de fenouil biologique poussent dans les plaines du Gujarat, \u00e0 quelques kilom\u00e8tres de la mer. Elles sont cueillies presque \u00e0 maturit\u00e9, s\u00e9ch\u00e9es sur pied puis battues pour \u00eatre s\u00e9par\u00e9es des branches avant d\u2019\u00eatre tri\u00e9es \u00e0 la main. Elles [&hellip;]<\/p>\n","protected":false},"featured_media":87115,"template":"","meta":[],"product_cat":[3737],"product_tag":[],"acf":[],"yoast_head":"<!-- This site is optimized with the Yoast SEO plugin v19.3 - https:\/\/yoast.com\/wordpress\/plugins\/seo\/ -->\n<title>FENOUIL DU GUJURAT - GRAINES - Mes Vendanges<\/title>\n<meta name=\"robots\" content=\"index, follow, max-snippet:-1, max-image-preview:large, max-video-preview:-1\" \/>\n<link rel=\"canonical\" href=\"https:\/\/www.mesvendanges.com\/fr\/boutique\/epicerie-et-accessoires\/fenouil-du-gujurat-graines-epices-shira-40gr\/\" \/>\n<meta property=\"og:locale\" content=\"fr_FR\" \/>\n<meta property=\"og:type\" content=\"article\" \/>\n<meta property=\"og:title\" content=\"FENOUIL DU GUJURAT - GRAINES - Mes Vendanges\" \/>\n<meta property=\"og:description\" content=\"\u00ab Un soup\u00e7on de r\u00e9glisse et d&#8217;anis, le fenouil rend exquis le pain d&#8217;\u00e9pices \u00bb Ces graines de fenouil biologique poussent dans les plaines du Gujarat, \u00e0 quelques kilom\u00e8tres de la mer. Elles sont cueillies presque \u00e0 maturit\u00e9, s\u00e9ch\u00e9es sur pied puis battues pour \u00eatre s\u00e9par\u00e9es des branches avant d\u2019\u00eatre tri\u00e9es \u00e0 la main. Elles [&hellip;]\" \/>\n<meta property=\"og:url\" content=\"https:\/\/www.mesvendanges.com\/fr\/boutique\/epicerie-et-accessoires\/fenouil-du-gujurat-graines-epices-shira-40gr\/\" \/>\n<meta property=\"og:site_name\" content=\"Mes Vendanges\" \/>\n<meta property=\"article:modified_time\" content=\"2025-12-18T13:44:12+00:00\" \/>\n<meta property=\"og:image\" content=\"https:\/\/www.mesvendanges.com\/wp-content\/uploads\/2025\/05\/fenouil-bio-du-gujarat-epices-shira-epices-shira-png.png\" \/>\n\t<meta property=\"og:image:width\" content=\"1194\" \/>\n\t<meta property=\"og:image:height\" content=\"1500\" \/>\n\t<meta property=\"og:image:type\" content=\"image\/png\" \/>\n<meta name=\"twitter:card\" content=\"summary_large_image\" \/>\n<meta name=\"twitter:label1\" content=\"Dur\u00e9e de lecture estim\u00e9e\" \/>\n\t<meta name=\"twitter:data1\" content=\"1 minute\" \/>\n<script type=\"application\/ld+json\" class=\"yoast-schema-graph\">{\"@context\":\"https:\/\/schema.org\",\"@graph\":[{\"@type\":\"Organization\",\"@id\":\"https:\/\/www.mesvendanges.com\/en\/#organization\",\"name\":\"Mes Vendanges\",\"url\":\"https:\/\/www.mesvendanges.com\/en\/\",\"sameAs\":[],\"logo\":{\"@type\":\"ImageObject\",\"inLanguage\":\"fr-FR\",\"@id\":\"https:\/\/www.mesvendanges.com\/en\/#\/schema\/logo\/image\/\",\"url\":\"https:\/\/www.mesvendanges.com\/wp-content\/uploads\/2022\/02\/logo-mesvendanges.jpg\",\"contentUrl\":\"https:\/\/www.mesvendanges.com\/wp-content\/uploads\/2022\/02\/logo-mesvendanges.jpg\",\"width\":851,\"height\":260,\"caption\":\"Mes Vendanges\"},\"image\":{\"@id\":\"https:\/\/www.mesvendanges.com\/en\/#\/schema\/logo\/image\/\"}},{\"@type\":\"WebSite\",\"@id\":\"https:\/\/www.mesvendanges.com\/en\/#website\",\"url\":\"https:\/\/www.mesvendanges.com\/en\/\",\"name\":\"Mes Vendanges\",\"description\":\"Des journ\u00e9es enti\u00e8res dans les vignes\",\"publisher\":{\"@id\":\"https:\/\/www.mesvendanges.com\/en\/#organization\"},\"potentialAction\":[{\"@type\":\"SearchAction\",\"target\":{\"@type\":\"EntryPoint\",\"urlTemplate\":\"https:\/\/www.mesvendanges.com\/en\/?s={search_term_string}\"},\"query-input\":\"required name=search_term_string\"}],\"inLanguage\":\"fr-FR\"},{\"@type\":\"ImageObject\",\"inLanguage\":\"fr-FR\",\"@id\":\"https:\/\/www.mesvendanges.com\/fr\/boutique\/epicerie-et-accessoires\/fenouil-du-gujurat-graines-epices-shira-40gr\/#primaryimage\",\"url\":\"https:\/\/www.mesvendanges.com\/wp-content\/uploads\/2025\/05\/fenouil-bio-du-gujarat-epices-shira-epices-shira-png.png\",\"contentUrl\":\"https:\/\/www.mesvendanges.com\/wp-content\/uploads\/2025\/05\/fenouil-bio-du-gujarat-epices-shira-epices-shira-png.png\",\"width\":1194,\"height\":1500},{\"@type\":\"WebPage\",\"@id\":\"https:\/\/www.mesvendanges.com\/fr\/boutique\/epicerie-et-accessoires\/fenouil-du-gujurat-graines-epices-shira-40gr\/\",\"url\":\"https:\/\/www.mesvendanges.com\/fr\/boutique\/epicerie-et-accessoires\/fenouil-du-gujurat-graines-epices-shira-40gr\/\",\"name\":\"FENOUIL DU GUJURAT - GRAINES - Mes Vendanges\",\"isPartOf\":{\"@id\":\"https:\/\/www.mesvendanges.com\/en\/#website\"},\"primaryImageOfPage\":{\"@id\":\"https:\/\/www.mesvendanges.com\/fr\/boutique\/epicerie-et-accessoires\/fenouil-du-gujurat-graines-epices-shira-40gr\/#primaryimage\"},\"datePublished\":\"2024-12-04T16:04:10+00:00\",\"dateModified\":\"2025-12-18T13:44:12+00:00\",\"breadcrumb\":{\"@id\":\"https:\/\/www.mesvendanges.com\/fr\/boutique\/epicerie-et-accessoires\/fenouil-du-gujurat-graines-epices-shira-40gr\/#breadcrumb\"},\"inLanguage\":\"fr-FR\",\"potentialAction\":[{\"@type\":\"ReadAction\",\"target\":[\"https:\/\/www.mesvendanges.com\/fr\/boutique\/epicerie-et-accessoires\/fenouil-du-gujurat-graines-epices-shira-40gr\/\"]}]},{\"@type\":\"BreadcrumbList\",\"@id\":\"https:\/\/www.mesvendanges.com\/fr\/boutique\/epicerie-et-accessoires\/fenouil-du-gujurat-graines-epices-shira-40gr\/#breadcrumb\",\"itemListElement\":[{\"@type\":\"ListItem\",\"position\":1,\"name\":\"Accueil\",\"item\":\"https:\/\/www.mesvendanges.com\/fr\/\"},{\"@type\":\"ListItem\",\"position\":2,\"name\":\"Boutique\",\"item\":\"https:\/\/www.mesvendanges.com\/fr\/boutique\/\"},{\"@type\":\"ListItem\",\"position\":3,\"name\":\"FENOUIL DU GUJURAT &#8211; GRAINES\"}]}]}<\/script>\n<!-- \/ Yoast SEO plugin. -->","yoast_head_json":{"title":"FENOUIL DU GUJURAT - GRAINES - Mes Vendanges","robots":{"index":"index","follow":"follow","max-snippet":"max-snippet:-1","max-image-preview":"max-image-preview:large","max-video-preview":"max-video-preview:-1"},"canonical":"https:\/\/www.mesvendanges.com\/fr\/boutique\/epicerie-et-accessoires\/fenouil-du-gujurat-graines-epices-shira-40gr\/","og_locale":"fr_FR","og_type":"article","og_title":"FENOUIL DU GUJURAT - GRAINES - Mes Vendanges","og_description":"\u00ab Un soup\u00e7on de r\u00e9glisse et d&#8217;anis, le fenouil rend exquis le pain d&#8217;\u00e9pices \u00bb Ces graines de fenouil biologique poussent dans les plaines du Gujarat, \u00e0 quelques kilom\u00e8tres de la mer. Elles sont cueillies presque \u00e0 maturit\u00e9, s\u00e9ch\u00e9es sur pied puis battues pour \u00eatre s\u00e9par\u00e9es des branches avant d\u2019\u00eatre tri\u00e9es \u00e0 la main. Elles [&hellip;]","og_url":"https:\/\/www.mesvendanges.com\/fr\/boutique\/epicerie-et-accessoires\/fenouil-du-gujurat-graines-epices-shira-40gr\/","og_site_name":"Mes Vendanges","article_modified_time":"2025-12-18T13:44:12+00:00","og_image":[{"width":1194,"height":1500,"url":"https:\/\/www.mesvendanges.com\/wp-content\/uploads\/2025\/05\/fenouil-bio-du-gujarat-epices-shira-epices-shira-png.png","type":"image\/png"}],"twitter_card":"summary_large_image","twitter_misc":{"Dur\u00e9e de lecture estim\u00e9e":"1 minute"},"schema":{"@context":"https:\/\/schema.org","@graph":[{"@type":"Organization","@id":"https:\/\/www.mesvendanges.com\/en\/#organization","name":"Mes Vendanges","url":"https:\/\/www.mesvendanges.com\/en\/","sameAs":[],"logo":{"@type":"ImageObject","inLanguage":"fr-FR","@id":"https:\/\/www.mesvendanges.com\/en\/#\/schema\/logo\/image\/","url":"https:\/\/www.mesvendanges.com\/wp-content\/uploads\/2022\/02\/logo-mesvendanges.jpg","contentUrl":"https:\/\/www.mesvendanges.com\/wp-content\/uploads\/2022\/02\/logo-mesvendanges.jpg","width":851,"height":260,"caption":"Mes Vendanges"},"image":{"@id":"https:\/\/www.mesvendanges.com\/en\/#\/schema\/logo\/image\/"}},{"@type":"WebSite","@id":"https:\/\/www.mesvendanges.com\/en\/#website","url":"https:\/\/www.mesvendanges.com\/en\/","name":"Mes Vendanges","description":"Des journ\u00e9es enti\u00e8res dans les vignes","publisher":{"@id":"https:\/\/www.mesvendanges.com\/en\/#organization"},"potentialAction":[{"@type":"SearchAction","target":{"@type":"EntryPoint","urlTemplate":"https:\/\/www.mesvendanges.com\/en\/?s={search_term_string}"},"query-input":"required name=search_term_string"}],"inLanguage":"fr-FR"},{"@type":"ImageObject","inLanguage":"fr-FR","@id":"https:\/\/www.mesvendanges.com\/fr\/boutique\/epicerie-et-accessoires\/fenouil-du-gujurat-graines-epices-shira-40gr\/#primaryimage","url":"https:\/\/www.mesvendanges.com\/wp-content\/uploads\/2025\/05\/fenouil-bio-du-gujarat-epices-shira-epices-shira-png.png","contentUrl":"https:\/\/www.mesvendanges.com\/wp-content\/uploads\/2025\/05\/fenouil-bio-du-gujarat-epices-shira-epices-shira-png.png","width":1194,"height":1500},{"@type":"WebPage","@id":"https:\/\/www.mesvendanges.com\/fr\/boutique\/epicerie-et-accessoires\/fenouil-du-gujurat-graines-epices-shira-40gr\/","url":"https:\/\/www.mesvendanges.com\/fr\/boutique\/epicerie-et-accessoires\/fenouil-du-gujurat-graines-epices-shira-40gr\/","name":"FENOUIL DU GUJURAT - GRAINES - Mes Vendanges","isPartOf":{"@id":"https:\/\/www.mesvendanges.com\/en\/#website"},"primaryImageOfPage":{"@id":"https:\/\/www.mesvendanges.com\/fr\/boutique\/epicerie-et-accessoires\/fenouil-du-gujurat-graines-epices-shira-40gr\/#primaryimage"},"datePublished":"2024-12-04T16:04:10+00:00","dateModified":"2025-12-18T13:44:12+00:00","breadcrumb":{"@id":"https:\/\/www.mesvendanges.com\/fr\/boutique\/epicerie-et-accessoires\/fenouil-du-gujurat-graines-epices-shira-40gr\/#breadcrumb"},"inLanguage":"fr-FR","potentialAction":[{"@type":"ReadAction","target":["https:\/\/www.mesvendanges.com\/fr\/boutique\/epicerie-et-accessoires\/fenouil-du-gujurat-graines-epices-shira-40gr\/"]}]},{"@type":"BreadcrumbList","@id":"https:\/\/www.mesvendanges.com\/fr\/boutique\/epicerie-et-accessoires\/fenouil-du-gujurat-graines-epices-shira-40gr\/#breadcrumb","itemListElement":[{"@type":"ListItem","position":1,"name":"Accueil","item":"https:\/\/www.mesvendanges.com\/fr\/"},{"@type":"ListItem","position":2,"name":"Boutique","item":"https:\/\/www.mesvendanges.com\/fr\/boutique\/"},{"@type":"ListItem","position":3,"name":"FENOUIL DU GUJURAT &#8211; GRAINES"}]}]}},"_links":{"self":[{"href":"https:\/\/www.mesvendanges.com\/fr\/wp-json\/wp\/v2\/product\/82207"}],"collection":[{"href":"https:\/\/www.mesvendanges.com\/fr\/wp-json\/wp\/v2\/product"}],"about":[{"href":"https:\/\/www.mesvendanges.com\/fr\/wp-json\/wp\/v2\/types\/product"}],"wp:featuredmedia":[{"embeddable":true,"href":"https:\/\/www.mesvendanges.com\/fr\/wp-json\/wp\/v2\/media\/87115"}],"wp:attachment":[{"href":"https:\/\/www.mesvendanges.com\/fr\/wp-json\/wp\/v2\/media?parent=82207"}],"wp:term":[{"taxonomy":"product_cat","embeddable":true,"href":"https:\/\/www.mesvendanges.com\/fr\/wp-json\/wp\/v2\/product_cat?post=82207"},{"taxonomy":"product_tag","embeddable":true,"href":"https:\/\/www.mesvendanges.com\/fr\/wp-json\/wp\/v2\/product_tag?post=82207"}],"curies":[{"name":"wp","href":"https:\/\/api.w.org\/{rel}","templated":true}]}}