{"id":82209,"date":"2024-12-04T17:07:17","date_gmt":"2024-12-04T16:07:17","guid":{"rendered":"https:\/\/www.mesvendanges.com\/shop\/non%20class\u00e9\/galanga-de-java-moulu-epices-shira-35gr\/"},"modified":"2025-12-18T14:44:15","modified_gmt":"2025-12-18T13:44:15","slug":"galanga-de-java-moulu-epices-shira-35gr","status":"publish","type":"product","link":"https:\/\/www.mesvendanges.com\/fr\/boutique\/epicerie-et-accessoires\/galanga-de-java-moulu-epices-shira-35gr\/","title":{"rendered":"GALANGA DE JAVA &#8211; MOULU"},"content":{"rendered":"<p>\u00ab Pour une touche asiatique, pensez au galanga dans vos saut\u00e9s, salades tha\u00efes et curry vert \u00bb<\/p>\n<p>Ce galanga biologique est cultiv\u00e9 sur l\u2019\u00eele de Java. C&#8217;est une grosse racine noueuse et tr\u00e8s aromatique que l\u2019on ajoute dans les plats saut\u00e9s, les currys et de nombreuses pr\u00e9parations culinaires d\u2019Asie du sud-est.<br \/>\nBien qu\u2019il soit cousin du gingembre et du curcuma, son parfum est parfaitement atypique, tr\u00e8s camphr\u00e9, acidul\u00e9 et citronn\u00e9 avec des notes poivr\u00e9es, gingembr\u00e9es et florales. L\u2019ensemble est si particulier qu\u2019il serait difficile de le remplacer par une autre \u00e9pice ! Il apporte aussi une tr\u00e8s belle chaleur en bouche.<br \/>\nNous le proposons d\u00e9shydrat\u00e9, si bien que sa concentration en ar\u00f4mes est fabuleuse. Si vous suivez une recette qui demande du galanga frais, divisez la quantit\u00e9 par deux ou trois.<\/p>\n","protected":false},"excerpt":{"rendered":"<p>\u00ab Pour une touche asiatique, pensez au galanga dans vos saut\u00e9s, salades tha\u00efes et curry vert \u00bb Ce galanga biologique est cultiv\u00e9 sur l\u2019\u00eele de Java. C&#8217;est une grosse racine noueuse et tr\u00e8s aromatique que l\u2019on ajoute dans les plats saut\u00e9s, les currys et de nombreuses pr\u00e9parations culinaires d\u2019Asie du sud-est. Bien qu\u2019il soit cousin [&hellip;]<\/p>\n","protected":false},"featured_media":87117,"template":"","meta":[],"product_cat":[3737],"product_tag":[],"acf":[],"yoast_head":"<!-- This site is optimized with the Yoast SEO plugin v19.3 - https:\/\/yoast.com\/wordpress\/plugins\/seo\/ -->\n<title>GALANGA DE JAVA - MOULU - Mes Vendanges<\/title>\n<meta name=\"robots\" content=\"index, follow, max-snippet:-1, max-image-preview:large, max-video-preview:-1\" \/>\n<link rel=\"canonical\" href=\"https:\/\/www.mesvendanges.com\/fr\/boutique\/epicerie-et-accessoires\/galanga-de-java-moulu-epices-shira-35gr\/\" \/>\n<meta property=\"og:locale\" content=\"fr_FR\" \/>\n<meta property=\"og:type\" content=\"article\" \/>\n<meta property=\"og:title\" content=\"GALANGA DE JAVA - MOULU - Mes Vendanges\" \/>\n<meta property=\"og:description\" content=\"\u00ab Pour une touche asiatique, pensez au galanga dans vos saut\u00e9s, salades tha\u00efes et curry vert \u00bb Ce galanga biologique est cultiv\u00e9 sur l\u2019\u00eele de Java. C&#8217;est une grosse racine noueuse et tr\u00e8s aromatique que l\u2019on ajoute dans les plats saut\u00e9s, les currys et de nombreuses pr\u00e9parations culinaires d\u2019Asie du sud-est. Bien qu\u2019il soit cousin [&hellip;]\" \/>\n<meta property=\"og:url\" content=\"https:\/\/www.mesvendanges.com\/fr\/boutique\/epicerie-et-accessoires\/galanga-de-java-moulu-epices-shira-35gr\/\" \/>\n<meta property=\"og:site_name\" content=\"Mes Vendanges\" \/>\n<meta property=\"article:modified_time\" content=\"2025-12-18T13:44:15+00:00\" \/>\n<meta property=\"og:image\" content=\"https:\/\/www.mesvendanges.com\/wp-content\/uploads\/2025\/05\/galanga-de-java-bio-epices-shira-png.png\" \/>\n\t<meta property=\"og:image:width\" content=\"1189\" \/>\n\t<meta property=\"og:image:height\" content=\"1500\" \/>\n\t<meta property=\"og:image:type\" content=\"image\/png\" \/>\n<meta name=\"twitter:card\" content=\"summary_large_image\" \/>\n<meta name=\"twitter:label1\" content=\"Dur\u00e9e de lecture estim\u00e9e\" \/>\n\t<meta name=\"twitter:data1\" content=\"1 minute\" \/>\n<script type=\"application\/ld+json\" class=\"yoast-schema-graph\">{\"@context\":\"https:\/\/schema.org\",\"@graph\":[{\"@type\":\"Organization\",\"@id\":\"https:\/\/www.mesvendanges.com\/en\/#organization\",\"name\":\"Mes Vendanges\",\"url\":\"https:\/\/www.mesvendanges.com\/en\/\",\"sameAs\":[],\"logo\":{\"@type\":\"ImageObject\",\"inLanguage\":\"fr-FR\",\"@id\":\"https:\/\/www.mesvendanges.com\/en\/#\/schema\/logo\/image\/\",\"url\":\"https:\/\/www.mesvendanges.com\/wp-content\/uploads\/2022\/02\/logo-mesvendanges.jpg\",\"contentUrl\":\"https:\/\/www.mesvendanges.com\/wp-content\/uploads\/2022\/02\/logo-mesvendanges.jpg\",\"width\":851,\"height\":260,\"caption\":\"Mes Vendanges\"},\"image\":{\"@id\":\"https:\/\/www.mesvendanges.com\/en\/#\/schema\/logo\/image\/\"}},{\"@type\":\"WebSite\",\"@id\":\"https:\/\/www.mesvendanges.com\/en\/#website\",\"url\":\"https:\/\/www.mesvendanges.com\/en\/\",\"name\":\"Mes Vendanges\",\"description\":\"Des journ\u00e9es enti\u00e8res dans les vignes\",\"publisher\":{\"@id\":\"https:\/\/www.mesvendanges.com\/en\/#organization\"},\"potentialAction\":[{\"@type\":\"SearchAction\",\"target\":{\"@type\":\"EntryPoint\",\"urlTemplate\":\"https:\/\/www.mesvendanges.com\/en\/?s={search_term_string}\"},\"query-input\":\"required name=search_term_string\"}],\"inLanguage\":\"fr-FR\"},{\"@type\":\"ImageObject\",\"inLanguage\":\"fr-FR\",\"@id\":\"https:\/\/www.mesvendanges.com\/fr\/boutique\/epicerie-et-accessoires\/galanga-de-java-moulu-epices-shira-35gr\/#primaryimage\",\"url\":\"https:\/\/www.mesvendanges.com\/wp-content\/uploads\/2025\/05\/galanga-de-java-bio-epices-shira-png.png\",\"contentUrl\":\"https:\/\/www.mesvendanges.com\/wp-content\/uploads\/2025\/05\/galanga-de-java-bio-epices-shira-png.png\",\"width\":1189,\"height\":1500},{\"@type\":\"WebPage\",\"@id\":\"https:\/\/www.mesvendanges.com\/fr\/boutique\/epicerie-et-accessoires\/galanga-de-java-moulu-epices-shira-35gr\/\",\"url\":\"https:\/\/www.mesvendanges.com\/fr\/boutique\/epicerie-et-accessoires\/galanga-de-java-moulu-epices-shira-35gr\/\",\"name\":\"GALANGA DE JAVA - MOULU - Mes Vendanges\",\"isPartOf\":{\"@id\":\"https:\/\/www.mesvendanges.com\/en\/#website\"},\"primaryImageOfPage\":{\"@id\":\"https:\/\/www.mesvendanges.com\/fr\/boutique\/epicerie-et-accessoires\/galanga-de-java-moulu-epices-shira-35gr\/#primaryimage\"},\"datePublished\":\"2024-12-04T16:07:17+00:00\",\"dateModified\":\"2025-12-18T13:44:15+00:00\",\"breadcrumb\":{\"@id\":\"https:\/\/www.mesvendanges.com\/fr\/boutique\/epicerie-et-accessoires\/galanga-de-java-moulu-epices-shira-35gr\/#breadcrumb\"},\"inLanguage\":\"fr-FR\",\"potentialAction\":[{\"@type\":\"ReadAction\",\"target\":[\"https:\/\/www.mesvendanges.com\/fr\/boutique\/epicerie-et-accessoires\/galanga-de-java-moulu-epices-shira-35gr\/\"]}]},{\"@type\":\"BreadcrumbList\",\"@id\":\"https:\/\/www.mesvendanges.com\/fr\/boutique\/epicerie-et-accessoires\/galanga-de-java-moulu-epices-shira-35gr\/#breadcrumb\",\"itemListElement\":[{\"@type\":\"ListItem\",\"position\":1,\"name\":\"Accueil\",\"item\":\"https:\/\/www.mesvendanges.com\/fr\/\"},{\"@type\":\"ListItem\",\"position\":2,\"name\":\"Boutique\",\"item\":\"https:\/\/www.mesvendanges.com\/fr\/boutique\/\"},{\"@type\":\"ListItem\",\"position\":3,\"name\":\"GALANGA DE JAVA &#8211; MOULU\"}]}]}<\/script>\n<!-- \/ Yoast SEO plugin. -->","yoast_head_json":{"title":"GALANGA DE JAVA - MOULU - Mes Vendanges","robots":{"index":"index","follow":"follow","max-snippet":"max-snippet:-1","max-image-preview":"max-image-preview:large","max-video-preview":"max-video-preview:-1"},"canonical":"https:\/\/www.mesvendanges.com\/fr\/boutique\/epicerie-et-accessoires\/galanga-de-java-moulu-epices-shira-35gr\/","og_locale":"fr_FR","og_type":"article","og_title":"GALANGA DE JAVA - MOULU - Mes Vendanges","og_description":"\u00ab Pour une touche asiatique, pensez au galanga dans vos saut\u00e9s, salades tha\u00efes et curry vert \u00bb Ce galanga biologique est cultiv\u00e9 sur l\u2019\u00eele de Java. C&#8217;est une grosse racine noueuse et tr\u00e8s aromatique que l\u2019on ajoute dans les plats saut\u00e9s, les currys et de nombreuses pr\u00e9parations culinaires d\u2019Asie du sud-est. Bien qu\u2019il soit cousin [&hellip;]","og_url":"https:\/\/www.mesvendanges.com\/fr\/boutique\/epicerie-et-accessoires\/galanga-de-java-moulu-epices-shira-35gr\/","og_site_name":"Mes Vendanges","article_modified_time":"2025-12-18T13:44:15+00:00","og_image":[{"width":1189,"height":1500,"url":"https:\/\/www.mesvendanges.com\/wp-content\/uploads\/2025\/05\/galanga-de-java-bio-epices-shira-png.png","type":"image\/png"}],"twitter_card":"summary_large_image","twitter_misc":{"Dur\u00e9e de lecture estim\u00e9e":"1 minute"},"schema":{"@context":"https:\/\/schema.org","@graph":[{"@type":"Organization","@id":"https:\/\/www.mesvendanges.com\/en\/#organization","name":"Mes Vendanges","url":"https:\/\/www.mesvendanges.com\/en\/","sameAs":[],"logo":{"@type":"ImageObject","inLanguage":"fr-FR","@id":"https:\/\/www.mesvendanges.com\/en\/#\/schema\/logo\/image\/","url":"https:\/\/www.mesvendanges.com\/wp-content\/uploads\/2022\/02\/logo-mesvendanges.jpg","contentUrl":"https:\/\/www.mesvendanges.com\/wp-content\/uploads\/2022\/02\/logo-mesvendanges.jpg","width":851,"height":260,"caption":"Mes Vendanges"},"image":{"@id":"https:\/\/www.mesvendanges.com\/en\/#\/schema\/logo\/image\/"}},{"@type":"WebSite","@id":"https:\/\/www.mesvendanges.com\/en\/#website","url":"https:\/\/www.mesvendanges.com\/en\/","name":"Mes Vendanges","description":"Des journ\u00e9es enti\u00e8res dans les vignes","publisher":{"@id":"https:\/\/www.mesvendanges.com\/en\/#organization"},"potentialAction":[{"@type":"SearchAction","target":{"@type":"EntryPoint","urlTemplate":"https:\/\/www.mesvendanges.com\/en\/?s={search_term_string}"},"query-input":"required name=search_term_string"}],"inLanguage":"fr-FR"},{"@type":"ImageObject","inLanguage":"fr-FR","@id":"https:\/\/www.mesvendanges.com\/fr\/boutique\/epicerie-et-accessoires\/galanga-de-java-moulu-epices-shira-35gr\/#primaryimage","url":"https:\/\/www.mesvendanges.com\/wp-content\/uploads\/2025\/05\/galanga-de-java-bio-epices-shira-png.png","contentUrl":"https:\/\/www.mesvendanges.com\/wp-content\/uploads\/2025\/05\/galanga-de-java-bio-epices-shira-png.png","width":1189,"height":1500},{"@type":"WebPage","@id":"https:\/\/www.mesvendanges.com\/fr\/boutique\/epicerie-et-accessoires\/galanga-de-java-moulu-epices-shira-35gr\/","url":"https:\/\/www.mesvendanges.com\/fr\/boutique\/epicerie-et-accessoires\/galanga-de-java-moulu-epices-shira-35gr\/","name":"GALANGA DE JAVA - MOULU - Mes Vendanges","isPartOf":{"@id":"https:\/\/www.mesvendanges.com\/en\/#website"},"primaryImageOfPage":{"@id":"https:\/\/www.mesvendanges.com\/fr\/boutique\/epicerie-et-accessoires\/galanga-de-java-moulu-epices-shira-35gr\/#primaryimage"},"datePublished":"2024-12-04T16:07:17+00:00","dateModified":"2025-12-18T13:44:15+00:00","breadcrumb":{"@id":"https:\/\/www.mesvendanges.com\/fr\/boutique\/epicerie-et-accessoires\/galanga-de-java-moulu-epices-shira-35gr\/#breadcrumb"},"inLanguage":"fr-FR","potentialAction":[{"@type":"ReadAction","target":["https:\/\/www.mesvendanges.com\/fr\/boutique\/epicerie-et-accessoires\/galanga-de-java-moulu-epices-shira-35gr\/"]}]},{"@type":"BreadcrumbList","@id":"https:\/\/www.mesvendanges.com\/fr\/boutique\/epicerie-et-accessoires\/galanga-de-java-moulu-epices-shira-35gr\/#breadcrumb","itemListElement":[{"@type":"ListItem","position":1,"name":"Accueil","item":"https:\/\/www.mesvendanges.com\/fr\/"},{"@type":"ListItem","position":2,"name":"Boutique","item":"https:\/\/www.mesvendanges.com\/fr\/boutique\/"},{"@type":"ListItem","position":3,"name":"GALANGA DE JAVA &#8211; MOULU"}]}]}},"_links":{"self":[{"href":"https:\/\/www.mesvendanges.com\/fr\/wp-json\/wp\/v2\/product\/82209"}],"collection":[{"href":"https:\/\/www.mesvendanges.com\/fr\/wp-json\/wp\/v2\/product"}],"about":[{"href":"https:\/\/www.mesvendanges.com\/fr\/wp-json\/wp\/v2\/types\/product"}],"wp:featuredmedia":[{"embeddable":true,"href":"https:\/\/www.mesvendanges.com\/fr\/wp-json\/wp\/v2\/media\/87117"}],"wp:attachment":[{"href":"https:\/\/www.mesvendanges.com\/fr\/wp-json\/wp\/v2\/media?parent=82209"}],"wp:term":[{"taxonomy":"product_cat","embeddable":true,"href":"https:\/\/www.mesvendanges.com\/fr\/wp-json\/wp\/v2\/product_cat?post=82209"},{"taxonomy":"product_tag","embeddable":true,"href":"https:\/\/www.mesvendanges.com\/fr\/wp-json\/wp\/v2\/product_tag?post=82209"}],"curies":[{"name":"wp","href":"https:\/\/api.w.org\/{rel}","templated":true}]}}